{"id":3410,"date":"2020-06-20T16:09:57","date_gmt":"2021-04-19T09:23:57","guid":{"rendered":"http:\/\/tandoorvietnam.com\/product\/uncategorized\/jaljeera-nuoc-hat-thi-la\/"},"modified":"2023-05-20T16:53:14","modified_gmt":"2023-05-20T16:53:14","slug":"jaljeera-nuoc-hat-thi-la","status":"publish","type":"product","link":"https:\/\/tandoorvietnam.com\/vi\/sanpham\/cac-mon-nuoc\/jaljeera-nuoc-hat-thi-la\/","title":{"rendered":"JALJEERA - cumin seed drink (JALJEERA - N\u01af\u1edaC H\u1ea0T TH\u00cc L\u00c0)"},"content":{"rendered":"<div class=\"group w-full text-gray-800 dark:text-gray-100 border-b border-black\/10 dark:border-gray-900\/50 bg-gray-50 dark:bg-[#444654]\">\n<div class=\"flex p-4 gap-4 text-base md:gap-6 md:max-w-2xl lg:max-w-xl xl:max-w-3xl md:py-6 lg:px-0 m-auto\">\n<div class=\"relative flex w-[calc(100%-50px)] flex-col gap-1 md:gap-3 lg:w-[calc(100%-115px)]\">\n<div class=\"flex flex-grow flex-col gap-3\">\n<div class=\"min-h-[20px] flex flex-col items-start gap-4 whitespace-pre-wrap break-words\">\n<div class=\"markdown prose w-full break-words dark:prose-invert light\">\n<p>Jaljeera l\u00e0 m\u1ed9t lo\u1ea1i n\u01b0\u1edbc truy\u1ec1n th\u1ed1ng t\u1eeb \u1ea4n \u0110\u1ed9, c\u00f3 ngu\u1ed3n g\u1ed1c t\u1eeb t\u1eeb \"jal\" (n\u01b0\u1edbc) v\u00e0 \"jeera\" (h\u1ea1t th\u00ec l\u00e0). \u0110\u00e2y l\u00e0 m\u1ed9t lo\u1ea1i n\u01b0\u1edbc u\u1ed1ng \u0111\u01b0\u1ee3c ch\u1ebf bi\u1ebfn t\u1eeb h\u1ea1t th\u00ec l\u00e0 v\u00e0 m\u1ed9t s\u1ed1 gia v\u1ecb, mang \u0111\u1ebfn m\u1ed9t h\u01b0\u01a1ng v\u1ecb \u0111\u1ed9c \u0111\u00e1o v\u00e0 t\u01b0\u01a1i m\u00e1t.<\/p>\n<p>T\u1ea1i Tandoor Vietnam, ch\u00fang t\u00f4i mang \u0111\u1ebfn cho b\u1ea1n tr\u1ea3i nghi\u1ec7m th\u00fa v\u1ecb v\u1edbi Jaljeera - N\u01b0\u1edbc h\u1ea1t th\u00ec l\u00e0. \u0110\u00e2y l\u00e0 m\u1ed9t lo\u1ea1i n\u01b0\u1edbc u\u1ed1ng ph\u1ed5 bi\u1ebfn trong v\u0103n h\u00f3a \u1ea9m th\u1ef1c \u1ea4n \u0110\u1ed9 v\u00e0 \u0111\u01b0\u1ee3c y\u00eau th\u00edch b\u1edfi h\u01b0\u01a1ng v\u1ecb t\u01b0\u01a1i m\u00e1t v\u00e0 ch\u00fat cay n\u1ed3ng.<\/p>\n<p>Jaljeera \u0111\u01b0\u1ee3c ch\u1ebf bi\u1ebfn t\u1eeb h\u1ea1t th\u00ec l\u00e0, h\u1ea1t cumin, h\u1ea1t m\u00f9i t\u00e0u v\u00e0 m\u1ed9t s\u1ed1 gia v\u1ecb kh\u00e1c nh\u01b0 \u1edbt, mu\u1ed1i, ti\u00eau v\u00e0 chanh. H\u01b0\u01a1ng v\u1ecb c\u1ee7a JALJEERA - cumin seed drink\u00a0s\u1ef1 pha tr\u1ed9n ho\u00e0n h\u1ea3o gi\u1eefa h\u01b0\u01a1ng th\u01a1m c\u1ee7a h\u1ea1t th\u00ec l\u00e0 v\u00e0 c\u00e1c gia v\u1ecb kh\u00e1c, t\u1ea1o n\u00ean m\u1ed9t h\u01b0\u01a1ng v\u1ecb s\u1ea3ng kho\u00e1i v\u00e0 \u0111\u1eb7c tr\u01b0ng.<\/p>\n<p>N\u01b0\u1edbc Jaljeera th\u01b0\u1eddng \u0111\u01b0\u1ee3c d\u00f9ng nh\u01b0 m\u1ed9t lo\u1ea1i n\u01b0\u1edbc u\u1ed1ng gi\u1ea3i kh\u00e1t trong th\u1eddi ti\u1ebft n\u00f3ng b\u1ee9c. H\u01b0\u01a1ng v\u1ecb cay n\u1ed3ng v\u00e0 t\u01b0\u01a1i m\u00e1t c\u1ee7a n\u01b0\u1edbc Jaljeera gi\u00fap k\u00edch th\u00edch v\u1ecb gi\u00e1c v\u00e0 l\u00e0m d\u1ecbu c\u01a1n kh\u00e1t. \u0110\u00e2y c\u0169ng l\u00e0 m\u1ed9t lo\u1ea1i n\u01b0\u1edbc u\u1ed1ng truy\u1ec1n th\u1ed1ng th\u01b0\u1eddng \u0111\u01b0\u1ee3c d\u00f9ng trong c\u00e1c d\u1ecbp l\u1ec5 h\u1ed9i v\u00e0 c\u00e1c bu\u1ed5i ti\u1ec7c.<\/p>\n<p>H\u00e3y th\u1eed Jaljeera t\u1ea1i <a href=\"https:\/\/tandoorvietnam.com\/\">Tandoor Vietnam<\/a> v\u00e0 kh\u00e1m ph\u00e1 h\u01b0\u01a1ng v\u1ecb \u0111\u1ed9c \u0111\u00e1o c\u1ee7a n\u01b0\u1edbc h\u1ea1t th\u00ec l\u00e0. \u0110\u00e2y l\u00e0 m\u1ed9t s\u1ef1 l\u1ef1a ch\u1ecdn th\u00fa v\u1ecb \u0111\u1ec3 kh\u00e1m ph\u00e1 v\u0103n h\u00f3a \u1ea9m th\u1ef1c \u1ea4n \u0110\u1ed9 v\u00e0 th\u01b0\u1edfng th\u1ee9c nh\u1eefng h\u01b0\u01a1ng v\u1ecb \u0111\u1eb7c tr\u01b0ng c\u1ee7a n\u01b0\u1edbc n\u00e0y.<\/p>\n<\/div>\n<\/div>\n<\/div>\n<\/div>\n<\/div>\n<\/div>\n","protected":false},"excerpt":{"rendered":"<p>Jaljeera l\u00e0 m\u1ed9t lo\u1ea1i n\u01b0\u1edbc truy\u1ec1n th\u1ed1ng t\u1eeb \u1ea4n \u0110\u1ed9, c\u00f3 ngu\u1ed3n g\u1ed1c t\u1eeb t\u1eeb \"jal\" (n\u01b0\u1edbc) v\u00e0 \"jeera\" (h\u1ea1t th\u00ec l\u00e0). \u0110\u00e2y l\u00e0 m\u1ed9t lo\u1ea1i n\u01b0\u1edbc u\u1ed1ng \u0111\u01b0\u1ee3c ch\u1ebf bi\u1ebfn t\u1eeb h\u1ea1t th\u00ec l\u00e0 v\u00e0 m\u1ed9t s\u1ed1 gia v\u1ecb, mang \u0111\u1ebfn m\u1ed9t h\u01b0\u01a1ng v\u1ecb \u0111\u1ed9c \u0111\u00e1o v\u00e0 t\u01b0\u01a1i m\u00e1t. T\u1ea1i Tandoor Vietnam, ch\u00fang t\u00f4i [&hellip;]<\/p>\n","protected":false},"featured_media":3411,"template":"","meta":[],"product_brand":[],"product_cat":[231],"product_tag":[],"class_list":{"0":"post-3410","1":"product","2":"type-product","3":"status-publish","4":"has-post-thumbnail","6":"product_cat-cac-mon-nuoc","8":"first","9":"instock","10":"taxable","11":"shipping-taxable","12":"purchasable","13":"product-type-simple"},"yoast_head":"<!-- This site is optimized with the Yoast SEO Premium plugin v22.3 (Yoast SEO v27.6) - https:\/\/yoast.com\/product\/yoast-seo-premium-wordpress\/ -->\n<title>JALJEERA - cumin seed drink (JALJEERA - N\u01af\u1edaC H\u1ea0T TH\u00cc L\u00c0)<\/title>\n<meta name=\"description\" content=\"Jaljeera - N\u01b0\u1edbc h\u1ea1t th\u00ec l\u00e0, m\u1ed9t lo\u1ea1i n\u01b0\u1edbc truy\u1ec1n th\u1ed1ng t\u1eeb \u1ea4n \u0110\u1ed9, k\u1ebft h\u1ee3p h\u01b0\u01a1ng v\u1ecb t\u01b0\u01a1i m\u00e1t v\u00e0 m\u1ed9t ch\u00fat cay n\u1ed3ng. Kh\u00e1m ph\u00e1 t\u1ea1i Tandoor Vietnam.\" \/>\n<meta name=\"robots\" content=\"index, follow, max-snippet:-1, max-image-preview:large, max-video-preview:-1\" \/>\n<link rel=\"canonical\" href=\"https:\/\/tandoorvietnam.com\/vi\/sanpham\/cac-mon-nuoc\/jaljeera-nuoc-hat-thi-la\/\" \/>\n<meta property=\"og:locale\" content=\"vi_VN\" \/>\n<meta property=\"og:type\" content=\"article\" \/>\n<meta property=\"og:title\" content=\"JALJEERA - cumin seed drink (JALJEERA - N\u01af\u1edaC H\u1ea0T TH\u00cc L\u00c0)\" \/>\n<meta property=\"og:description\" content=\"Jaljeera - N\u01b0\u1edbc h\u1ea1t th\u00ec l\u00e0, m\u1ed9t lo\u1ea1i n\u01b0\u1edbc truy\u1ec1n th\u1ed1ng t\u1eeb \u1ea4n \u0110\u1ed9, k\u1ebft h\u1ee3p h\u01b0\u01a1ng v\u1ecb t\u01b0\u01a1i m\u00e1t v\u00e0 m\u1ed9t ch\u00fat cay n\u1ed3ng. Kh\u00e1m ph\u00e1 t\u1ea1i Tandoor Vietnam.\" \/>\n<meta property=\"og:url\" content=\"https:\/\/tandoorvietnam.com\/vi\/sanpham\/cac-mon-nuoc\/jaljeera-nuoc-hat-thi-la\/\" \/>\n<meta property=\"og:site_name\" content=\"Tandoor Vi\u1ec7t Nam\" \/>\n<meta property=\"article:publisher\" content=\"https:\/\/www.facebook.com\/tandoor.hcmc\/\" \/>\n<meta property=\"article:modified_time\" content=\"2023-05-20T16:53:14+00:00\" \/>\n<meta property=\"og:image\" content=\"https:\/\/tandoorvietnam.com\/wp-content\/uploads\/2020\/06\/Jalzeera.jpg\" \/>\n\t<meta property=\"og:image:width\" content=\"800\" \/>\n\t<meta property=\"og:image:height\" content=\"1204\" \/>\n\t<meta property=\"og:image:type\" content=\"image\/jpeg\" \/>\n<meta name=\"twitter:card\" content=\"summary_large_image\" \/>\n<meta name=\"twitter:label1\" content=\"Est. reading time\" \/>\n\t<meta name=\"twitter:data1\" content=\"2 minutes\" \/>\n<script type=\"application\/ld+json\" class=\"yoast-schema-graph\">{\"@context\":\"https:\\\/\\\/schema.org\",\"@graph\":[{\"@type\":\"WebPage\",\"@id\":\"https:\\\/\\\/tandoorvietnam.com\\\/vi\\\/sanpham\\\/cac-mon-nuoc\\\/jaljeera-nuoc-hat-thi-la\\\/\",\"url\":\"https:\\\/\\\/tandoorvietnam.com\\\/vi\\\/sanpham\\\/cac-mon-nuoc\\\/jaljeera-nuoc-hat-thi-la\\\/\",\"name\":\"JALJEERA - cumin seed drink (JALJEERA - N\u01af\u1edaC H\u1ea0T TH\u00cc L\u00c0)\",\"isPartOf\":{\"@id\":\"https:\\\/\\\/tandoorvietnam.com\\\/vi\\\/#website\"},\"primaryImageOfPage\":{\"@id\":\"https:\\\/\\\/tandoorvietnam.com\\\/vi\\\/sanpham\\\/cac-mon-nuoc\\\/jaljeera-nuoc-hat-thi-la\\\/#primaryimage\"},\"image\":{\"@id\":\"https:\\\/\\\/tandoorvietnam.com\\\/vi\\\/sanpham\\\/cac-mon-nuoc\\\/jaljeera-nuoc-hat-thi-la\\\/#primaryimage\"},\"thumbnailUrl\":\"https:\\\/\\\/tandoorvietnam.com\\\/wp-content\\\/uploads\\\/2020\\\/06\\\/Jalzeera.jpg\",\"datePublished\":\"2021-04-19T09:23:57+00:00\",\"dateModified\":\"2023-05-20T16:53:14+00:00\",\"description\":\"Jaljeera - N\u01b0\u1edbc h\u1ea1t th\u00ec l\u00e0, m\u1ed9t lo\u1ea1i n\u01b0\u1edbc truy\u1ec1n th\u1ed1ng t\u1eeb \u1ea4n \u0110\u1ed9, k\u1ebft h\u1ee3p h\u01b0\u01a1ng v\u1ecb t\u01b0\u01a1i m\u00e1t v\u00e0 m\u1ed9t ch\u00fat cay n\u1ed3ng. Kh\u00e1m ph\u00e1 t\u1ea1i Tandoor Vietnam.\",\"breadcrumb\":{\"@id\":\"https:\\\/\\\/tandoorvietnam.com\\\/vi\\\/sanpham\\\/cac-mon-nuoc\\\/jaljeera-nuoc-hat-thi-la\\\/#breadcrumb\"},\"inLanguage\":\"vi-VN\",\"potentialAction\":[{\"@type\":\"ReadAction\",\"target\":[\"https:\\\/\\\/tandoorvietnam.com\\\/vi\\\/sanpham\\\/cac-mon-nuoc\\\/jaljeera-nuoc-hat-thi-la\\\/\"]}]},{\"@type\":\"ImageObject\",\"inLanguage\":\"vi-VN\",\"@id\":\"https:\\\/\\\/tandoorvietnam.com\\\/vi\\\/sanpham\\\/cac-mon-nuoc\\\/jaljeera-nuoc-hat-thi-la\\\/#primaryimage\",\"url\":\"https:\\\/\\\/tandoorvietnam.com\\\/wp-content\\\/uploads\\\/2020\\\/06\\\/Jalzeera.jpg\",\"contentUrl\":\"https:\\\/\\\/tandoorvietnam.com\\\/wp-content\\\/uploads\\\/2020\\\/06\\\/Jalzeera.jpg\",\"width\":800,\"height\":1204,\"caption\":\"JALJEERA - N\u01af\u1edaC H\u1ea0T TH\u00cc L\u00c0\"},{\"@type\":\"BreadcrumbList\",\"@id\":\"https:\\\/\\\/tandoorvietnam.com\\\/vi\\\/sanpham\\\/cac-mon-nuoc\\\/jaljeera-nuoc-hat-thi-la\\\/#breadcrumb\",\"itemListElement\":[{\"@type\":\"ListItem\",\"position\":1,\"name\":\"Trang Ch\u1ee7\",\"item\":\"https:\\\/\\\/tandoorvietnam.com\\\/vi\\\/\"},{\"@type\":\"ListItem\",\"position\":2,\"name\":\"Shop\",\"item\":\"https:\\\/\\\/tandoorvietnam.com\\\/shop\\\/\"},{\"@type\":\"ListItem\",\"position\":3,\"name\":\"JALJEERA &#8211; cumin seed drink (JALJEERA &#8211; N\u01af\u1edaC H\u1ea0T TH\u00cc L\u00c0)\"}]},{\"@type\":\"WebSite\",\"@id\":\"https:\\\/\\\/tandoorvietnam.com\\\/vi\\\/#website\",\"url\":\"https:\\\/\\\/tandoorvietnam.com\\\/vi\\\/\",\"name\":\"Tandoor Vietnam\",\"description\":\"Nh\u00e0 h\u00e0ng ngon h\u1ed3 ch\u00ed minh\",\"publisher\":{\"@id\":\"https:\\\/\\\/tandoorvietnam.com\\\/vi\\\/#organization\"},\"potentialAction\":[{\"@type\":\"SearchAction\",\"target\":{\"@type\":\"EntryPoint\",\"urlTemplate\":\"https:\\\/\\\/tandoorvietnam.com\\\/vi\\\/?s={search_term_string}\"},\"query-input\":{\"@type\":\"PropertyValueSpecification\",\"valueRequired\":true,\"valueName\":\"search_term_string\"}}],\"inLanguage\":\"vi-VN\"},{\"@type\":\"Organization\",\"@id\":\"https:\\\/\\\/tandoorvietnam.com\\\/vi\\\/#organization\",\"name\":\"Tandoor Vietnam\",\"url\":\"https:\\\/\\\/tandoorvietnam.com\\\/vi\\\/\",\"logo\":{\"@type\":\"ImageObject\",\"inLanguage\":\"vi-VN\",\"@id\":\"https:\\\/\\\/tandoorvietnam.com\\\/vi\\\/#\\\/schema\\\/logo\\\/image\\\/\",\"url\":\"https:\\\/\\\/tandoorvietnam.com\\\/wp-content\\\/uploads\\\/2020\\\/07\\\/logo.png\",\"contentUrl\":\"https:\\\/\\\/tandoorvietnam.com\\\/wp-content\\\/uploads\\\/2020\\\/07\\\/logo.png\",\"width\":133,\"height\":75,\"caption\":\"Tandoor Vietnam\"},\"image\":{\"@id\":\"https:\\\/\\\/tandoorvietnam.com\\\/vi\\\/#\\\/schema\\\/logo\\\/image\\\/\"},\"sameAs\":[\"https:\\\/\\\/www.facebook.com\\\/tandoor.hcmc\\\/\"]}]}<\/script>\n<!-- \/ Yoast SEO Premium plugin. -->","yoast_head_json":{"title":"JALJEERA - cumin seed drink (JALJEERA - N\u01af\u1edaC H\u1ea0T TH\u00cc L\u00c0)","description":"Jaljeera - N\u01b0\u1edbc h\u1ea1t th\u00ec l\u00e0, m\u1ed9t lo\u1ea1i n\u01b0\u1edbc truy\u1ec1n th\u1ed1ng t\u1eeb \u1ea4n \u0110\u1ed9, k\u1ebft h\u1ee3p h\u01b0\u01a1ng v\u1ecb t\u01b0\u01a1i m\u00e1t v\u00e0 m\u1ed9t ch\u00fat cay n\u1ed3ng. Kh\u00e1m ph\u00e1 t\u1ea1i Tandoor Vietnam.","robots":{"index":"index","follow":"follow","max-snippet":"max-snippet:-1","max-image-preview":"max-image-preview:large","max-video-preview":"max-video-preview:-1"},"canonical":"https:\/\/tandoorvietnam.com\/vi\/sanpham\/cac-mon-nuoc\/jaljeera-nuoc-hat-thi-la\/","og_locale":"vi_VN","og_type":"article","og_title":"JALJEERA - cumin seed drink (JALJEERA - N\u01af\u1edaC H\u1ea0T TH\u00cc L\u00c0)","og_description":"Jaljeera - N\u01b0\u1edbc h\u1ea1t th\u00ec l\u00e0, m\u1ed9t lo\u1ea1i n\u01b0\u1edbc truy\u1ec1n th\u1ed1ng t\u1eeb \u1ea4n \u0110\u1ed9, k\u1ebft h\u1ee3p h\u01b0\u01a1ng v\u1ecb t\u01b0\u01a1i m\u00e1t v\u00e0 m\u1ed9t ch\u00fat cay n\u1ed3ng. Kh\u00e1m ph\u00e1 t\u1ea1i Tandoor Vietnam.","og_url":"https:\/\/tandoorvietnam.com\/vi\/sanpham\/cac-mon-nuoc\/jaljeera-nuoc-hat-thi-la\/","og_site_name":"Tandoor Vi\u1ec7t Nam","article_publisher":"https:\/\/www.facebook.com\/tandoor.hcmc\/","article_modified_time":"2023-05-20T16:53:14+00:00","og_image":[{"width":800,"height":1204,"url":"https:\/\/tandoorvietnam.com\/wp-content\/uploads\/2020\/06\/Jalzeera.jpg","type":"image\/jpeg"}],"twitter_card":"summary_large_image","twitter_misc":{"Est. reading time":"2 minutes"},"schema":{"@context":"https:\/\/schema.org","@graph":[{"@type":"WebPage","@id":"https:\/\/tandoorvietnam.com\/vi\/sanpham\/cac-mon-nuoc\/jaljeera-nuoc-hat-thi-la\/","url":"https:\/\/tandoorvietnam.com\/vi\/sanpham\/cac-mon-nuoc\/jaljeera-nuoc-hat-thi-la\/","name":"JALJEERA - cumin seed drink (JALJEERA - N\u01af\u1edaC H\u1ea0T TH\u00cc L\u00c0)","isPartOf":{"@id":"https:\/\/tandoorvietnam.com\/vi\/#website"},"primaryImageOfPage":{"@id":"https:\/\/tandoorvietnam.com\/vi\/sanpham\/cac-mon-nuoc\/jaljeera-nuoc-hat-thi-la\/#primaryimage"},"image":{"@id":"https:\/\/tandoorvietnam.com\/vi\/sanpham\/cac-mon-nuoc\/jaljeera-nuoc-hat-thi-la\/#primaryimage"},"thumbnailUrl":"https:\/\/tandoorvietnam.com\/wp-content\/uploads\/2020\/06\/Jalzeera.jpg","datePublished":"2021-04-19T09:23:57+00:00","dateModified":"2023-05-20T16:53:14+00:00","description":"Jaljeera - N\u01b0\u1edbc h\u1ea1t th\u00ec l\u00e0, m\u1ed9t lo\u1ea1i n\u01b0\u1edbc truy\u1ec1n th\u1ed1ng t\u1eeb \u1ea4n \u0110\u1ed9, k\u1ebft h\u1ee3p h\u01b0\u01a1ng v\u1ecb t\u01b0\u01a1i m\u00e1t v\u00e0 m\u1ed9t ch\u00fat cay n\u1ed3ng. Kh\u00e1m ph\u00e1 t\u1ea1i Tandoor Vietnam.","breadcrumb":{"@id":"https:\/\/tandoorvietnam.com\/vi\/sanpham\/cac-mon-nuoc\/jaljeera-nuoc-hat-thi-la\/#breadcrumb"},"inLanguage":"vi-VN","potentialAction":[{"@type":"ReadAction","target":["https:\/\/tandoorvietnam.com\/vi\/sanpham\/cac-mon-nuoc\/jaljeera-nuoc-hat-thi-la\/"]}]},{"@type":"ImageObject","inLanguage":"vi-VN","@id":"https:\/\/tandoorvietnam.com\/vi\/sanpham\/cac-mon-nuoc\/jaljeera-nuoc-hat-thi-la\/#primaryimage","url":"https:\/\/tandoorvietnam.com\/wp-content\/uploads\/2020\/06\/Jalzeera.jpg","contentUrl":"https:\/\/tandoorvietnam.com\/wp-content\/uploads\/2020\/06\/Jalzeera.jpg","width":800,"height":1204,"caption":"JALJEERA - N\u01af\u1edaC H\u1ea0T TH\u00cc L\u00c0"},{"@type":"BreadcrumbList","@id":"https:\/\/tandoorvietnam.com\/vi\/sanpham\/cac-mon-nuoc\/jaljeera-nuoc-hat-thi-la\/#breadcrumb","itemListElement":[{"@type":"ListItem","position":1,"name":"Trang Ch\u1ee7","item":"https:\/\/tandoorvietnam.com\/vi\/"},{"@type":"ListItem","position":2,"name":"Shop","item":"https:\/\/tandoorvietnam.com\/shop\/"},{"@type":"ListItem","position":3,"name":"JALJEERA &#8211; cumin seed drink (JALJEERA &#8211; N\u01af\u1edaC H\u1ea0T TH\u00cc L\u00c0)"}]},{"@type":"WebSite","@id":"https:\/\/tandoorvietnam.com\/vi\/#website","url":"https:\/\/tandoorvietnam.com\/vi\/","name":"Tandoor Vietnam","description":"Nh\u00e0 h\u00e0ng ngon h\u1ed3 ch\u00ed minh","publisher":{"@id":"https:\/\/tandoorvietnam.com\/vi\/#organization"},"potentialAction":[{"@type":"SearchAction","target":{"@type":"EntryPoint","urlTemplate":"https:\/\/tandoorvietnam.com\/vi\/?s={search_term_string}"},"query-input":{"@type":"PropertyValueSpecification","valueRequired":true,"valueName":"search_term_string"}}],"inLanguage":"vi-VN"},{"@type":"Organization","@id":"https:\/\/tandoorvietnam.com\/vi\/#organization","name":"Tandoor Vietnam","url":"https:\/\/tandoorvietnam.com\/vi\/","logo":{"@type":"ImageObject","inLanguage":"vi-VN","@id":"https:\/\/tandoorvietnam.com\/vi\/#\/schema\/logo\/image\/","url":"https:\/\/tandoorvietnam.com\/wp-content\/uploads\/2020\/07\/logo.png","contentUrl":"https:\/\/tandoorvietnam.com\/wp-content\/uploads\/2020\/07\/logo.png","width":133,"height":75,"caption":"Tandoor Vietnam"},"image":{"@id":"https:\/\/tandoorvietnam.com\/vi\/#\/schema\/logo\/image\/"},"sameAs":["https:\/\/www.facebook.com\/tandoor.hcmc\/"]}]}},"_links":{"self":[{"href":"https:\/\/tandoorvietnam.com\/vi\/wp-json\/wp\/v2\/product\/3410","targetHints":{"allow":["GET"]}}],"collection":[{"href":"https:\/\/tandoorvietnam.com\/vi\/wp-json\/wp\/v2\/product"}],"about":[{"href":"https:\/\/tandoorvietnam.com\/vi\/wp-json\/wp\/v2\/types\/product"}],"wp:featuredmedia":[{"embeddable":true,"href":"https:\/\/tandoorvietnam.com\/vi\/wp-json\/wp\/v2\/media\/3411"}],"wp:attachment":[{"href":"https:\/\/tandoorvietnam.com\/vi\/wp-json\/wp\/v2\/media?parent=3410"}],"wp:term":[{"taxonomy":"product_brand","embeddable":true,"href":"https:\/\/tandoorvietnam.com\/vi\/wp-json\/wp\/v2\/product_brand?post=3410"},{"taxonomy":"product_cat","embeddable":true,"href":"https:\/\/tandoorvietnam.com\/vi\/wp-json\/wp\/v2\/product_cat?post=3410"},{"taxonomy":"product_tag","embeddable":true,"href":"https:\/\/tandoorvietnam.com\/vi\/wp-json\/wp\/v2\/product_tag?post=3410"}],"curies":[{"name":"wp","href":"https:\/\/api.w.org\/{rel}","templated":true}]}}