{"id":3412,"date":"2020-06-23T12:46:51","date_gmt":"2021-04-19T09:24:22","guid":{"rendered":"http:\/\/tandoorvietnam.com\/product\/uncategorized\/laphroaig-10-nam\/"},"modified":"2023-05-21T04:04:43","modified_gmt":"2023-05-21T04:04:43","slug":"laphroaig-10-nam","status":"publish","type":"product","link":"https:\/\/tandoorvietnam.com\/vi\/sanpham\/cac-mon-nuoc\/laphroaig-10-nam\/","title":{"rendered":"LAPHROAIG (10 N\u0102M)"},"content":{"rendered":"<p>Laphroaig 10 n\u0103m l\u00e0 m\u1ed9t d\u00f2ng whisky \u0111\u1ed9c \u0111\u00e1o v\u00e0 \u0111\u1eb7c bi\u1ec7t t\u1eeb v\u00f9ng Islay c\u1ee7a Scotland. S\u1ea3n ph\u1ea9m n\u00e0y mang \u0111\u1ebfn m\u1ed9t tr\u1ea3i nghi\u1ec7m whisky \u0111\u00edch th\u1ef1c cho nh\u1eefng ng\u01b0\u1eddi y\u00eau th\u00edch h\u01b0\u01a1ng v\u1ecb m\u1ea1nh m\u1ebd v\u00e0 kh\u00f3i.<\/p>\n<p>V\u1edbi quy tr\u00ecnh \u1ee7 v\u00e0 ch\u01b0ng c\u1ea5t truy\u1ec1n th\u1ed1ng, Laphroaig 10 n\u0103m th\u1ec3 hi\u1ec7n s\u1ef1 tinh t\u1ebf trong t\u1eebng gi\u1ecdt whisky. H\u01b0\u01a1ng th\u01a1m \u0111\u1eb7c tr\u01b0ng c\u1ee7a n\u00f3 k\u1ebft h\u1ee3p gi\u1eefa h\u01b0\u01a1ng kh\u00f3i m\u1ea1nh m\u1ebd, m\u1eb7n m\u00e0 c\u1ee7a bi\u1ec3n c\u1ea3 v\u00e0 h\u01b0\u01a1ng v\u1ecb \u0111\u1eadm \u0111\u00e0.<\/p>\n<p>Khi th\u01b0\u1edfng th\u1ee9c lo\u1ea1i whisky n\u00e0y, b\u1ea1n s\u1ebd c\u1ea3m nh\u1eadn \u0111\u01b0\u1ee3c s\u1ef1 h\u00e0i h\u00f2a gi\u1eefa h\u01b0\u01a1ng th\u01a1m \u0111\u1eb7c tr\u01b0ng c\u1ee7a kh\u00f3i m\u00e0u v\u00e0 h\u01b0\u01a1ng v\u1ecb m\u1eb7n m\u00e0 t\u1eeb bi\u1ec3n c\u1ea3. V\u1ecb \u0111\u1eadm \u0111\u00e0 c\u1ee7a whisky c\u00e0ng \u0111\u01b0\u1ee3c n\u00e2ng cao b\u1edfi s\u1ef1 l\u01b0u gi\u1eef tuy\u1ec7t v\u1eddi trong th\u00f9ng g\u1ed7 s\u1ed3i t\u1eeb v\u00f9ng n\u00fai cao Scotland.<\/p>\n<p>Laphroaig 10 n\u0103m l\u00e0 m\u1ed9t s\u1ef1 k\u1ebft h\u1ee3p tuy\u1ec7t v\u1eddi c\u1ee7a c\u00e1c h\u01b0\u01a1ng v\u1ecb v\u00e0 m\u00f9i h\u01b0\u01a1ng ph\u1ee9c t\u1ea1p. V\u1edbi m\u1ed9t ch\u00fat ch\u00e1t v\u00e0 m\u1eb7n, k\u1ebft h\u1ee3p v\u1edbi v\u1ecb tr\u00e1i c\u00e2y, m\u1eadt ong v\u00e0 m\u1ed9t ch\u00fat h\u01b0\u01a1ng th\u1ea3o, s\u1ea3n ph\u1ea9m n\u00e0y mang \u0111\u1ebfn s\u1ef1 c\u00e2n b\u1eb1ng ho\u00e0n h\u1ea3o cho nh\u1eefng ng\u01b0\u1eddi y\u00eau th\u00edch whisky \u0111\u1eadm \u0111\u00e0.<\/p>\n<p><a href=\"https:\/\/tandoorvietnam.com\/\">Tandoor Vietnam<\/a> t\u1ef1 h\u00e0o mang \u0111\u1ebfn cho b\u1ea1n Laphroaig 10 n\u0103m - m\u1ed9t s\u1ea3n ph\u1ea9m ch\u1ea5t l\u01b0\u1ee3ng v\u00e0 \u0111\u1ed9c \u0111\u00e1o t\u1eeb x\u1ee9 s\u1edf whisky Scotland. Ch\u00fang t\u00f4i cam k\u1ebft cung c\u1ea5p s\u1ea3n ph\u1ea9m ch\u00ednh h\u00e3ng v\u00e0 \u0111\u1ea3m b\u1ea3o s\u1ef1 t\u01b0\u01a1i m\u1edbi v\u00e0 nguy\u00ean v\u1eb9n c\u1ee7a m\u1ed7i chai whisky.<\/p>\n<p>D\u00e0nh th\u1eddi gian th\u01b0\u1edfng th\u1ee9c lo\u1ea1i whisky n\u00e0y l\u00e0 m\u1ed9t tr\u1ea3i nghi\u1ec7m th\u00fa v\u1ecb cho nh\u1eefng ng\u01b0\u1eddi y\u00eau th\u00edch v\u00e0 \u0111am m\u00ea whisky. H\u00e3y kh\u00e1m ph\u00e1 v\u00e0 kh\u00e1m ph\u00e1 h\u01b0\u01a1ng v\u1ecb \u0111\u1ed9c \u0111\u00e1o c\u1ee7a whisky Islay th\u00f4ng qua Laphroaig 10 n\u0103m t\u1ea1i Tandoor Vietnam.<\/p>\n","protected":false},"excerpt":{"rendered":"<p>Laphroaig 10 n\u0103m l\u00e0 m\u1ed9t d\u00f2ng whisky \u0111\u1ed9c \u0111\u00e1o v\u00e0 \u0111\u1eb7c bi\u1ec7t t\u1eeb v\u00f9ng Islay c\u1ee7a Scotland. S\u1ea3n ph\u1ea9m n\u00e0y mang \u0111\u1ebfn m\u1ed9t tr\u1ea3i nghi\u1ec7m whisky \u0111\u00edch th\u1ef1c cho nh\u1eefng ng\u01b0\u1eddi y\u00eau th\u00edch h\u01b0\u01a1ng v\u1ecb m\u1ea1nh m\u1ebd v\u00e0 kh\u00f3i. V\u1edbi quy tr\u00ecnh \u1ee7 v\u00e0 ch\u01b0ng c\u1ea5t truy\u1ec1n th\u1ed1ng, Laphroaig 10 n\u0103m th\u1ec3 hi\u1ec7n s\u1ef1 tinh [&hellip;]<\/p>\n","protected":false},"featured_media":0,"template":"","meta":[],"product_brand":[],"product_cat":[231],"product_tag":[],"class_list":{"0":"post-3412","1":"product","2":"type-product","3":"status-publish","5":"product_cat-cac-mon-nuoc","7":"first","8":"instock","9":"taxable","10":"shipping-taxable","11":"purchasable","12":"product-type-simple"},"yoast_head":"<!-- This site is optimized with the Yoast SEO Premium plugin v22.3 (Yoast SEO v27.5) - https:\/\/yoast.com\/product\/yoast-seo-premium-wordpress\/ -->\n<title>LAPHROAIG (10 N\u0102M) - Tandoor Vi\u1ec7t Nam<\/title>\n<meta name=\"description\" content=\"Laphroaig 10 n\u0103m - M\u1ed9t h\u00f2a quy\u1ec7n tinh t\u00fay c\u1ee7a h\u01b0\u01a1ng th\u01a1m kh\u00f3i, m\u1eb7n m\u00e0 v\u00e0 \u0111\u1eadm \u0111\u00e0. S\u1ea3n ph\u1ea9m ch\u1ea5t l\u01b0\u1ee3ng t\u1eeb nh\u00e0 h\u00e0ng Tandoor Vietnam.\" \/>\n<meta name=\"robots\" content=\"index, follow, max-snippet:-1, max-image-preview:large, max-video-preview:-1\" \/>\n<link rel=\"canonical\" href=\"https:\/\/tandoorvietnam.com\/vi\/sanpham\/cac-mon-nuoc\/laphroaig-10-nam\/\" \/>\n<meta property=\"og:locale\" content=\"vi_VN\" \/>\n<meta property=\"og:type\" content=\"article\" \/>\n<meta property=\"og:title\" content=\"LAPHROAIG (10 N\u0102M)\" \/>\n<meta property=\"og:description\" content=\"Laphroaig 10 n\u0103m - M\u1ed9t h\u00f2a quy\u1ec7n tinh t\u00fay c\u1ee7a h\u01b0\u01a1ng th\u01a1m kh\u00f3i, m\u1eb7n m\u00e0 v\u00e0 \u0111\u1eadm \u0111\u00e0. S\u1ea3n ph\u1ea9m ch\u1ea5t l\u01b0\u1ee3ng t\u1eeb nh\u00e0 h\u00e0ng Tandoor Vietnam.\" \/>\n<meta property=\"og:url\" content=\"https:\/\/tandoorvietnam.com\/vi\/sanpham\/cac-mon-nuoc\/laphroaig-10-nam\/\" \/>\n<meta property=\"og:site_name\" content=\"Tandoor Vi\u1ec7t Nam\" \/>\n<meta property=\"article:publisher\" content=\"https:\/\/www.facebook.com\/tandoor.hcmc\/\" \/>\n<meta property=\"article:modified_time\" content=\"2023-05-21T04:04:43+00:00\" \/>\n<meta property=\"og:image\" content=\"https:\/\/tandoorvietnam.com\/wp-content\/uploads\/2020\/07\/opengraph.jpg\" \/>\n\t<meta property=\"og:image:width\" content=\"1200\" \/>\n\t<meta property=\"og:image:height\" content=\"630\" \/>\n\t<meta property=\"og:image:type\" content=\"image\/jpeg\" \/>\n<meta name=\"twitter:card\" content=\"summary_large_image\" \/>\n<meta name=\"twitter:label1\" content=\"Est. reading time\" \/>\n\t<meta name=\"twitter:data1\" content=\"2 minutes\" \/>\n<script type=\"application\/ld+json\" class=\"yoast-schema-graph\">{\"@context\":\"https:\\\/\\\/schema.org\",\"@graph\":[{\"@type\":\"WebPage\",\"@id\":\"https:\\\/\\\/tandoorvietnam.com\\\/vi\\\/sanpham\\\/cac-mon-nuoc\\\/laphroaig-10-nam\\\/\",\"url\":\"https:\\\/\\\/tandoorvietnam.com\\\/vi\\\/sanpham\\\/cac-mon-nuoc\\\/laphroaig-10-nam\\\/\",\"name\":\"LAPHROAIG (10 N\u0102M) - Tandoor Vi\u1ec7t Nam\",\"isPartOf\":{\"@id\":\"https:\\\/\\\/tandoorvietnam.com\\\/vi\\\/#website\"},\"datePublished\":\"2021-04-19T09:24:22+00:00\",\"dateModified\":\"2023-05-21T04:04:43+00:00\",\"description\":\"Laphroaig 10 n\u0103m - M\u1ed9t h\u00f2a quy\u1ec7n tinh t\u00fay c\u1ee7a h\u01b0\u01a1ng th\u01a1m kh\u00f3i, m\u1eb7n m\u00e0 v\u00e0 \u0111\u1eadm \u0111\u00e0. S\u1ea3n ph\u1ea9m ch\u1ea5t l\u01b0\u1ee3ng t\u1eeb nh\u00e0 h\u00e0ng Tandoor Vietnam.\",\"breadcrumb\":{\"@id\":\"https:\\\/\\\/tandoorvietnam.com\\\/vi\\\/sanpham\\\/cac-mon-nuoc\\\/laphroaig-10-nam\\\/#breadcrumb\"},\"inLanguage\":\"vi-VN\",\"potentialAction\":[{\"@type\":\"ReadAction\",\"target\":[\"https:\\\/\\\/tandoorvietnam.com\\\/vi\\\/sanpham\\\/cac-mon-nuoc\\\/laphroaig-10-nam\\\/\"]}]},{\"@type\":\"BreadcrumbList\",\"@id\":\"https:\\\/\\\/tandoorvietnam.com\\\/vi\\\/sanpham\\\/cac-mon-nuoc\\\/laphroaig-10-nam\\\/#breadcrumb\",\"itemListElement\":[{\"@type\":\"ListItem\",\"position\":1,\"name\":\"Trang Ch\u1ee7\",\"item\":\"https:\\\/\\\/tandoorvietnam.com\\\/vi\\\/\"},{\"@type\":\"ListItem\",\"position\":2,\"name\":\"Shop\",\"item\":\"https:\\\/\\\/tandoorvietnam.com\\\/shop\\\/\"},{\"@type\":\"ListItem\",\"position\":3,\"name\":\"LAPHROAIG (10 N\u0102M)\"}]},{\"@type\":\"WebSite\",\"@id\":\"https:\\\/\\\/tandoorvietnam.com\\\/vi\\\/#website\",\"url\":\"https:\\\/\\\/tandoorvietnam.com\\\/vi\\\/\",\"name\":\"Tandoor Vietnam\",\"description\":\"Nh\u00e0 h\u00e0ng ngon h\u1ed3 ch\u00ed minh\",\"publisher\":{\"@id\":\"https:\\\/\\\/tandoorvietnam.com\\\/vi\\\/#organization\"},\"potentialAction\":[{\"@type\":\"SearchAction\",\"target\":{\"@type\":\"EntryPoint\",\"urlTemplate\":\"https:\\\/\\\/tandoorvietnam.com\\\/vi\\\/?s={search_term_string}\"},\"query-input\":{\"@type\":\"PropertyValueSpecification\",\"valueRequired\":true,\"valueName\":\"search_term_string\"}}],\"inLanguage\":\"vi-VN\"},{\"@type\":\"Organization\",\"@id\":\"https:\\\/\\\/tandoorvietnam.com\\\/vi\\\/#organization\",\"name\":\"Tandoor Vietnam\",\"url\":\"https:\\\/\\\/tandoorvietnam.com\\\/vi\\\/\",\"logo\":{\"@type\":\"ImageObject\",\"inLanguage\":\"vi-VN\",\"@id\":\"https:\\\/\\\/tandoorvietnam.com\\\/vi\\\/#\\\/schema\\\/logo\\\/image\\\/\",\"url\":\"https:\\\/\\\/tandoorvietnam.com\\\/wp-content\\\/uploads\\\/2020\\\/07\\\/logo.png\",\"contentUrl\":\"https:\\\/\\\/tandoorvietnam.com\\\/wp-content\\\/uploads\\\/2020\\\/07\\\/logo.png\",\"width\":133,\"height\":75,\"caption\":\"Tandoor Vietnam\"},\"image\":{\"@id\":\"https:\\\/\\\/tandoorvietnam.com\\\/vi\\\/#\\\/schema\\\/logo\\\/image\\\/\"},\"sameAs\":[\"https:\\\/\\\/www.facebook.com\\\/tandoor.hcmc\\\/\"]}]}<\/script>\n<!-- \/ Yoast SEO Premium plugin. -->","yoast_head_json":{"title":"LAPHROAIG (10 N\u0102M) - Tandoor Vi\u1ec7t Nam","description":"Laphroaig 10 n\u0103m - M\u1ed9t h\u00f2a quy\u1ec7n tinh t\u00fay c\u1ee7a h\u01b0\u01a1ng th\u01a1m kh\u00f3i, m\u1eb7n m\u00e0 v\u00e0 \u0111\u1eadm \u0111\u00e0. S\u1ea3n ph\u1ea9m ch\u1ea5t l\u01b0\u1ee3ng t\u1eeb nh\u00e0 h\u00e0ng Tandoor Vietnam.","robots":{"index":"index","follow":"follow","max-snippet":"max-snippet:-1","max-image-preview":"max-image-preview:large","max-video-preview":"max-video-preview:-1"},"canonical":"https:\/\/tandoorvietnam.com\/vi\/sanpham\/cac-mon-nuoc\/laphroaig-10-nam\/","og_locale":"vi_VN","og_type":"article","og_title":"LAPHROAIG (10 N\u0102M)","og_description":"Laphroaig 10 n\u0103m - M\u1ed9t h\u00f2a quy\u1ec7n tinh t\u00fay c\u1ee7a h\u01b0\u01a1ng th\u01a1m kh\u00f3i, m\u1eb7n m\u00e0 v\u00e0 \u0111\u1eadm \u0111\u00e0. S\u1ea3n ph\u1ea9m ch\u1ea5t l\u01b0\u1ee3ng t\u1eeb nh\u00e0 h\u00e0ng Tandoor Vietnam.","og_url":"https:\/\/tandoorvietnam.com\/vi\/sanpham\/cac-mon-nuoc\/laphroaig-10-nam\/","og_site_name":"Tandoor Vi\u1ec7t Nam","article_publisher":"https:\/\/www.facebook.com\/tandoor.hcmc\/","article_modified_time":"2023-05-21T04:04:43+00:00","og_image":[{"width":1200,"height":630,"url":"https:\/\/tandoorvietnam.com\/wp-content\/uploads\/2020\/07\/opengraph.jpg","type":"image\/jpeg"}],"twitter_card":"summary_large_image","twitter_misc":{"Est. reading time":"2 minutes"},"schema":{"@context":"https:\/\/schema.org","@graph":[{"@type":"WebPage","@id":"https:\/\/tandoorvietnam.com\/vi\/sanpham\/cac-mon-nuoc\/laphroaig-10-nam\/","url":"https:\/\/tandoorvietnam.com\/vi\/sanpham\/cac-mon-nuoc\/laphroaig-10-nam\/","name":"LAPHROAIG (10 N\u0102M) - Tandoor Vi\u1ec7t Nam","isPartOf":{"@id":"https:\/\/tandoorvietnam.com\/vi\/#website"},"datePublished":"2021-04-19T09:24:22+00:00","dateModified":"2023-05-21T04:04:43+00:00","description":"Laphroaig 10 n\u0103m - M\u1ed9t h\u00f2a quy\u1ec7n tinh t\u00fay c\u1ee7a h\u01b0\u01a1ng th\u01a1m kh\u00f3i, m\u1eb7n m\u00e0 v\u00e0 \u0111\u1eadm \u0111\u00e0. S\u1ea3n ph\u1ea9m ch\u1ea5t l\u01b0\u1ee3ng t\u1eeb nh\u00e0 h\u00e0ng Tandoor Vietnam.","breadcrumb":{"@id":"https:\/\/tandoorvietnam.com\/vi\/sanpham\/cac-mon-nuoc\/laphroaig-10-nam\/#breadcrumb"},"inLanguage":"vi-VN","potentialAction":[{"@type":"ReadAction","target":["https:\/\/tandoorvietnam.com\/vi\/sanpham\/cac-mon-nuoc\/laphroaig-10-nam\/"]}]},{"@type":"BreadcrumbList","@id":"https:\/\/tandoorvietnam.com\/vi\/sanpham\/cac-mon-nuoc\/laphroaig-10-nam\/#breadcrumb","itemListElement":[{"@type":"ListItem","position":1,"name":"Trang Ch\u1ee7","item":"https:\/\/tandoorvietnam.com\/vi\/"},{"@type":"ListItem","position":2,"name":"Shop","item":"https:\/\/tandoorvietnam.com\/shop\/"},{"@type":"ListItem","position":3,"name":"LAPHROAIG (10 N\u0102M)"}]},{"@type":"WebSite","@id":"https:\/\/tandoorvietnam.com\/vi\/#website","url":"https:\/\/tandoorvietnam.com\/vi\/","name":"Tandoor Vietnam","description":"Nh\u00e0 h\u00e0ng ngon h\u1ed3 ch\u00ed minh","publisher":{"@id":"https:\/\/tandoorvietnam.com\/vi\/#organization"},"potentialAction":[{"@type":"SearchAction","target":{"@type":"EntryPoint","urlTemplate":"https:\/\/tandoorvietnam.com\/vi\/?s={search_term_string}"},"query-input":{"@type":"PropertyValueSpecification","valueRequired":true,"valueName":"search_term_string"}}],"inLanguage":"vi-VN"},{"@type":"Organization","@id":"https:\/\/tandoorvietnam.com\/vi\/#organization","name":"Tandoor Vietnam","url":"https:\/\/tandoorvietnam.com\/vi\/","logo":{"@type":"ImageObject","inLanguage":"vi-VN","@id":"https:\/\/tandoorvietnam.com\/vi\/#\/schema\/logo\/image\/","url":"https:\/\/tandoorvietnam.com\/wp-content\/uploads\/2020\/07\/logo.png","contentUrl":"https:\/\/tandoorvietnam.com\/wp-content\/uploads\/2020\/07\/logo.png","width":133,"height":75,"caption":"Tandoor Vietnam"},"image":{"@id":"https:\/\/tandoorvietnam.com\/vi\/#\/schema\/logo\/image\/"},"sameAs":["https:\/\/www.facebook.com\/tandoor.hcmc\/"]}]}},"_links":{"self":[{"href":"https:\/\/tandoorvietnam.com\/vi\/wp-json\/wp\/v2\/product\/3412","targetHints":{"allow":["GET"]}}],"collection":[{"href":"https:\/\/tandoorvietnam.com\/vi\/wp-json\/wp\/v2\/product"}],"about":[{"href":"https:\/\/tandoorvietnam.com\/vi\/wp-json\/wp\/v2\/types\/product"}],"wp:attachment":[{"href":"https:\/\/tandoorvietnam.com\/vi\/wp-json\/wp\/v2\/media?parent=3412"}],"wp:term":[{"taxonomy":"product_brand","embeddable":true,"href":"https:\/\/tandoorvietnam.com\/vi\/wp-json\/wp\/v2\/product_brand?post=3412"},{"taxonomy":"product_cat","embeddable":true,"href":"https:\/\/tandoorvietnam.com\/vi\/wp-json\/wp\/v2\/product_cat?post=3412"},{"taxonomy":"product_tag","embeddable":true,"href":"https:\/\/tandoorvietnam.com\/vi\/wp-json\/wp\/v2\/product_tag?post=3412"}],"curies":[{"name":"wp","href":"https:\/\/api.w.org\/{rel}","templated":true}]}}