{"id":3413,"date":"2020-06-23T11:58:25","date_gmt":"2021-04-19T09:25:13","guid":{"rendered":"http:\/\/tandoorvietnam.com\/product\/uncategorized\/nuoc-chanh\/"},"modified":"2023-05-21T04:21:12","modified_gmt":"2023-05-21T04:21:12","slug":"nuoc-chanh","status":"publish","type":"product","link":"https:\/\/tandoorvietnam.com\/vi\/sanpham\/cac-mon-nuoc\/nuoc-chanh\/","title":{"rendered":"Lemon (N\u01af\u1edaC CHANH)"},"content":{"rendered":"<p>N\u01b0\u1edbc Chanh (Lemon juice) l\u00e0 m\u1ed9t trong nh\u1eefng lo\u1ea1i n\u01b0\u1edbc u\u1ed1ng ph\u1ed5 bi\u1ebfn v\u00e0 th\u00edch h\u1ee3p \u0111\u1ec3 gi\u1ea3i kh\u00e1t v\u00e0o m\u00f9a h\u00e8 n\u00f3ng b\u1ee9c. T\u1ea1i Tandoor Vietnam, ch\u00fang t\u00f4i t\u1ef1 h\u00e0o mang \u0111\u1ebfn m\u1ed9t lo\u1ea1i n\u01b0\u1edbc Chanh t\u01b0\u01a1i m\u00e1t, t\u1ef1 nhi\u00ean v\u00e0 s\u1ea3ng kho\u00e1i.<\/p>\n<p>Ch\u00fang t\u00f4i ch\u1ecdn nh\u1eefng qu\u1ea3 Chanh t\u01b0\u01a1i ngon, t\u01b0\u01a1i s\u00e1ng v\u00e0 gi\u00e0u vitamin C \u0111\u1ec3 t\u1ea1o ra m\u1ed9t ly Lemon juice\u00a0th\u01a1m ngon v\u00e0 gi\u00e0u dinh d\u01b0\u1ee1ng. Qu\u1ea3 Chanh \u0111\u01b0\u1ee3c c\u1eaft v\u00e0 \u00e9p l\u1ea5y n\u01b0\u1edbc tinh khi\u1ebft, kh\u00f4ng h\u1ec1 c\u00f3 ch\u1ea5t b\u1ea3o qu\u1ea3n hay h\u01b0\u01a1ng li\u1ec7u nh\u00e2n t\u1ea1o.<\/p>\n<p>V\u1edbi v\u1ecb chua ng\u1ecdt t\u1ef1 nhi\u00ean, Lemon juice t\u1ea1i Tandoor Vietnam l\u00e0 m\u1ed9t l\u1ef1a ch\u1ecdn ho\u00e0n h\u1ea3o \u0111\u1ec3 gi\u1ea3i kh\u00e1t v\u00e0 t\u0103ng c\u01b0\u1eddng s\u1ee9c kh\u1ecfe. N\u01b0\u1edbc Chanh gi\u00e0u vitamin C, c\u00f3 t\u00e1c d\u1ee5ng b\u1ed5 sung ch\u1ea5t ch\u1ed1ng oxy h\u00f3a v\u00e0 t\u0103ng c\u01b0\u1eddng h\u1ec7 mi\u1ec5n d\u1ecbch.<\/p>\n<p>B\u1ea1n c\u00f3 th\u1ec3 th\u01b0\u1edfng th\u1ee9c Lemon juice\u00a0b\u1ea5t k\u1ef3 l\u00fac n\u00e0o trong ng\u00e0y, t\u1eeb bu\u1ed5i s\u00e1ng cho \u0111\u1ebfn cu\u1ed1i ng\u00e0y. N\u00f3 l\u00e0 m\u1ed9t lo\u1ea1i n\u01b0\u1edbc u\u1ed1ng tuy\u1ec7t v\u1eddi \u0111\u1ec3 k\u00edch th\u00edch v\u1ecb gi\u00e1c v\u00e0 mang l\u1ea1i c\u1ea3m gi\u00e1c s\u1ea3ng kho\u00e1i.<\/p>\n<p>Lemon juice c\u0169ng c\u00f3 th\u1ec3 \u0111\u01b0\u1ee3c s\u1eed d\u1ee5ng l\u00e0m n\u01b0\u1edbc u\u1ed1ng k\u00e8m c\u00e1c m\u00f3n \u0103n \u1ea4n \u0110\u1ed9, nh\u01b0 m\u00f3n Biryani hay m\u00f3n Kebab, gi\u00fap t\u1ea1o ra m\u1ed9t s\u1ef1 k\u1ebft h\u1ee3p h\u00e0i h\u00f2a gi\u1eefa v\u1ecb chua c\u1ee7a Chanh v\u00e0 h\u01b0\u01a1ng v\u1ecb \u0111a d\u1ea1ng c\u1ee7a c\u00e1c m\u00f3n \u0103n.<\/p>\n<p>H\u00e3y th\u01b0\u1edfng th\u1ee9c ly Lemon juice t\u1ea1i Tandoor Vietnam v\u00e0 tr\u1ea3i nghi\u1ec7m c\u1ea3m gi\u00e1c t\u01b0\u01a1i m\u00e1t, s\u1ea3ng kho\u00e1i m\u00e0 n\u00f3 mang l\u1ea1i. M\u1ed9t ly Lemon juice\u00a0t\u1ea1i \u0111\u00e2y s\u1ebd gi\u00fap b\u1ea1n th\u01b0 gi\u00e3n v\u00e0 t\u1eadn h\u01b0\u1edfng h\u01b0\u01a1ng v\u1ecb t\u1ef1 nhi\u00ean, trong l\u00e0nh c\u1ee7a qu\u1ea3 Chanh t\u01b0\u01a1i.<\/p>\n","protected":false},"excerpt":{"rendered":"<p>N\u01b0\u1edbc Chanh (Lemon juice) l\u00e0 m\u1ed9t trong nh\u1eefng lo\u1ea1i n\u01b0\u1edbc u\u1ed1ng ph\u1ed5 bi\u1ebfn v\u00e0 th\u00edch h\u1ee3p \u0111\u1ec3 gi\u1ea3i kh\u00e1t v\u00e0o m\u00f9a h\u00e8 n\u00f3ng b\u1ee9c. T\u1ea1i Tandoor Vietnam, ch\u00fang t\u00f4i t\u1ef1 h\u00e0o mang \u0111\u1ebfn m\u1ed9t lo\u1ea1i n\u01b0\u1edbc Chanh t\u01b0\u01a1i m\u00e1t, t\u1ef1 nhi\u00ean v\u00e0 s\u1ea3ng kho\u00e1i. Ch\u00fang t\u00f4i ch\u1ecdn nh\u1eefng qu\u1ea3 Chanh t\u01b0\u01a1i ngon, t\u01b0\u01a1i s\u00e1ng v\u00e0 [&hellip;]<\/p>\n","protected":false},"featured_media":3414,"template":"","meta":[],"product_brand":[],"product_cat":[231],"product_tag":[],"class_list":{"0":"post-3413","1":"product","2":"type-product","3":"status-publish","4":"has-post-thumbnail","6":"product_cat-cac-mon-nuoc","8":"first","9":"instock","10":"taxable","11":"shipping-taxable","12":"purchasable","13":"product-type-simple"},"yoast_head":"<!-- This site is optimized with the Yoast SEO Premium plugin v22.3 (Yoast SEO v27.5) - https:\/\/yoast.com\/product\/yoast-seo-premium-wordpress\/ -->\n<title>Lemon (N\u01af\u1edaC CHANH) - Tandoor Vi\u1ec7t Nam<\/title>\n<meta name=\"description\" content=\"M\u00f3n n\u01b0\u1edbc Chanh t\u01b0\u01a1i m\u00e1t, t\u1ef1 nhi\u00ean v\u00e0 s\u1ea3ng kho\u00e1i t\u1ea1i Tandoor Vietnam. V\u1ecb chua ng\u1ecdt, l\u1ef1a ch\u1ecdn ho\u00e0n h\u1ea3o \u0111\u1ec3 gi\u1ea3i kh\u00e1t trong ng\u00e0y.\" \/>\n<meta name=\"robots\" content=\"index, follow, max-snippet:-1, max-image-preview:large, max-video-preview:-1\" \/>\n<link rel=\"canonical\" href=\"https:\/\/tandoorvietnam.com\/vi\/sanpham\/cac-mon-nuoc\/nuoc-chanh\/\" \/>\n<meta property=\"og:locale\" content=\"vi_VN\" \/>\n<meta property=\"og:type\" content=\"article\" \/>\n<meta property=\"og:title\" content=\"Lemon (N\u01af\u1edaC CHANH)\" \/>\n<meta property=\"og:description\" content=\"M\u00f3n n\u01b0\u1edbc Chanh t\u01b0\u01a1i m\u00e1t, t\u1ef1 nhi\u00ean v\u00e0 s\u1ea3ng kho\u00e1i t\u1ea1i Tandoor Vietnam. V\u1ecb chua ng\u1ecdt, l\u1ef1a ch\u1ecdn ho\u00e0n h\u1ea3o \u0111\u1ec3 gi\u1ea3i kh\u00e1t trong ng\u00e0y.\" \/>\n<meta property=\"og:url\" content=\"https:\/\/tandoorvietnam.com\/vi\/sanpham\/cac-mon-nuoc\/nuoc-chanh\/\" \/>\n<meta property=\"og:site_name\" content=\"Tandoor Vi\u1ec7t Nam\" \/>\n<meta property=\"article:publisher\" content=\"https:\/\/www.facebook.com\/tandoor.hcmc\/\" \/>\n<meta property=\"article:modified_time\" content=\"2023-05-21T04:21:12+00:00\" \/>\n<meta property=\"og:image\" content=\"https:\/\/tandoorvietnam.com\/wp-content\/uploads\/2020\/06\/lemon-juice-2-scaled.jpg\" \/>\n\t<meta property=\"og:image:width\" content=\"1400\" \/>\n\t<meta property=\"og:image:height\" content=\"1400\" \/>\n\t<meta property=\"og:image:type\" content=\"image\/jpeg\" \/>\n<meta name=\"twitter:card\" content=\"summary_large_image\" \/>\n<meta name=\"twitter:label1\" content=\"Est. reading time\" \/>\n\t<meta name=\"twitter:data1\" content=\"2 minutes\" \/>\n<script type=\"application\/ld+json\" class=\"yoast-schema-graph\">{\"@context\":\"https:\\\/\\\/schema.org\",\"@graph\":[{\"@type\":\"WebPage\",\"@id\":\"https:\\\/\\\/tandoorvietnam.com\\\/vi\\\/sanpham\\\/cac-mon-nuoc\\\/nuoc-chanh\\\/\",\"url\":\"https:\\\/\\\/tandoorvietnam.com\\\/vi\\\/sanpham\\\/cac-mon-nuoc\\\/nuoc-chanh\\\/\",\"name\":\"Lemon (N\u01af\u1edaC CHANH) - Tandoor Vi\u1ec7t Nam\",\"isPartOf\":{\"@id\":\"https:\\\/\\\/tandoorvietnam.com\\\/vi\\\/#website\"},\"primaryImageOfPage\":{\"@id\":\"https:\\\/\\\/tandoorvietnam.com\\\/vi\\\/sanpham\\\/cac-mon-nuoc\\\/nuoc-chanh\\\/#primaryimage\"},\"image\":{\"@id\":\"https:\\\/\\\/tandoorvietnam.com\\\/vi\\\/sanpham\\\/cac-mon-nuoc\\\/nuoc-chanh\\\/#primaryimage\"},\"thumbnailUrl\":\"https:\\\/\\\/tandoorvietnam.com\\\/wp-content\\\/uploads\\\/2020\\\/06\\\/lemon-juice-2-scaled.jpg\",\"datePublished\":\"2021-04-19T09:25:13+00:00\",\"dateModified\":\"2023-05-21T04:21:12+00:00\",\"description\":\"M\u00f3n n\u01b0\u1edbc Chanh t\u01b0\u01a1i m\u00e1t, t\u1ef1 nhi\u00ean v\u00e0 s\u1ea3ng kho\u00e1i t\u1ea1i Tandoor Vietnam. V\u1ecb chua ng\u1ecdt, l\u1ef1a ch\u1ecdn ho\u00e0n h\u1ea3o \u0111\u1ec3 gi\u1ea3i kh\u00e1t trong ng\u00e0y.\",\"breadcrumb\":{\"@id\":\"https:\\\/\\\/tandoorvietnam.com\\\/vi\\\/sanpham\\\/cac-mon-nuoc\\\/nuoc-chanh\\\/#breadcrumb\"},\"inLanguage\":\"vi-VN\",\"potentialAction\":[{\"@type\":\"ReadAction\",\"target\":[\"https:\\\/\\\/tandoorvietnam.com\\\/vi\\\/sanpham\\\/cac-mon-nuoc\\\/nuoc-chanh\\\/\"]}]},{\"@type\":\"ImageObject\",\"inLanguage\":\"vi-VN\",\"@id\":\"https:\\\/\\\/tandoorvietnam.com\\\/vi\\\/sanpham\\\/cac-mon-nuoc\\\/nuoc-chanh\\\/#primaryimage\",\"url\":\"https:\\\/\\\/tandoorvietnam.com\\\/wp-content\\\/uploads\\\/2020\\\/06\\\/lemon-juice-2-scaled.jpg\",\"contentUrl\":\"https:\\\/\\\/tandoorvietnam.com\\\/wp-content\\\/uploads\\\/2020\\\/06\\\/lemon-juice-2-scaled.jpg\",\"width\":2048,\"height\":2048,\"caption\":\"N\u01af\u1edaC CHANH\"},{\"@type\":\"BreadcrumbList\",\"@id\":\"https:\\\/\\\/tandoorvietnam.com\\\/vi\\\/sanpham\\\/cac-mon-nuoc\\\/nuoc-chanh\\\/#breadcrumb\",\"itemListElement\":[{\"@type\":\"ListItem\",\"position\":1,\"name\":\"Trang Ch\u1ee7\",\"item\":\"https:\\\/\\\/tandoorvietnam.com\\\/vi\\\/\"},{\"@type\":\"ListItem\",\"position\":2,\"name\":\"Shop\",\"item\":\"https:\\\/\\\/tandoorvietnam.com\\\/shop\\\/\"},{\"@type\":\"ListItem\",\"position\":3,\"name\":\"Lemon (N\u01af\u1edaC CHANH)\"}]},{\"@type\":\"WebSite\",\"@id\":\"https:\\\/\\\/tandoorvietnam.com\\\/vi\\\/#website\",\"url\":\"https:\\\/\\\/tandoorvietnam.com\\\/vi\\\/\",\"name\":\"Tandoor Vietnam\",\"description\":\"Nh\u00e0 h\u00e0ng ngon h\u1ed3 ch\u00ed minh\",\"publisher\":{\"@id\":\"https:\\\/\\\/tandoorvietnam.com\\\/vi\\\/#organization\"},\"potentialAction\":[{\"@type\":\"SearchAction\",\"target\":{\"@type\":\"EntryPoint\",\"urlTemplate\":\"https:\\\/\\\/tandoorvietnam.com\\\/vi\\\/?s={search_term_string}\"},\"query-input\":{\"@type\":\"PropertyValueSpecification\",\"valueRequired\":true,\"valueName\":\"search_term_string\"}}],\"inLanguage\":\"vi-VN\"},{\"@type\":\"Organization\",\"@id\":\"https:\\\/\\\/tandoorvietnam.com\\\/vi\\\/#organization\",\"name\":\"Tandoor Vietnam\",\"url\":\"https:\\\/\\\/tandoorvietnam.com\\\/vi\\\/\",\"logo\":{\"@type\":\"ImageObject\",\"inLanguage\":\"vi-VN\",\"@id\":\"https:\\\/\\\/tandoorvietnam.com\\\/vi\\\/#\\\/schema\\\/logo\\\/image\\\/\",\"url\":\"https:\\\/\\\/tandoorvietnam.com\\\/wp-content\\\/uploads\\\/2020\\\/07\\\/logo.png\",\"contentUrl\":\"https:\\\/\\\/tandoorvietnam.com\\\/wp-content\\\/uploads\\\/2020\\\/07\\\/logo.png\",\"width\":133,\"height\":75,\"caption\":\"Tandoor Vietnam\"},\"image\":{\"@id\":\"https:\\\/\\\/tandoorvietnam.com\\\/vi\\\/#\\\/schema\\\/logo\\\/image\\\/\"},\"sameAs\":[\"https:\\\/\\\/www.facebook.com\\\/tandoor.hcmc\\\/\"]}]}<\/script>\n<!-- \/ Yoast SEO Premium plugin. -->","yoast_head_json":{"title":"Lemon (N\u01af\u1edaC CHANH) - Tandoor Vi\u1ec7t Nam","description":"M\u00f3n n\u01b0\u1edbc Chanh t\u01b0\u01a1i m\u00e1t, t\u1ef1 nhi\u00ean v\u00e0 s\u1ea3ng kho\u00e1i t\u1ea1i Tandoor Vietnam. V\u1ecb chua ng\u1ecdt, l\u1ef1a ch\u1ecdn ho\u00e0n h\u1ea3o \u0111\u1ec3 gi\u1ea3i kh\u00e1t trong ng\u00e0y.","robots":{"index":"index","follow":"follow","max-snippet":"max-snippet:-1","max-image-preview":"max-image-preview:large","max-video-preview":"max-video-preview:-1"},"canonical":"https:\/\/tandoorvietnam.com\/vi\/sanpham\/cac-mon-nuoc\/nuoc-chanh\/","og_locale":"vi_VN","og_type":"article","og_title":"Lemon (N\u01af\u1edaC CHANH)","og_description":"M\u00f3n n\u01b0\u1edbc Chanh t\u01b0\u01a1i m\u00e1t, t\u1ef1 nhi\u00ean v\u00e0 s\u1ea3ng kho\u00e1i t\u1ea1i Tandoor Vietnam. V\u1ecb chua ng\u1ecdt, l\u1ef1a ch\u1ecdn ho\u00e0n h\u1ea3o \u0111\u1ec3 gi\u1ea3i kh\u00e1t trong ng\u00e0y.","og_url":"https:\/\/tandoorvietnam.com\/vi\/sanpham\/cac-mon-nuoc\/nuoc-chanh\/","og_site_name":"Tandoor Vi\u1ec7t Nam","article_publisher":"https:\/\/www.facebook.com\/tandoor.hcmc\/","article_modified_time":"2023-05-21T04:21:12+00:00","og_image":[{"width":1400,"height":1400,"url":"https:\/\/tandoorvietnam.com\/wp-content\/uploads\/2020\/06\/lemon-juice-2-scaled.jpg","type":"image\/jpeg"}],"twitter_card":"summary_large_image","twitter_misc":{"Est. reading time":"2 minutes"},"schema":{"@context":"https:\/\/schema.org","@graph":[{"@type":"WebPage","@id":"https:\/\/tandoorvietnam.com\/vi\/sanpham\/cac-mon-nuoc\/nuoc-chanh\/","url":"https:\/\/tandoorvietnam.com\/vi\/sanpham\/cac-mon-nuoc\/nuoc-chanh\/","name":"Lemon (N\u01af\u1edaC CHANH) - Tandoor Vi\u1ec7t Nam","isPartOf":{"@id":"https:\/\/tandoorvietnam.com\/vi\/#website"},"primaryImageOfPage":{"@id":"https:\/\/tandoorvietnam.com\/vi\/sanpham\/cac-mon-nuoc\/nuoc-chanh\/#primaryimage"},"image":{"@id":"https:\/\/tandoorvietnam.com\/vi\/sanpham\/cac-mon-nuoc\/nuoc-chanh\/#primaryimage"},"thumbnailUrl":"https:\/\/tandoorvietnam.com\/wp-content\/uploads\/2020\/06\/lemon-juice-2-scaled.jpg","datePublished":"2021-04-19T09:25:13+00:00","dateModified":"2023-05-21T04:21:12+00:00","description":"M\u00f3n n\u01b0\u1edbc Chanh t\u01b0\u01a1i m\u00e1t, t\u1ef1 nhi\u00ean v\u00e0 s\u1ea3ng kho\u00e1i t\u1ea1i Tandoor Vietnam. V\u1ecb chua ng\u1ecdt, l\u1ef1a ch\u1ecdn ho\u00e0n h\u1ea3o \u0111\u1ec3 gi\u1ea3i kh\u00e1t trong ng\u00e0y.","breadcrumb":{"@id":"https:\/\/tandoorvietnam.com\/vi\/sanpham\/cac-mon-nuoc\/nuoc-chanh\/#breadcrumb"},"inLanguage":"vi-VN","potentialAction":[{"@type":"ReadAction","target":["https:\/\/tandoorvietnam.com\/vi\/sanpham\/cac-mon-nuoc\/nuoc-chanh\/"]}]},{"@type":"ImageObject","inLanguage":"vi-VN","@id":"https:\/\/tandoorvietnam.com\/vi\/sanpham\/cac-mon-nuoc\/nuoc-chanh\/#primaryimage","url":"https:\/\/tandoorvietnam.com\/wp-content\/uploads\/2020\/06\/lemon-juice-2-scaled.jpg","contentUrl":"https:\/\/tandoorvietnam.com\/wp-content\/uploads\/2020\/06\/lemon-juice-2-scaled.jpg","width":2048,"height":2048,"caption":"N\u01af\u1edaC CHANH"},{"@type":"BreadcrumbList","@id":"https:\/\/tandoorvietnam.com\/vi\/sanpham\/cac-mon-nuoc\/nuoc-chanh\/#breadcrumb","itemListElement":[{"@type":"ListItem","position":1,"name":"Trang Ch\u1ee7","item":"https:\/\/tandoorvietnam.com\/vi\/"},{"@type":"ListItem","position":2,"name":"Shop","item":"https:\/\/tandoorvietnam.com\/shop\/"},{"@type":"ListItem","position":3,"name":"Lemon (N\u01af\u1edaC CHANH)"}]},{"@type":"WebSite","@id":"https:\/\/tandoorvietnam.com\/vi\/#website","url":"https:\/\/tandoorvietnam.com\/vi\/","name":"Tandoor Vietnam","description":"Nh\u00e0 h\u00e0ng ngon h\u1ed3 ch\u00ed minh","publisher":{"@id":"https:\/\/tandoorvietnam.com\/vi\/#organization"},"potentialAction":[{"@type":"SearchAction","target":{"@type":"EntryPoint","urlTemplate":"https:\/\/tandoorvietnam.com\/vi\/?s={search_term_string}"},"query-input":{"@type":"PropertyValueSpecification","valueRequired":true,"valueName":"search_term_string"}}],"inLanguage":"vi-VN"},{"@type":"Organization","@id":"https:\/\/tandoorvietnam.com\/vi\/#organization","name":"Tandoor Vietnam","url":"https:\/\/tandoorvietnam.com\/vi\/","logo":{"@type":"ImageObject","inLanguage":"vi-VN","@id":"https:\/\/tandoorvietnam.com\/vi\/#\/schema\/logo\/image\/","url":"https:\/\/tandoorvietnam.com\/wp-content\/uploads\/2020\/07\/logo.png","contentUrl":"https:\/\/tandoorvietnam.com\/wp-content\/uploads\/2020\/07\/logo.png","width":133,"height":75,"caption":"Tandoor Vietnam"},"image":{"@id":"https:\/\/tandoorvietnam.com\/vi\/#\/schema\/logo\/image\/"},"sameAs":["https:\/\/www.facebook.com\/tandoor.hcmc\/"]}]}},"_links":{"self":[{"href":"https:\/\/tandoorvietnam.com\/vi\/wp-json\/wp\/v2\/product\/3413","targetHints":{"allow":["GET"]}}],"collection":[{"href":"https:\/\/tandoorvietnam.com\/vi\/wp-json\/wp\/v2\/product"}],"about":[{"href":"https:\/\/tandoorvietnam.com\/vi\/wp-json\/wp\/v2\/types\/product"}],"wp:featuredmedia":[{"embeddable":true,"href":"https:\/\/tandoorvietnam.com\/vi\/wp-json\/wp\/v2\/media\/3414"}],"wp:attachment":[{"href":"https:\/\/tandoorvietnam.com\/vi\/wp-json\/wp\/v2\/media?parent=3413"}],"wp:term":[{"taxonomy":"product_brand","embeddable":true,"href":"https:\/\/tandoorvietnam.com\/vi\/wp-json\/wp\/v2\/product_brand?post=3413"},{"taxonomy":"product_cat","embeddable":true,"href":"https:\/\/tandoorvietnam.com\/vi\/wp-json\/wp\/v2\/product_cat?post=3413"},{"taxonomy":"product_tag","embeddable":true,"href":"https:\/\/tandoorvietnam.com\/vi\/wp-json\/wp\/v2\/product_tag?post=3413"}],"curies":[{"name":"wp","href":"https:\/\/api.w.org\/{rel}","templated":true}]}}