{"id":3424,"date":"2020-06-23T12:18:22","date_gmt":"2021-04-19T09:29:18","guid":{"rendered":"http:\/\/tandoorvietnam.com\/product\/uncategorized\/tra-lipton-sua\/"},"modified":"2023-05-20T10:10:57","modified_gmt":"2023-05-20T10:10:57","slug":"tra-lipton-sua","status":"publish","type":"product","link":"https:\/\/tandoorvietnam.com\/vi\/sanpham\/cac-mon-nuoc\/tra-lipton-sua\/","title":{"rendered":"Milk Lipton Tea (TR\u00c0 LIPTON S\u1eeeA)"},"content":{"rendered":"<p>Tr\u00e0 Lipton S\u1eefa (Milk Lipton Tea) l\u00e0 m\u1ed9t s\u1ef1 k\u1ebft h\u1ee3p h\u00e0i h\u00f2a gi\u1eefa h\u01b0\u01a1ng v\u1ecb tr\u00e0 tinh t\u1ebf v\u00e0 s\u1ef1 m\u1ec1m m\u1ecbn c\u1ee7a s\u1eefa th\u01a1m ngon. T\u1ea1i Tandoor Vietnam, ch\u00fang t\u00f4i t\u1ea1o ra m\u1ed9t ly tr\u00e0 Lipton S\u1eefa \u0111\u1eb7c bi\u1ec7t, mang \u0111\u1ebfn tr\u1ea3i nghi\u1ec7m th\u01b0\u1edfng th\u1ee9c h\u1ea5p d\u1eabn v\u00e0 s\u1ea3ng kho\u00e1i cho kh\u00e1ch h\u00e0ng.<\/p>\n<p>Ch\u00fang t\u00f4i s\u1eed d\u1ee5ng tr\u00e0 Lipton ch\u1ea5t l\u01b0\u1ee3ng cao, \u0111\u01b0\u1ee3c ch\u1ecdn l\u1ecdc k\u1ef9 c\u00e0ng t\u1eeb nh\u1eefng l\u00e1 tr\u00e0 t\u01b0\u01a1i ngon. H\u01b0\u01a1ng th\u01a1m t\u1ef1 nhi\u00ean v\u00e0 v\u1ecb \u0111\u1eafng nh\u1eb9 c\u1ee7a tr\u00e0 k\u1ebft h\u1ee3p ho\u00e0n h\u1ea3o v\u1edbi s\u1eefa \u0111\u1ec3 t\u1ea1o ra m\u1ed9t ly tr\u00e0 th\u01a1m ngon, \u0111\u1eadm \u0111\u00e0 v\u00e0 \u0111\u1ea7y h\u1ea5p d\u1eabn.<\/p>\n<p>Tr\u00e0 Lipton S\u1eefa l\u00e0 m\u1ed9t m\u00f3n th\u1ee9c u\u1ed1ng ph\u1ed5 bi\u1ebfn, th\u00edch h\u1ee3p \u0111\u1ec3 th\u01b0\u1edfng th\u1ee9c trong nhi\u1ec1u d\u1ecbp kh\u00e1c nhau. B\u1ea1n c\u00f3 th\u1ec3 th\u01b0\u1edfng th\u1ee9c m\u1ed9t ly Milk Lipton Tea\u00a0n\u00f3ng v\u00e0o bu\u1ed5i s\u00e1ng \u0111\u1ec3 t\u1ea1o n\u0103ng l\u01b0\u1ee3ng cho ng\u00e0y m\u1edbi, ho\u1eb7c th\u01b0\u1edfng th\u1ee9c m\u1ed9t ly Milk Lipton Tea\u00a0\u0111\u00e1 trong nh\u1eefng ng\u00e0y n\u00f3ng h\u1ed5i \u0111\u1ec3 gi\u1ea3i kh\u00e1t v\u00e0 th\u01b0 gi\u00e3n.<\/p>\n<p>S\u1ef1 k\u1ebft h\u1ee3p \u0111\u1ed9c \u0111\u00e1o gi\u1eefa h\u01b0\u01a1ng v\u1ecb tr\u00e0 t\u01b0\u01a1i m\u00e1t v\u00e0 s\u1ef1 th\u01a1m ngon c\u1ee7a s\u1eefa t\u1ea1o n\u00ean m\u1ed9t tr\u1ea3i nghi\u1ec7m th\u01b0\u1edfng th\u1ee9c \u0111\u1eb7c bi\u1ec7t. Ly Milk Lipton Tea\u00a0t\u1ea1i Tandoor Vietnam kh\u00f4ng ch\u1ec9 l\u00e0 m\u1ed9t m\u00f3n th\u1ee9c u\u1ed1ng th\u00f4ng th\u01b0\u1eddng, m\u00e0 c\u00f2n l\u00e0 m\u1ed9t c\u00e1ch \u0111\u1ec3 kh\u00e1m ph\u00e1 v\u00e0 t\u1eadn h\u01b0\u1edfng h\u01b0\u01a1ng v\u1ecb tinh t\u1ebf v\u00e0 s\u1ef1 s\u1ea3ng kho\u00e1i.<\/p>\n<p>\u0110\u1ebfn Tandoor Vietnam v\u00e0 th\u01b0\u1edfng th\u1ee9c ly Milk Lipton Tea\u00a0th\u01a1m ngon, \u0111\u1eadm \u0111\u00e0 v\u00e0 h\u1ea5p d\u1eabn. Tr\u1ea3i nghi\u1ec7m h\u01b0\u01a1ng v\u1ecb \u0111\u1eb7c bi\u1ec7t v\u00e0 s\u1ef1 s\u1ea3ng kho\u00e1i c\u1ee7a m\u00f3n th\u1ee9c u\u1ed1ng c\u00f9ng \u1ea9m th\u1ef1c \u1ea4n \u0110\u1ed9 \u0111\u00e1ng nh\u1edb n\u00e0y s\u1ebd ch\u1eafc ch\u1eafn khi\u1ebfn b\u1ea1n quay tr\u1edf l\u1ea1i l\u1ea7n sau.<\/p>\n","protected":false},"excerpt":{"rendered":"<p>Tr\u00e0 Lipton S\u1eefa (Milk Lipton Tea) l\u00e0 m\u1ed9t s\u1ef1 k\u1ebft h\u1ee3p h\u00e0i h\u00f2a gi\u1eefa h\u01b0\u01a1ng v\u1ecb tr\u00e0 tinh t\u1ebf v\u00e0 s\u1ef1 m\u1ec1m m\u1ecbn c\u1ee7a s\u1eefa th\u01a1m ngon. T\u1ea1i Tandoor Vietnam, ch\u00fang t\u00f4i t\u1ea1o ra m\u1ed9t ly tr\u00e0 Lipton S\u1eefa \u0111\u1eb7c bi\u1ec7t, mang \u0111\u1ebfn tr\u1ea3i nghi\u1ec7m th\u01b0\u1edfng th\u1ee9c h\u1ea5p d\u1eabn v\u00e0 s\u1ea3ng kho\u00e1i cho kh\u00e1ch h\u00e0ng. [&hellip;]<\/p>\n","protected":false},"featured_media":3425,"template":"","meta":[],"product_brand":[],"product_cat":[231],"product_tag":[],"class_list":{"0":"post-3424","1":"product","2":"type-product","3":"status-publish","4":"has-post-thumbnail","6":"product_cat-cac-mon-nuoc","8":"first","9":"instock","10":"taxable","11":"shipping-taxable","12":"purchasable","13":"product-type-simple"},"yoast_head":"<!-- This site is optimized with the Yoast SEO Premium plugin v22.3 (Yoast SEO v27.6) - https:\/\/yoast.com\/product\/yoast-seo-premium-wordpress\/ -->\n<title>Milk Lipton Tea (TR\u00c0 LIPTON S\u1eeeA) - Tandoor Vi\u1ec7t Nam<\/title>\n<meta name=\"description\" content=\"Tr\u00e0 Lipton v\u1edbi h\u01b0\u01a1ng v\u1ecb tinh t\u1ebf, pha c\u00f9ng s\u1eefa th\u01a1m ngon t\u1ea1i Tandoor Vietnam. Th\u01b0\u1edfng th\u1ee9c ly tr\u00e0 Lipton S\u1eefa \u0111\u1ea7y h\u1ea5p d\u1eabn v\u00e0 s\u1ea3ng kho\u00e1i.\" \/>\n<meta name=\"robots\" content=\"index, follow, max-snippet:-1, max-image-preview:large, max-video-preview:-1\" \/>\n<link rel=\"canonical\" href=\"https:\/\/tandoorvietnam.com\/vi\/sanpham\/cac-mon-nuoc\/tra-lipton-sua\/\" \/>\n<meta property=\"og:locale\" content=\"vi_VN\" \/>\n<meta property=\"og:type\" content=\"article\" \/>\n<meta property=\"og:title\" content=\"Milk Lipton Tea (TR\u00c0 LIPTON S\u1eeeA)\" \/>\n<meta property=\"og:description\" content=\"Tr\u00e0 Lipton v\u1edbi h\u01b0\u01a1ng v\u1ecb tinh t\u1ebf, pha c\u00f9ng s\u1eefa th\u01a1m ngon t\u1ea1i Tandoor Vietnam. Th\u01b0\u1edfng th\u1ee9c ly tr\u00e0 Lipton S\u1eefa \u0111\u1ea7y h\u1ea5p d\u1eabn v\u00e0 s\u1ea3ng kho\u00e1i.\" \/>\n<meta property=\"og:url\" content=\"https:\/\/tandoorvietnam.com\/vi\/sanpham\/cac-mon-nuoc\/tra-lipton-sua\/\" \/>\n<meta property=\"og:site_name\" content=\"Tandoor Vi\u1ec7t Nam\" \/>\n<meta property=\"article:publisher\" content=\"https:\/\/www.facebook.com\/tandoor.hcmc\/\" \/>\n<meta property=\"article:modified_time\" content=\"2023-05-20T10:10:57+00:00\" \/>\n<meta property=\"og:image\" content=\"https:\/\/tandoorvietnam.com\/wp-content\/uploads\/2020\/06\/Milk-lipton-tea.jpg\" \/>\n\t<meta property=\"og:image:width\" content=\"800\" \/>\n\t<meta property=\"og:image:height\" content=\"800\" \/>\n\t<meta property=\"og:image:type\" content=\"image\/jpeg\" \/>\n<meta name=\"twitter:card\" content=\"summary_large_image\" \/>\n<meta name=\"twitter:label1\" content=\"Est. reading time\" \/>\n\t<meta name=\"twitter:data1\" content=\"2 minutes\" \/>\n<script type=\"application\/ld+json\" class=\"yoast-schema-graph\">{\"@context\":\"https:\\\/\\\/schema.org\",\"@graph\":[{\"@type\":\"WebPage\",\"@id\":\"https:\\\/\\\/tandoorvietnam.com\\\/vi\\\/sanpham\\\/cac-mon-nuoc\\\/tra-lipton-sua\\\/\",\"url\":\"https:\\\/\\\/tandoorvietnam.com\\\/vi\\\/sanpham\\\/cac-mon-nuoc\\\/tra-lipton-sua\\\/\",\"name\":\"Milk Lipton Tea (TR\u00c0 LIPTON S\u1eeeA) - Tandoor Vi\u1ec7t Nam\",\"isPartOf\":{\"@id\":\"https:\\\/\\\/tandoorvietnam.com\\\/vi\\\/#website\"},\"primaryImageOfPage\":{\"@id\":\"https:\\\/\\\/tandoorvietnam.com\\\/vi\\\/sanpham\\\/cac-mon-nuoc\\\/tra-lipton-sua\\\/#primaryimage\"},\"image\":{\"@id\":\"https:\\\/\\\/tandoorvietnam.com\\\/vi\\\/sanpham\\\/cac-mon-nuoc\\\/tra-lipton-sua\\\/#primaryimage\"},\"thumbnailUrl\":\"https:\\\/\\\/tandoorvietnam.com\\\/wp-content\\\/uploads\\\/2020\\\/06\\\/Milk-lipton-tea.jpg\",\"datePublished\":\"2021-04-19T09:29:18+00:00\",\"dateModified\":\"2023-05-20T10:10:57+00:00\",\"description\":\"Tr\u00e0 Lipton v\u1edbi h\u01b0\u01a1ng v\u1ecb tinh t\u1ebf, pha c\u00f9ng s\u1eefa th\u01a1m ngon t\u1ea1i Tandoor Vietnam. Th\u01b0\u1edfng th\u1ee9c ly tr\u00e0 Lipton S\u1eefa \u0111\u1ea7y h\u1ea5p d\u1eabn v\u00e0 s\u1ea3ng kho\u00e1i.\",\"breadcrumb\":{\"@id\":\"https:\\\/\\\/tandoorvietnam.com\\\/vi\\\/sanpham\\\/cac-mon-nuoc\\\/tra-lipton-sua\\\/#breadcrumb\"},\"inLanguage\":\"vi-VN\",\"potentialAction\":[{\"@type\":\"ReadAction\",\"target\":[\"https:\\\/\\\/tandoorvietnam.com\\\/vi\\\/sanpham\\\/cac-mon-nuoc\\\/tra-lipton-sua\\\/\"]}]},{\"@type\":\"ImageObject\",\"inLanguage\":\"vi-VN\",\"@id\":\"https:\\\/\\\/tandoorvietnam.com\\\/vi\\\/sanpham\\\/cac-mon-nuoc\\\/tra-lipton-sua\\\/#primaryimage\",\"url\":\"https:\\\/\\\/tandoorvietnam.com\\\/wp-content\\\/uploads\\\/2020\\\/06\\\/Milk-lipton-tea.jpg\",\"contentUrl\":\"https:\\\/\\\/tandoorvietnam.com\\\/wp-content\\\/uploads\\\/2020\\\/06\\\/Milk-lipton-tea.jpg\",\"width\":800,\"height\":800,\"caption\":\"TR\u00c0 LIPTON S\u1eeeA\"},{\"@type\":\"BreadcrumbList\",\"@id\":\"https:\\\/\\\/tandoorvietnam.com\\\/vi\\\/sanpham\\\/cac-mon-nuoc\\\/tra-lipton-sua\\\/#breadcrumb\",\"itemListElement\":[{\"@type\":\"ListItem\",\"position\":1,\"name\":\"Trang Ch\u1ee7\",\"item\":\"https:\\\/\\\/tandoorvietnam.com\\\/vi\\\/\"},{\"@type\":\"ListItem\",\"position\":2,\"name\":\"Shop\",\"item\":\"https:\\\/\\\/tandoorvietnam.com\\\/shop\\\/\"},{\"@type\":\"ListItem\",\"position\":3,\"name\":\"Milk Lipton Tea (TR\u00c0 LIPTON S\u1eeeA)\"}]},{\"@type\":\"WebSite\",\"@id\":\"https:\\\/\\\/tandoorvietnam.com\\\/vi\\\/#website\",\"url\":\"https:\\\/\\\/tandoorvietnam.com\\\/vi\\\/\",\"name\":\"Tandoor Vietnam\",\"description\":\"Nh\u00e0 h\u00e0ng ngon h\u1ed3 ch\u00ed minh\",\"publisher\":{\"@id\":\"https:\\\/\\\/tandoorvietnam.com\\\/vi\\\/#organization\"},\"potentialAction\":[{\"@type\":\"SearchAction\",\"target\":{\"@type\":\"EntryPoint\",\"urlTemplate\":\"https:\\\/\\\/tandoorvietnam.com\\\/vi\\\/?s={search_term_string}\"},\"query-input\":{\"@type\":\"PropertyValueSpecification\",\"valueRequired\":true,\"valueName\":\"search_term_string\"}}],\"inLanguage\":\"vi-VN\"},{\"@type\":\"Organization\",\"@id\":\"https:\\\/\\\/tandoorvietnam.com\\\/vi\\\/#organization\",\"name\":\"Tandoor Vietnam\",\"url\":\"https:\\\/\\\/tandoorvietnam.com\\\/vi\\\/\",\"logo\":{\"@type\":\"ImageObject\",\"inLanguage\":\"vi-VN\",\"@id\":\"https:\\\/\\\/tandoorvietnam.com\\\/vi\\\/#\\\/schema\\\/logo\\\/image\\\/\",\"url\":\"https:\\\/\\\/tandoorvietnam.com\\\/wp-content\\\/uploads\\\/2020\\\/07\\\/logo.png\",\"contentUrl\":\"https:\\\/\\\/tandoorvietnam.com\\\/wp-content\\\/uploads\\\/2020\\\/07\\\/logo.png\",\"width\":133,\"height\":75,\"caption\":\"Tandoor Vietnam\"},\"image\":{\"@id\":\"https:\\\/\\\/tandoorvietnam.com\\\/vi\\\/#\\\/schema\\\/logo\\\/image\\\/\"},\"sameAs\":[\"https:\\\/\\\/www.facebook.com\\\/tandoor.hcmc\\\/\"]}]}<\/script>\n<!-- \/ Yoast SEO Premium plugin. -->","yoast_head_json":{"title":"Milk Lipton Tea (TR\u00c0 LIPTON S\u1eeeA) - Tandoor Vi\u1ec7t Nam","description":"Tr\u00e0 Lipton v\u1edbi h\u01b0\u01a1ng v\u1ecb tinh t\u1ebf, pha c\u00f9ng s\u1eefa th\u01a1m ngon t\u1ea1i Tandoor Vietnam. Th\u01b0\u1edfng th\u1ee9c ly tr\u00e0 Lipton S\u1eefa \u0111\u1ea7y h\u1ea5p d\u1eabn v\u00e0 s\u1ea3ng kho\u00e1i.","robots":{"index":"index","follow":"follow","max-snippet":"max-snippet:-1","max-image-preview":"max-image-preview:large","max-video-preview":"max-video-preview:-1"},"canonical":"https:\/\/tandoorvietnam.com\/vi\/sanpham\/cac-mon-nuoc\/tra-lipton-sua\/","og_locale":"vi_VN","og_type":"article","og_title":"Milk Lipton Tea (TR\u00c0 LIPTON S\u1eeeA)","og_description":"Tr\u00e0 Lipton v\u1edbi h\u01b0\u01a1ng v\u1ecb tinh t\u1ebf, pha c\u00f9ng s\u1eefa th\u01a1m ngon t\u1ea1i Tandoor Vietnam. Th\u01b0\u1edfng th\u1ee9c ly tr\u00e0 Lipton S\u1eefa \u0111\u1ea7y h\u1ea5p d\u1eabn v\u00e0 s\u1ea3ng kho\u00e1i.","og_url":"https:\/\/tandoorvietnam.com\/vi\/sanpham\/cac-mon-nuoc\/tra-lipton-sua\/","og_site_name":"Tandoor Vi\u1ec7t Nam","article_publisher":"https:\/\/www.facebook.com\/tandoor.hcmc\/","article_modified_time":"2023-05-20T10:10:57+00:00","og_image":[{"width":800,"height":800,"url":"https:\/\/tandoorvietnam.com\/wp-content\/uploads\/2020\/06\/Milk-lipton-tea.jpg","type":"image\/jpeg"}],"twitter_card":"summary_large_image","twitter_misc":{"Est. reading time":"2 minutes"},"schema":{"@context":"https:\/\/schema.org","@graph":[{"@type":"WebPage","@id":"https:\/\/tandoorvietnam.com\/vi\/sanpham\/cac-mon-nuoc\/tra-lipton-sua\/","url":"https:\/\/tandoorvietnam.com\/vi\/sanpham\/cac-mon-nuoc\/tra-lipton-sua\/","name":"Milk Lipton Tea (TR\u00c0 LIPTON S\u1eeeA) - Tandoor Vi\u1ec7t Nam","isPartOf":{"@id":"https:\/\/tandoorvietnam.com\/vi\/#website"},"primaryImageOfPage":{"@id":"https:\/\/tandoorvietnam.com\/vi\/sanpham\/cac-mon-nuoc\/tra-lipton-sua\/#primaryimage"},"image":{"@id":"https:\/\/tandoorvietnam.com\/vi\/sanpham\/cac-mon-nuoc\/tra-lipton-sua\/#primaryimage"},"thumbnailUrl":"https:\/\/tandoorvietnam.com\/wp-content\/uploads\/2020\/06\/Milk-lipton-tea.jpg","datePublished":"2021-04-19T09:29:18+00:00","dateModified":"2023-05-20T10:10:57+00:00","description":"Tr\u00e0 Lipton v\u1edbi h\u01b0\u01a1ng v\u1ecb tinh t\u1ebf, pha c\u00f9ng s\u1eefa th\u01a1m ngon t\u1ea1i Tandoor Vietnam. Th\u01b0\u1edfng th\u1ee9c ly tr\u00e0 Lipton S\u1eefa \u0111\u1ea7y h\u1ea5p d\u1eabn v\u00e0 s\u1ea3ng kho\u00e1i.","breadcrumb":{"@id":"https:\/\/tandoorvietnam.com\/vi\/sanpham\/cac-mon-nuoc\/tra-lipton-sua\/#breadcrumb"},"inLanguage":"vi-VN","potentialAction":[{"@type":"ReadAction","target":["https:\/\/tandoorvietnam.com\/vi\/sanpham\/cac-mon-nuoc\/tra-lipton-sua\/"]}]},{"@type":"ImageObject","inLanguage":"vi-VN","@id":"https:\/\/tandoorvietnam.com\/vi\/sanpham\/cac-mon-nuoc\/tra-lipton-sua\/#primaryimage","url":"https:\/\/tandoorvietnam.com\/wp-content\/uploads\/2020\/06\/Milk-lipton-tea.jpg","contentUrl":"https:\/\/tandoorvietnam.com\/wp-content\/uploads\/2020\/06\/Milk-lipton-tea.jpg","width":800,"height":800,"caption":"TR\u00c0 LIPTON S\u1eeeA"},{"@type":"BreadcrumbList","@id":"https:\/\/tandoorvietnam.com\/vi\/sanpham\/cac-mon-nuoc\/tra-lipton-sua\/#breadcrumb","itemListElement":[{"@type":"ListItem","position":1,"name":"Trang Ch\u1ee7","item":"https:\/\/tandoorvietnam.com\/vi\/"},{"@type":"ListItem","position":2,"name":"Shop","item":"https:\/\/tandoorvietnam.com\/shop\/"},{"@type":"ListItem","position":3,"name":"Milk Lipton Tea (TR\u00c0 LIPTON S\u1eeeA)"}]},{"@type":"WebSite","@id":"https:\/\/tandoorvietnam.com\/vi\/#website","url":"https:\/\/tandoorvietnam.com\/vi\/","name":"Tandoor Vietnam","description":"Nh\u00e0 h\u00e0ng ngon h\u1ed3 ch\u00ed minh","publisher":{"@id":"https:\/\/tandoorvietnam.com\/vi\/#organization"},"potentialAction":[{"@type":"SearchAction","target":{"@type":"EntryPoint","urlTemplate":"https:\/\/tandoorvietnam.com\/vi\/?s={search_term_string}"},"query-input":{"@type":"PropertyValueSpecification","valueRequired":true,"valueName":"search_term_string"}}],"inLanguage":"vi-VN"},{"@type":"Organization","@id":"https:\/\/tandoorvietnam.com\/vi\/#organization","name":"Tandoor Vietnam","url":"https:\/\/tandoorvietnam.com\/vi\/","logo":{"@type":"ImageObject","inLanguage":"vi-VN","@id":"https:\/\/tandoorvietnam.com\/vi\/#\/schema\/logo\/image\/","url":"https:\/\/tandoorvietnam.com\/wp-content\/uploads\/2020\/07\/logo.png","contentUrl":"https:\/\/tandoorvietnam.com\/wp-content\/uploads\/2020\/07\/logo.png","width":133,"height":75,"caption":"Tandoor Vietnam"},"image":{"@id":"https:\/\/tandoorvietnam.com\/vi\/#\/schema\/logo\/image\/"},"sameAs":["https:\/\/www.facebook.com\/tandoor.hcmc\/"]}]}},"_links":{"self":[{"href":"https:\/\/tandoorvietnam.com\/vi\/wp-json\/wp\/v2\/product\/3424","targetHints":{"allow":["GET"]}}],"collection":[{"href":"https:\/\/tandoorvietnam.com\/vi\/wp-json\/wp\/v2\/product"}],"about":[{"href":"https:\/\/tandoorvietnam.com\/vi\/wp-json\/wp\/v2\/types\/product"}],"wp:featuredmedia":[{"embeddable":true,"href":"https:\/\/tandoorvietnam.com\/vi\/wp-json\/wp\/v2\/media\/3425"}],"wp:attachment":[{"href":"https:\/\/tandoorvietnam.com\/vi\/wp-json\/wp\/v2\/media?parent=3424"}],"wp:term":[{"taxonomy":"product_brand","embeddable":true,"href":"https:\/\/tandoorvietnam.com\/vi\/wp-json\/wp\/v2\/product_brand?post=3424"},{"taxonomy":"product_cat","embeddable":true,"href":"https:\/\/tandoorvietnam.com\/vi\/wp-json\/wp\/v2\/product_cat?post=3424"},{"taxonomy":"product_tag","embeddable":true,"href":"https:\/\/tandoorvietnam.com\/vi\/wp-json\/wp\/v2\/product_tag?post=3424"}],"curies":[{"name":"wp","href":"https:\/\/api.w.org\/{rel}","templated":true}]}}