{"id":3426,"date":"2020-06-23T12:00:26","date_gmt":"2020-06-23T12:00:26","guid":{"rendered":"http:\/\/tandoorvietnam.com\/product\/uncategorized\/nuoc-ep-trai-cay-tong-hop-3-loai\/"},"modified":"2025-10-16T17:21:52","modified_gmt":"2025-10-16T10:21:52","slug":"nuoc-ep-trai-cay-tong-hop-3-loai","status":"publish","type":"product","link":"https:\/\/tandoorvietnam.com\/vi\/sanpham\/cac-mon-nuoc\/nuoc-ep-trai-cay-tong-hop-3-loai\/","title":{"rendered":"N\u01af\u1edaC \u00c9P TR\u00c1I C\u00c2Y T\u1ed4NG H\u1ee2P 3 LO\u1ea0I"},"content":{"rendered":"<p>N\u01b0\u1edbc \u00e9p tr\u00e1i c\u00e2y t\u1ed5ng h\u1ee3p g\u1ed3m 3 lo\u1ea1i l\u00e0 m\u1ed9t l\u1ef1a ch\u1ecdn tuy\u1ec7t v\u1eddi \u0111\u1ec3 th\u01b0\u1edfng th\u1ee9c h\u01b0\u01a1ng v\u1ecb t\u01b0\u01a1i m\u00e1t v\u00e0 b\u1ed5 d\u01b0\u1ee1ng c\u1ee7a tr\u00e1i c\u00e2y t\u1ea1i Tandoor Vietnam. Ch\u00fang t\u00f4i s\u1eed d\u1ee5ng m\u1ed9t s\u1ef1 k\u1ebft h\u1ee3p \u0111\u1eb7c bi\u1ec7t c\u1ee7a ba lo\u1ea1i tr\u00e1i c\u00e2y t\u01b0\u01a1i ngon, bao g\u1ed3m cam, d\u1ee9a v\u00e0 d\u01b0a h\u1ea5u, \u0111\u1ec3 t\u1ea1o ra m\u1ed9t ly n\u01b0\u1edbc \u00e9p th\u01a1m ngon v\u00e0 b\u1ed5 d\u01b0\u1ee1ng.<\/p>\n<p>N\u01b0\u1edbc \u00e9p tr\u00e1i c\u00e2y kh\u00f4ng ch\u1ec9 mang \u0111\u1ebfn h\u01b0\u01a1ng v\u1ecb tuy\u1ec7t v\u1eddi, m\u00e0 c\u00f2n cung c\u1ea5p cho b\u1ea1n l\u01b0\u1ee3ng dinh d\u01b0\u1ee1ng quan tr\u1ecdng t\u1eeb c\u00e1c lo\u1ea1i tr\u00e1i c\u00e2y. Cam ch\u1ee9a nhi\u1ec1u vitamin C v\u00e0 ch\u1ea5t ch\u1ed1ng oxy h\u00f3a, d\u1ee9a gi\u00e0u ch\u1ea5t x\u01a1 v\u00e0 enzyme ti\u00eau h\u00f3a, c\u00f2n d\u01b0a h\u1ea5u c\u00f3 kh\u1ea3 n\u0103ng gi\u1ea3i \u0111\u1ed9c v\u00e0 t\u1ed1t cho h\u1ec7 ti\u00eau h\u00f3a. K\u1ebft h\u1ee3p c\u00f9ng nhau, ba lo\u1ea1i tr\u00e1i c\u00e2y n\u00e0y t\u1ea1o n\u00ean m\u1ed9t ly n\u01b0\u1edbc \u00e9p h\u1ea5p d\u1eabn v\u00e0 b\u1ed5 d\u01b0\u1ee1ng.<\/p>\n<p>T\u1ea1i Tandoor Vietnam, ch\u00fang t\u00f4i cam k\u1ebft s\u1eed d\u1ee5ng nh\u1eefng tr\u00e1i c\u00e2y t\u01b0\u01a1i ngon v\u00e0 ch\u1ea5t l\u01b0\u1ee3ng cao \u0111\u1ec3 \u0111\u1ea3m b\u1ea3o h\u01b0\u01a1ng v\u1ecb v\u00e0 gi\u00e1 tr\u1ecb dinh d\u01b0\u1ee1ng c\u1ee7a n\u01b0\u1edbc \u00e9p. Qua quy tr\u00ecnh ch\u1ebf bi\u1ebfn tinh t\u1ebf, ch\u00fang t\u00f4i gi\u1eef \u0111\u01b0\u1ee3c h\u01b0\u01a1ng v\u1ecb t\u1ef1 nhi\u00ean v\u00e0 \u0111\u1ed9 t\u01b0\u01a1i m\u00e1t c\u1ee7a tr\u00e1i c\u00e2y.<\/p>\n<p>N\u01b0\u1edbc \u00e9p tr\u00e1i c\u00e2y t\u1ed5ng h\u1ee3p l\u00e0 l\u1ef1a ch\u1ecdn tuy\u1ec7t v\u1eddi cho nh\u1eefng ai mu\u1ed1n th\u01b0\u1edfng th\u1ee9c m\u1ed9t lo\u1ea1i \u0111\u1ed3 u\u1ed1ng m\u00e1t l\u1ea1nh, gi\u00e0u vitamin v\u00e0 t\u1ed1t cho s\u1ee9c kh\u1ecfe. B\u1ea1n c\u00f3 th\u1ec3 th\u01b0\u1edfng th\u1ee9c n\u01b0\u1edbc \u00e9p n\u00e0y v\u00e0o b\u1ea5t k\u1ef3 th\u1eddi \u0111i\u1ec3m n\u00e0o trong ng\u00e0y, \u0111\u1eb7c bi\u1ec7t l\u00e0 v\u00e0o m\u00f9a h\u00e8 n\u00f3ng b\u1ee9c. H\u00e3y gh\u00e9 th\u0103m <a href=\"https:\/\/tandoorvietnam.com\/vi\/\">Tandoor Vietnam<\/a> v\u00e0 kh\u00e1m ph\u00e1 h\u01b0\u01a1ng v\u1ecb tuy\u1ec7t v\u1eddi c\u1ee7a n\u01b0\u1edbc \u00e9p tr\u00e1i c\u00e2y t\u1ed5ng h\u1ee3p n\u00e0y.<\/p>\n","protected":false},"excerpt":{"rendered":"<p>N\u01b0\u1edbc \u00e9p tr\u00e1i c\u00e2y t\u1ed5ng h\u1ee3p g\u1ed3m 3 lo\u1ea1i l\u00e0 m\u1ed9t l\u1ef1a ch\u1ecdn tuy\u1ec7t v\u1eddi \u0111\u1ec3 th\u01b0\u1edfng th\u1ee9c h\u01b0\u01a1ng v\u1ecb t\u01b0\u01a1i m\u00e1t v\u00e0 b\u1ed5 d\u01b0\u1ee1ng c\u1ee7a tr\u00e1i c\u00e2y t\u1ea1i Tandoor Vietnam. Ch\u00fang t\u00f4i s\u1eed d\u1ee5ng m\u1ed9t s\u1ef1 k\u1ebft h\u1ee3p \u0111\u1eb7c bi\u1ec7t c\u1ee7a ba lo\u1ea1i tr\u00e1i c\u00e2y t\u01b0\u01a1i ngon, bao g\u1ed3m cam, d\u1ee9a v\u00e0 d\u01b0a h\u1ea5u, [&hellip;]<\/p>\n","protected":false},"featured_media":3427,"template":"","meta":[],"product_brand":[],"product_cat":[231],"product_tag":[],"class_list":{"0":"post-3426","1":"product","2":"type-product","3":"status-publish","4":"has-post-thumbnail","6":"product_cat-cac-mon-nuoc","8":"first","9":"instock","10":"taxable","11":"shipping-taxable","12":"purchasable","13":"product-type-simple"},"yoast_head":"<!-- This site is optimized with the Yoast SEO Premium plugin v22.3 (Yoast SEO v27.6) - https:\/\/yoast.com\/product\/yoast-seo-premium-wordpress\/ -->\n<title>N\u01af\u1edaC \u00c9P TR\u00c1I C\u00c2Y T\u1ed4NG H\u1ee2P 3 LO\u1ea0I - Tandoor Vi\u1ec7t Nam<\/title>\n<meta name=\"description\" content=\"M\u1ed9t ly n\u01b0\u1edbc \u00e9p tr\u00e1i c\u00e2y t\u1ed5ng h\u1ee3p g\u1ed3m 3 lo\u1ea1i, t\u01b0\u01a1i ngon v\u00e0 b\u1ed5 d\u01b0\u1ee1ng, mang \u0111\u1ebfn s\u1ef1 t\u01b0\u01a1i m\u00e1t v\u00e0 h\u01b0\u01a1ng v\u1ecb tuy\u1ec7t v\u1eddi. Kh\u00e1m ph\u00e1 ngay t\u1ea1i Tandoor Vietnam.\" \/>\n<meta name=\"robots\" content=\"index, follow, max-snippet:-1, max-image-preview:large, max-video-preview:-1\" \/>\n<link rel=\"canonical\" href=\"https:\/\/tandoorvietnam.com\/vi\/sanpham\/cac-mon-nuoc\/nuoc-ep-trai-cay-tong-hop-3-loai\/\" \/>\n<meta property=\"og:locale\" content=\"vi_VN\" \/>\n<meta property=\"og:type\" content=\"article\" \/>\n<meta property=\"og:title\" content=\"N\u01af\u1edaC \u00c9P TR\u00c1I C\u00c2Y T\u1ed4NG H\u1ee2P 3 LO\u1ea0I\" \/>\n<meta property=\"og:description\" content=\"M\u1ed9t ly n\u01b0\u1edbc \u00e9p tr\u00e1i c\u00e2y t\u1ed5ng h\u1ee3p g\u1ed3m 3 lo\u1ea1i, t\u01b0\u01a1i ngon v\u00e0 b\u1ed5 d\u01b0\u1ee1ng, mang \u0111\u1ebfn s\u1ef1 t\u01b0\u01a1i m\u00e1t v\u00e0 h\u01b0\u01a1ng v\u1ecb tuy\u1ec7t v\u1eddi. Kh\u00e1m ph\u00e1 ngay t\u1ea1i Tandoor Vietnam.\" \/>\n<meta property=\"og:url\" content=\"https:\/\/tandoorvietnam.com\/vi\/sanpham\/cac-mon-nuoc\/nuoc-ep-trai-cay-tong-hop-3-loai\/\" \/>\n<meta property=\"og:site_name\" content=\"Tandoor Vi\u1ec7t Nam\" \/>\n<meta property=\"article:publisher\" content=\"https:\/\/www.facebook.com\/tandoor.hcmc\/\" \/>\n<meta property=\"article:modified_time\" content=\"2025-10-16T10:21:52+00:00\" \/>\n<meta property=\"og:image\" content=\"https:\/\/tandoorvietnam.com\/wp-content\/uploads\/2020\/06\/Mix-fruits-juice-1-scaled.jpg\" \/>\n\t<meta property=\"og:image:width\" content=\"2048\" \/>\n\t<meta property=\"og:image:height\" content=\"2048\" \/>\n\t<meta property=\"og:image:type\" content=\"image\/jpeg\" \/>\n<meta name=\"twitter:card\" content=\"summary_large_image\" \/>\n<meta name=\"twitter:label1\" content=\"Est. reading time\" \/>\n\t<meta name=\"twitter:data1\" content=\"2 minutes\" \/>\n<script type=\"application\/ld+json\" class=\"yoast-schema-graph\">{\"@context\":\"https:\\\/\\\/schema.org\",\"@graph\":[{\"@type\":\"WebPage\",\"@id\":\"https:\\\/\\\/tandoorvietnam.com\\\/vi\\\/sanpham\\\/cac-mon-nuoc\\\/nuoc-ep-trai-cay-tong-hop-3-loai\\\/\",\"url\":\"https:\\\/\\\/tandoorvietnam.com\\\/vi\\\/sanpham\\\/cac-mon-nuoc\\\/nuoc-ep-trai-cay-tong-hop-3-loai\\\/\",\"name\":\"N\u01af\u1edaC \u00c9P TR\u00c1I C\u00c2Y T\u1ed4NG H\u1ee2P 3 LO\u1ea0I - Tandoor Vi\u1ec7t Nam\",\"isPartOf\":{\"@id\":\"https:\\\/\\\/tandoorvietnam.com\\\/vi\\\/#website\"},\"primaryImageOfPage\":{\"@id\":\"https:\\\/\\\/tandoorvietnam.com\\\/vi\\\/sanpham\\\/cac-mon-nuoc\\\/nuoc-ep-trai-cay-tong-hop-3-loai\\\/#primaryimage\"},\"image\":{\"@id\":\"https:\\\/\\\/tandoorvietnam.com\\\/vi\\\/sanpham\\\/cac-mon-nuoc\\\/nuoc-ep-trai-cay-tong-hop-3-loai\\\/#primaryimage\"},\"thumbnailUrl\":\"https:\\\/\\\/tandoorvietnam.com\\\/wp-content\\\/uploads\\\/2020\\\/06\\\/Mix-fruits-juice-1-scaled.jpg\",\"datePublished\":\"2020-06-23T12:00:26+00:00\",\"dateModified\":\"2025-10-16T10:21:52+00:00\",\"description\":\"M\u1ed9t ly n\u01b0\u1edbc \u00e9p tr\u00e1i c\u00e2y t\u1ed5ng h\u1ee3p g\u1ed3m 3 lo\u1ea1i, t\u01b0\u01a1i ngon v\u00e0 b\u1ed5 d\u01b0\u1ee1ng, mang \u0111\u1ebfn s\u1ef1 t\u01b0\u01a1i m\u00e1t v\u00e0 h\u01b0\u01a1ng v\u1ecb tuy\u1ec7t v\u1eddi. Kh\u00e1m ph\u00e1 ngay t\u1ea1i Tandoor Vietnam.\",\"breadcrumb\":{\"@id\":\"https:\\\/\\\/tandoorvietnam.com\\\/vi\\\/sanpham\\\/cac-mon-nuoc\\\/nuoc-ep-trai-cay-tong-hop-3-loai\\\/#breadcrumb\"},\"inLanguage\":\"vi-VN\",\"potentialAction\":[{\"@type\":\"ReadAction\",\"target\":[\"https:\\\/\\\/tandoorvietnam.com\\\/vi\\\/sanpham\\\/cac-mon-nuoc\\\/nuoc-ep-trai-cay-tong-hop-3-loai\\\/\"]}]},{\"@type\":\"ImageObject\",\"inLanguage\":\"vi-VN\",\"@id\":\"https:\\\/\\\/tandoorvietnam.com\\\/vi\\\/sanpham\\\/cac-mon-nuoc\\\/nuoc-ep-trai-cay-tong-hop-3-loai\\\/#primaryimage\",\"url\":\"https:\\\/\\\/tandoorvietnam.com\\\/wp-content\\\/uploads\\\/2020\\\/06\\\/Mix-fruits-juice-1-scaled.jpg\",\"contentUrl\":\"https:\\\/\\\/tandoorvietnam.com\\\/wp-content\\\/uploads\\\/2020\\\/06\\\/Mix-fruits-juice-1-scaled.jpg\",\"width\":2048,\"height\":2048,\"caption\":\"N\u01af\u1edaC \u00c9P TR\u00c1I C\u00c2Y T\u1ed4NG H\u1ee2P 3 LO\u1ea0I\"},{\"@type\":\"BreadcrumbList\",\"@id\":\"https:\\\/\\\/tandoorvietnam.com\\\/vi\\\/sanpham\\\/cac-mon-nuoc\\\/nuoc-ep-trai-cay-tong-hop-3-loai\\\/#breadcrumb\",\"itemListElement\":[{\"@type\":\"ListItem\",\"position\":1,\"name\":\"Trang Ch\u1ee7\",\"item\":\"https:\\\/\\\/tandoorvietnam.com\\\/vi\\\/\"},{\"@type\":\"ListItem\",\"position\":2,\"name\":\"Shop\",\"item\":\"https:\\\/\\\/tandoorvietnam.com\\\/shop\\\/\"},{\"@type\":\"ListItem\",\"position\":3,\"name\":\"N\u01af\u1edaC \u00c9P TR\u00c1I C\u00c2Y T\u1ed4NG H\u1ee2P 3 LO\u1ea0I\"}]},{\"@type\":\"WebSite\",\"@id\":\"https:\\\/\\\/tandoorvietnam.com\\\/vi\\\/#website\",\"url\":\"https:\\\/\\\/tandoorvietnam.com\\\/vi\\\/\",\"name\":\"Tandoor Vietnam\",\"description\":\"Nh\u00e0 h\u00e0ng ngon h\u1ed3 ch\u00ed minh\",\"publisher\":{\"@id\":\"https:\\\/\\\/tandoorvietnam.com\\\/vi\\\/#organization\"},\"potentialAction\":[{\"@type\":\"SearchAction\",\"target\":{\"@type\":\"EntryPoint\",\"urlTemplate\":\"https:\\\/\\\/tandoorvietnam.com\\\/vi\\\/?s={search_term_string}\"},\"query-input\":{\"@type\":\"PropertyValueSpecification\",\"valueRequired\":true,\"valueName\":\"search_term_string\"}}],\"inLanguage\":\"vi-VN\"},{\"@type\":\"Organization\",\"@id\":\"https:\\\/\\\/tandoorvietnam.com\\\/vi\\\/#organization\",\"name\":\"Tandoor Vietnam\",\"url\":\"https:\\\/\\\/tandoorvietnam.com\\\/vi\\\/\",\"logo\":{\"@type\":\"ImageObject\",\"inLanguage\":\"vi-VN\",\"@id\":\"https:\\\/\\\/tandoorvietnam.com\\\/vi\\\/#\\\/schema\\\/logo\\\/image\\\/\",\"url\":\"https:\\\/\\\/tandoorvietnam.com\\\/wp-content\\\/uploads\\\/2020\\\/07\\\/logo.png\",\"contentUrl\":\"https:\\\/\\\/tandoorvietnam.com\\\/wp-content\\\/uploads\\\/2020\\\/07\\\/logo.png\",\"width\":133,\"height\":75,\"caption\":\"Tandoor Vietnam\"},\"image\":{\"@id\":\"https:\\\/\\\/tandoorvietnam.com\\\/vi\\\/#\\\/schema\\\/logo\\\/image\\\/\"},\"sameAs\":[\"https:\\\/\\\/www.facebook.com\\\/tandoor.hcmc\\\/\"]}]}<\/script>\n<!-- \/ Yoast SEO Premium plugin. -->","yoast_head_json":{"title":"N\u01af\u1edaC \u00c9P TR\u00c1I C\u00c2Y T\u1ed4NG H\u1ee2P 3 LO\u1ea0I - Tandoor Vi\u1ec7t Nam","description":"M\u1ed9t ly n\u01b0\u1edbc \u00e9p tr\u00e1i c\u00e2y t\u1ed5ng h\u1ee3p g\u1ed3m 3 lo\u1ea1i, t\u01b0\u01a1i ngon v\u00e0 b\u1ed5 d\u01b0\u1ee1ng, mang \u0111\u1ebfn s\u1ef1 t\u01b0\u01a1i m\u00e1t v\u00e0 h\u01b0\u01a1ng v\u1ecb tuy\u1ec7t v\u1eddi. Kh\u00e1m ph\u00e1 ngay t\u1ea1i Tandoor Vietnam.","robots":{"index":"index","follow":"follow","max-snippet":"max-snippet:-1","max-image-preview":"max-image-preview:large","max-video-preview":"max-video-preview:-1"},"canonical":"https:\/\/tandoorvietnam.com\/vi\/sanpham\/cac-mon-nuoc\/nuoc-ep-trai-cay-tong-hop-3-loai\/","og_locale":"vi_VN","og_type":"article","og_title":"N\u01af\u1edaC \u00c9P TR\u00c1I C\u00c2Y T\u1ed4NG H\u1ee2P 3 LO\u1ea0I","og_description":"M\u1ed9t ly n\u01b0\u1edbc \u00e9p tr\u00e1i c\u00e2y t\u1ed5ng h\u1ee3p g\u1ed3m 3 lo\u1ea1i, t\u01b0\u01a1i ngon v\u00e0 b\u1ed5 d\u01b0\u1ee1ng, mang \u0111\u1ebfn s\u1ef1 t\u01b0\u01a1i m\u00e1t v\u00e0 h\u01b0\u01a1ng v\u1ecb tuy\u1ec7t v\u1eddi. Kh\u00e1m ph\u00e1 ngay t\u1ea1i Tandoor Vietnam.","og_url":"https:\/\/tandoorvietnam.com\/vi\/sanpham\/cac-mon-nuoc\/nuoc-ep-trai-cay-tong-hop-3-loai\/","og_site_name":"Tandoor Vi\u1ec7t Nam","article_publisher":"https:\/\/www.facebook.com\/tandoor.hcmc\/","article_modified_time":"2025-10-16T10:21:52+00:00","og_image":[{"width":2048,"height":2048,"url":"https:\/\/tandoorvietnam.com\/wp-content\/uploads\/2020\/06\/Mix-fruits-juice-1-scaled.jpg","type":"image\/jpeg"}],"twitter_card":"summary_large_image","twitter_misc":{"Est. reading time":"2 minutes"},"schema":{"@context":"https:\/\/schema.org","@graph":[{"@type":"WebPage","@id":"https:\/\/tandoorvietnam.com\/vi\/sanpham\/cac-mon-nuoc\/nuoc-ep-trai-cay-tong-hop-3-loai\/","url":"https:\/\/tandoorvietnam.com\/vi\/sanpham\/cac-mon-nuoc\/nuoc-ep-trai-cay-tong-hop-3-loai\/","name":"N\u01af\u1edaC \u00c9P TR\u00c1I C\u00c2Y T\u1ed4NG H\u1ee2P 3 LO\u1ea0I - Tandoor Vi\u1ec7t Nam","isPartOf":{"@id":"https:\/\/tandoorvietnam.com\/vi\/#website"},"primaryImageOfPage":{"@id":"https:\/\/tandoorvietnam.com\/vi\/sanpham\/cac-mon-nuoc\/nuoc-ep-trai-cay-tong-hop-3-loai\/#primaryimage"},"image":{"@id":"https:\/\/tandoorvietnam.com\/vi\/sanpham\/cac-mon-nuoc\/nuoc-ep-trai-cay-tong-hop-3-loai\/#primaryimage"},"thumbnailUrl":"https:\/\/tandoorvietnam.com\/wp-content\/uploads\/2020\/06\/Mix-fruits-juice-1-scaled.jpg","datePublished":"2020-06-23T12:00:26+00:00","dateModified":"2025-10-16T10:21:52+00:00","description":"M\u1ed9t ly n\u01b0\u1edbc \u00e9p tr\u00e1i c\u00e2y t\u1ed5ng h\u1ee3p g\u1ed3m 3 lo\u1ea1i, t\u01b0\u01a1i ngon v\u00e0 b\u1ed5 d\u01b0\u1ee1ng, mang \u0111\u1ebfn s\u1ef1 t\u01b0\u01a1i m\u00e1t v\u00e0 h\u01b0\u01a1ng v\u1ecb tuy\u1ec7t v\u1eddi. Kh\u00e1m ph\u00e1 ngay t\u1ea1i Tandoor Vietnam.","breadcrumb":{"@id":"https:\/\/tandoorvietnam.com\/vi\/sanpham\/cac-mon-nuoc\/nuoc-ep-trai-cay-tong-hop-3-loai\/#breadcrumb"},"inLanguage":"vi-VN","potentialAction":[{"@type":"ReadAction","target":["https:\/\/tandoorvietnam.com\/vi\/sanpham\/cac-mon-nuoc\/nuoc-ep-trai-cay-tong-hop-3-loai\/"]}]},{"@type":"ImageObject","inLanguage":"vi-VN","@id":"https:\/\/tandoorvietnam.com\/vi\/sanpham\/cac-mon-nuoc\/nuoc-ep-trai-cay-tong-hop-3-loai\/#primaryimage","url":"https:\/\/tandoorvietnam.com\/wp-content\/uploads\/2020\/06\/Mix-fruits-juice-1-scaled.jpg","contentUrl":"https:\/\/tandoorvietnam.com\/wp-content\/uploads\/2020\/06\/Mix-fruits-juice-1-scaled.jpg","width":2048,"height":2048,"caption":"N\u01af\u1edaC \u00c9P TR\u00c1I C\u00c2Y T\u1ed4NG H\u1ee2P 3 LO\u1ea0I"},{"@type":"BreadcrumbList","@id":"https:\/\/tandoorvietnam.com\/vi\/sanpham\/cac-mon-nuoc\/nuoc-ep-trai-cay-tong-hop-3-loai\/#breadcrumb","itemListElement":[{"@type":"ListItem","position":1,"name":"Trang Ch\u1ee7","item":"https:\/\/tandoorvietnam.com\/vi\/"},{"@type":"ListItem","position":2,"name":"Shop","item":"https:\/\/tandoorvietnam.com\/shop\/"},{"@type":"ListItem","position":3,"name":"N\u01af\u1edaC \u00c9P TR\u00c1I C\u00c2Y T\u1ed4NG H\u1ee2P 3 LO\u1ea0I"}]},{"@type":"WebSite","@id":"https:\/\/tandoorvietnam.com\/vi\/#website","url":"https:\/\/tandoorvietnam.com\/vi\/","name":"Tandoor Vietnam","description":"Nh\u00e0 h\u00e0ng ngon h\u1ed3 ch\u00ed minh","publisher":{"@id":"https:\/\/tandoorvietnam.com\/vi\/#organization"},"potentialAction":[{"@type":"SearchAction","target":{"@type":"EntryPoint","urlTemplate":"https:\/\/tandoorvietnam.com\/vi\/?s={search_term_string}"},"query-input":{"@type":"PropertyValueSpecification","valueRequired":true,"valueName":"search_term_string"}}],"inLanguage":"vi-VN"},{"@type":"Organization","@id":"https:\/\/tandoorvietnam.com\/vi\/#organization","name":"Tandoor Vietnam","url":"https:\/\/tandoorvietnam.com\/vi\/","logo":{"@type":"ImageObject","inLanguage":"vi-VN","@id":"https:\/\/tandoorvietnam.com\/vi\/#\/schema\/logo\/image\/","url":"https:\/\/tandoorvietnam.com\/wp-content\/uploads\/2020\/07\/logo.png","contentUrl":"https:\/\/tandoorvietnam.com\/wp-content\/uploads\/2020\/07\/logo.png","width":133,"height":75,"caption":"Tandoor Vietnam"},"image":{"@id":"https:\/\/tandoorvietnam.com\/vi\/#\/schema\/logo\/image\/"},"sameAs":["https:\/\/www.facebook.com\/tandoor.hcmc\/"]}]}},"_links":{"self":[{"href":"https:\/\/tandoorvietnam.com\/vi\/wp-json\/wp\/v2\/product\/3426","targetHints":{"allow":["GET"]}}],"collection":[{"href":"https:\/\/tandoorvietnam.com\/vi\/wp-json\/wp\/v2\/product"}],"about":[{"href":"https:\/\/tandoorvietnam.com\/vi\/wp-json\/wp\/v2\/types\/product"}],"wp:featuredmedia":[{"embeddable":true,"href":"https:\/\/tandoorvietnam.com\/vi\/wp-json\/wp\/v2\/media\/3427"}],"wp:attachment":[{"href":"https:\/\/tandoorvietnam.com\/vi\/wp-json\/wp\/v2\/media?parent=3426"}],"wp:term":[{"taxonomy":"product_brand","embeddable":true,"href":"https:\/\/tandoorvietnam.com\/vi\/wp-json\/wp\/v2\/product_brand?post=3426"},{"taxonomy":"product_cat","embeddable":true,"href":"https:\/\/tandoorvietnam.com\/vi\/wp-json\/wp\/v2\/product_cat?post=3426"},{"taxonomy":"product_tag","embeddable":true,"href":"https:\/\/tandoorvietnam.com\/vi\/wp-json\/wp\/v2\/product_tag?post=3426"}],"curies":[{"name":"wp","href":"https:\/\/api.w.org\/{rel}","templated":true}]}}