{"id":3432,"date":"2020-06-20T16:18:02","date_gmt":"2021-04-19T09:34:27","guid":{"rendered":"http:\/\/tandoorvietnam.com\/product\/uncategorized\/nuoc-ep-le\/"},"modified":"2023-05-20T16:30:31","modified_gmt":"2023-05-20T16:30:31","slug":"nuoc-ep-le","status":"publish","type":"product","link":"https:\/\/tandoorvietnam.com\/vi\/sanpham\/cac-mon-nuoc\/nuoc-ep-le\/","title":{"rendered":"Pear (N\u01af\u1edaC \u00c9P L\u00ca)"},"content":{"rendered":"<p>N\u01b0\u1edbc \u00e9p l\u00ea (Pear juice) l\u00e0 m\u1ed9t trong nh\u1eefng m\u00f3n n\u01b0\u1edbc \u00e9p t\u01b0\u01a1i ngon v\u00e0 ph\u1ed5 bi\u1ebfn trong th\u1ef1c \u0111\u01a1n c\u1ee7a Tandoor Vietnam. Ch\u00fang t\u00f4i ch\u1ecdn l\u1ef1a nh\u1eefng qu\u1ea3 l\u00ea t\u01b0\u01a1i ngon v\u00e0 ch\u00edn m\u1ecdng, \u0111\u1ea3m b\u1ea3o ch\u1ea5t l\u01b0\u1ee3ng v\u00e0 h\u01b0\u01a1ng v\u1ecb tuy\u1ec7t v\u1eddi.<\/p>\n<p>Qua qu\u00e1 tr\u00ecnh \u00e9p, ch\u00fang t\u00f4i gi\u1eef \u0111\u01b0\u1ee3c tinh ch\u1ea5t v\u00e0 h\u01b0\u01a1ng v\u1ecb t\u1ef1 nhi\u00ean c\u1ee7a l\u00ea, t\u1ea1o ra m\u1ed9t lo\u1ea1i n\u01b0\u1edbc \u00e9p t\u01b0\u01a1i m\u00e1t, tinh khi\u1ebft v\u00e0 ng\u1ecdt ng\u00e0o. Pear juice l\u00e0 m\u1ed9t ngu\u1ed3n cung c\u1ea5p vitamin C v\u00e0 c\u00e1c ch\u1ea5t ch\u1ed1ng oxy h\u00f3a t\u1ef1 nhi\u00ean, gi\u00fap t\u0103ng c\u01b0\u1eddng s\u1ee9c kh\u1ecfe v\u00e0 cung c\u1ea5p n\u0103ng l\u01b0\u1ee3ng.<\/p>\n<p>V\u1edbi m\u1ed9t ly n\u01b0\u1edbc \u00e9p l\u00ea, b\u1ea1n c\u00f3 th\u1ec3 th\u01b0\u1edfng th\u1ee9c h\u01b0\u01a1ng v\u1ecb t\u01b0\u01a1i ngon c\u1ee7a qu\u1ea3 l\u00ea, c\u1ea3m nh\u1eadn m\u00e1t l\u1ea1nh v\u00e0 s\u1ea3ng kho\u00e1i trong t\u1eebng h\u01a1i th\u1edf. \u0110\u00e2y l\u00e0 m\u1ed9t m\u00f3n n\u01b0\u1edbc \u00e9p l\u00fd t\u01b0\u1edfng \u0111\u1ec3 th\u01b0\u1edfng th\u1ee9c v\u00e0o m\u00f9a h\u00e8 n\u00f3ng b\u1ee9c, khi b\u1ea1n c\u1ea7n m\u1ed9t ly n\u01b0\u1edbc m\u00e1t l\u1ea1nh v\u00e0 b\u1ed5 d\u01b0\u1ee1ng.<\/p>\n<p>Pear juice kh\u00f4ng ch\u1ec9 l\u00e0 m\u1ed9t m\u00f3n u\u1ed1ng ngon m\u00e0 c\u00f2n c\u00f3 th\u1ec3 \u0111\u01b0\u1ee3c k\u1ebft h\u1ee3p v\u1edbi c\u00e1c lo\u1ea1i \u0111\u1ed3 u\u1ed1ng kh\u00e1c, nh\u01b0 cocktail hay mocktail. B\u1ea1n c\u0169ng c\u00f3 th\u1ec3 t\u1eadn h\u01b0\u1edfng Pear juice\u00a0c\u00f9ng v\u1edbi b\u1eefa \u0103n ho\u1eb7c l\u00e0m th\u00e0nh ph\u1ea7n cho c\u00e1c m\u00f3n tr\u00e1ng mi\u1ec7ng s\u00e1ng t\u1ea1o.<\/p>\n<p>T\u1ea1i Tandoor Vietnam, ch\u00fang t\u00f4i cam k\u1ebft mang \u0111\u1ebfn cho b\u1ea1n nh\u1eefng s\u1ea3n ph\u1ea9m ch\u1ea5t l\u01b0\u1ee3ng v\u00e0 t\u01b0\u01a1i ngon nh\u1ea5t. Pear juice\u00a0l\u00e0 m\u1ed9t l\u1ef1a ch\u1ecdn tuy\u1ec7t v\u1eddi \u0111\u1ec3 th\u01b0\u1edfng th\u1ee9c h\u01b0\u01a1ng v\u1ecb t\u1ef1 nhi\u00ean v\u00e0 cung c\u1ea5p n\u0103ng l\u01b0\u1ee3ng cho c\u01a1 th\u1ec3. H\u00e3y kh\u00e1m ph\u00e1 ngay v\u00e0 t\u1eadn h\u01b0\u1edfng m\u00f3n n\u01b0\u1edbc \u00e9p l\u00ea t\u1ea1i Tandoor Vietnam.<\/p>\n","protected":false},"excerpt":{"rendered":"<p>N\u01b0\u1edbc \u00e9p l\u00ea (Pear juice) l\u00e0 m\u1ed9t trong nh\u1eefng m\u00f3n n\u01b0\u1edbc \u00e9p t\u01b0\u01a1i ngon v\u00e0 ph\u1ed5 bi\u1ebfn trong th\u1ef1c \u0111\u01a1n c\u1ee7a Tandoor Vietnam. Ch\u00fang t\u00f4i ch\u1ecdn l\u1ef1a nh\u1eefng qu\u1ea3 l\u00ea t\u01b0\u01a1i ngon v\u00e0 ch\u00edn m\u1ecdng, \u0111\u1ea3m b\u1ea3o ch\u1ea5t l\u01b0\u1ee3ng v\u00e0 h\u01b0\u01a1ng v\u1ecb tuy\u1ec7t v\u1eddi. Qua qu\u00e1 tr\u00ecnh \u00e9p, ch\u00fang t\u00f4i gi\u1eef \u0111\u01b0\u1ee3c tinh ch\u1ea5t v\u00e0 [&hellip;]<\/p>\n","protected":false},"featured_media":3433,"template":"","meta":[],"product_brand":[],"product_cat":[231],"product_tag":[],"class_list":{"0":"post-3432","1":"product","2":"type-product","3":"status-publish","4":"has-post-thumbnail","6":"product_cat-cac-mon-nuoc","8":"first","9":"instock","10":"taxable","11":"shipping-taxable","12":"purchasable","13":"product-type-simple"},"yoast_head":"<!-- This site is optimized with the Yoast SEO Premium plugin v22.3 (Yoast SEO v27.5) - https:\/\/yoast.com\/product\/yoast-seo-premium-wordpress\/ -->\n<title>Pear (N\u01af\u1edaC \u00c9P L\u00ca) - Tandoor Vi\u1ec7t Nam<\/title>\n<meta name=\"description\" content=\"M\u00f3n n\u01b0\u1edbc \u00e9p l\u00ea t\u01b0\u01a1i ngon, tinh khi\u1ebft v\u00e0 m\u00e1t l\u1ea1nh, mang \u0111\u1ebfn c\u1ea3m gi\u00e1c s\u1ea3ng kho\u00e1i v\u00e0 gi\u00e0u vitamin. Kh\u00e1m ph\u00e1 ngay t\u1ea1i Tandoor Vietnam.\" \/>\n<meta name=\"robots\" content=\"index, follow, max-snippet:-1, max-image-preview:large, max-video-preview:-1\" \/>\n<link rel=\"canonical\" href=\"https:\/\/tandoorvietnam.com\/vi\/sanpham\/cac-mon-nuoc\/nuoc-ep-le\/\" \/>\n<meta property=\"og:locale\" content=\"vi_VN\" \/>\n<meta property=\"og:type\" content=\"article\" \/>\n<meta property=\"og:title\" content=\"Pear (N\u01af\u1edaC \u00c9P L\u00ca)\" \/>\n<meta property=\"og:description\" content=\"M\u00f3n n\u01b0\u1edbc \u00e9p l\u00ea t\u01b0\u01a1i ngon, tinh khi\u1ebft v\u00e0 m\u00e1t l\u1ea1nh, mang \u0111\u1ebfn c\u1ea3m gi\u00e1c s\u1ea3ng kho\u00e1i v\u00e0 gi\u00e0u vitamin. Kh\u00e1m ph\u00e1 ngay t\u1ea1i Tandoor Vietnam.\" \/>\n<meta property=\"og:url\" content=\"https:\/\/tandoorvietnam.com\/vi\/sanpham\/cac-mon-nuoc\/nuoc-ep-le\/\" \/>\n<meta property=\"og:site_name\" content=\"Tandoor Vi\u1ec7t Nam\" \/>\n<meta property=\"article:publisher\" content=\"https:\/\/www.facebook.com\/tandoor.hcmc\/\" \/>\n<meta property=\"article:modified_time\" content=\"2023-05-20T16:30:31+00:00\" \/>\n<meta property=\"og:image\" content=\"https:\/\/tandoorvietnam.com\/wp-content\/uploads\/2020\/06\/Pear-juice.jpg\" \/>\n\t<meta property=\"og:image:width\" content=\"1400\" \/>\n\t<meta property=\"og:image:height\" content=\"1400\" \/>\n\t<meta property=\"og:image:type\" content=\"image\/jpeg\" \/>\n<meta name=\"twitter:card\" content=\"summary_large_image\" \/>\n<meta name=\"twitter:label1\" content=\"Est. reading time\" \/>\n\t<meta name=\"twitter:data1\" content=\"2 minutes\" \/>\n<script type=\"application\/ld+json\" class=\"yoast-schema-graph\">{\"@context\":\"https:\\\/\\\/schema.org\",\"@graph\":[{\"@type\":\"WebPage\",\"@id\":\"https:\\\/\\\/tandoorvietnam.com\\\/vi\\\/sanpham\\\/cac-mon-nuoc\\\/nuoc-ep-le\\\/\",\"url\":\"https:\\\/\\\/tandoorvietnam.com\\\/vi\\\/sanpham\\\/cac-mon-nuoc\\\/nuoc-ep-le\\\/\",\"name\":\"Pear (N\u01af\u1edaC \u00c9P L\u00ca) - Tandoor Vi\u1ec7t Nam\",\"isPartOf\":{\"@id\":\"https:\\\/\\\/tandoorvietnam.com\\\/vi\\\/#website\"},\"primaryImageOfPage\":{\"@id\":\"https:\\\/\\\/tandoorvietnam.com\\\/vi\\\/sanpham\\\/cac-mon-nuoc\\\/nuoc-ep-le\\\/#primaryimage\"},\"image\":{\"@id\":\"https:\\\/\\\/tandoorvietnam.com\\\/vi\\\/sanpham\\\/cac-mon-nuoc\\\/nuoc-ep-le\\\/#primaryimage\"},\"thumbnailUrl\":\"https:\\\/\\\/tandoorvietnam.com\\\/wp-content\\\/uploads\\\/2020\\\/06\\\/Pear-juice.jpg\",\"datePublished\":\"2021-04-19T09:34:27+00:00\",\"dateModified\":\"2023-05-20T16:30:31+00:00\",\"description\":\"M\u00f3n n\u01b0\u1edbc \u00e9p l\u00ea t\u01b0\u01a1i ngon, tinh khi\u1ebft v\u00e0 m\u00e1t l\u1ea1nh, mang \u0111\u1ebfn c\u1ea3m gi\u00e1c s\u1ea3ng kho\u00e1i v\u00e0 gi\u00e0u vitamin. Kh\u00e1m ph\u00e1 ngay t\u1ea1i Tandoor Vietnam.\",\"breadcrumb\":{\"@id\":\"https:\\\/\\\/tandoorvietnam.com\\\/vi\\\/sanpham\\\/cac-mon-nuoc\\\/nuoc-ep-le\\\/#breadcrumb\"},\"inLanguage\":\"vi-VN\",\"potentialAction\":[{\"@type\":\"ReadAction\",\"target\":[\"https:\\\/\\\/tandoorvietnam.com\\\/vi\\\/sanpham\\\/cac-mon-nuoc\\\/nuoc-ep-le\\\/\"]}]},{\"@type\":\"ImageObject\",\"inLanguage\":\"vi-VN\",\"@id\":\"https:\\\/\\\/tandoorvietnam.com\\\/vi\\\/sanpham\\\/cac-mon-nuoc\\\/nuoc-ep-le\\\/#primaryimage\",\"url\":\"https:\\\/\\\/tandoorvietnam.com\\\/wp-content\\\/uploads\\\/2020\\\/06\\\/Pear-juice.jpg\",\"contentUrl\":\"https:\\\/\\\/tandoorvietnam.com\\\/wp-content\\\/uploads\\\/2020\\\/06\\\/Pear-juice.jpg\",\"width\":1400,\"height\":1400,\"caption\":\"N\u01af\u1edaC \u00c9P L\u00ca\"},{\"@type\":\"BreadcrumbList\",\"@id\":\"https:\\\/\\\/tandoorvietnam.com\\\/vi\\\/sanpham\\\/cac-mon-nuoc\\\/nuoc-ep-le\\\/#breadcrumb\",\"itemListElement\":[{\"@type\":\"ListItem\",\"position\":1,\"name\":\"Trang Ch\u1ee7\",\"item\":\"https:\\\/\\\/tandoorvietnam.com\\\/vi\\\/\"},{\"@type\":\"ListItem\",\"position\":2,\"name\":\"Shop\",\"item\":\"https:\\\/\\\/tandoorvietnam.com\\\/shop\\\/\"},{\"@type\":\"ListItem\",\"position\":3,\"name\":\"Pear (N\u01af\u1edaC \u00c9P L\u00ca)\"}]},{\"@type\":\"WebSite\",\"@id\":\"https:\\\/\\\/tandoorvietnam.com\\\/vi\\\/#website\",\"url\":\"https:\\\/\\\/tandoorvietnam.com\\\/vi\\\/\",\"name\":\"Tandoor Vietnam\",\"description\":\"Nh\u00e0 h\u00e0ng ngon h\u1ed3 ch\u00ed minh\",\"publisher\":{\"@id\":\"https:\\\/\\\/tandoorvietnam.com\\\/vi\\\/#organization\"},\"potentialAction\":[{\"@type\":\"SearchAction\",\"target\":{\"@type\":\"EntryPoint\",\"urlTemplate\":\"https:\\\/\\\/tandoorvietnam.com\\\/vi\\\/?s={search_term_string}\"},\"query-input\":{\"@type\":\"PropertyValueSpecification\",\"valueRequired\":true,\"valueName\":\"search_term_string\"}}],\"inLanguage\":\"vi-VN\"},{\"@type\":\"Organization\",\"@id\":\"https:\\\/\\\/tandoorvietnam.com\\\/vi\\\/#organization\",\"name\":\"Tandoor Vietnam\",\"url\":\"https:\\\/\\\/tandoorvietnam.com\\\/vi\\\/\",\"logo\":{\"@type\":\"ImageObject\",\"inLanguage\":\"vi-VN\",\"@id\":\"https:\\\/\\\/tandoorvietnam.com\\\/vi\\\/#\\\/schema\\\/logo\\\/image\\\/\",\"url\":\"https:\\\/\\\/tandoorvietnam.com\\\/wp-content\\\/uploads\\\/2020\\\/07\\\/logo.png\",\"contentUrl\":\"https:\\\/\\\/tandoorvietnam.com\\\/wp-content\\\/uploads\\\/2020\\\/07\\\/logo.png\",\"width\":133,\"height\":75,\"caption\":\"Tandoor Vietnam\"},\"image\":{\"@id\":\"https:\\\/\\\/tandoorvietnam.com\\\/vi\\\/#\\\/schema\\\/logo\\\/image\\\/\"},\"sameAs\":[\"https:\\\/\\\/www.facebook.com\\\/tandoor.hcmc\\\/\"]}]}<\/script>\n<!-- \/ Yoast SEO Premium plugin. -->","yoast_head_json":{"title":"Pear (N\u01af\u1edaC \u00c9P L\u00ca) - Tandoor Vi\u1ec7t Nam","description":"M\u00f3n n\u01b0\u1edbc \u00e9p l\u00ea t\u01b0\u01a1i ngon, tinh khi\u1ebft v\u00e0 m\u00e1t l\u1ea1nh, mang \u0111\u1ebfn c\u1ea3m gi\u00e1c s\u1ea3ng kho\u00e1i v\u00e0 gi\u00e0u vitamin. Kh\u00e1m ph\u00e1 ngay t\u1ea1i Tandoor Vietnam.","robots":{"index":"index","follow":"follow","max-snippet":"max-snippet:-1","max-image-preview":"max-image-preview:large","max-video-preview":"max-video-preview:-1"},"canonical":"https:\/\/tandoorvietnam.com\/vi\/sanpham\/cac-mon-nuoc\/nuoc-ep-le\/","og_locale":"vi_VN","og_type":"article","og_title":"Pear (N\u01af\u1edaC \u00c9P L\u00ca)","og_description":"M\u00f3n n\u01b0\u1edbc \u00e9p l\u00ea t\u01b0\u01a1i ngon, tinh khi\u1ebft v\u00e0 m\u00e1t l\u1ea1nh, mang \u0111\u1ebfn c\u1ea3m gi\u00e1c s\u1ea3ng kho\u00e1i v\u00e0 gi\u00e0u vitamin. Kh\u00e1m ph\u00e1 ngay t\u1ea1i Tandoor Vietnam.","og_url":"https:\/\/tandoorvietnam.com\/vi\/sanpham\/cac-mon-nuoc\/nuoc-ep-le\/","og_site_name":"Tandoor Vi\u1ec7t Nam","article_publisher":"https:\/\/www.facebook.com\/tandoor.hcmc\/","article_modified_time":"2023-05-20T16:30:31+00:00","og_image":[{"width":1400,"height":1400,"url":"https:\/\/tandoorvietnam.com\/wp-content\/uploads\/2020\/06\/Pear-juice.jpg","type":"image\/jpeg"}],"twitter_card":"summary_large_image","twitter_misc":{"Est. reading time":"2 minutes"},"schema":{"@context":"https:\/\/schema.org","@graph":[{"@type":"WebPage","@id":"https:\/\/tandoorvietnam.com\/vi\/sanpham\/cac-mon-nuoc\/nuoc-ep-le\/","url":"https:\/\/tandoorvietnam.com\/vi\/sanpham\/cac-mon-nuoc\/nuoc-ep-le\/","name":"Pear (N\u01af\u1edaC \u00c9P L\u00ca) - Tandoor Vi\u1ec7t Nam","isPartOf":{"@id":"https:\/\/tandoorvietnam.com\/vi\/#website"},"primaryImageOfPage":{"@id":"https:\/\/tandoorvietnam.com\/vi\/sanpham\/cac-mon-nuoc\/nuoc-ep-le\/#primaryimage"},"image":{"@id":"https:\/\/tandoorvietnam.com\/vi\/sanpham\/cac-mon-nuoc\/nuoc-ep-le\/#primaryimage"},"thumbnailUrl":"https:\/\/tandoorvietnam.com\/wp-content\/uploads\/2020\/06\/Pear-juice.jpg","datePublished":"2021-04-19T09:34:27+00:00","dateModified":"2023-05-20T16:30:31+00:00","description":"M\u00f3n n\u01b0\u1edbc \u00e9p l\u00ea t\u01b0\u01a1i ngon, tinh khi\u1ebft v\u00e0 m\u00e1t l\u1ea1nh, mang \u0111\u1ebfn c\u1ea3m gi\u00e1c s\u1ea3ng kho\u00e1i v\u00e0 gi\u00e0u vitamin. Kh\u00e1m ph\u00e1 ngay t\u1ea1i Tandoor Vietnam.","breadcrumb":{"@id":"https:\/\/tandoorvietnam.com\/vi\/sanpham\/cac-mon-nuoc\/nuoc-ep-le\/#breadcrumb"},"inLanguage":"vi-VN","potentialAction":[{"@type":"ReadAction","target":["https:\/\/tandoorvietnam.com\/vi\/sanpham\/cac-mon-nuoc\/nuoc-ep-le\/"]}]},{"@type":"ImageObject","inLanguage":"vi-VN","@id":"https:\/\/tandoorvietnam.com\/vi\/sanpham\/cac-mon-nuoc\/nuoc-ep-le\/#primaryimage","url":"https:\/\/tandoorvietnam.com\/wp-content\/uploads\/2020\/06\/Pear-juice.jpg","contentUrl":"https:\/\/tandoorvietnam.com\/wp-content\/uploads\/2020\/06\/Pear-juice.jpg","width":1400,"height":1400,"caption":"N\u01af\u1edaC \u00c9P L\u00ca"},{"@type":"BreadcrumbList","@id":"https:\/\/tandoorvietnam.com\/vi\/sanpham\/cac-mon-nuoc\/nuoc-ep-le\/#breadcrumb","itemListElement":[{"@type":"ListItem","position":1,"name":"Trang Ch\u1ee7","item":"https:\/\/tandoorvietnam.com\/vi\/"},{"@type":"ListItem","position":2,"name":"Shop","item":"https:\/\/tandoorvietnam.com\/shop\/"},{"@type":"ListItem","position":3,"name":"Pear (N\u01af\u1edaC \u00c9P L\u00ca)"}]},{"@type":"WebSite","@id":"https:\/\/tandoorvietnam.com\/vi\/#website","url":"https:\/\/tandoorvietnam.com\/vi\/","name":"Tandoor Vietnam","description":"Nh\u00e0 h\u00e0ng ngon h\u1ed3 ch\u00ed minh","publisher":{"@id":"https:\/\/tandoorvietnam.com\/vi\/#organization"},"potentialAction":[{"@type":"SearchAction","target":{"@type":"EntryPoint","urlTemplate":"https:\/\/tandoorvietnam.com\/vi\/?s={search_term_string}"},"query-input":{"@type":"PropertyValueSpecification","valueRequired":true,"valueName":"search_term_string"}}],"inLanguage":"vi-VN"},{"@type":"Organization","@id":"https:\/\/tandoorvietnam.com\/vi\/#organization","name":"Tandoor Vietnam","url":"https:\/\/tandoorvietnam.com\/vi\/","logo":{"@type":"ImageObject","inLanguage":"vi-VN","@id":"https:\/\/tandoorvietnam.com\/vi\/#\/schema\/logo\/image\/","url":"https:\/\/tandoorvietnam.com\/wp-content\/uploads\/2020\/07\/logo.png","contentUrl":"https:\/\/tandoorvietnam.com\/wp-content\/uploads\/2020\/07\/logo.png","width":133,"height":75,"caption":"Tandoor Vietnam"},"image":{"@id":"https:\/\/tandoorvietnam.com\/vi\/#\/schema\/logo\/image\/"},"sameAs":["https:\/\/www.facebook.com\/tandoor.hcmc\/"]}]}},"_links":{"self":[{"href":"https:\/\/tandoorvietnam.com\/vi\/wp-json\/wp\/v2\/product\/3432","targetHints":{"allow":["GET"]}}],"collection":[{"href":"https:\/\/tandoorvietnam.com\/vi\/wp-json\/wp\/v2\/product"}],"about":[{"href":"https:\/\/tandoorvietnam.com\/vi\/wp-json\/wp\/v2\/types\/product"}],"wp:featuredmedia":[{"embeddable":true,"href":"https:\/\/tandoorvietnam.com\/vi\/wp-json\/wp\/v2\/media\/3433"}],"wp:attachment":[{"href":"https:\/\/tandoorvietnam.com\/vi\/wp-json\/wp\/v2\/media?parent=3432"}],"wp:term":[{"taxonomy":"product_brand","embeddable":true,"href":"https:\/\/tandoorvietnam.com\/vi\/wp-json\/wp\/v2\/product_brand?post=3432"},{"taxonomy":"product_cat","embeddable":true,"href":"https:\/\/tandoorvietnam.com\/vi\/wp-json\/wp\/v2\/product_cat?post=3432"},{"taxonomy":"product_tag","embeddable":true,"href":"https:\/\/tandoorvietnam.com\/vi\/wp-json\/wp\/v2\/product_tag?post=3432"}],"curies":[{"name":"wp","href":"https:\/\/api.w.org\/{rel}","templated":true}]}}