{"id":3434,"date":"2020-06-23T11:57:17","date_gmt":"2021-04-19T09:34:50","guid":{"rendered":"http:\/\/tandoorvietnam.com\/product\/uncategorized\/nuoc-ep-thom\/"},"modified":"2023-05-20T17:02:39","modified_gmt":"2023-05-20T17:02:39","slug":"nuoc-ep-thom","status":"publish","type":"product","link":"https:\/\/tandoorvietnam.com\/vi\/sanpham\/cac-mon-nuoc\/nuoc-ep-thom\/","title":{"rendered":"Pineapple (N\u01af\u1edaC \u00c9P TH\u01a0M)"},"content":{"rendered":"<p>N\u01b0\u1edbc \u00e9p th\u01a1m d\u1ee9a l\u00e0 m\u1ed9t trong nh\u1eefng m\u00f3n n\u01b0\u1edbc \u00e9p t\u1ef1 nhi\u00ean ph\u1ed5 bi\u1ebfn t\u1ea1i Tandoor Vietnam. Ch\u00fang t\u00f4i s\u1eed d\u1ee5ng nh\u1eefng qu\u1ea3 d\u1ee9a t\u01b0\u01a1i ngon, \u0111\u1ea3m b\u1ea3o ch\u1ea5t l\u01b0\u1ee3ng v\u00e0 h\u01b0\u01a1ng v\u1ecb t\u1ed1i \u0111a cho m\u1ed7i ly n\u01b0\u1edbc \u00e9p.<\/p>\n<p>V\u1edbi qu\u00e1 tr\u00ecnh \u00e9p c\u1ea9n th\u1eadn, ch\u00fang t\u00f4i gi\u1eef nguy\u00ean h\u01b0\u01a1ng v\u1ecb t\u1ef1 nhi\u00ean c\u1ee7a d\u1ee9a. N\u01b0\u1edbc \u00e9p th\u01a1m d\u1ee9a kh\u00f4ng ch\u1ec9 mang l\u1ea1i h\u01b0\u01a1ng v\u1ecb t\u01b0\u01a1i m\u00e1t, m\u00e0 c\u00f2n l\u00e0 ngu\u1ed3n cung c\u1ea5p nhi\u1ec1u d\u01b0\u1ee1ng ch\u1ea5t quan tr\u1ecdng nh\u01b0 vitamin C v\u00e0 kali.<\/p>\n<p>M\u1ed7i ng\u1ee5m n\u01b0\u1edbc \u00e9p d\u1ee9a \u0111em l\u1ea1i s\u1ef1 t\u01b0\u01a1i m\u1edbi v\u00e0 khoan kho\u00e1i, l\u00e0m d\u1ecbu c\u01a1n kh\u00e1t trong nh\u1eefng ng\u00e0y h\u00e8 n\u00f3ng b\u1ee9c. V\u1edbi m\u00f9i th\u01a1m t\u1ef1 nhi\u00ean v\u00e0 v\u1ecb ng\u1ecdt d\u1ecbu, n\u01b0\u1edbc \u00e9p th\u01a1m d\u1ee9a tr\u1edf th\u00e0nh m\u1ed9t l\u1ef1a ch\u1ecdn ph\u1ed5 bi\u1ebfn cho m\u1ecdi ng\u01b0\u1eddi.<\/p>\n<p>N\u01b0\u1edbc \u00e9p d\u1ee9a l\u00e0 m\u1ed9t m\u00f3n u\u1ed1ng th\u00edch h\u1ee3p \u0111\u1ec3 th\u01b0\u1edfng th\u1ee9c trong su\u1ed1t c\u1ea3 ng\u00e0y. B\u1ea1n c\u00f3 th\u1ec3 th\u01b0\u1edfng th\u1ee9c n\u01b0\u1edbc \u00e9p n\u00e0y trong b\u1eefa s\u00e1ng \u0111\u1ec3 b\u1eaft \u0111\u1ea7u ng\u00e0y m\u1edbi, ho\u1eb7c l\u00e0m m\u00e1t c\u01a1 th\u1ec3 trong th\u1eddi gian ngh\u1ec9 tr\u01b0a. N\u00f3 c\u0169ng l\u00e0 m\u1ed9t l\u1ef1a ch\u1ecdn tuy\u1ec7t v\u1eddi khi \u0111i ch\u01a1i ho\u1eb7c th\u01b0 gi\u00e3n sau m\u1ed9t ng\u00e0y l\u00e0m vi\u1ec7c c\u0103ng th\u1eb3ng.<\/p>\n<p>T\u1ea1i <a href=\"https:\/\/tandoorvietnam.com\/\">Tandoor Vietnam<\/a>, ch\u00fang t\u00f4i cam k\u1ebft \u0111\u1ea3m b\u1ea3o ch\u1ea5t l\u01b0\u1ee3ng v\u00e0 t\u01b0\u01a1i ngon c\u1ee7a n\u01b0\u1edbc \u00e9p d\u1ee9a. Ch\u00fang t\u00f4i mang \u0111\u1ebfn cho kh\u00e1ch h\u00e0ng m\u1ed9t tr\u1ea3i nghi\u1ec7m th\u01b0\u1edfng th\u1ee9c h\u01b0\u01a1ng v\u1ecb t\u1ef1 nhi\u00ean, t\u01b0\u01a1i m\u00e1t v\u00e0 b\u1ed5 d\u01b0\u1ee1ng c\u1ee7a n\u01b0\u1edbc \u00e9p th\u01a1m d\u1ee9a.<\/p>\n","protected":false},"excerpt":{"rendered":"<p>N\u01b0\u1edbc \u00e9p th\u01a1m d\u1ee9a l\u00e0 m\u1ed9t trong nh\u1eefng m\u00f3n n\u01b0\u1edbc \u00e9p t\u1ef1 nhi\u00ean ph\u1ed5 bi\u1ebfn t\u1ea1i Tandoor Vietnam. Ch\u00fang t\u00f4i s\u1eed d\u1ee5ng nh\u1eefng qu\u1ea3 d\u1ee9a t\u01b0\u01a1i ngon, \u0111\u1ea3m b\u1ea3o ch\u1ea5t l\u01b0\u1ee3ng v\u00e0 h\u01b0\u01a1ng v\u1ecb t\u1ed1i \u0111a cho m\u1ed7i ly n\u01b0\u1edbc \u00e9p. V\u1edbi qu\u00e1 tr\u00ecnh \u00e9p c\u1ea9n th\u1eadn, ch\u00fang t\u00f4i gi\u1eef nguy\u00ean h\u01b0\u01a1ng v\u1ecb t\u1ef1 nhi\u00ean [&hellip;]<\/p>\n","protected":false},"featured_media":3435,"template":"","meta":[],"product_brand":[],"product_cat":[231],"product_tag":[],"class_list":{"0":"post-3434","1":"product","2":"type-product","3":"status-publish","4":"has-post-thumbnail","6":"product_cat-cac-mon-nuoc","8":"first","9":"instock","10":"taxable","11":"shipping-taxable","12":"purchasable","13":"product-type-simple"},"yoast_head":"<!-- This site is optimized with the Yoast SEO Premium plugin v22.3 (Yoast SEO v27.5) - https:\/\/yoast.com\/product\/yoast-seo-premium-wordpress\/ -->\n<title>Pineapple (N\u01af\u1edaC \u00c9P TH\u01a0M) - Tandoor Vi\u1ec7t Nam<\/title>\n<meta name=\"description\" content=\"N\u01b0\u1edbc \u00e9p th\u01a1m d\u1ee9a t\u01b0\u01a1i ngon, m\u00e1t l\u1ea1nh t\u1ea1i Tandoor Vietnam. M\u1ed9t c\u00e1ch tuy\u1ec7t v\u1eddi \u0111\u1ec3 gi\u1ea3i kh\u00e1t v\u00e0 th\u01b0\u1edfng th\u1ee9c h\u01b0\u01a1ng v\u1ecb t\u1ef1 nhi\u00ean c\u1ee7a d\u1ee9a.\" \/>\n<meta name=\"robots\" content=\"index, follow, max-snippet:-1, max-image-preview:large, max-video-preview:-1\" \/>\n<link rel=\"canonical\" href=\"https:\/\/tandoorvietnam.com\/vi\/sanpham\/cac-mon-nuoc\/nuoc-ep-thom\/\" \/>\n<meta property=\"og:locale\" content=\"vi_VN\" \/>\n<meta property=\"og:type\" content=\"article\" \/>\n<meta property=\"og:title\" content=\"Pineapple (N\u01af\u1edaC \u00c9P TH\u01a0M)\" \/>\n<meta property=\"og:description\" content=\"N\u01b0\u1edbc \u00e9p th\u01a1m d\u1ee9a t\u01b0\u01a1i ngon, m\u00e1t l\u1ea1nh t\u1ea1i Tandoor Vietnam. M\u1ed9t c\u00e1ch tuy\u1ec7t v\u1eddi \u0111\u1ec3 gi\u1ea3i kh\u00e1t v\u00e0 th\u01b0\u1edfng th\u1ee9c h\u01b0\u01a1ng v\u1ecb t\u1ef1 nhi\u00ean c\u1ee7a d\u1ee9a.\" \/>\n<meta property=\"og:url\" content=\"https:\/\/tandoorvietnam.com\/vi\/sanpham\/cac-mon-nuoc\/nuoc-ep-thom\/\" \/>\n<meta property=\"og:site_name\" content=\"Tandoor Vi\u1ec7t Nam\" \/>\n<meta property=\"article:publisher\" content=\"https:\/\/www.facebook.com\/tandoor.hcmc\/\" \/>\n<meta property=\"article:modified_time\" content=\"2023-05-20T17:02:39+00:00\" \/>\n<meta property=\"og:image\" content=\"https:\/\/tandoorvietnam.com\/wp-content\/uploads\/2020\/06\/Pineapple-juice.jpg\" \/>\n\t<meta property=\"og:image:width\" content=\"1400\" \/>\n\t<meta property=\"og:image:height\" content=\"1400\" \/>\n\t<meta property=\"og:image:type\" content=\"image\/jpeg\" \/>\n<meta name=\"twitter:card\" content=\"summary_large_image\" \/>\n<meta name=\"twitter:label1\" content=\"Est. reading time\" \/>\n\t<meta name=\"twitter:data1\" content=\"2 minutes\" \/>\n<script type=\"application\/ld+json\" class=\"yoast-schema-graph\">{\"@context\":\"https:\\\/\\\/schema.org\",\"@graph\":[{\"@type\":\"WebPage\",\"@id\":\"https:\\\/\\\/tandoorvietnam.com\\\/vi\\\/sanpham\\\/cac-mon-nuoc\\\/nuoc-ep-thom\\\/\",\"url\":\"https:\\\/\\\/tandoorvietnam.com\\\/vi\\\/sanpham\\\/cac-mon-nuoc\\\/nuoc-ep-thom\\\/\",\"name\":\"Pineapple (N\u01af\u1edaC \u00c9P TH\u01a0M) - Tandoor Vi\u1ec7t Nam\",\"isPartOf\":{\"@id\":\"https:\\\/\\\/tandoorvietnam.com\\\/vi\\\/#website\"},\"primaryImageOfPage\":{\"@id\":\"https:\\\/\\\/tandoorvietnam.com\\\/vi\\\/sanpham\\\/cac-mon-nuoc\\\/nuoc-ep-thom\\\/#primaryimage\"},\"image\":{\"@id\":\"https:\\\/\\\/tandoorvietnam.com\\\/vi\\\/sanpham\\\/cac-mon-nuoc\\\/nuoc-ep-thom\\\/#primaryimage\"},\"thumbnailUrl\":\"https:\\\/\\\/tandoorvietnam.com\\\/wp-content\\\/uploads\\\/2020\\\/06\\\/Pineapple-juice.jpg\",\"datePublished\":\"2021-04-19T09:34:50+00:00\",\"dateModified\":\"2023-05-20T17:02:39+00:00\",\"description\":\"N\u01b0\u1edbc \u00e9p th\u01a1m d\u1ee9a t\u01b0\u01a1i ngon, m\u00e1t l\u1ea1nh t\u1ea1i Tandoor Vietnam. M\u1ed9t c\u00e1ch tuy\u1ec7t v\u1eddi \u0111\u1ec3 gi\u1ea3i kh\u00e1t v\u00e0 th\u01b0\u1edfng th\u1ee9c h\u01b0\u01a1ng v\u1ecb t\u1ef1 nhi\u00ean c\u1ee7a d\u1ee9a.\",\"breadcrumb\":{\"@id\":\"https:\\\/\\\/tandoorvietnam.com\\\/vi\\\/sanpham\\\/cac-mon-nuoc\\\/nuoc-ep-thom\\\/#breadcrumb\"},\"inLanguage\":\"vi-VN\",\"potentialAction\":[{\"@type\":\"ReadAction\",\"target\":[\"https:\\\/\\\/tandoorvietnam.com\\\/vi\\\/sanpham\\\/cac-mon-nuoc\\\/nuoc-ep-thom\\\/\"]}]},{\"@type\":\"ImageObject\",\"inLanguage\":\"vi-VN\",\"@id\":\"https:\\\/\\\/tandoorvietnam.com\\\/vi\\\/sanpham\\\/cac-mon-nuoc\\\/nuoc-ep-thom\\\/#primaryimage\",\"url\":\"https:\\\/\\\/tandoorvietnam.com\\\/wp-content\\\/uploads\\\/2020\\\/06\\\/Pineapple-juice.jpg\",\"contentUrl\":\"https:\\\/\\\/tandoorvietnam.com\\\/wp-content\\\/uploads\\\/2020\\\/06\\\/Pineapple-juice.jpg\",\"width\":1400,\"height\":1400,\"caption\":\"N\u01af\u1edaC \u00c9P TH\u01a0M\"},{\"@type\":\"BreadcrumbList\",\"@id\":\"https:\\\/\\\/tandoorvietnam.com\\\/vi\\\/sanpham\\\/cac-mon-nuoc\\\/nuoc-ep-thom\\\/#breadcrumb\",\"itemListElement\":[{\"@type\":\"ListItem\",\"position\":1,\"name\":\"Trang Ch\u1ee7\",\"item\":\"https:\\\/\\\/tandoorvietnam.com\\\/vi\\\/\"},{\"@type\":\"ListItem\",\"position\":2,\"name\":\"Shop\",\"item\":\"https:\\\/\\\/tandoorvietnam.com\\\/shop\\\/\"},{\"@type\":\"ListItem\",\"position\":3,\"name\":\"Pineapple (N\u01af\u1edaC \u00c9P TH\u01a0M)\"}]},{\"@type\":\"WebSite\",\"@id\":\"https:\\\/\\\/tandoorvietnam.com\\\/vi\\\/#website\",\"url\":\"https:\\\/\\\/tandoorvietnam.com\\\/vi\\\/\",\"name\":\"Tandoor Vietnam\",\"description\":\"Nh\u00e0 h\u00e0ng ngon h\u1ed3 ch\u00ed minh\",\"publisher\":{\"@id\":\"https:\\\/\\\/tandoorvietnam.com\\\/vi\\\/#organization\"},\"potentialAction\":[{\"@type\":\"SearchAction\",\"target\":{\"@type\":\"EntryPoint\",\"urlTemplate\":\"https:\\\/\\\/tandoorvietnam.com\\\/vi\\\/?s={search_term_string}\"},\"query-input\":{\"@type\":\"PropertyValueSpecification\",\"valueRequired\":true,\"valueName\":\"search_term_string\"}}],\"inLanguage\":\"vi-VN\"},{\"@type\":\"Organization\",\"@id\":\"https:\\\/\\\/tandoorvietnam.com\\\/vi\\\/#organization\",\"name\":\"Tandoor Vietnam\",\"url\":\"https:\\\/\\\/tandoorvietnam.com\\\/vi\\\/\",\"logo\":{\"@type\":\"ImageObject\",\"inLanguage\":\"vi-VN\",\"@id\":\"https:\\\/\\\/tandoorvietnam.com\\\/vi\\\/#\\\/schema\\\/logo\\\/image\\\/\",\"url\":\"https:\\\/\\\/tandoorvietnam.com\\\/wp-content\\\/uploads\\\/2020\\\/07\\\/logo.png\",\"contentUrl\":\"https:\\\/\\\/tandoorvietnam.com\\\/wp-content\\\/uploads\\\/2020\\\/07\\\/logo.png\",\"width\":133,\"height\":75,\"caption\":\"Tandoor Vietnam\"},\"image\":{\"@id\":\"https:\\\/\\\/tandoorvietnam.com\\\/vi\\\/#\\\/schema\\\/logo\\\/image\\\/\"},\"sameAs\":[\"https:\\\/\\\/www.facebook.com\\\/tandoor.hcmc\\\/\"]}]}<\/script>\n<!-- \/ Yoast SEO Premium plugin. -->","yoast_head_json":{"title":"Pineapple (N\u01af\u1edaC \u00c9P TH\u01a0M) - Tandoor Vi\u1ec7t Nam","description":"N\u01b0\u1edbc \u00e9p th\u01a1m d\u1ee9a t\u01b0\u01a1i ngon, m\u00e1t l\u1ea1nh t\u1ea1i Tandoor Vietnam. M\u1ed9t c\u00e1ch tuy\u1ec7t v\u1eddi \u0111\u1ec3 gi\u1ea3i kh\u00e1t v\u00e0 th\u01b0\u1edfng th\u1ee9c h\u01b0\u01a1ng v\u1ecb t\u1ef1 nhi\u00ean c\u1ee7a d\u1ee9a.","robots":{"index":"index","follow":"follow","max-snippet":"max-snippet:-1","max-image-preview":"max-image-preview:large","max-video-preview":"max-video-preview:-1"},"canonical":"https:\/\/tandoorvietnam.com\/vi\/sanpham\/cac-mon-nuoc\/nuoc-ep-thom\/","og_locale":"vi_VN","og_type":"article","og_title":"Pineapple (N\u01af\u1edaC \u00c9P TH\u01a0M)","og_description":"N\u01b0\u1edbc \u00e9p th\u01a1m d\u1ee9a t\u01b0\u01a1i ngon, m\u00e1t l\u1ea1nh t\u1ea1i Tandoor Vietnam. M\u1ed9t c\u00e1ch tuy\u1ec7t v\u1eddi \u0111\u1ec3 gi\u1ea3i kh\u00e1t v\u00e0 th\u01b0\u1edfng th\u1ee9c h\u01b0\u01a1ng v\u1ecb t\u1ef1 nhi\u00ean c\u1ee7a d\u1ee9a.","og_url":"https:\/\/tandoorvietnam.com\/vi\/sanpham\/cac-mon-nuoc\/nuoc-ep-thom\/","og_site_name":"Tandoor Vi\u1ec7t Nam","article_publisher":"https:\/\/www.facebook.com\/tandoor.hcmc\/","article_modified_time":"2023-05-20T17:02:39+00:00","og_image":[{"width":1400,"height":1400,"url":"https:\/\/tandoorvietnam.com\/wp-content\/uploads\/2020\/06\/Pineapple-juice.jpg","type":"image\/jpeg"}],"twitter_card":"summary_large_image","twitter_misc":{"Est. reading time":"2 minutes"},"schema":{"@context":"https:\/\/schema.org","@graph":[{"@type":"WebPage","@id":"https:\/\/tandoorvietnam.com\/vi\/sanpham\/cac-mon-nuoc\/nuoc-ep-thom\/","url":"https:\/\/tandoorvietnam.com\/vi\/sanpham\/cac-mon-nuoc\/nuoc-ep-thom\/","name":"Pineapple (N\u01af\u1edaC \u00c9P TH\u01a0M) - Tandoor Vi\u1ec7t Nam","isPartOf":{"@id":"https:\/\/tandoorvietnam.com\/vi\/#website"},"primaryImageOfPage":{"@id":"https:\/\/tandoorvietnam.com\/vi\/sanpham\/cac-mon-nuoc\/nuoc-ep-thom\/#primaryimage"},"image":{"@id":"https:\/\/tandoorvietnam.com\/vi\/sanpham\/cac-mon-nuoc\/nuoc-ep-thom\/#primaryimage"},"thumbnailUrl":"https:\/\/tandoorvietnam.com\/wp-content\/uploads\/2020\/06\/Pineapple-juice.jpg","datePublished":"2021-04-19T09:34:50+00:00","dateModified":"2023-05-20T17:02:39+00:00","description":"N\u01b0\u1edbc \u00e9p th\u01a1m d\u1ee9a t\u01b0\u01a1i ngon, m\u00e1t l\u1ea1nh t\u1ea1i Tandoor Vietnam. M\u1ed9t c\u00e1ch tuy\u1ec7t v\u1eddi \u0111\u1ec3 gi\u1ea3i kh\u00e1t v\u00e0 th\u01b0\u1edfng th\u1ee9c h\u01b0\u01a1ng v\u1ecb t\u1ef1 nhi\u00ean c\u1ee7a d\u1ee9a.","breadcrumb":{"@id":"https:\/\/tandoorvietnam.com\/vi\/sanpham\/cac-mon-nuoc\/nuoc-ep-thom\/#breadcrumb"},"inLanguage":"vi-VN","potentialAction":[{"@type":"ReadAction","target":["https:\/\/tandoorvietnam.com\/vi\/sanpham\/cac-mon-nuoc\/nuoc-ep-thom\/"]}]},{"@type":"ImageObject","inLanguage":"vi-VN","@id":"https:\/\/tandoorvietnam.com\/vi\/sanpham\/cac-mon-nuoc\/nuoc-ep-thom\/#primaryimage","url":"https:\/\/tandoorvietnam.com\/wp-content\/uploads\/2020\/06\/Pineapple-juice.jpg","contentUrl":"https:\/\/tandoorvietnam.com\/wp-content\/uploads\/2020\/06\/Pineapple-juice.jpg","width":1400,"height":1400,"caption":"N\u01af\u1edaC \u00c9P TH\u01a0M"},{"@type":"BreadcrumbList","@id":"https:\/\/tandoorvietnam.com\/vi\/sanpham\/cac-mon-nuoc\/nuoc-ep-thom\/#breadcrumb","itemListElement":[{"@type":"ListItem","position":1,"name":"Trang Ch\u1ee7","item":"https:\/\/tandoorvietnam.com\/vi\/"},{"@type":"ListItem","position":2,"name":"Shop","item":"https:\/\/tandoorvietnam.com\/shop\/"},{"@type":"ListItem","position":3,"name":"Pineapple (N\u01af\u1edaC \u00c9P TH\u01a0M)"}]},{"@type":"WebSite","@id":"https:\/\/tandoorvietnam.com\/vi\/#website","url":"https:\/\/tandoorvietnam.com\/vi\/","name":"Tandoor Vietnam","description":"Nh\u00e0 h\u00e0ng ngon h\u1ed3 ch\u00ed minh","publisher":{"@id":"https:\/\/tandoorvietnam.com\/vi\/#organization"},"potentialAction":[{"@type":"SearchAction","target":{"@type":"EntryPoint","urlTemplate":"https:\/\/tandoorvietnam.com\/vi\/?s={search_term_string}"},"query-input":{"@type":"PropertyValueSpecification","valueRequired":true,"valueName":"search_term_string"}}],"inLanguage":"vi-VN"},{"@type":"Organization","@id":"https:\/\/tandoorvietnam.com\/vi\/#organization","name":"Tandoor Vietnam","url":"https:\/\/tandoorvietnam.com\/vi\/","logo":{"@type":"ImageObject","inLanguage":"vi-VN","@id":"https:\/\/tandoorvietnam.com\/vi\/#\/schema\/logo\/image\/","url":"https:\/\/tandoorvietnam.com\/wp-content\/uploads\/2020\/07\/logo.png","contentUrl":"https:\/\/tandoorvietnam.com\/wp-content\/uploads\/2020\/07\/logo.png","width":133,"height":75,"caption":"Tandoor Vietnam"},"image":{"@id":"https:\/\/tandoorvietnam.com\/vi\/#\/schema\/logo\/image\/"},"sameAs":["https:\/\/www.facebook.com\/tandoor.hcmc\/"]}]}},"_links":{"self":[{"href":"https:\/\/tandoorvietnam.com\/vi\/wp-json\/wp\/v2\/product\/3434","targetHints":{"allow":["GET"]}}],"collection":[{"href":"https:\/\/tandoorvietnam.com\/vi\/wp-json\/wp\/v2\/product"}],"about":[{"href":"https:\/\/tandoorvietnam.com\/vi\/wp-json\/wp\/v2\/types\/product"}],"wp:featuredmedia":[{"embeddable":true,"href":"https:\/\/tandoorvietnam.com\/vi\/wp-json\/wp\/v2\/media\/3435"}],"wp:attachment":[{"href":"https:\/\/tandoorvietnam.com\/vi\/wp-json\/wp\/v2\/media?parent=3434"}],"wp:term":[{"taxonomy":"product_brand","embeddable":true,"href":"https:\/\/tandoorvietnam.com\/vi\/wp-json\/wp\/v2\/product_brand?post=3434"},{"taxonomy":"product_cat","embeddable":true,"href":"https:\/\/tandoorvietnam.com\/vi\/wp-json\/wp\/v2\/product_cat?post=3434"},{"taxonomy":"product_tag","embeddable":true,"href":"https:\/\/tandoorvietnam.com\/vi\/wp-json\/wp\/v2\/product_tag?post=3434"}],"curies":[{"name":"wp","href":"https:\/\/api.w.org\/{rel}","templated":true}]}}