{"id":3436,"date":"2020-06-20T16:09:30","date_gmt":"2020-06-20T16:09:30","guid":{"rendered":"http:\/\/tandoorvietnam.com\/product\/uncategorized\/lassi-thom\/"},"modified":"2025-10-16T17:21:58","modified_gmt":"2025-10-16T10:21:58","slug":"lassi-thom","status":"publish","type":"product","link":"https:\/\/tandoorvietnam.com\/vi\/sanpham\/cac-mon-nuoc\/lassi-thom\/","title":{"rendered":"Pineapple lassi (LASSI TH\u01a0M)"},"content":{"rendered":"<p>Lassi th\u01a1m l\u00e0 m\u1ed9t lo\u1ea1i \u0111\u1ed3 u\u1ed1ng truy\u1ec1n th\u1ed1ng t\u1eeb \u1ea4n \u0110\u1ed9 \u0111\u01b0\u1ee3c y\u00eau th\u00edch b\u1edfi h\u01b0\u01a1ng v\u1ecb t\u01b0\u01a1i m\u00e1t v\u00e0 th\u01a1m ngon. T\u1ea1i Tandoor Vietnam, ch\u00fang t\u00f4i mang \u0111\u1ebfn cho b\u1ea1n Lassi th\u01a1m d\u1ee9a, m\u1ed9t phi\u00ean b\u1ea3n \u0111\u1ed9c \u0111\u00e1o c\u1ee7a Lassi truy\u1ec1n th\u1ed1ng.<\/p>\n<p>Pineapple lassi k\u1ebft h\u1ee3p h\u01b0\u01a1ng v\u1ecb t\u01b0\u01a1i ngon c\u1ee7a d\u1ee9a t\u01b0\u01a1i v\u00e0 s\u1eefa chua t\u1ef1 nhi\u00ean, t\u1ea1o n\u00ean m\u1ed9t s\u1ef1 k\u1ebft h\u1ee3p ho\u00e0n h\u1ea3o gi\u1eefa h\u01b0\u01a1ng v\u1ecb chua nh\u1eb9, ng\u1ecdt ng\u00e0o v\u00e0 h\u01b0\u01a1ng th\u01a1m c\u1ee7a d\u1ee9a. \u0110\u00e2y l\u00e0 m\u1ed9t \u0111\u1ed3 u\u1ed1ng m\u00e1t l\u1ea1nh, th\u00edch h\u1ee3p \u0111\u1ec3 gi\u1ea3i nhi\u1ec7t v\u00e0 th\u01b0\u1edfng th\u1ee9c v\u00e0o nh\u1eefng ng\u00e0y n\u1eafng n\u00f3ng.<\/p>\n<p>Pineapple lassi kh\u00f4ng ch\u1ec9 l\u00e0 m\u1ed9t m\u00f3n u\u1ed1ng ngon m\u00e0 c\u00f2n c\u00f3 l\u1ee3i \u00edch cho s\u1ee9c kh\u1ecfe. S\u1eefa chua c\u00f3 ch\u1ee9a ch\u1ea5t x\u01a1 v\u00e0 vi khu\u1ea9n probiotic c\u00f3 l\u1ee3i cho h\u1ec7 ti\u00eau h\u00f3a, gi\u00fap c\u00e2n b\u1eb1ng h\u1ec7 vi khu\u1ea9n \u0111\u01b0\u1eddng ru\u1ed9t. D\u1ee9a l\u00e0 m\u1ed9t ngu\u1ed3n cung c\u1ea5p vitamin C v\u00e0 ch\u1ea5t ch\u1ed1ng oxy h\u00f3a, c\u00f3 t\u00e1c d\u1ee5ng t\u1ed1t cho s\u1ee9c kh\u1ecfe tim m\u1ea1ch v\u00e0 h\u1ec7 mi\u1ec5n d\u1ecbch.<\/p>\n<p>Lassi th\u01a1m d\u1ee9a l\u00e0 m\u1ed9t l\u1ef1a ch\u1ecdn tuy\u1ec7t v\u1eddi \u0111\u1ec3 th\u01b0\u1edfng th\u1ee9c trong b\u1eefa s\u00e1ng, tr\u01b0a ho\u1eb7c khi b\u1ea1n c\u1ea7n m\u1ed9t ly \u0111\u1ed3 u\u1ed1ng ngon l\u00e0nh v\u00e0 b\u1ed5 d\u01b0\u1ee1ng. \u0110\u01b0\u1ee3c ph\u1ee5c v\u1ee5 trong kh\u00f4ng gian \u1ea5m c\u00fang v\u00e0 th\u00e2n thi\u1ec7n c\u1ee7a <a href=\"https:\/\/tandoorvietnam.com\/vi\/\">Tandoor Vietnam<\/a>, b\u1ea1n c\u00f3 th\u1ec3 th\u1ea3 m\u00ecnh v\u00e0o kh\u00f4ng gian v\u0103n h\u00f3a \u1ea4n \u0110\u1ed9 v\u00e0 th\u01b0\u1edfng th\u1ee9c m\u1ed9t ly Lassi th\u01a1m d\u1ee9a \u0111\u1ed9c \u0111\u00e1o.<\/p>\n","protected":false},"excerpt":{"rendered":"<p>Lassi th\u01a1m l\u00e0 m\u1ed9t lo\u1ea1i \u0111\u1ed3 u\u1ed1ng truy\u1ec1n th\u1ed1ng t\u1eeb \u1ea4n \u0110\u1ed9 \u0111\u01b0\u1ee3c y\u00eau th\u00edch b\u1edfi h\u01b0\u01a1ng v\u1ecb t\u01b0\u01a1i m\u00e1t v\u00e0 th\u01a1m ngon. T\u1ea1i Tandoor Vietnam, ch\u00fang t\u00f4i mang \u0111\u1ebfn cho b\u1ea1n Lassi th\u01a1m d\u1ee9a, m\u1ed9t phi\u00ean b\u1ea3n \u0111\u1ed9c \u0111\u00e1o c\u1ee7a Lassi truy\u1ec1n th\u1ed1ng. Pineapple lassi k\u1ebft h\u1ee3p h\u01b0\u01a1ng v\u1ecb t\u01b0\u01a1i ngon c\u1ee7a d\u1ee9a t\u01b0\u01a1i [&hellip;]<\/p>\n","protected":false},"featured_media":3437,"template":"","meta":[],"product_brand":[],"product_cat":[231],"product_tag":[],"class_list":{"0":"post-3436","1":"product","2":"type-product","3":"status-publish","4":"has-post-thumbnail","6":"product_cat-cac-mon-nuoc","8":"first","9":"instock","10":"taxable","11":"shipping-taxable","12":"purchasable","13":"product-type-simple"},"yoast_head":"<!-- This site is optimized with the Yoast SEO Premium plugin v22.3 (Yoast SEO v27.6) - https:\/\/yoast.com\/product\/yoast-seo-premium-wordpress\/ -->\n<title>Pineapple lassi (LASSI TH\u01a0M) - Tandoor Vi\u1ec7t Nam<\/title>\n<meta name=\"description\" content=\"Lassi th\u01a1m - M\u1ed9t ly n\u01b0\u1edbc \u0111\u1eadm \u0111\u00e0 v\u00e0 s\u1ea3ng kho\u00e1i v\u1edbi h\u01b0\u01a1ng th\u01a1m t\u1ef1 nhi\u00ean t\u1eeb Tandoor Vietnam, m\u1ed9t ph\u1ea7n kh\u00f4ng th\u1ec3 thi\u1ebfu trong \u1ea9m th\u1ef1c \u1ea4n \u0110\u1ed9.\" \/>\n<meta name=\"robots\" content=\"index, follow, max-snippet:-1, max-image-preview:large, max-video-preview:-1\" \/>\n<link rel=\"canonical\" href=\"https:\/\/tandoorvietnam.com\/vi\/sanpham\/cac-mon-nuoc\/lassi-thom\/\" \/>\n<meta property=\"og:locale\" content=\"vi_VN\" \/>\n<meta property=\"og:type\" content=\"article\" \/>\n<meta property=\"og:title\" content=\"Pineapple lassi (LASSI TH\u01a0M)\" \/>\n<meta property=\"og:description\" content=\"Lassi th\u01a1m - M\u1ed9t ly n\u01b0\u1edbc \u0111\u1eadm \u0111\u00e0 v\u00e0 s\u1ea3ng kho\u00e1i v\u1edbi h\u01b0\u01a1ng th\u01a1m t\u1ef1 nhi\u00ean t\u1eeb Tandoor Vietnam, m\u1ed9t ph\u1ea7n kh\u00f4ng th\u1ec3 thi\u1ebfu trong \u1ea9m th\u1ef1c \u1ea4n \u0110\u1ed9.\" \/>\n<meta property=\"og:url\" content=\"https:\/\/tandoorvietnam.com\/vi\/sanpham\/cac-mon-nuoc\/lassi-thom\/\" \/>\n<meta property=\"og:site_name\" content=\"Tandoor Vi\u1ec7t Nam\" \/>\n<meta property=\"article:publisher\" content=\"https:\/\/www.facebook.com\/tandoor.hcmc\/\" \/>\n<meta property=\"article:modified_time\" content=\"2025-10-16T10:21:58+00:00\" \/>\n<meta property=\"og:image\" content=\"https:\/\/tandoorvietnam.com\/wp-content\/uploads\/2020\/06\/Pineaple-lassi-scaled.jpg\" \/>\n\t<meta property=\"og:image:width\" content=\"2048\" \/>\n\t<meta property=\"og:image:height\" content=\"2048\" \/>\n\t<meta property=\"og:image:type\" content=\"image\/jpeg\" \/>\n<meta name=\"twitter:card\" content=\"summary_large_image\" \/>\n<meta name=\"twitter:label1\" content=\"Est. reading time\" \/>\n\t<meta name=\"twitter:data1\" content=\"2 minutes\" \/>\n<script type=\"application\/ld+json\" class=\"yoast-schema-graph\">{\"@context\":\"https:\\\/\\\/schema.org\",\"@graph\":[{\"@type\":\"WebPage\",\"@id\":\"https:\\\/\\\/tandoorvietnam.com\\\/vi\\\/sanpham\\\/cac-mon-nuoc\\\/lassi-thom\\\/\",\"url\":\"https:\\\/\\\/tandoorvietnam.com\\\/vi\\\/sanpham\\\/cac-mon-nuoc\\\/lassi-thom\\\/\",\"name\":\"Pineapple lassi (LASSI TH\u01a0M) - Tandoor Vi\u1ec7t Nam\",\"isPartOf\":{\"@id\":\"https:\\\/\\\/tandoorvietnam.com\\\/vi\\\/#website\"},\"primaryImageOfPage\":{\"@id\":\"https:\\\/\\\/tandoorvietnam.com\\\/vi\\\/sanpham\\\/cac-mon-nuoc\\\/lassi-thom\\\/#primaryimage\"},\"image\":{\"@id\":\"https:\\\/\\\/tandoorvietnam.com\\\/vi\\\/sanpham\\\/cac-mon-nuoc\\\/lassi-thom\\\/#primaryimage\"},\"thumbnailUrl\":\"https:\\\/\\\/tandoorvietnam.com\\\/wp-content\\\/uploads\\\/2020\\\/06\\\/Pineaple-lassi-scaled.jpg\",\"datePublished\":\"2020-06-20T16:09:30+00:00\",\"dateModified\":\"2025-10-16T10:21:58+00:00\",\"description\":\"Lassi th\u01a1m - M\u1ed9t ly n\u01b0\u1edbc \u0111\u1eadm \u0111\u00e0 v\u00e0 s\u1ea3ng kho\u00e1i v\u1edbi h\u01b0\u01a1ng th\u01a1m t\u1ef1 nhi\u00ean t\u1eeb Tandoor Vietnam, m\u1ed9t ph\u1ea7n kh\u00f4ng th\u1ec3 thi\u1ebfu trong \u1ea9m th\u1ef1c \u1ea4n \u0110\u1ed9.\",\"breadcrumb\":{\"@id\":\"https:\\\/\\\/tandoorvietnam.com\\\/vi\\\/sanpham\\\/cac-mon-nuoc\\\/lassi-thom\\\/#breadcrumb\"},\"inLanguage\":\"vi-VN\",\"potentialAction\":[{\"@type\":\"ReadAction\",\"target\":[\"https:\\\/\\\/tandoorvietnam.com\\\/vi\\\/sanpham\\\/cac-mon-nuoc\\\/lassi-thom\\\/\"]}]},{\"@type\":\"ImageObject\",\"inLanguage\":\"vi-VN\",\"@id\":\"https:\\\/\\\/tandoorvietnam.com\\\/vi\\\/sanpham\\\/cac-mon-nuoc\\\/lassi-thom\\\/#primaryimage\",\"url\":\"https:\\\/\\\/tandoorvietnam.com\\\/wp-content\\\/uploads\\\/2020\\\/06\\\/Pineaple-lassi-scaled.jpg\",\"contentUrl\":\"https:\\\/\\\/tandoorvietnam.com\\\/wp-content\\\/uploads\\\/2020\\\/06\\\/Pineaple-lassi-scaled.jpg\",\"width\":2048,\"height\":2048,\"caption\":\"LASSI TH\u01a0M\"},{\"@type\":\"BreadcrumbList\",\"@id\":\"https:\\\/\\\/tandoorvietnam.com\\\/vi\\\/sanpham\\\/cac-mon-nuoc\\\/lassi-thom\\\/#breadcrumb\",\"itemListElement\":[{\"@type\":\"ListItem\",\"position\":1,\"name\":\"Trang Ch\u1ee7\",\"item\":\"https:\\\/\\\/tandoorvietnam.com\\\/vi\\\/\"},{\"@type\":\"ListItem\",\"position\":2,\"name\":\"Shop\",\"item\":\"https:\\\/\\\/tandoorvietnam.com\\\/shop\\\/\"},{\"@type\":\"ListItem\",\"position\":3,\"name\":\"Pineapple lassi (LASSI TH\u01a0M)\"}]},{\"@type\":\"WebSite\",\"@id\":\"https:\\\/\\\/tandoorvietnam.com\\\/vi\\\/#website\",\"url\":\"https:\\\/\\\/tandoorvietnam.com\\\/vi\\\/\",\"name\":\"Tandoor Vietnam\",\"description\":\"Nh\u00e0 h\u00e0ng ngon h\u1ed3 ch\u00ed minh\",\"publisher\":{\"@id\":\"https:\\\/\\\/tandoorvietnam.com\\\/vi\\\/#organization\"},\"potentialAction\":[{\"@type\":\"SearchAction\",\"target\":{\"@type\":\"EntryPoint\",\"urlTemplate\":\"https:\\\/\\\/tandoorvietnam.com\\\/vi\\\/?s={search_term_string}\"},\"query-input\":{\"@type\":\"PropertyValueSpecification\",\"valueRequired\":true,\"valueName\":\"search_term_string\"}}],\"inLanguage\":\"vi-VN\"},{\"@type\":\"Organization\",\"@id\":\"https:\\\/\\\/tandoorvietnam.com\\\/vi\\\/#organization\",\"name\":\"Tandoor Vietnam\",\"url\":\"https:\\\/\\\/tandoorvietnam.com\\\/vi\\\/\",\"logo\":{\"@type\":\"ImageObject\",\"inLanguage\":\"vi-VN\",\"@id\":\"https:\\\/\\\/tandoorvietnam.com\\\/vi\\\/#\\\/schema\\\/logo\\\/image\\\/\",\"url\":\"https:\\\/\\\/tandoorvietnam.com\\\/wp-content\\\/uploads\\\/2020\\\/07\\\/logo.png\",\"contentUrl\":\"https:\\\/\\\/tandoorvietnam.com\\\/wp-content\\\/uploads\\\/2020\\\/07\\\/logo.png\",\"width\":133,\"height\":75,\"caption\":\"Tandoor Vietnam\"},\"image\":{\"@id\":\"https:\\\/\\\/tandoorvietnam.com\\\/vi\\\/#\\\/schema\\\/logo\\\/image\\\/\"},\"sameAs\":[\"https:\\\/\\\/www.facebook.com\\\/tandoor.hcmc\\\/\"]}]}<\/script>\n<!-- \/ Yoast SEO Premium plugin. -->","yoast_head_json":{"title":"Pineapple lassi (LASSI TH\u01a0M) - Tandoor Vi\u1ec7t Nam","description":"Lassi th\u01a1m - M\u1ed9t ly n\u01b0\u1edbc \u0111\u1eadm \u0111\u00e0 v\u00e0 s\u1ea3ng kho\u00e1i v\u1edbi h\u01b0\u01a1ng th\u01a1m t\u1ef1 nhi\u00ean t\u1eeb Tandoor Vietnam, m\u1ed9t ph\u1ea7n kh\u00f4ng th\u1ec3 thi\u1ebfu trong \u1ea9m th\u1ef1c \u1ea4n \u0110\u1ed9.","robots":{"index":"index","follow":"follow","max-snippet":"max-snippet:-1","max-image-preview":"max-image-preview:large","max-video-preview":"max-video-preview:-1"},"canonical":"https:\/\/tandoorvietnam.com\/vi\/sanpham\/cac-mon-nuoc\/lassi-thom\/","og_locale":"vi_VN","og_type":"article","og_title":"Pineapple lassi (LASSI TH\u01a0M)","og_description":"Lassi th\u01a1m - M\u1ed9t ly n\u01b0\u1edbc \u0111\u1eadm \u0111\u00e0 v\u00e0 s\u1ea3ng kho\u00e1i v\u1edbi h\u01b0\u01a1ng th\u01a1m t\u1ef1 nhi\u00ean t\u1eeb Tandoor Vietnam, m\u1ed9t ph\u1ea7n kh\u00f4ng th\u1ec3 thi\u1ebfu trong \u1ea9m th\u1ef1c \u1ea4n \u0110\u1ed9.","og_url":"https:\/\/tandoorvietnam.com\/vi\/sanpham\/cac-mon-nuoc\/lassi-thom\/","og_site_name":"Tandoor Vi\u1ec7t Nam","article_publisher":"https:\/\/www.facebook.com\/tandoor.hcmc\/","article_modified_time":"2025-10-16T10:21:58+00:00","og_image":[{"width":2048,"height":2048,"url":"https:\/\/tandoorvietnam.com\/wp-content\/uploads\/2020\/06\/Pineaple-lassi-scaled.jpg","type":"image\/jpeg"}],"twitter_card":"summary_large_image","twitter_misc":{"Est. reading time":"2 minutes"},"schema":{"@context":"https:\/\/schema.org","@graph":[{"@type":"WebPage","@id":"https:\/\/tandoorvietnam.com\/vi\/sanpham\/cac-mon-nuoc\/lassi-thom\/","url":"https:\/\/tandoorvietnam.com\/vi\/sanpham\/cac-mon-nuoc\/lassi-thom\/","name":"Pineapple lassi (LASSI TH\u01a0M) - Tandoor Vi\u1ec7t Nam","isPartOf":{"@id":"https:\/\/tandoorvietnam.com\/vi\/#website"},"primaryImageOfPage":{"@id":"https:\/\/tandoorvietnam.com\/vi\/sanpham\/cac-mon-nuoc\/lassi-thom\/#primaryimage"},"image":{"@id":"https:\/\/tandoorvietnam.com\/vi\/sanpham\/cac-mon-nuoc\/lassi-thom\/#primaryimage"},"thumbnailUrl":"https:\/\/tandoorvietnam.com\/wp-content\/uploads\/2020\/06\/Pineaple-lassi-scaled.jpg","datePublished":"2020-06-20T16:09:30+00:00","dateModified":"2025-10-16T10:21:58+00:00","description":"Lassi th\u01a1m - M\u1ed9t ly n\u01b0\u1edbc \u0111\u1eadm \u0111\u00e0 v\u00e0 s\u1ea3ng kho\u00e1i v\u1edbi h\u01b0\u01a1ng th\u01a1m t\u1ef1 nhi\u00ean t\u1eeb Tandoor Vietnam, m\u1ed9t ph\u1ea7n kh\u00f4ng th\u1ec3 thi\u1ebfu trong \u1ea9m th\u1ef1c \u1ea4n \u0110\u1ed9.","breadcrumb":{"@id":"https:\/\/tandoorvietnam.com\/vi\/sanpham\/cac-mon-nuoc\/lassi-thom\/#breadcrumb"},"inLanguage":"vi-VN","potentialAction":[{"@type":"ReadAction","target":["https:\/\/tandoorvietnam.com\/vi\/sanpham\/cac-mon-nuoc\/lassi-thom\/"]}]},{"@type":"ImageObject","inLanguage":"vi-VN","@id":"https:\/\/tandoorvietnam.com\/vi\/sanpham\/cac-mon-nuoc\/lassi-thom\/#primaryimage","url":"https:\/\/tandoorvietnam.com\/wp-content\/uploads\/2020\/06\/Pineaple-lassi-scaled.jpg","contentUrl":"https:\/\/tandoorvietnam.com\/wp-content\/uploads\/2020\/06\/Pineaple-lassi-scaled.jpg","width":2048,"height":2048,"caption":"LASSI TH\u01a0M"},{"@type":"BreadcrumbList","@id":"https:\/\/tandoorvietnam.com\/vi\/sanpham\/cac-mon-nuoc\/lassi-thom\/#breadcrumb","itemListElement":[{"@type":"ListItem","position":1,"name":"Trang Ch\u1ee7","item":"https:\/\/tandoorvietnam.com\/vi\/"},{"@type":"ListItem","position":2,"name":"Shop","item":"https:\/\/tandoorvietnam.com\/shop\/"},{"@type":"ListItem","position":3,"name":"Pineapple lassi (LASSI TH\u01a0M)"}]},{"@type":"WebSite","@id":"https:\/\/tandoorvietnam.com\/vi\/#website","url":"https:\/\/tandoorvietnam.com\/vi\/","name":"Tandoor Vietnam","description":"Nh\u00e0 h\u00e0ng ngon h\u1ed3 ch\u00ed minh","publisher":{"@id":"https:\/\/tandoorvietnam.com\/vi\/#organization"},"potentialAction":[{"@type":"SearchAction","target":{"@type":"EntryPoint","urlTemplate":"https:\/\/tandoorvietnam.com\/vi\/?s={search_term_string}"},"query-input":{"@type":"PropertyValueSpecification","valueRequired":true,"valueName":"search_term_string"}}],"inLanguage":"vi-VN"},{"@type":"Organization","@id":"https:\/\/tandoorvietnam.com\/vi\/#organization","name":"Tandoor Vietnam","url":"https:\/\/tandoorvietnam.com\/vi\/","logo":{"@type":"ImageObject","inLanguage":"vi-VN","@id":"https:\/\/tandoorvietnam.com\/vi\/#\/schema\/logo\/image\/","url":"https:\/\/tandoorvietnam.com\/wp-content\/uploads\/2020\/07\/logo.png","contentUrl":"https:\/\/tandoorvietnam.com\/wp-content\/uploads\/2020\/07\/logo.png","width":133,"height":75,"caption":"Tandoor Vietnam"},"image":{"@id":"https:\/\/tandoorvietnam.com\/vi\/#\/schema\/logo\/image\/"},"sameAs":["https:\/\/www.facebook.com\/tandoor.hcmc\/"]}]}},"_links":{"self":[{"href":"https:\/\/tandoorvietnam.com\/vi\/wp-json\/wp\/v2\/product\/3436","targetHints":{"allow":["GET"]}}],"collection":[{"href":"https:\/\/tandoorvietnam.com\/vi\/wp-json\/wp\/v2\/product"}],"about":[{"href":"https:\/\/tandoorvietnam.com\/vi\/wp-json\/wp\/v2\/types\/product"}],"wp:featuredmedia":[{"embeddable":true,"href":"https:\/\/tandoorvietnam.com\/vi\/wp-json\/wp\/v2\/media\/3437"}],"wp:attachment":[{"href":"https:\/\/tandoorvietnam.com\/vi\/wp-json\/wp\/v2\/media?parent=3436"}],"wp:term":[{"taxonomy":"product_brand","embeddable":true,"href":"https:\/\/tandoorvietnam.com\/vi\/wp-json\/wp\/v2\/product_brand?post=3436"},{"taxonomy":"product_cat","embeddable":true,"href":"https:\/\/tandoorvietnam.com\/vi\/wp-json\/wp\/v2\/product_cat?post=3436"},{"taxonomy":"product_tag","embeddable":true,"href":"https:\/\/tandoorvietnam.com\/vi\/wp-json\/wp\/v2\/product_tag?post=3436"}],"curies":[{"name":"wp","href":"https:\/\/api.w.org\/{rel}","templated":true}]}}