{"id":3439,"date":"2020-06-20T16:16:55","date_gmt":"2021-04-19T09:38:47","guid":{"rendered":"http:\/\/tandoorvietnam.com\/product\/uncategorized\/nuoc-ep-buoi\/"},"modified":"2023-05-20T17:21:27","modified_gmt":"2023-05-20T17:21:27","slug":"nuoc-ep-buoi","status":"publish","type":"product","link":"https:\/\/tandoorvietnam.com\/vi\/sanpham\/cac-mon-nuoc\/nuoc-ep-buoi\/","title":{"rendered":"Pomelo (N\u01af\u1edaC \u00c9P B\u01af\u1edeI)"},"content":{"rendered":"<p>N\u01b0\u1edbc \u00e9p b\u01b0\u1edfi (Pomelo juice) l\u00e0 m\u1ed9t trong nh\u1eefng th\u1ee9c u\u1ed1ng t\u01b0\u01a1i m\u00e1t v\u00e0 b\u1ed5 d\u01b0\u1ee1ng nh\u1ea5t b\u1ea1n c\u00f3 th\u1ec3 th\u01b0\u1edfng th\u1ee9c t\u1ea1i Tandoor Vietnam. Ch\u00fang t\u00f4i s\u1eed d\u1ee5ng nh\u1eefng tr\u00e1i b\u01b0\u1edfi t\u01b0\u01a1i ngon v\u00e0 ch\u1ea5t l\u01b0\u1ee3ng cao \u0111\u1ec3 t\u1ea1o ra m\u1ed9t lo\u1ea1i n\u01b0\u1edbc \u00e9p t\u1ef1 nhi\u00ean, ng\u1ecdt ng\u00e0o v\u00e0 gi\u00e0u vitamin.<\/p>\n<p>H\u01b0\u01a1ng v\u1ecb c\u1ee7a Pomelo juice\u00a0t\u1ea1i Tandoor Vietnam l\u00e0 tinh khi\u1ebft v\u00e0 \u0111\u1eb7c tr\u01b0ng. M\u1ed7i ng\u1ee5m Pomelo juice\u00a0mang \u0111\u1ebfn c\u1ea3m gi\u00e1c m\u00e1t l\u1ea1nh tr\u00ean \u0111\u1ea7u l\u01b0\u1ee1i v\u00e0 h\u01b0\u01a1ng th\u01a1m t\u01b0\u01a1i ngon c\u1ee7a tr\u00e1i c\u00e2y. B\u01b0\u1edfi l\u00e0 m\u1ed9t ngu\u1ed3n cung c\u1ea5p ch\u1ea5t ch\u1ed1ng oxy h\u00f3a v\u00e0 vitamin C t\u1ef1 nhi\u00ean, gi\u00fap t\u0103ng c\u01b0\u1eddng h\u1ec7 mi\u1ec5n d\u1ecbch v\u00e0 cung c\u1ea5p n\u0103ng l\u01b0\u1ee3ng cho c\u01a1 th\u1ec3.<\/p>\n<p>N\u01b0\u1edbc \u00e9p b\u01b0\u1edfi kh\u00f4ng ch\u1ec9 l\u00e0 m\u1ed9t th\u1ee9c u\u1ed1ng ngon m\u00e0 c\u00f2n c\u00f3 nhi\u1ec1u l\u1ee3i \u00edch cho s\u1ee9c kh\u1ecfe. N\u00f3 gi\u00fap cung c\u1ea5p n\u01b0\u1edbc v\u00e0 hydrat h\u00f3a c\u01a1 th\u1ec3, h\u1ed7 tr\u1ee3 qu\u00e1 tr\u00ecnh ti\u00eau h\u00f3a v\u00e0 gi\u1ea3m c\u0103ng th\u1eb3ng. \u0110\u1eb7c bi\u1ec7t, Pomelo juice\u00a0c\u0169ng \u0111\u01b0\u1ee3c cho l\u00e0 c\u00f3 t\u00e1c d\u1ee5ng l\u00e0m \u0111\u1eb9p da, gi\u00fap cung c\u1ea5p d\u01b0\u1ee1ng ch\u1ea5t cho l\u00e0n da v\u00e0 l\u00e0m t\u0103ng s\u1ef1 t\u01b0\u01a1i tr\u1ebb.<\/p>\n<p>Pomelo juice t\u1ea1i Tandoor Vietnam \u0111\u01b0\u1ee3c l\u00e0m t\u1eeb nguy\u00ean li\u1ec7u t\u01b0\u01a1i ngon v\u00e0 kh\u00f4ng ch\u1ee9a ch\u1ea5t b\u1ea3o qu\u1ea3n hay ph\u1ea9m m\u00e0u nh\u00e2n t\u1ea1o. Ch\u00fang t\u00f4i cam k\u1ebft mang \u0111\u1ebfn cho kh\u00e1ch h\u00e0ng nh\u1eefng s\u1ea3n ph\u1ea9m ch\u1ea5t l\u01b0\u1ee3ng v\u00e0 an to\u00e0n nh\u1ea5t.<\/p>\n<p>H\u00e3y th\u01b0\u1edfng th\u1ee9c h\u01b0\u01a1ng v\u1ecb tuy\u1ec7t v\u1eddi c\u1ee7a Pomelo juice t\u1ea1i Tandoor Vietnam. H\u00e3y \u0111\u1eafm ch\u00ecm trong c\u1ea3m gi\u00e1c t\u01b0\u01a1i m\u00e1t v\u00e0 ng\u1ecdt ng\u00e0o, c\u00f9ng v\u1edbi l\u1ee3i \u00edch cho s\u1ee9c kh\u1ecfe m\u00e0 n\u01b0\u1edbc \u00e9p b\u01b0\u1edfi mang l\u1ea1i.<\/p>\n","protected":false},"excerpt":{"rendered":"<p>N\u01b0\u1edbc \u00e9p b\u01b0\u1edfi (Pomelo juice) l\u00e0 m\u1ed9t trong nh\u1eefng th\u1ee9c u\u1ed1ng t\u01b0\u01a1i m\u00e1t v\u00e0 b\u1ed5 d\u01b0\u1ee1ng nh\u1ea5t b\u1ea1n c\u00f3 th\u1ec3 th\u01b0\u1edfng th\u1ee9c t\u1ea1i Tandoor Vietnam. Ch\u00fang t\u00f4i s\u1eed d\u1ee5ng nh\u1eefng tr\u00e1i b\u01b0\u1edfi t\u01b0\u01a1i ngon v\u00e0 ch\u1ea5t l\u01b0\u1ee3ng cao \u0111\u1ec3 t\u1ea1o ra m\u1ed9t lo\u1ea1i n\u01b0\u1edbc \u00e9p t\u1ef1 nhi\u00ean, ng\u1ecdt ng\u00e0o v\u00e0 gi\u00e0u vitamin. H\u01b0\u01a1ng v\u1ecb c\u1ee7a [&hellip;]<\/p>\n","protected":false},"featured_media":3440,"template":"","meta":[],"product_brand":[],"product_cat":[231],"product_tag":[],"class_list":{"0":"post-3439","1":"product","2":"type-product","3":"status-publish","4":"has-post-thumbnail","6":"product_cat-cac-mon-nuoc","8":"first","9":"instock","10":"taxable","11":"shipping-taxable","12":"purchasable","13":"product-type-simple"},"yoast_head":"<!-- This site is optimized with the Yoast SEO Premium plugin v22.3 (Yoast SEO v27.4) - https:\/\/yoast.com\/product\/yoast-seo-premium-wordpress\/ -->\n<title>Pomelo (N\u01af\u1edaC \u00c9P B\u01af\u1edeI) - Tandoor Vi\u1ec7t Nam<\/title>\n<meta name=\"description\" content=\"N\u01b0\u1edbc \u00e9p b\u01b0\u1edfi t\u01b0\u01a1i m\u00e1t, ng\u1ecdt ng\u00e0o v\u00e0 gi\u00e0u vitamin t\u1ea1i Tandoor Vietnam. Kh\u00e1m ph\u00e1 h\u01b0\u01a1ng v\u1ecb tinh khi\u1ebft v\u00e0 b\u1ed5 d\u01b0\u1ee1ng c\u1ee7a n\u01b0\u1edbc \u00e9p b\u01b0\u1edfi \u0111\u1eb7c tr\u01b0ng.\" \/>\n<meta name=\"robots\" content=\"index, follow, max-snippet:-1, max-image-preview:large, max-video-preview:-1\" \/>\n<link rel=\"canonical\" href=\"https:\/\/tandoorvietnam.com\/vi\/sanpham\/cac-mon-nuoc\/nuoc-ep-buoi\/\" \/>\n<meta property=\"og:locale\" content=\"vi_VN\" \/>\n<meta property=\"og:type\" content=\"article\" \/>\n<meta property=\"og:title\" content=\"Pomelo (N\u01af\u1edaC \u00c9P B\u01af\u1edeI)\" \/>\n<meta property=\"og:description\" content=\"N\u01b0\u1edbc \u00e9p b\u01b0\u1edfi t\u01b0\u01a1i m\u00e1t, ng\u1ecdt ng\u00e0o v\u00e0 gi\u00e0u vitamin t\u1ea1i Tandoor Vietnam. Kh\u00e1m ph\u00e1 h\u01b0\u01a1ng v\u1ecb tinh khi\u1ebft v\u00e0 b\u1ed5 d\u01b0\u1ee1ng c\u1ee7a n\u01b0\u1edbc \u00e9p b\u01b0\u1edfi \u0111\u1eb7c tr\u01b0ng.\" \/>\n<meta property=\"og:url\" content=\"https:\/\/tandoorvietnam.com\/vi\/sanpham\/cac-mon-nuoc\/nuoc-ep-buoi\/\" \/>\n<meta property=\"og:site_name\" content=\"Tandoor Vi\u1ec7t Nam\" \/>\n<meta property=\"article:publisher\" content=\"https:\/\/www.facebook.com\/tandoor.hcmc\/\" \/>\n<meta property=\"article:modified_time\" content=\"2023-05-20T17:21:27+00:00\" \/>\n<meta property=\"og:image\" content=\"https:\/\/tandoorvietnam.com\/wp-content\/uploads\/2020\/06\/Pomelo-juice.jpg\" \/>\n\t<meta property=\"og:image:width\" content=\"800\" \/>\n\t<meta property=\"og:image:height\" content=\"800\" \/>\n\t<meta property=\"og:image:type\" content=\"image\/jpeg\" \/>\n<meta name=\"twitter:card\" content=\"summary_large_image\" \/>\n<meta name=\"twitter:label1\" content=\"Est. reading time\" \/>\n\t<meta name=\"twitter:data1\" content=\"2 minutes\" \/>\n<script type=\"application\/ld+json\" class=\"yoast-schema-graph\">{\"@context\":\"https:\\\/\\\/schema.org\",\"@graph\":[{\"@type\":\"WebPage\",\"@id\":\"https:\\\/\\\/tandoorvietnam.com\\\/vi\\\/sanpham\\\/cac-mon-nuoc\\\/nuoc-ep-buoi\\\/\",\"url\":\"https:\\\/\\\/tandoorvietnam.com\\\/vi\\\/sanpham\\\/cac-mon-nuoc\\\/nuoc-ep-buoi\\\/\",\"name\":\"Pomelo (N\u01af\u1edaC \u00c9P B\u01af\u1edeI) - Tandoor Vi\u1ec7t Nam\",\"isPartOf\":{\"@id\":\"https:\\\/\\\/tandoorvietnam.com\\\/vi\\\/#website\"},\"primaryImageOfPage\":{\"@id\":\"https:\\\/\\\/tandoorvietnam.com\\\/vi\\\/sanpham\\\/cac-mon-nuoc\\\/nuoc-ep-buoi\\\/#primaryimage\"},\"image\":{\"@id\":\"https:\\\/\\\/tandoorvietnam.com\\\/vi\\\/sanpham\\\/cac-mon-nuoc\\\/nuoc-ep-buoi\\\/#primaryimage\"},\"thumbnailUrl\":\"https:\\\/\\\/tandoorvietnam.com\\\/wp-content\\\/uploads\\\/2020\\\/06\\\/Pomelo-juice.jpg\",\"datePublished\":\"2021-04-19T09:38:47+00:00\",\"dateModified\":\"2023-05-20T17:21:27+00:00\",\"description\":\"N\u01b0\u1edbc \u00e9p b\u01b0\u1edfi t\u01b0\u01a1i m\u00e1t, ng\u1ecdt ng\u00e0o v\u00e0 gi\u00e0u vitamin t\u1ea1i Tandoor Vietnam. Kh\u00e1m ph\u00e1 h\u01b0\u01a1ng v\u1ecb tinh khi\u1ebft v\u00e0 b\u1ed5 d\u01b0\u1ee1ng c\u1ee7a n\u01b0\u1edbc \u00e9p b\u01b0\u1edfi \u0111\u1eb7c tr\u01b0ng.\",\"breadcrumb\":{\"@id\":\"https:\\\/\\\/tandoorvietnam.com\\\/vi\\\/sanpham\\\/cac-mon-nuoc\\\/nuoc-ep-buoi\\\/#breadcrumb\"},\"inLanguage\":\"vi-VN\",\"potentialAction\":[{\"@type\":\"ReadAction\",\"target\":[\"https:\\\/\\\/tandoorvietnam.com\\\/vi\\\/sanpham\\\/cac-mon-nuoc\\\/nuoc-ep-buoi\\\/\"]}]},{\"@type\":\"ImageObject\",\"inLanguage\":\"vi-VN\",\"@id\":\"https:\\\/\\\/tandoorvietnam.com\\\/vi\\\/sanpham\\\/cac-mon-nuoc\\\/nuoc-ep-buoi\\\/#primaryimage\",\"url\":\"https:\\\/\\\/tandoorvietnam.com\\\/wp-content\\\/uploads\\\/2020\\\/06\\\/Pomelo-juice.jpg\",\"contentUrl\":\"https:\\\/\\\/tandoorvietnam.com\\\/wp-content\\\/uploads\\\/2020\\\/06\\\/Pomelo-juice.jpg\",\"width\":800,\"height\":800,\"caption\":\"\u01af\u1edaC \u00c9P B\u01af\u1edeI\"},{\"@type\":\"BreadcrumbList\",\"@id\":\"https:\\\/\\\/tandoorvietnam.com\\\/vi\\\/sanpham\\\/cac-mon-nuoc\\\/nuoc-ep-buoi\\\/#breadcrumb\",\"itemListElement\":[{\"@type\":\"ListItem\",\"position\":1,\"name\":\"Trang Ch\u1ee7\",\"item\":\"https:\\\/\\\/tandoorvietnam.com\\\/vi\\\/\"},{\"@type\":\"ListItem\",\"position\":2,\"name\":\"Shop\",\"item\":\"https:\\\/\\\/tandoorvietnam.com\\\/shop\\\/\"},{\"@type\":\"ListItem\",\"position\":3,\"name\":\"Pomelo (N\u01af\u1edaC \u00c9P B\u01af\u1edeI)\"}]},{\"@type\":\"WebSite\",\"@id\":\"https:\\\/\\\/tandoorvietnam.com\\\/vi\\\/#website\",\"url\":\"https:\\\/\\\/tandoorvietnam.com\\\/vi\\\/\",\"name\":\"Tandoor Vietnam\",\"description\":\"Nh\u00e0 h\u00e0ng ngon h\u1ed3 ch\u00ed minh\",\"publisher\":{\"@id\":\"https:\\\/\\\/tandoorvietnam.com\\\/vi\\\/#organization\"},\"potentialAction\":[{\"@type\":\"SearchAction\",\"target\":{\"@type\":\"EntryPoint\",\"urlTemplate\":\"https:\\\/\\\/tandoorvietnam.com\\\/vi\\\/?s={search_term_string}\"},\"query-input\":{\"@type\":\"PropertyValueSpecification\",\"valueRequired\":true,\"valueName\":\"search_term_string\"}}],\"inLanguage\":\"vi-VN\"},{\"@type\":\"Organization\",\"@id\":\"https:\\\/\\\/tandoorvietnam.com\\\/vi\\\/#organization\",\"name\":\"Tandoor Vietnam\",\"url\":\"https:\\\/\\\/tandoorvietnam.com\\\/vi\\\/\",\"logo\":{\"@type\":\"ImageObject\",\"inLanguage\":\"vi-VN\",\"@id\":\"https:\\\/\\\/tandoorvietnam.com\\\/vi\\\/#\\\/schema\\\/logo\\\/image\\\/\",\"url\":\"https:\\\/\\\/tandoorvietnam.com\\\/wp-content\\\/uploads\\\/2020\\\/07\\\/logo.png\",\"contentUrl\":\"https:\\\/\\\/tandoorvietnam.com\\\/wp-content\\\/uploads\\\/2020\\\/07\\\/logo.png\",\"width\":133,\"height\":75,\"caption\":\"Tandoor Vietnam\"},\"image\":{\"@id\":\"https:\\\/\\\/tandoorvietnam.com\\\/vi\\\/#\\\/schema\\\/logo\\\/image\\\/\"},\"sameAs\":[\"https:\\\/\\\/www.facebook.com\\\/tandoor.hcmc\\\/\"]}]}<\/script>\n<!-- \/ Yoast SEO Premium plugin. -->","yoast_head_json":{"title":"Pomelo (N\u01af\u1edaC \u00c9P B\u01af\u1edeI) - Tandoor Vi\u1ec7t Nam","description":"N\u01b0\u1edbc \u00e9p b\u01b0\u1edfi t\u01b0\u01a1i m\u00e1t, ng\u1ecdt ng\u00e0o v\u00e0 gi\u00e0u vitamin t\u1ea1i Tandoor Vietnam. Kh\u00e1m ph\u00e1 h\u01b0\u01a1ng v\u1ecb tinh khi\u1ebft v\u00e0 b\u1ed5 d\u01b0\u1ee1ng c\u1ee7a n\u01b0\u1edbc \u00e9p b\u01b0\u1edfi \u0111\u1eb7c tr\u01b0ng.","robots":{"index":"index","follow":"follow","max-snippet":"max-snippet:-1","max-image-preview":"max-image-preview:large","max-video-preview":"max-video-preview:-1"},"canonical":"https:\/\/tandoorvietnam.com\/vi\/sanpham\/cac-mon-nuoc\/nuoc-ep-buoi\/","og_locale":"vi_VN","og_type":"article","og_title":"Pomelo (N\u01af\u1edaC \u00c9P B\u01af\u1edeI)","og_description":"N\u01b0\u1edbc \u00e9p b\u01b0\u1edfi t\u01b0\u01a1i m\u00e1t, ng\u1ecdt ng\u00e0o v\u00e0 gi\u00e0u vitamin t\u1ea1i Tandoor Vietnam. Kh\u00e1m ph\u00e1 h\u01b0\u01a1ng v\u1ecb tinh khi\u1ebft v\u00e0 b\u1ed5 d\u01b0\u1ee1ng c\u1ee7a n\u01b0\u1edbc \u00e9p b\u01b0\u1edfi \u0111\u1eb7c tr\u01b0ng.","og_url":"https:\/\/tandoorvietnam.com\/vi\/sanpham\/cac-mon-nuoc\/nuoc-ep-buoi\/","og_site_name":"Tandoor Vi\u1ec7t Nam","article_publisher":"https:\/\/www.facebook.com\/tandoor.hcmc\/","article_modified_time":"2023-05-20T17:21:27+00:00","og_image":[{"width":800,"height":800,"url":"https:\/\/tandoorvietnam.com\/wp-content\/uploads\/2020\/06\/Pomelo-juice.jpg","type":"image\/jpeg"}],"twitter_card":"summary_large_image","twitter_misc":{"Est. reading time":"2 minutes"},"schema":{"@context":"https:\/\/schema.org","@graph":[{"@type":"WebPage","@id":"https:\/\/tandoorvietnam.com\/vi\/sanpham\/cac-mon-nuoc\/nuoc-ep-buoi\/","url":"https:\/\/tandoorvietnam.com\/vi\/sanpham\/cac-mon-nuoc\/nuoc-ep-buoi\/","name":"Pomelo (N\u01af\u1edaC \u00c9P B\u01af\u1edeI) - Tandoor Vi\u1ec7t Nam","isPartOf":{"@id":"https:\/\/tandoorvietnam.com\/vi\/#website"},"primaryImageOfPage":{"@id":"https:\/\/tandoorvietnam.com\/vi\/sanpham\/cac-mon-nuoc\/nuoc-ep-buoi\/#primaryimage"},"image":{"@id":"https:\/\/tandoorvietnam.com\/vi\/sanpham\/cac-mon-nuoc\/nuoc-ep-buoi\/#primaryimage"},"thumbnailUrl":"https:\/\/tandoorvietnam.com\/wp-content\/uploads\/2020\/06\/Pomelo-juice.jpg","datePublished":"2021-04-19T09:38:47+00:00","dateModified":"2023-05-20T17:21:27+00:00","description":"N\u01b0\u1edbc \u00e9p b\u01b0\u1edfi t\u01b0\u01a1i m\u00e1t, ng\u1ecdt ng\u00e0o v\u00e0 gi\u00e0u vitamin t\u1ea1i Tandoor Vietnam. Kh\u00e1m ph\u00e1 h\u01b0\u01a1ng v\u1ecb tinh khi\u1ebft v\u00e0 b\u1ed5 d\u01b0\u1ee1ng c\u1ee7a n\u01b0\u1edbc \u00e9p b\u01b0\u1edfi \u0111\u1eb7c tr\u01b0ng.","breadcrumb":{"@id":"https:\/\/tandoorvietnam.com\/vi\/sanpham\/cac-mon-nuoc\/nuoc-ep-buoi\/#breadcrumb"},"inLanguage":"vi-VN","potentialAction":[{"@type":"ReadAction","target":["https:\/\/tandoorvietnam.com\/vi\/sanpham\/cac-mon-nuoc\/nuoc-ep-buoi\/"]}]},{"@type":"ImageObject","inLanguage":"vi-VN","@id":"https:\/\/tandoorvietnam.com\/vi\/sanpham\/cac-mon-nuoc\/nuoc-ep-buoi\/#primaryimage","url":"https:\/\/tandoorvietnam.com\/wp-content\/uploads\/2020\/06\/Pomelo-juice.jpg","contentUrl":"https:\/\/tandoorvietnam.com\/wp-content\/uploads\/2020\/06\/Pomelo-juice.jpg","width":800,"height":800,"caption":"\u01af\u1edaC \u00c9P B\u01af\u1edeI"},{"@type":"BreadcrumbList","@id":"https:\/\/tandoorvietnam.com\/vi\/sanpham\/cac-mon-nuoc\/nuoc-ep-buoi\/#breadcrumb","itemListElement":[{"@type":"ListItem","position":1,"name":"Trang Ch\u1ee7","item":"https:\/\/tandoorvietnam.com\/vi\/"},{"@type":"ListItem","position":2,"name":"Shop","item":"https:\/\/tandoorvietnam.com\/shop\/"},{"@type":"ListItem","position":3,"name":"Pomelo (N\u01af\u1edaC \u00c9P B\u01af\u1edeI)"}]},{"@type":"WebSite","@id":"https:\/\/tandoorvietnam.com\/vi\/#website","url":"https:\/\/tandoorvietnam.com\/vi\/","name":"Tandoor Vietnam","description":"Nh\u00e0 h\u00e0ng ngon h\u1ed3 ch\u00ed minh","publisher":{"@id":"https:\/\/tandoorvietnam.com\/vi\/#organization"},"potentialAction":[{"@type":"SearchAction","target":{"@type":"EntryPoint","urlTemplate":"https:\/\/tandoorvietnam.com\/vi\/?s={search_term_string}"},"query-input":{"@type":"PropertyValueSpecification","valueRequired":true,"valueName":"search_term_string"}}],"inLanguage":"vi-VN"},{"@type":"Organization","@id":"https:\/\/tandoorvietnam.com\/vi\/#organization","name":"Tandoor Vietnam","url":"https:\/\/tandoorvietnam.com\/vi\/","logo":{"@type":"ImageObject","inLanguage":"vi-VN","@id":"https:\/\/tandoorvietnam.com\/vi\/#\/schema\/logo\/image\/","url":"https:\/\/tandoorvietnam.com\/wp-content\/uploads\/2020\/07\/logo.png","contentUrl":"https:\/\/tandoorvietnam.com\/wp-content\/uploads\/2020\/07\/logo.png","width":133,"height":75,"caption":"Tandoor Vietnam"},"image":{"@id":"https:\/\/tandoorvietnam.com\/vi\/#\/schema\/logo\/image\/"},"sameAs":["https:\/\/www.facebook.com\/tandoor.hcmc\/"]}]}},"_links":{"self":[{"href":"https:\/\/tandoorvietnam.com\/vi\/wp-json\/wp\/v2\/product\/3439","targetHints":{"allow":["GET"]}}],"collection":[{"href":"https:\/\/tandoorvietnam.com\/vi\/wp-json\/wp\/v2\/product"}],"about":[{"href":"https:\/\/tandoorvietnam.com\/vi\/wp-json\/wp\/v2\/types\/product"}],"wp:featuredmedia":[{"embeddable":true,"href":"https:\/\/tandoorvietnam.com\/vi\/wp-json\/wp\/v2\/media\/3440"}],"wp:attachment":[{"href":"https:\/\/tandoorvietnam.com\/vi\/wp-json\/wp\/v2\/media?parent=3439"}],"wp:term":[{"taxonomy":"product_brand","embeddable":true,"href":"https:\/\/tandoorvietnam.com\/vi\/wp-json\/wp\/v2\/product_brand?post=3439"},{"taxonomy":"product_cat","embeddable":true,"href":"https:\/\/tandoorvietnam.com\/vi\/wp-json\/wp\/v2\/product_cat?post=3439"},{"taxonomy":"product_tag","embeddable":true,"href":"https:\/\/tandoorvietnam.com\/vi\/wp-json\/wp\/v2\/product_tag?post=3439"}],"curies":[{"name":"wp","href":"https:\/\/api.w.org\/{rel}","templated":true}]}}