{"id":3445,"date":"2020-06-23T12:32:22","date_gmt":"2021-04-19T09:39:24","guid":{"rendered":"http:\/\/tandoorvietnam.com\/product\/uncategorized\/jb-nhan-do\/"},"modified":"2023-05-20T10:15:05","modified_gmt":"2023-05-20T10:15:05","slug":"jb-nhan-do","status":"publish","type":"product","link":"https:\/\/tandoorvietnam.com\/vi\/sanpham\/cac-mon-nuoc\/jb-nhan-do\/","title":{"rendered":"Red Label- J&amp;B (J&amp;B NH\u00c3N \u0110\u1ece)"},"content":{"rendered":"<p>JB Nh\u00e3n \u0110\u1ecf l\u00e0 m\u1ed9t th\u1ee9c u\u1ed1ng tr\u00e1i c\u00e2y t\u01b0\u01a1i ngon v\u00e0 m\u00e1t l\u1ea1nh, \u0111\u01b0\u1ee3c \u0111\u1eb7c tr\u01b0ng b\u1edfi h\u01b0\u01a1ng v\u1ecb \u0111\u1ed9c \u0111\u00e1o c\u1ee7a nh\u00e3n \u0111\u1ecf t\u01b0\u01a1i m\u1ecdng. T\u1ea1i Tandoor Vietnam, ch\u00fang t\u00f4i s\u1eed d\u1ee5ng nh\u1eefng tr\u00e1i nh\u00e3n \u0111\u1ecf t\u01b0\u01a1i ngon nh\u1ea5t \u0111\u1ec3 t\u1ea1o ra th\u1ee9c u\u1ed1ng JB Nh\u00e3n \u0110\u1ecf h\u1ea5p d\u1eabn.<\/p>\n<p>&nbsp;<\/p>\n","protected":false},"excerpt":{"rendered":"<p>JB Nh\u00e3n \u0110\u1ecf l\u00e0 m\u1ed9t th\u1ee9c u\u1ed1ng tr\u00e1i c\u00e2y t\u01b0\u01a1i ngon v\u00e0 m\u00e1t l\u1ea1nh, \u0111\u01b0\u1ee3c \u0111\u1eb7c tr\u01b0ng b\u1edfi h\u01b0\u01a1ng v\u1ecb \u0111\u1ed9c \u0111\u00e1o c\u1ee7a nh\u00e3n \u0111\u1ecf t\u01b0\u01a1i m\u1ecdng. T\u1ea1i Tandoor Vietnam, ch\u00fang t\u00f4i s\u1eed d\u1ee5ng nh\u1eefng tr\u00e1i nh\u00e3n \u0111\u1ecf t\u01b0\u01a1i ngon nh\u1ea5t \u0111\u1ec3 t\u1ea1o ra th\u1ee9c u\u1ed1ng JB Nh\u00e3n \u0110\u1ecf h\u1ea5p d\u1eabn. &nbsp;<\/p>\n","protected":false},"featured_media":0,"template":"","meta":[],"product_brand":[],"product_cat":[231],"product_tag":[],"class_list":{"0":"post-3445","1":"product","2":"type-product","3":"status-publish","5":"product_cat-cac-mon-nuoc","7":"first","8":"instock","9":"taxable","10":"shipping-taxable","11":"purchasable","12":"product-type-simple"},"yoast_head":"<!-- This site is optimized with the Yoast SEO Premium plugin v22.3 (Yoast SEO v27.5) - https:\/\/yoast.com\/product\/yoast-seo-premium-wordpress\/ -->\n<title>Red Label- J&amp;B (J&amp;B NH\u00c3N \u0110\u1ece) - Tandoor Vi\u1ec7t Nam<\/title>\n<meta name=\"description\" content=\"JB Nh\u00e3n \u0110\u1ecf - \u0110\u1eadm \u0111\u00e0 v\u00e0 m\u00e1t l\u1ea1nh, th\u1ee9c u\u1ed1ng tr\u00e1i c\u00e2y t\u01b0\u01a1i ngon t\u1eeb Tandoor Vietnam. Kh\u00e1m ph\u00e1 h\u01b0\u01a1ng v\u1ecb \u0111\u1ed9c \u0111\u00e1o c\u1ee7a JB Nh\u00e3n \u0110\u1ecf ngay h\u00f4m nay.\" \/>\n<meta name=\"robots\" content=\"index, follow, max-snippet:-1, max-image-preview:large, max-video-preview:-1\" \/>\n<link rel=\"canonical\" href=\"https:\/\/tandoorvietnam.com\/vi\/sanpham\/cac-mon-nuoc\/jb-nhan-do\/\" \/>\n<meta property=\"og:locale\" content=\"vi_VN\" \/>\n<meta property=\"og:type\" content=\"article\" \/>\n<meta property=\"og:title\" content=\"Red Label- J&amp;B (J&amp;B NH\u00c3N \u0110\u1ece)\" \/>\n<meta property=\"og:description\" content=\"JB Nh\u00e3n \u0110\u1ecf - \u0110\u1eadm \u0111\u00e0 v\u00e0 m\u00e1t l\u1ea1nh, th\u1ee9c u\u1ed1ng tr\u00e1i c\u00e2y t\u01b0\u01a1i ngon t\u1eeb Tandoor Vietnam. Kh\u00e1m ph\u00e1 h\u01b0\u01a1ng v\u1ecb \u0111\u1ed9c \u0111\u00e1o c\u1ee7a JB Nh\u00e3n \u0110\u1ecf ngay h\u00f4m nay.\" \/>\n<meta property=\"og:url\" content=\"https:\/\/tandoorvietnam.com\/vi\/sanpham\/cac-mon-nuoc\/jb-nhan-do\/\" \/>\n<meta property=\"og:site_name\" content=\"Tandoor Vi\u1ec7t Nam\" \/>\n<meta property=\"article:publisher\" content=\"https:\/\/www.facebook.com\/tandoor.hcmc\/\" \/>\n<meta property=\"article:modified_time\" content=\"2023-05-20T10:15:05+00:00\" \/>\n<meta property=\"og:image\" content=\"https:\/\/tandoorvietnam.com\/wp-content\/uploads\/2020\/07\/opengraph.jpg\" \/>\n\t<meta property=\"og:image:width\" content=\"1200\" \/>\n\t<meta property=\"og:image:height\" content=\"630\" \/>\n\t<meta property=\"og:image:type\" content=\"image\/jpeg\" \/>\n<meta name=\"twitter:card\" content=\"summary_large_image\" \/>\n<meta name=\"twitter:label1\" content=\"Est. reading time\" \/>\n\t<meta name=\"twitter:data1\" content=\"2 minutes\" \/>\n<script type=\"application\/ld+json\" class=\"yoast-schema-graph\">{\"@context\":\"https:\\\/\\\/schema.org\",\"@graph\":[{\"@type\":\"WebPage\",\"@id\":\"https:\\\/\\\/tandoorvietnam.com\\\/vi\\\/sanpham\\\/cac-mon-nuoc\\\/jb-nhan-do\\\/\",\"url\":\"https:\\\/\\\/tandoorvietnam.com\\\/vi\\\/sanpham\\\/cac-mon-nuoc\\\/jb-nhan-do\\\/\",\"name\":\"Red Label- J&amp;B (J&amp;B NH\u00c3N \u0110\u1ece) - Tandoor Vi\u1ec7t Nam\",\"isPartOf\":{\"@id\":\"https:\\\/\\\/tandoorvietnam.com\\\/vi\\\/#website\"},\"datePublished\":\"2021-04-19T09:39:24+00:00\",\"dateModified\":\"2023-05-20T10:15:05+00:00\",\"description\":\"JB Nh\u00e3n \u0110\u1ecf - \u0110\u1eadm \u0111\u00e0 v\u00e0 m\u00e1t l\u1ea1nh, th\u1ee9c u\u1ed1ng tr\u00e1i c\u00e2y t\u01b0\u01a1i ngon t\u1eeb Tandoor Vietnam. Kh\u00e1m ph\u00e1 h\u01b0\u01a1ng v\u1ecb \u0111\u1ed9c \u0111\u00e1o c\u1ee7a JB Nh\u00e3n \u0110\u1ecf ngay h\u00f4m nay.\",\"breadcrumb\":{\"@id\":\"https:\\\/\\\/tandoorvietnam.com\\\/vi\\\/sanpham\\\/cac-mon-nuoc\\\/jb-nhan-do\\\/#breadcrumb\"},\"inLanguage\":\"vi-VN\",\"potentialAction\":[{\"@type\":\"ReadAction\",\"target\":[\"https:\\\/\\\/tandoorvietnam.com\\\/vi\\\/sanpham\\\/cac-mon-nuoc\\\/jb-nhan-do\\\/\"]}]},{\"@type\":\"BreadcrumbList\",\"@id\":\"https:\\\/\\\/tandoorvietnam.com\\\/vi\\\/sanpham\\\/cac-mon-nuoc\\\/jb-nhan-do\\\/#breadcrumb\",\"itemListElement\":[{\"@type\":\"ListItem\",\"position\":1,\"name\":\"Trang Ch\u1ee7\",\"item\":\"https:\\\/\\\/tandoorvietnam.com\\\/vi\\\/\"},{\"@type\":\"ListItem\",\"position\":2,\"name\":\"Shop\",\"item\":\"https:\\\/\\\/tandoorvietnam.com\\\/shop\\\/\"},{\"@type\":\"ListItem\",\"position\":3,\"name\":\"Red Label- J&amp;B (J&amp;B NH\u00c3N \u0110\u1ece)\"}]},{\"@type\":\"WebSite\",\"@id\":\"https:\\\/\\\/tandoorvietnam.com\\\/vi\\\/#website\",\"url\":\"https:\\\/\\\/tandoorvietnam.com\\\/vi\\\/\",\"name\":\"Tandoor Vietnam\",\"description\":\"Nh\u00e0 h\u00e0ng ngon h\u1ed3 ch\u00ed minh\",\"publisher\":{\"@id\":\"https:\\\/\\\/tandoorvietnam.com\\\/vi\\\/#organization\"},\"potentialAction\":[{\"@type\":\"SearchAction\",\"target\":{\"@type\":\"EntryPoint\",\"urlTemplate\":\"https:\\\/\\\/tandoorvietnam.com\\\/vi\\\/?s={search_term_string}\"},\"query-input\":{\"@type\":\"PropertyValueSpecification\",\"valueRequired\":true,\"valueName\":\"search_term_string\"}}],\"inLanguage\":\"vi-VN\"},{\"@type\":\"Organization\",\"@id\":\"https:\\\/\\\/tandoorvietnam.com\\\/vi\\\/#organization\",\"name\":\"Tandoor Vietnam\",\"url\":\"https:\\\/\\\/tandoorvietnam.com\\\/vi\\\/\",\"logo\":{\"@type\":\"ImageObject\",\"inLanguage\":\"vi-VN\",\"@id\":\"https:\\\/\\\/tandoorvietnam.com\\\/vi\\\/#\\\/schema\\\/logo\\\/image\\\/\",\"url\":\"https:\\\/\\\/tandoorvietnam.com\\\/wp-content\\\/uploads\\\/2020\\\/07\\\/logo.png\",\"contentUrl\":\"https:\\\/\\\/tandoorvietnam.com\\\/wp-content\\\/uploads\\\/2020\\\/07\\\/logo.png\",\"width\":133,\"height\":75,\"caption\":\"Tandoor Vietnam\"},\"image\":{\"@id\":\"https:\\\/\\\/tandoorvietnam.com\\\/vi\\\/#\\\/schema\\\/logo\\\/image\\\/\"},\"sameAs\":[\"https:\\\/\\\/www.facebook.com\\\/tandoor.hcmc\\\/\"]}]}<\/script>\n<!-- \/ Yoast SEO Premium plugin. -->","yoast_head_json":{"title":"Red Label- J&amp;B (J&amp;B NH\u00c3N \u0110\u1ece) - Tandoor Vi\u1ec7t Nam","description":"JB Nh\u00e3n \u0110\u1ecf - \u0110\u1eadm \u0111\u00e0 v\u00e0 m\u00e1t l\u1ea1nh, th\u1ee9c u\u1ed1ng tr\u00e1i c\u00e2y t\u01b0\u01a1i ngon t\u1eeb Tandoor Vietnam. Kh\u00e1m ph\u00e1 h\u01b0\u01a1ng v\u1ecb \u0111\u1ed9c \u0111\u00e1o c\u1ee7a JB Nh\u00e3n \u0110\u1ecf ngay h\u00f4m nay.","robots":{"index":"index","follow":"follow","max-snippet":"max-snippet:-1","max-image-preview":"max-image-preview:large","max-video-preview":"max-video-preview:-1"},"canonical":"https:\/\/tandoorvietnam.com\/vi\/sanpham\/cac-mon-nuoc\/jb-nhan-do\/","og_locale":"vi_VN","og_type":"article","og_title":"Red Label- J&amp;B (J&amp;B NH\u00c3N \u0110\u1ece)","og_description":"JB Nh\u00e3n \u0110\u1ecf - \u0110\u1eadm \u0111\u00e0 v\u00e0 m\u00e1t l\u1ea1nh, th\u1ee9c u\u1ed1ng tr\u00e1i c\u00e2y t\u01b0\u01a1i ngon t\u1eeb Tandoor Vietnam. Kh\u00e1m ph\u00e1 h\u01b0\u01a1ng v\u1ecb \u0111\u1ed9c \u0111\u00e1o c\u1ee7a JB Nh\u00e3n \u0110\u1ecf ngay h\u00f4m nay.","og_url":"https:\/\/tandoorvietnam.com\/vi\/sanpham\/cac-mon-nuoc\/jb-nhan-do\/","og_site_name":"Tandoor Vi\u1ec7t Nam","article_publisher":"https:\/\/www.facebook.com\/tandoor.hcmc\/","article_modified_time":"2023-05-20T10:15:05+00:00","og_image":[{"width":1200,"height":630,"url":"https:\/\/tandoorvietnam.com\/wp-content\/uploads\/2020\/07\/opengraph.jpg","type":"image\/jpeg"}],"twitter_card":"summary_large_image","twitter_misc":{"Est. reading time":"2 minutes"},"schema":{"@context":"https:\/\/schema.org","@graph":[{"@type":"WebPage","@id":"https:\/\/tandoorvietnam.com\/vi\/sanpham\/cac-mon-nuoc\/jb-nhan-do\/","url":"https:\/\/tandoorvietnam.com\/vi\/sanpham\/cac-mon-nuoc\/jb-nhan-do\/","name":"Red Label- J&amp;B (J&amp;B NH\u00c3N \u0110\u1ece) - Tandoor Vi\u1ec7t Nam","isPartOf":{"@id":"https:\/\/tandoorvietnam.com\/vi\/#website"},"datePublished":"2021-04-19T09:39:24+00:00","dateModified":"2023-05-20T10:15:05+00:00","description":"JB Nh\u00e3n \u0110\u1ecf - \u0110\u1eadm \u0111\u00e0 v\u00e0 m\u00e1t l\u1ea1nh, th\u1ee9c u\u1ed1ng tr\u00e1i c\u00e2y t\u01b0\u01a1i ngon t\u1eeb Tandoor Vietnam. Kh\u00e1m ph\u00e1 h\u01b0\u01a1ng v\u1ecb \u0111\u1ed9c \u0111\u00e1o c\u1ee7a JB Nh\u00e3n \u0110\u1ecf ngay h\u00f4m nay.","breadcrumb":{"@id":"https:\/\/tandoorvietnam.com\/vi\/sanpham\/cac-mon-nuoc\/jb-nhan-do\/#breadcrumb"},"inLanguage":"vi-VN","potentialAction":[{"@type":"ReadAction","target":["https:\/\/tandoorvietnam.com\/vi\/sanpham\/cac-mon-nuoc\/jb-nhan-do\/"]}]},{"@type":"BreadcrumbList","@id":"https:\/\/tandoorvietnam.com\/vi\/sanpham\/cac-mon-nuoc\/jb-nhan-do\/#breadcrumb","itemListElement":[{"@type":"ListItem","position":1,"name":"Trang Ch\u1ee7","item":"https:\/\/tandoorvietnam.com\/vi\/"},{"@type":"ListItem","position":2,"name":"Shop","item":"https:\/\/tandoorvietnam.com\/shop\/"},{"@type":"ListItem","position":3,"name":"Red Label- J&amp;B (J&amp;B NH\u00c3N \u0110\u1ece)"}]},{"@type":"WebSite","@id":"https:\/\/tandoorvietnam.com\/vi\/#website","url":"https:\/\/tandoorvietnam.com\/vi\/","name":"Tandoor Vietnam","description":"Nh\u00e0 h\u00e0ng ngon h\u1ed3 ch\u00ed minh","publisher":{"@id":"https:\/\/tandoorvietnam.com\/vi\/#organization"},"potentialAction":[{"@type":"SearchAction","target":{"@type":"EntryPoint","urlTemplate":"https:\/\/tandoorvietnam.com\/vi\/?s={search_term_string}"},"query-input":{"@type":"PropertyValueSpecification","valueRequired":true,"valueName":"search_term_string"}}],"inLanguage":"vi-VN"},{"@type":"Organization","@id":"https:\/\/tandoorvietnam.com\/vi\/#organization","name":"Tandoor Vietnam","url":"https:\/\/tandoorvietnam.com\/vi\/","logo":{"@type":"ImageObject","inLanguage":"vi-VN","@id":"https:\/\/tandoorvietnam.com\/vi\/#\/schema\/logo\/image\/","url":"https:\/\/tandoorvietnam.com\/wp-content\/uploads\/2020\/07\/logo.png","contentUrl":"https:\/\/tandoorvietnam.com\/wp-content\/uploads\/2020\/07\/logo.png","width":133,"height":75,"caption":"Tandoor Vietnam"},"image":{"@id":"https:\/\/tandoorvietnam.com\/vi\/#\/schema\/logo\/image\/"},"sameAs":["https:\/\/www.facebook.com\/tandoor.hcmc\/"]}]}},"_links":{"self":[{"href":"https:\/\/tandoorvietnam.com\/vi\/wp-json\/wp\/v2\/product\/3445","targetHints":{"allow":["GET"]}}],"collection":[{"href":"https:\/\/tandoorvietnam.com\/vi\/wp-json\/wp\/v2\/product"}],"about":[{"href":"https:\/\/tandoorvietnam.com\/vi\/wp-json\/wp\/v2\/types\/product"}],"wp:attachment":[{"href":"https:\/\/tandoorvietnam.com\/vi\/wp-json\/wp\/v2\/media?parent=3445"}],"wp:term":[{"taxonomy":"product_brand","embeddable":true,"href":"https:\/\/tandoorvietnam.com\/vi\/wp-json\/wp\/v2\/product_brand?post=3445"},{"taxonomy":"product_cat","embeddable":true,"href":"https:\/\/tandoorvietnam.com\/vi\/wp-json\/wp\/v2\/product_cat?post=3445"},{"taxonomy":"product_tag","embeddable":true,"href":"https:\/\/tandoorvietnam.com\/vi\/wp-json\/wp\/v2\/product_tag?post=3445"}],"curies":[{"name":"wp","href":"https:\/\/api.w.org\/{rel}","templated":true}]}}