{"id":3448,"date":"2020-06-23T11:58:52","date_gmt":"2021-04-19T09:41:37","guid":{"rendered":"http:\/\/tandoorvietnam.com\/product\/uncategorized\/nuoc-ep-hong-xiem\/"},"modified":"2023-05-21T03:53:50","modified_gmt":"2023-05-21T03:53:50","slug":"nuoc-ep-hong-xiem","status":"publish","type":"product","link":"https:\/\/tandoorvietnam.com\/vi\/sanpham\/cac-mon-nuoc\/nuoc-ep-hong-xiem\/","title":{"rendered":"Sapodilla (N\u01af\u1edaC \u00c9P H\u1ed2NG XI\u00caM)"},"content":{"rendered":"<p>N\u01b0\u1edbc \u00c9p H\u1ed3ng Xi\u00eam (Sapodilla juice) l\u00e0 m\u1ed9t trong nh\u1eefng m\u00f3n n\u01b0\u1edbc \u00e9p tr\u00e1i c\u00e2y t\u01b0\u01a1i m\u00e1t v\u00e0 b\u1ed5 d\u01b0\u1ee1ng t\u1ea1i Tandoor Vietnam. Ch\u00fang t\u00f4i s\u1eed d\u1ee5ng nh\u1eefng qu\u1ea3 h\u1ed3ng xi\u00eam t\u01b0\u01a1i ngon v\u00e0 ch\u00edn m\u1ecdng \u0111\u1ec3 l\u00e0m ra n\u01b0\u1edbc \u00e9p h\u01b0\u01a1ng v\u1ecb tuy\u1ec7t v\u1eddi n\u00e0y.<\/p>\n<p>V\u1edbi m\u00e0u s\u1eafc t\u01b0\u01a1i s\u00e1ng v\u00e0 h\u01b0\u01a1ng v\u1ecb ng\u1ecdt ng\u00e0o t\u1ef1 nhi\u00ean, Sapodilla juice l\u00e0 m\u1ed9t l\u1ef1a ch\u1ecdn th\u00fa v\u1ecb cho nh\u1eefng ai y\u00eau th\u00edch n\u01b0\u1edbc \u00e9p tr\u00e1i c\u00e2y. H\u1ed3ng xi\u00eam l\u00e0 m\u1ed9t lo\u1ea1i tr\u00e1i c\u00e2y gi\u00e0u vitamin C, ch\u1ea5t ch\u1ed1ng oxy h\u00f3a v\u00e0 ch\u1ea5t x\u01a1, mang l\u1ea1i nhi\u1ec1u l\u1ee3i \u00edch cho s\u1ee9c kh\u1ecfe.<\/p>\n<p>T\u1ea1i Tandoor Vietnam, ch\u00fang t\u00f4i \u0111\u1ea3m b\u1ea3o ch\u1ec9 s\u1eed d\u1ee5ng nh\u1eefng qu\u1ea3 h\u1ed3ng xi\u00eam t\u01b0\u01a1i ngon v\u00e0 ch\u1ea5t l\u01b0\u1ee3ng \u0111\u1ec3 t\u1ea1o ra m\u1ed9t ly n\u01b0\u1edbc \u00e9p th\u01a1m ngon v\u00e0 b\u1ed5 d\u01b0\u1ee1ng. Qu\u00e1 tr\u00ecnh \u00e9p tr\u00e1i c\u00e2y \u0111\u01b0\u1ee3c th\u1ef1c hi\u1ec7n c\u1ea9n th\u1eadn \u0111\u1ec3 gi\u1eef l\u1ea1i t\u1ea5t c\u1ea3 c\u00e1c ch\u1ea5t dinh d\u01b0\u1ee1ng v\u00e0 h\u01b0\u01a1ng v\u1ecb t\u01b0\u01a1i m\u00e1t.<\/p>\n<p>Sapodilla juice l\u00e0 m\u1ed9t m\u00f3n n\u01b0\u1edbc u\u1ed1ng l\u00fd t\u01b0\u1edfng \u0111\u1ec3 t\u1eafm m\u00ecnh trong s\u1ef1 t\u01b0\u01a1i m\u00e1t v\u00e0 ng\u1ecdt ng\u00e0o. B\u1ea1n c\u00f3 th\u1ec3 th\u01b0\u1edfng th\u1ee9c n\u01b0\u1edbc \u00e9p n\u00e0y v\u00e0o b\u1ea5t c\u1ee9 th\u1eddi \u0111i\u1ec3m n\u00e0o trong ng\u00e0y, t\u1eeb b\u1eefa s\u00e1ng \u0111\u1ebfn b\u1eefa t\u1ed1i.<\/p>\n<p>V\u1edbi h\u01b0\u01a1ng v\u1ecb t\u01b0\u01a1i ngon v\u00e0 l\u1ee3i \u00edch dinh d\u01b0\u1ee1ng, Sapodilla juice l\u00e0 m\u1ed9t l\u1ef1a ch\u1ecdn tuy\u1ec7t v\u1eddi cho nh\u1eefng ai mu\u1ed1n t\u1eadn h\u01b0\u1edfng h\u01b0\u01a1ng v\u1ecb t\u01b0\u01a1i m\u00e1t c\u1ee7a tr\u00e1i c\u00e2y. T\u1ea1i Tandoor Vietnam, ch\u00fang t\u00f4i cam k\u1ebft mang \u0111\u1ebfn cho b\u1ea1n nh\u1eefng s\u1ea3n ph\u1ea9m t\u01b0\u01a1i ngon v\u00e0 ch\u1ea5t l\u01b0\u1ee3ng nh\u1ea5t \u0111\u1ec3 b\u1ea1n c\u00f3 th\u1ec3 th\u01b0\u1edfng th\u1ee9c h\u01b0\u01a1ng v\u1ecb tuy\u1ec7t v\u1eddi c\u1ee7a Sapodilla juice.<\/p>\n","protected":false},"excerpt":{"rendered":"<p>N\u01b0\u1edbc \u00c9p H\u1ed3ng Xi\u00eam (Sapodilla juice) l\u00e0 m\u1ed9t trong nh\u1eefng m\u00f3n n\u01b0\u1edbc \u00e9p tr\u00e1i c\u00e2y t\u01b0\u01a1i m\u00e1t v\u00e0 b\u1ed5 d\u01b0\u1ee1ng t\u1ea1i Tandoor Vietnam. Ch\u00fang t\u00f4i s\u1eed d\u1ee5ng nh\u1eefng qu\u1ea3 h\u1ed3ng xi\u00eam t\u01b0\u01a1i ngon v\u00e0 ch\u00edn m\u1ecdng \u0111\u1ec3 l\u00e0m ra n\u01b0\u1edbc \u00e9p h\u01b0\u01a1ng v\u1ecb tuy\u1ec7t v\u1eddi n\u00e0y. V\u1edbi m\u00e0u s\u1eafc t\u01b0\u01a1i s\u00e1ng v\u00e0 h\u01b0\u01a1ng v\u1ecb ng\u1ecdt [&hellip;]<\/p>\n","protected":false},"featured_media":3449,"template":"","meta":[],"product_brand":[],"product_cat":[231],"product_tag":[],"class_list":{"0":"post-3448","1":"product","2":"type-product","3":"status-publish","4":"has-post-thumbnail","6":"product_cat-cac-mon-nuoc","8":"first","9":"instock","10":"taxable","11":"shipping-taxable","12":"purchasable","13":"product-type-simple"},"yoast_head":"<!-- This site is optimized with the Yoast SEO Premium plugin v22.3 (Yoast SEO v27.5) - https:\/\/yoast.com\/product\/yoast-seo-premium-wordpress\/ -->\n<title>Sapodilla (N\u01af\u1edaC \u00c9P H\u1ed2NG XI\u00caM) - Tandoor Vi\u1ec7t Nam<\/title>\n<meta name=\"description\" content=\"Th\u01b0\u1edfng tr\u1ecdn h\u01b0\u01a1ng v\u1ecb t\u01b0\u01a1i m\u00e1t t\u1eeb N\u01b0\u1edbc \u00c9p H\u1ed3ng Xi\u00eam t\u1ea1i Tandoor Vietnam. M\u1ed9t ly \u0111\u1ea7y vitamin v\u00e0 kho\u00e1ng ch\u1ea5t \u0111\u1ec3 l\u00e0m m\u1edbi c\u01a1 th\u1ec3.\" \/>\n<meta name=\"robots\" content=\"index, follow, max-snippet:-1, max-image-preview:large, max-video-preview:-1\" \/>\n<link rel=\"canonical\" href=\"https:\/\/tandoorvietnam.com\/vi\/sanpham\/cac-mon-nuoc\/nuoc-ep-hong-xiem\/\" \/>\n<meta property=\"og:locale\" content=\"vi_VN\" \/>\n<meta property=\"og:type\" content=\"article\" \/>\n<meta property=\"og:title\" content=\"Sapodilla (N\u01af\u1edaC \u00c9P H\u1ed2NG XI\u00caM)\" \/>\n<meta property=\"og:description\" content=\"Th\u01b0\u1edfng tr\u1ecdn h\u01b0\u01a1ng v\u1ecb t\u01b0\u01a1i m\u00e1t t\u1eeb N\u01b0\u1edbc \u00c9p H\u1ed3ng Xi\u00eam t\u1ea1i Tandoor Vietnam. M\u1ed9t ly \u0111\u1ea7y vitamin v\u00e0 kho\u00e1ng ch\u1ea5t \u0111\u1ec3 l\u00e0m m\u1edbi c\u01a1 th\u1ec3.\" \/>\n<meta property=\"og:url\" content=\"https:\/\/tandoorvietnam.com\/vi\/sanpham\/cac-mon-nuoc\/nuoc-ep-hong-xiem\/\" \/>\n<meta property=\"og:site_name\" content=\"Tandoor Vi\u1ec7t Nam\" \/>\n<meta property=\"article:publisher\" content=\"https:\/\/www.facebook.com\/tandoor.hcmc\/\" \/>\n<meta property=\"article:modified_time\" content=\"2023-05-21T03:53:50+00:00\" \/>\n<meta property=\"og:image\" content=\"https:\/\/tandoorvietnam.com\/wp-content\/uploads\/2020\/06\/Sapodilla-juice-scaled.jpg\" \/>\n\t<meta property=\"og:image:width\" content=\"1400\" \/>\n\t<meta property=\"og:image:height\" content=\"1400\" \/>\n\t<meta property=\"og:image:type\" content=\"image\/jpeg\" \/>\n<meta name=\"twitter:card\" content=\"summary_large_image\" \/>\n<meta name=\"twitter:label1\" content=\"Est. reading time\" \/>\n\t<meta name=\"twitter:data1\" content=\"2 minutes\" \/>\n<script type=\"application\/ld+json\" class=\"yoast-schema-graph\">{\"@context\":\"https:\\\/\\\/schema.org\",\"@graph\":[{\"@type\":\"WebPage\",\"@id\":\"https:\\\/\\\/tandoorvietnam.com\\\/vi\\\/sanpham\\\/cac-mon-nuoc\\\/nuoc-ep-hong-xiem\\\/\",\"url\":\"https:\\\/\\\/tandoorvietnam.com\\\/vi\\\/sanpham\\\/cac-mon-nuoc\\\/nuoc-ep-hong-xiem\\\/\",\"name\":\"Sapodilla (N\u01af\u1edaC \u00c9P H\u1ed2NG XI\u00caM) - Tandoor Vi\u1ec7t Nam\",\"isPartOf\":{\"@id\":\"https:\\\/\\\/tandoorvietnam.com\\\/vi\\\/#website\"},\"primaryImageOfPage\":{\"@id\":\"https:\\\/\\\/tandoorvietnam.com\\\/vi\\\/sanpham\\\/cac-mon-nuoc\\\/nuoc-ep-hong-xiem\\\/#primaryimage\"},\"image\":{\"@id\":\"https:\\\/\\\/tandoorvietnam.com\\\/vi\\\/sanpham\\\/cac-mon-nuoc\\\/nuoc-ep-hong-xiem\\\/#primaryimage\"},\"thumbnailUrl\":\"https:\\\/\\\/tandoorvietnam.com\\\/wp-content\\\/uploads\\\/2020\\\/06\\\/Sapodilla-juice-scaled.jpg\",\"datePublished\":\"2021-04-19T09:41:37+00:00\",\"dateModified\":\"2023-05-21T03:53:50+00:00\",\"description\":\"Th\u01b0\u1edfng tr\u1ecdn h\u01b0\u01a1ng v\u1ecb t\u01b0\u01a1i m\u00e1t t\u1eeb N\u01b0\u1edbc \u00c9p H\u1ed3ng Xi\u00eam t\u1ea1i Tandoor Vietnam. M\u1ed9t ly \u0111\u1ea7y vitamin v\u00e0 kho\u00e1ng ch\u1ea5t \u0111\u1ec3 l\u00e0m m\u1edbi c\u01a1 th\u1ec3.\",\"breadcrumb\":{\"@id\":\"https:\\\/\\\/tandoorvietnam.com\\\/vi\\\/sanpham\\\/cac-mon-nuoc\\\/nuoc-ep-hong-xiem\\\/#breadcrumb\"},\"inLanguage\":\"vi-VN\",\"potentialAction\":[{\"@type\":\"ReadAction\",\"target\":[\"https:\\\/\\\/tandoorvietnam.com\\\/vi\\\/sanpham\\\/cac-mon-nuoc\\\/nuoc-ep-hong-xiem\\\/\"]}]},{\"@type\":\"ImageObject\",\"inLanguage\":\"vi-VN\",\"@id\":\"https:\\\/\\\/tandoorvietnam.com\\\/vi\\\/sanpham\\\/cac-mon-nuoc\\\/nuoc-ep-hong-xiem\\\/#primaryimage\",\"url\":\"https:\\\/\\\/tandoorvietnam.com\\\/wp-content\\\/uploads\\\/2020\\\/06\\\/Sapodilla-juice-scaled.jpg\",\"contentUrl\":\"https:\\\/\\\/tandoorvietnam.com\\\/wp-content\\\/uploads\\\/2020\\\/06\\\/Sapodilla-juice-scaled.jpg\",\"width\":2048,\"height\":2048,\"caption\":\"N\u01af\u1edaC \u00c9P H\u1ed2NG XI\u00caM\"},{\"@type\":\"BreadcrumbList\",\"@id\":\"https:\\\/\\\/tandoorvietnam.com\\\/vi\\\/sanpham\\\/cac-mon-nuoc\\\/nuoc-ep-hong-xiem\\\/#breadcrumb\",\"itemListElement\":[{\"@type\":\"ListItem\",\"position\":1,\"name\":\"Trang Ch\u1ee7\",\"item\":\"https:\\\/\\\/tandoorvietnam.com\\\/vi\\\/\"},{\"@type\":\"ListItem\",\"position\":2,\"name\":\"Shop\",\"item\":\"https:\\\/\\\/tandoorvietnam.com\\\/shop\\\/\"},{\"@type\":\"ListItem\",\"position\":3,\"name\":\"Sapodilla (N\u01af\u1edaC \u00c9P H\u1ed2NG XI\u00caM)\"}]},{\"@type\":\"WebSite\",\"@id\":\"https:\\\/\\\/tandoorvietnam.com\\\/vi\\\/#website\",\"url\":\"https:\\\/\\\/tandoorvietnam.com\\\/vi\\\/\",\"name\":\"Tandoor Vietnam\",\"description\":\"Nh\u00e0 h\u00e0ng ngon h\u1ed3 ch\u00ed minh\",\"publisher\":{\"@id\":\"https:\\\/\\\/tandoorvietnam.com\\\/vi\\\/#organization\"},\"potentialAction\":[{\"@type\":\"SearchAction\",\"target\":{\"@type\":\"EntryPoint\",\"urlTemplate\":\"https:\\\/\\\/tandoorvietnam.com\\\/vi\\\/?s={search_term_string}\"},\"query-input\":{\"@type\":\"PropertyValueSpecification\",\"valueRequired\":true,\"valueName\":\"search_term_string\"}}],\"inLanguage\":\"vi-VN\"},{\"@type\":\"Organization\",\"@id\":\"https:\\\/\\\/tandoorvietnam.com\\\/vi\\\/#organization\",\"name\":\"Tandoor Vietnam\",\"url\":\"https:\\\/\\\/tandoorvietnam.com\\\/vi\\\/\",\"logo\":{\"@type\":\"ImageObject\",\"inLanguage\":\"vi-VN\",\"@id\":\"https:\\\/\\\/tandoorvietnam.com\\\/vi\\\/#\\\/schema\\\/logo\\\/image\\\/\",\"url\":\"https:\\\/\\\/tandoorvietnam.com\\\/wp-content\\\/uploads\\\/2020\\\/07\\\/logo.png\",\"contentUrl\":\"https:\\\/\\\/tandoorvietnam.com\\\/wp-content\\\/uploads\\\/2020\\\/07\\\/logo.png\",\"width\":133,\"height\":75,\"caption\":\"Tandoor Vietnam\"},\"image\":{\"@id\":\"https:\\\/\\\/tandoorvietnam.com\\\/vi\\\/#\\\/schema\\\/logo\\\/image\\\/\"},\"sameAs\":[\"https:\\\/\\\/www.facebook.com\\\/tandoor.hcmc\\\/\"]}]}<\/script>\n<!-- \/ Yoast SEO Premium plugin. -->","yoast_head_json":{"title":"Sapodilla (N\u01af\u1edaC \u00c9P H\u1ed2NG XI\u00caM) - Tandoor Vi\u1ec7t Nam","description":"Th\u01b0\u1edfng tr\u1ecdn h\u01b0\u01a1ng v\u1ecb t\u01b0\u01a1i m\u00e1t t\u1eeb N\u01b0\u1edbc \u00c9p H\u1ed3ng Xi\u00eam t\u1ea1i Tandoor Vietnam. M\u1ed9t ly \u0111\u1ea7y vitamin v\u00e0 kho\u00e1ng ch\u1ea5t \u0111\u1ec3 l\u00e0m m\u1edbi c\u01a1 th\u1ec3.","robots":{"index":"index","follow":"follow","max-snippet":"max-snippet:-1","max-image-preview":"max-image-preview:large","max-video-preview":"max-video-preview:-1"},"canonical":"https:\/\/tandoorvietnam.com\/vi\/sanpham\/cac-mon-nuoc\/nuoc-ep-hong-xiem\/","og_locale":"vi_VN","og_type":"article","og_title":"Sapodilla (N\u01af\u1edaC \u00c9P H\u1ed2NG XI\u00caM)","og_description":"Th\u01b0\u1edfng tr\u1ecdn h\u01b0\u01a1ng v\u1ecb t\u01b0\u01a1i m\u00e1t t\u1eeb N\u01b0\u1edbc \u00c9p H\u1ed3ng Xi\u00eam t\u1ea1i Tandoor Vietnam. M\u1ed9t ly \u0111\u1ea7y vitamin v\u00e0 kho\u00e1ng ch\u1ea5t \u0111\u1ec3 l\u00e0m m\u1edbi c\u01a1 th\u1ec3.","og_url":"https:\/\/tandoorvietnam.com\/vi\/sanpham\/cac-mon-nuoc\/nuoc-ep-hong-xiem\/","og_site_name":"Tandoor Vi\u1ec7t Nam","article_publisher":"https:\/\/www.facebook.com\/tandoor.hcmc\/","article_modified_time":"2023-05-21T03:53:50+00:00","og_image":[{"width":1400,"height":1400,"url":"https:\/\/tandoorvietnam.com\/wp-content\/uploads\/2020\/06\/Sapodilla-juice-scaled.jpg","type":"image\/jpeg"}],"twitter_card":"summary_large_image","twitter_misc":{"Est. reading time":"2 minutes"},"schema":{"@context":"https:\/\/schema.org","@graph":[{"@type":"WebPage","@id":"https:\/\/tandoorvietnam.com\/vi\/sanpham\/cac-mon-nuoc\/nuoc-ep-hong-xiem\/","url":"https:\/\/tandoorvietnam.com\/vi\/sanpham\/cac-mon-nuoc\/nuoc-ep-hong-xiem\/","name":"Sapodilla (N\u01af\u1edaC \u00c9P H\u1ed2NG XI\u00caM) - Tandoor Vi\u1ec7t Nam","isPartOf":{"@id":"https:\/\/tandoorvietnam.com\/vi\/#website"},"primaryImageOfPage":{"@id":"https:\/\/tandoorvietnam.com\/vi\/sanpham\/cac-mon-nuoc\/nuoc-ep-hong-xiem\/#primaryimage"},"image":{"@id":"https:\/\/tandoorvietnam.com\/vi\/sanpham\/cac-mon-nuoc\/nuoc-ep-hong-xiem\/#primaryimage"},"thumbnailUrl":"https:\/\/tandoorvietnam.com\/wp-content\/uploads\/2020\/06\/Sapodilla-juice-scaled.jpg","datePublished":"2021-04-19T09:41:37+00:00","dateModified":"2023-05-21T03:53:50+00:00","description":"Th\u01b0\u1edfng tr\u1ecdn h\u01b0\u01a1ng v\u1ecb t\u01b0\u01a1i m\u00e1t t\u1eeb N\u01b0\u1edbc \u00c9p H\u1ed3ng Xi\u00eam t\u1ea1i Tandoor Vietnam. M\u1ed9t ly \u0111\u1ea7y vitamin v\u00e0 kho\u00e1ng ch\u1ea5t \u0111\u1ec3 l\u00e0m m\u1edbi c\u01a1 th\u1ec3.","breadcrumb":{"@id":"https:\/\/tandoorvietnam.com\/vi\/sanpham\/cac-mon-nuoc\/nuoc-ep-hong-xiem\/#breadcrumb"},"inLanguage":"vi-VN","potentialAction":[{"@type":"ReadAction","target":["https:\/\/tandoorvietnam.com\/vi\/sanpham\/cac-mon-nuoc\/nuoc-ep-hong-xiem\/"]}]},{"@type":"ImageObject","inLanguage":"vi-VN","@id":"https:\/\/tandoorvietnam.com\/vi\/sanpham\/cac-mon-nuoc\/nuoc-ep-hong-xiem\/#primaryimage","url":"https:\/\/tandoorvietnam.com\/wp-content\/uploads\/2020\/06\/Sapodilla-juice-scaled.jpg","contentUrl":"https:\/\/tandoorvietnam.com\/wp-content\/uploads\/2020\/06\/Sapodilla-juice-scaled.jpg","width":2048,"height":2048,"caption":"N\u01af\u1edaC \u00c9P H\u1ed2NG XI\u00caM"},{"@type":"BreadcrumbList","@id":"https:\/\/tandoorvietnam.com\/vi\/sanpham\/cac-mon-nuoc\/nuoc-ep-hong-xiem\/#breadcrumb","itemListElement":[{"@type":"ListItem","position":1,"name":"Trang Ch\u1ee7","item":"https:\/\/tandoorvietnam.com\/vi\/"},{"@type":"ListItem","position":2,"name":"Shop","item":"https:\/\/tandoorvietnam.com\/shop\/"},{"@type":"ListItem","position":3,"name":"Sapodilla (N\u01af\u1edaC \u00c9P H\u1ed2NG XI\u00caM)"}]},{"@type":"WebSite","@id":"https:\/\/tandoorvietnam.com\/vi\/#website","url":"https:\/\/tandoorvietnam.com\/vi\/","name":"Tandoor Vietnam","description":"Nh\u00e0 h\u00e0ng ngon h\u1ed3 ch\u00ed minh","publisher":{"@id":"https:\/\/tandoorvietnam.com\/vi\/#organization"},"potentialAction":[{"@type":"SearchAction","target":{"@type":"EntryPoint","urlTemplate":"https:\/\/tandoorvietnam.com\/vi\/?s={search_term_string}"},"query-input":{"@type":"PropertyValueSpecification","valueRequired":true,"valueName":"search_term_string"}}],"inLanguage":"vi-VN"},{"@type":"Organization","@id":"https:\/\/tandoorvietnam.com\/vi\/#organization","name":"Tandoor Vietnam","url":"https:\/\/tandoorvietnam.com\/vi\/","logo":{"@type":"ImageObject","inLanguage":"vi-VN","@id":"https:\/\/tandoorvietnam.com\/vi\/#\/schema\/logo\/image\/","url":"https:\/\/tandoorvietnam.com\/wp-content\/uploads\/2020\/07\/logo.png","contentUrl":"https:\/\/tandoorvietnam.com\/wp-content\/uploads\/2020\/07\/logo.png","width":133,"height":75,"caption":"Tandoor Vietnam"},"image":{"@id":"https:\/\/tandoorvietnam.com\/vi\/#\/schema\/logo\/image\/"},"sameAs":["https:\/\/www.facebook.com\/tandoor.hcmc\/"]}]}},"_links":{"self":[{"href":"https:\/\/tandoorvietnam.com\/vi\/wp-json\/wp\/v2\/product\/3448","targetHints":{"allow":["GET"]}}],"collection":[{"href":"https:\/\/tandoorvietnam.com\/vi\/wp-json\/wp\/v2\/product"}],"about":[{"href":"https:\/\/tandoorvietnam.com\/vi\/wp-json\/wp\/v2\/types\/product"}],"wp:featuredmedia":[{"embeddable":true,"href":"https:\/\/tandoorvietnam.com\/vi\/wp-json\/wp\/v2\/media\/3449"}],"wp:attachment":[{"href":"https:\/\/tandoorvietnam.com\/vi\/wp-json\/wp\/v2\/media?parent=3448"}],"wp:term":[{"taxonomy":"product_brand","embeddable":true,"href":"https:\/\/tandoorvietnam.com\/vi\/wp-json\/wp\/v2\/product_brand?post=3448"},{"taxonomy":"product_cat","embeddable":true,"href":"https:\/\/tandoorvietnam.com\/vi\/wp-json\/wp\/v2\/product_cat?post=3448"},{"taxonomy":"product_tag","embeddable":true,"href":"https:\/\/tandoorvietnam.com\/vi\/wp-json\/wp\/v2\/product_tag?post=3448"}],"curies":[{"name":"wp","href":"https:\/\/api.w.org\/{rel}","templated":true}]}}