{"id":3456,"date":"2020-06-15T15:56:24","date_gmt":"2020-06-15T15:56:24","guid":{"rendered":"http:\/\/tandoorvietnam.com\/product\/uncategorized\/lassi-dau\/"},"modified":"2025-10-16T17:22:48","modified_gmt":"2025-10-16T10:22:48","slug":"lassi-dau","status":"publish","type":"product","link":"https:\/\/tandoorvietnam.com\/vi\/sanpham\/cac-mon-nuoc\/lassi-dau\/","title":{"rendered":"LASSI D\u00c2U"},"content":{"rendered":"<p>Lassi d\u00e2u (Strawberry lassi) l\u00e0 m\u1ed9t m\u00f3n n\u01b0\u1edbc truy\u1ec1n th\u1ed1ng c\u1ee7a \u1ea4n \u0110\u1ed9, v\u00e0 t\u1ea1i Tandoor Vietnam, ch\u00fang t\u00f4i mang \u0111\u1ebfn cho b\u1ea1n m\u1ed9t phi\u00ean b\u1ea3n t\u01b0\u01a1i m\u00e1t v\u00e0 th\u01a1m ngon c\u1ee7a m\u00f3n n\u01b0\u1edbc n\u00e0y. Lassi d\u00e2u \u0111\u01b0\u1ee3c l\u00e0m t\u1eeb s\u1eefa chua t\u1ef1 nhi\u00ean v\u00e0 d\u00e2u t\u01b0\u01a1i, t\u1ea1o n\u00ean m\u1ed9t s\u1ef1 k\u1ebft h\u1ee3p ngon l\u00e0nh v\u1edbi h\u01b0\u01a1ng v\u1ecb chua ng\u1ecdt v\u00e0 th\u01a1m m\u00e1t.<\/p>\n<p>Ch\u00fang t\u00f4i s\u1eed d\u1ee5ng d\u00e2u t\u01b0\u01a1i tuy\u1ec3n ch\u1ecdn v\u00e0 k\u1ebft h\u1ee3p c\u00f9ng s\u1eefa chua \u0111\u1eb7c bi\u1ec7t \u0111\u1ec3 t\u1ea1o ra Strawberry lassi\u00a0v\u1edbi h\u01b0\u01a1ng v\u1ecb tinh t\u1ebf v\u00e0 h\u1ea5p d\u1eabn. M\u00f3n n\u01b0\u1edbc n\u00e0y c\u00f3 th\u1ec3 \u0111\u01b0\u1ee3c th\u01b0\u1edfng th\u1ee9c v\u00e0o b\u1ea5t k\u1ef3 th\u1eddi \u0111i\u1ec3m n\u00e0o trong ng\u00e0y, t\u1eeb b\u1eefa s\u00e1ng \u0111\u1ebfn b\u1eefa t\u1ed1i.<\/p>\n<p>Strawberry lassi kh\u00f4ng ch\u1ec9 l\u00e0 m\u1ed9t m\u00f3n n\u01b0\u1edbc ngon mi\u1ec7ng, m\u00e0 c\u00f2n c\u00f3 nhi\u1ec1u l\u1ee3i \u00edch cho s\u1ee9c kh\u1ecfe. S\u1eefa chua ch\u1ee9a nhi\u1ec1u ch\u1ea5t dinh d\u01b0\u1ee1ng v\u00e0 vi khu\u1ea9n c\u00f3 l\u1ee3i cho h\u1ec7 ti\u00eau h\u00f3a. D\u00e2u t\u01b0\u01a1i cung c\u1ea5p nhi\u1ec1u vitamin v\u00e0 ch\u1ea5t ch\u1ed1ng oxy h\u00f3a. Khi \u0111\u01b0\u1ee3c k\u1ebft h\u1ee3p l\u1ea1i, Lassi d\u00e2u tr\u1edf th\u00e0nh m\u1ed9t m\u00f3n n\u01b0\u1edbc b\u1ed5 d\u01b0\u1ee1ng v\u00e0 l\u00e0nh m\u1ea1nh cho c\u01a1 th\u1ec3.<\/p>\n<p>T\u1ea1i Tandoor Vietnam, ch\u00fang t\u00f4i lu\u00f4n \u0111\u1ea3m b\u1ea3o ch\u1ea5t l\u01b0\u1ee3ng v\u00e0 s\u1ef1 t\u01b0\u01a1i ngon c\u1ee7a nguy\u00ean li\u1ec7u s\u1eed d\u1ee5ng \u0111\u1ec3 t\u1ea1o ra Strawberry lassi. B\u1ea1n c\u00f3 th\u1ec3 th\u01b0\u1edfng th\u1ee9c m\u00f3n n\u01b0\u1edbc n\u00e0y t\u1ea1i nh\u00e0 h\u00e0ng ch\u00fang t\u00f4i v\u00e0 t\u1eadn h\u01b0\u1edfng h\u01b0\u01a1ng v\u1ecb \u0111\u1ed9c \u0111\u00e1o c\u1ee7a \u1ea4n \u0110\u1ed9.<\/p>\n<p>H\u00e3y kh\u00e1m ph\u00e1 Lassi d\u00e2u t\u1ea1i <a href=\"https:\/\/tandoorvietnam.com\/vi\/\">Tandoor Vietnam<\/a> v\u00e0 t\u1eadn h\u01b0\u1edfng h\u01b0\u01a1ng v\u1ecb tuy\u1ec7t v\u1eddi c\u1ee7a m\u00f3n n\u01b0\u1edbc n\u00e0y.<\/p>\n","protected":false},"excerpt":{"rendered":"<p>Lassi d\u00e2u (Strawberry lassi) l\u00e0 m\u1ed9t m\u00f3n n\u01b0\u1edbc truy\u1ec1n th\u1ed1ng c\u1ee7a \u1ea4n \u0110\u1ed9, v\u00e0 t\u1ea1i Tandoor Vietnam, ch\u00fang t\u00f4i mang \u0111\u1ebfn cho b\u1ea1n m\u1ed9t phi\u00ean b\u1ea3n t\u01b0\u01a1i m\u00e1t v\u00e0 th\u01a1m ngon c\u1ee7a m\u00f3n n\u01b0\u1edbc n\u00e0y. Lassi d\u00e2u \u0111\u01b0\u1ee3c l\u00e0m t\u1eeb s\u1eefa chua t\u1ef1 nhi\u00ean v\u00e0 d\u00e2u t\u01b0\u01a1i, t\u1ea1o n\u00ean m\u1ed9t s\u1ef1 k\u1ebft h\u1ee3p ngon l\u00e0nh [&hellip;]<\/p>\n","protected":false},"featured_media":3457,"template":"","meta":[],"product_brand":[],"product_cat":[231],"product_tag":[],"class_list":{"0":"post-3456","1":"product","2":"type-product","3":"status-publish","4":"has-post-thumbnail","6":"product_cat-cac-mon-nuoc","8":"first","9":"instock","10":"taxable","11":"shipping-taxable","12":"purchasable","13":"product-type-simple"},"yoast_head":"<!-- This site is optimized with the Yoast SEO Premium plugin v22.3 (Yoast SEO v27.5) - https:\/\/yoast.com\/product\/yoast-seo-premium-wordpress\/ -->\n<title>LASSI D\u00c2U - Tandoor Vi\u1ec7t Nam<\/title>\n<meta name=\"description\" content=\"Lassi d\u00e2u t\u01b0\u01a1i m\u00e1t v\u00e0 th\u01a1m ngon t\u1ea1i Tandoor Vietnam. M\u00f3n n\u01b0\u1edbc truy\u1ec1n th\u1ed1ng c\u1ee7a \u1ea4n \u0110\u1ed9, k\u1ebft h\u1ee3p v\u1ecb chua ng\u1ecdt v\u00e0 h\u01b0\u01a1ng d\u00e2u t\u01b0\u01a1i.\" \/>\n<meta name=\"robots\" content=\"index, follow, max-snippet:-1, max-image-preview:large, max-video-preview:-1\" \/>\n<link rel=\"canonical\" href=\"https:\/\/tandoorvietnam.com\/vi\/sanpham\/cac-mon-nuoc\/lassi-dau\/\" \/>\n<meta property=\"og:locale\" content=\"vi_VN\" \/>\n<meta property=\"og:type\" content=\"article\" \/>\n<meta property=\"og:title\" content=\"LASSI D\u00c2U\" \/>\n<meta property=\"og:description\" content=\"Lassi d\u00e2u t\u01b0\u01a1i m\u00e1t v\u00e0 th\u01a1m ngon t\u1ea1i Tandoor Vietnam. M\u00f3n n\u01b0\u1edbc truy\u1ec1n th\u1ed1ng c\u1ee7a \u1ea4n \u0110\u1ed9, k\u1ebft h\u1ee3p v\u1ecb chua ng\u1ecdt v\u00e0 h\u01b0\u01a1ng d\u00e2u t\u01b0\u01a1i.\" \/>\n<meta property=\"og:url\" content=\"https:\/\/tandoorvietnam.com\/vi\/sanpham\/cac-mon-nuoc\/lassi-dau\/\" \/>\n<meta property=\"og:site_name\" content=\"Tandoor Vi\u1ec7t Nam\" \/>\n<meta property=\"article:publisher\" content=\"https:\/\/www.facebook.com\/tandoor.hcmc\/\" \/>\n<meta property=\"article:modified_time\" content=\"2025-10-16T10:22:48+00:00\" \/>\n<meta property=\"og:image\" content=\"https:\/\/tandoorvietnam.com\/wp-content\/uploads\/2020\/06\/Strawberry-lassi.jpg\" \/>\n\t<meta property=\"og:image:width\" content=\"1400\" \/>\n\t<meta property=\"og:image:height\" content=\"1400\" \/>\n\t<meta property=\"og:image:type\" content=\"image\/jpeg\" \/>\n<meta name=\"twitter:card\" content=\"summary_large_image\" \/>\n<meta name=\"twitter:label1\" content=\"Est. reading time\" \/>\n\t<meta name=\"twitter:data1\" content=\"2 minutes\" \/>\n<script type=\"application\/ld+json\" class=\"yoast-schema-graph\">{\"@context\":\"https:\\\/\\\/schema.org\",\"@graph\":[{\"@type\":\"WebPage\",\"@id\":\"https:\\\/\\\/tandoorvietnam.com\\\/vi\\\/sanpham\\\/cac-mon-nuoc\\\/lassi-dau\\\/\",\"url\":\"https:\\\/\\\/tandoorvietnam.com\\\/vi\\\/sanpham\\\/cac-mon-nuoc\\\/lassi-dau\\\/\",\"name\":\"LASSI D\u00c2U - Tandoor Vi\u1ec7t Nam\",\"isPartOf\":{\"@id\":\"https:\\\/\\\/tandoorvietnam.com\\\/vi\\\/#website\"},\"primaryImageOfPage\":{\"@id\":\"https:\\\/\\\/tandoorvietnam.com\\\/vi\\\/sanpham\\\/cac-mon-nuoc\\\/lassi-dau\\\/#primaryimage\"},\"image\":{\"@id\":\"https:\\\/\\\/tandoorvietnam.com\\\/vi\\\/sanpham\\\/cac-mon-nuoc\\\/lassi-dau\\\/#primaryimage\"},\"thumbnailUrl\":\"https:\\\/\\\/tandoorvietnam.com\\\/wp-content\\\/uploads\\\/2020\\\/06\\\/Strawberry-lassi.jpg\",\"datePublished\":\"2020-06-15T15:56:24+00:00\",\"dateModified\":\"2025-10-16T10:22:48+00:00\",\"description\":\"Lassi d\u00e2u t\u01b0\u01a1i m\u00e1t v\u00e0 th\u01a1m ngon t\u1ea1i Tandoor Vietnam. M\u00f3n n\u01b0\u1edbc truy\u1ec1n th\u1ed1ng c\u1ee7a \u1ea4n \u0110\u1ed9, k\u1ebft h\u1ee3p v\u1ecb chua ng\u1ecdt v\u00e0 h\u01b0\u01a1ng d\u00e2u t\u01b0\u01a1i.\",\"breadcrumb\":{\"@id\":\"https:\\\/\\\/tandoorvietnam.com\\\/vi\\\/sanpham\\\/cac-mon-nuoc\\\/lassi-dau\\\/#breadcrumb\"},\"inLanguage\":\"vi-VN\",\"potentialAction\":[{\"@type\":\"ReadAction\",\"target\":[\"https:\\\/\\\/tandoorvietnam.com\\\/vi\\\/sanpham\\\/cac-mon-nuoc\\\/lassi-dau\\\/\"]}]},{\"@type\":\"ImageObject\",\"inLanguage\":\"vi-VN\",\"@id\":\"https:\\\/\\\/tandoorvietnam.com\\\/vi\\\/sanpham\\\/cac-mon-nuoc\\\/lassi-dau\\\/#primaryimage\",\"url\":\"https:\\\/\\\/tandoorvietnam.com\\\/wp-content\\\/uploads\\\/2020\\\/06\\\/Strawberry-lassi.jpg\",\"contentUrl\":\"https:\\\/\\\/tandoorvietnam.com\\\/wp-content\\\/uploads\\\/2020\\\/06\\\/Strawberry-lassi.jpg\",\"width\":1400,\"height\":1400,\"caption\":\"LASSI D\u00c2U\"},{\"@type\":\"BreadcrumbList\",\"@id\":\"https:\\\/\\\/tandoorvietnam.com\\\/vi\\\/sanpham\\\/cac-mon-nuoc\\\/lassi-dau\\\/#breadcrumb\",\"itemListElement\":[{\"@type\":\"ListItem\",\"position\":1,\"name\":\"Trang Ch\u1ee7\",\"item\":\"https:\\\/\\\/tandoorvietnam.com\\\/vi\\\/\"},{\"@type\":\"ListItem\",\"position\":2,\"name\":\"Shop\",\"item\":\"https:\\\/\\\/tandoorvietnam.com\\\/shop\\\/\"},{\"@type\":\"ListItem\",\"position\":3,\"name\":\"LASSI D\u00c2U\"}]},{\"@type\":\"WebSite\",\"@id\":\"https:\\\/\\\/tandoorvietnam.com\\\/vi\\\/#website\",\"url\":\"https:\\\/\\\/tandoorvietnam.com\\\/vi\\\/\",\"name\":\"Tandoor Vietnam\",\"description\":\"Nh\u00e0 h\u00e0ng ngon h\u1ed3 ch\u00ed minh\",\"publisher\":{\"@id\":\"https:\\\/\\\/tandoorvietnam.com\\\/vi\\\/#organization\"},\"potentialAction\":[{\"@type\":\"SearchAction\",\"target\":{\"@type\":\"EntryPoint\",\"urlTemplate\":\"https:\\\/\\\/tandoorvietnam.com\\\/vi\\\/?s={search_term_string}\"},\"query-input\":{\"@type\":\"PropertyValueSpecification\",\"valueRequired\":true,\"valueName\":\"search_term_string\"}}],\"inLanguage\":\"vi-VN\"},{\"@type\":\"Organization\",\"@id\":\"https:\\\/\\\/tandoorvietnam.com\\\/vi\\\/#organization\",\"name\":\"Tandoor Vietnam\",\"url\":\"https:\\\/\\\/tandoorvietnam.com\\\/vi\\\/\",\"logo\":{\"@type\":\"ImageObject\",\"inLanguage\":\"vi-VN\",\"@id\":\"https:\\\/\\\/tandoorvietnam.com\\\/vi\\\/#\\\/schema\\\/logo\\\/image\\\/\",\"url\":\"https:\\\/\\\/tandoorvietnam.com\\\/wp-content\\\/uploads\\\/2020\\\/07\\\/logo.png\",\"contentUrl\":\"https:\\\/\\\/tandoorvietnam.com\\\/wp-content\\\/uploads\\\/2020\\\/07\\\/logo.png\",\"width\":133,\"height\":75,\"caption\":\"Tandoor Vietnam\"},\"image\":{\"@id\":\"https:\\\/\\\/tandoorvietnam.com\\\/vi\\\/#\\\/schema\\\/logo\\\/image\\\/\"},\"sameAs\":[\"https:\\\/\\\/www.facebook.com\\\/tandoor.hcmc\\\/\"]}]}<\/script>\n<!-- \/ Yoast SEO Premium plugin. -->","yoast_head_json":{"title":"LASSI D\u00c2U - Tandoor Vi\u1ec7t Nam","description":"Lassi d\u00e2u t\u01b0\u01a1i m\u00e1t v\u00e0 th\u01a1m ngon t\u1ea1i Tandoor Vietnam. M\u00f3n n\u01b0\u1edbc truy\u1ec1n th\u1ed1ng c\u1ee7a \u1ea4n \u0110\u1ed9, k\u1ebft h\u1ee3p v\u1ecb chua ng\u1ecdt v\u00e0 h\u01b0\u01a1ng d\u00e2u t\u01b0\u01a1i.","robots":{"index":"index","follow":"follow","max-snippet":"max-snippet:-1","max-image-preview":"max-image-preview:large","max-video-preview":"max-video-preview:-1"},"canonical":"https:\/\/tandoorvietnam.com\/vi\/sanpham\/cac-mon-nuoc\/lassi-dau\/","og_locale":"vi_VN","og_type":"article","og_title":"LASSI D\u00c2U","og_description":"Lassi d\u00e2u t\u01b0\u01a1i m\u00e1t v\u00e0 th\u01a1m ngon t\u1ea1i Tandoor Vietnam. M\u00f3n n\u01b0\u1edbc truy\u1ec1n th\u1ed1ng c\u1ee7a \u1ea4n \u0110\u1ed9, k\u1ebft h\u1ee3p v\u1ecb chua ng\u1ecdt v\u00e0 h\u01b0\u01a1ng d\u00e2u t\u01b0\u01a1i.","og_url":"https:\/\/tandoorvietnam.com\/vi\/sanpham\/cac-mon-nuoc\/lassi-dau\/","og_site_name":"Tandoor Vi\u1ec7t Nam","article_publisher":"https:\/\/www.facebook.com\/tandoor.hcmc\/","article_modified_time":"2025-10-16T10:22:48+00:00","og_image":[{"width":1400,"height":1400,"url":"https:\/\/tandoorvietnam.com\/wp-content\/uploads\/2020\/06\/Strawberry-lassi.jpg","type":"image\/jpeg"}],"twitter_card":"summary_large_image","twitter_misc":{"Est. reading time":"2 minutes"},"schema":{"@context":"https:\/\/schema.org","@graph":[{"@type":"WebPage","@id":"https:\/\/tandoorvietnam.com\/vi\/sanpham\/cac-mon-nuoc\/lassi-dau\/","url":"https:\/\/tandoorvietnam.com\/vi\/sanpham\/cac-mon-nuoc\/lassi-dau\/","name":"LASSI D\u00c2U - Tandoor Vi\u1ec7t Nam","isPartOf":{"@id":"https:\/\/tandoorvietnam.com\/vi\/#website"},"primaryImageOfPage":{"@id":"https:\/\/tandoorvietnam.com\/vi\/sanpham\/cac-mon-nuoc\/lassi-dau\/#primaryimage"},"image":{"@id":"https:\/\/tandoorvietnam.com\/vi\/sanpham\/cac-mon-nuoc\/lassi-dau\/#primaryimage"},"thumbnailUrl":"https:\/\/tandoorvietnam.com\/wp-content\/uploads\/2020\/06\/Strawberry-lassi.jpg","datePublished":"2020-06-15T15:56:24+00:00","dateModified":"2025-10-16T10:22:48+00:00","description":"Lassi d\u00e2u t\u01b0\u01a1i m\u00e1t v\u00e0 th\u01a1m ngon t\u1ea1i Tandoor Vietnam. M\u00f3n n\u01b0\u1edbc truy\u1ec1n th\u1ed1ng c\u1ee7a \u1ea4n \u0110\u1ed9, k\u1ebft h\u1ee3p v\u1ecb chua ng\u1ecdt v\u00e0 h\u01b0\u01a1ng d\u00e2u t\u01b0\u01a1i.","breadcrumb":{"@id":"https:\/\/tandoorvietnam.com\/vi\/sanpham\/cac-mon-nuoc\/lassi-dau\/#breadcrumb"},"inLanguage":"vi-VN","potentialAction":[{"@type":"ReadAction","target":["https:\/\/tandoorvietnam.com\/vi\/sanpham\/cac-mon-nuoc\/lassi-dau\/"]}]},{"@type":"ImageObject","inLanguage":"vi-VN","@id":"https:\/\/tandoorvietnam.com\/vi\/sanpham\/cac-mon-nuoc\/lassi-dau\/#primaryimage","url":"https:\/\/tandoorvietnam.com\/wp-content\/uploads\/2020\/06\/Strawberry-lassi.jpg","contentUrl":"https:\/\/tandoorvietnam.com\/wp-content\/uploads\/2020\/06\/Strawberry-lassi.jpg","width":1400,"height":1400,"caption":"LASSI D\u00c2U"},{"@type":"BreadcrumbList","@id":"https:\/\/tandoorvietnam.com\/vi\/sanpham\/cac-mon-nuoc\/lassi-dau\/#breadcrumb","itemListElement":[{"@type":"ListItem","position":1,"name":"Trang Ch\u1ee7","item":"https:\/\/tandoorvietnam.com\/vi\/"},{"@type":"ListItem","position":2,"name":"Shop","item":"https:\/\/tandoorvietnam.com\/shop\/"},{"@type":"ListItem","position":3,"name":"LASSI D\u00c2U"}]},{"@type":"WebSite","@id":"https:\/\/tandoorvietnam.com\/vi\/#website","url":"https:\/\/tandoorvietnam.com\/vi\/","name":"Tandoor Vietnam","description":"Nh\u00e0 h\u00e0ng ngon h\u1ed3 ch\u00ed minh","publisher":{"@id":"https:\/\/tandoorvietnam.com\/vi\/#organization"},"potentialAction":[{"@type":"SearchAction","target":{"@type":"EntryPoint","urlTemplate":"https:\/\/tandoorvietnam.com\/vi\/?s={search_term_string}"},"query-input":{"@type":"PropertyValueSpecification","valueRequired":true,"valueName":"search_term_string"}}],"inLanguage":"vi-VN"},{"@type":"Organization","@id":"https:\/\/tandoorvietnam.com\/vi\/#organization","name":"Tandoor Vietnam","url":"https:\/\/tandoorvietnam.com\/vi\/","logo":{"@type":"ImageObject","inLanguage":"vi-VN","@id":"https:\/\/tandoorvietnam.com\/vi\/#\/schema\/logo\/image\/","url":"https:\/\/tandoorvietnam.com\/wp-content\/uploads\/2020\/07\/logo.png","contentUrl":"https:\/\/tandoorvietnam.com\/wp-content\/uploads\/2020\/07\/logo.png","width":133,"height":75,"caption":"Tandoor Vietnam"},"image":{"@id":"https:\/\/tandoorvietnam.com\/vi\/#\/schema\/logo\/image\/"},"sameAs":["https:\/\/www.facebook.com\/tandoor.hcmc\/"]}]}},"_links":{"self":[{"href":"https:\/\/tandoorvietnam.com\/vi\/wp-json\/wp\/v2\/product\/3456","targetHints":{"allow":["GET"]}}],"collection":[{"href":"https:\/\/tandoorvietnam.com\/vi\/wp-json\/wp\/v2\/product"}],"about":[{"href":"https:\/\/tandoorvietnam.com\/vi\/wp-json\/wp\/v2\/types\/product"}],"wp:featuredmedia":[{"embeddable":true,"href":"https:\/\/tandoorvietnam.com\/vi\/wp-json\/wp\/v2\/media\/3457"}],"wp:attachment":[{"href":"https:\/\/tandoorvietnam.com\/vi\/wp-json\/wp\/v2\/media?parent=3456"}],"wp:term":[{"taxonomy":"product_brand","embeddable":true,"href":"https:\/\/tandoorvietnam.com\/vi\/wp-json\/wp\/v2\/product_brand?post=3456"},{"taxonomy":"product_cat","embeddable":true,"href":"https:\/\/tandoorvietnam.com\/vi\/wp-json\/wp\/v2\/product_cat?post=3456"},{"taxonomy":"product_tag","embeddable":true,"href":"https:\/\/tandoorvietnam.com\/vi\/wp-json\/wp\/v2\/product_tag?post=3456"}],"curies":[{"name":"wp","href":"https:\/\/api.w.org\/{rel}","templated":true}]}}