{"id":3721,"date":"2020-06-26T11:16:01","date_gmt":"2021-04-26T02:48:22","guid":{"rendered":"http:\/\/tandoorvietnam.com\/product\/uncategorized\/bordeaux\/"},"modified":"2023-05-07T09:36:59","modified_gmt":"2023-05-07T09:36:59","slug":"bordeaux","status":"publish","type":"product","link":"https:\/\/tandoorvietnam.com\/vi\/sanpham\/ruou-vang-va-bia\/bordeaux\/","title":{"rendered":"Bordeaux"},"content":{"rendered":"<p>S\u1ea3n ph\u1ea9m R\u01b0\u1ee3u Vang Bordeaux \u0111\u01b0\u1ee3c s\u1ea3n xu\u1ea5t t\u1eeb c\u00e1c lo\u1ea1i nho ch\u1ee7 y\u1ebfu nh\u01b0 Cabernet Sauvignon, Merlot v\u00e0 Cabernet Franc, t\u1ea1o n\u00ean h\u01b0\u01a1ng v\u1ecb \u0111\u1eadm \u0111\u00e0, c\u00e2n b\u1eb1ng v\u00e0 tinh t\u1ebf. V\u1edbi m\u00e0u s\u1eafc \u0111\u1ecf ruby \u0111\u1eadm, R\u01b0\u1ee3u Vang Bordeaux mang l\u1ea1i cho th\u1ef1c kh\u00e1ch c\u1ea3m gi\u00e1c \u1ea5m \u00e1p v\u00e0 m\u1ed9c m\u1ea1c.<\/p>\n<p>S\u1ef1 pha tr\u1ed9n c\u1ee7a c\u00e1c lo\u1ea1i nho t\u1ea1o n\u00ean h\u01b0\u01a1ng th\u01a1m tr\u00e1i c\u00e2y \u0111\u1ecf v\u00e0 c\u00e1c lo\u1ea1i gia v\u1ecb, c\u00f9ng v\u1edbi v\u1ecb ch\u00e1t tannin v\u1eeba ph\u1ea3i, gi\u00fap t\u0103ng c\u01b0\u1eddng h\u01b0\u01a1ng v\u1ecb v\u00e0 \u0111\u1ed9 c\u00e2n b\u1eb1ng cho r\u01b0\u1ee3u vang.\u00a0Kh\u00f4ng ch\u1ec9 \u0111\u01b0\u1ee3c \u01b0a chu\u1ed9ng v\u1edbi c\u00e1c t\u00edn \u0111\u1ed3 y\u00eau r\u01b0\u1ee3u vang, Bordeaux c\u00f2n l\u00e0 m\u1ed9t s\u1ef1 l\u1ef1a ch\u1ecdn tuy\u1ec7t v\u1eddi \u0111\u1ec3 k\u1ebft h\u1ee3p v\u1edbi c\u00e1c m\u00f3n \u0103n sang tr\u1ecdng.<\/p>\n<p>S\u1ef1 ph\u1ee9c t\u1ea1p c\u1ee7a h\u01b0\u01a1ng v\u1ecb r\u01b0\u1ee3u vang Bordeaux t\u01b0\u01a1ng th\u00edch v\u1edbi nhi\u1ec1u lo\u1ea1i th\u1ef1c ph\u1ea9m, \u0111\u1eb7c bi\u1ec7t l\u00e0 c\u00e1c lo\u1ea1i th\u1ecbt \u0111\u1ecf v\u00e0 ph\u00f4 mai. V\u00ec v\u1eady, r\u01b0\u1ee3u vang Bordeaux th\u01b0\u1eddng \u0111\u01b0\u1ee3c d\u00f9ng \u0111\u1ec3 k\u1ebft h\u1ee3p v\u1edbi c\u00e1c m\u00f3n \u0103n sang tr\u1ecdng trong c\u00e1c bu\u1ed5i ti\u1ec7c t\u00f9ng, c\u00e1c s\u1ef1 ki\u1ec7n quan tr\u1ecdng ho\u1eb7c \u0111\u01a1n gi\u1ea3n l\u00e0 \u0111\u1ec3 th\u01b0\u1edfng th\u1ee9c c\u00f9ng b\u1ea1n b\u00e8 v\u00e0 ng\u01b0\u1eddi th\u00e2n trong nh\u1eefng d\u1ecbp \u0111\u1eb7c bi\u1ec7t.<\/p>\n<p>T\u1ea1i <a href=\"https:\/\/tandoorvietnam.com\/\">Tandoor Vi\u1ec7t Nam<\/a>, ch\u00fang t\u00f4i cung c\u1ea5p R\u01b0\u1ee3u Vang Bordeaux v\u1edbi ch\u1ea5t l\u01b0\u1ee3ng t\u1ed1t nh\u1ea5t, \u0111\u1ea3m b\u1ea3o ngu\u1ed3n g\u1ed1c r\u00f5 r\u00e0ng v\u00e0 gi\u00e1 c\u1ea3 ph\u1ea3i ch\u0103ng. H\u00e3y \u0111\u1ebfn v\u1edbi ch\u00fang t\u00f4i \u0111\u1ec3 tr\u1ea3i nghi\u1ec7m h\u01b0\u01a1ng v\u1ecb \u0111\u1ed9c \u0111\u00e1o c\u1ee7a s\u1ea3n ph\u1ea9m n\u00e0y v\u00e0 c\u00e1c lo\u1ea1i r\u01b0\u1ee3u vang kh\u00e1c, c\u00f9ng v\u1edbi c\u00e1c m\u00f3n \u0103n \u0111\u1eb7c s\u1eafc \u0111\u01b0\u1ee3c ch\u1ebf bi\u1ebfn t\u1eeb nguy\u00ean li\u1ec7u t\u01b0\u01a1i ngon.<\/p>\n","protected":false},"excerpt":{"rendered":"<p>S\u1ea3n ph\u1ea9m R\u01b0\u1ee3u Vang Bordeaux \u0111\u01b0\u1ee3c s\u1ea3n xu\u1ea5t t\u1eeb c\u00e1c lo\u1ea1i nho ch\u1ee7 y\u1ebfu nh\u01b0 Cabernet Sauvignon, Merlot v\u00e0 Cabernet Franc, t\u1ea1o n\u00ean h\u01b0\u01a1ng v\u1ecb \u0111\u1eadm \u0111\u00e0, c\u00e2n b\u1eb1ng v\u00e0 tinh t\u1ebf. V\u1edbi m\u00e0u s\u1eafc \u0111\u1ecf ruby \u0111\u1eadm, R\u01b0\u1ee3u Vang Bordeaux mang l\u1ea1i cho th\u1ef1c kh\u00e1ch c\u1ea3m gi\u00e1c \u1ea5m \u00e1p v\u00e0 m\u1ed9c m\u1ea1c. S\u1ef1 pha [&hellip;]<\/p>\n","protected":false},"featured_media":0,"template":"","meta":[],"product_brand":[],"product_cat":[232],"product_tag":[],"class_list":{"0":"post-3721","1":"product","2":"type-product","3":"status-publish","5":"product_cat-ruou-vang-va-bia","7":"first","8":"instock","9":"taxable","10":"shipping-taxable","11":"purchasable","12":"product-type-simple"},"yoast_head":"<!-- This site is optimized with the Yoast SEO Premium plugin v22.3 (Yoast SEO v27.5) - https:\/\/yoast.com\/product\/yoast-seo-premium-wordpress\/ -->\n<title>Bordeaux - Tandoor Vi\u1ec7t Nam<\/title>\n<meta name=\"description\" content=\"Kh\u00e1m ph\u00e1 lo\u1ea1i r\u01b0\u1ee3u Bordeaux tinh t\u1ebf v\u00e0 \u0111a d\u1ea1ng t\u1ea1i Tandoor Vietnam. T\u1eadn h\u01b0\u1edfng h\u01b0\u01a1ng v\u1ecb phong ph\u00fa v\u00e0 tinh t\u1ebf c\u1ee7a nh\u1eefng chai r\u01b0\u1ee3u \u0111\u1eb3ng c\u1ea5p.\" \/>\n<meta name=\"robots\" content=\"index, follow, max-snippet:-1, max-image-preview:large, max-video-preview:-1\" \/>\n<link rel=\"canonical\" href=\"https:\/\/tandoorvietnam.com\/vi\/sanpham\/ruou-vang-va-bia\/bordeaux\/\" \/>\n<meta property=\"og:locale\" content=\"vi_VN\" \/>\n<meta property=\"og:type\" content=\"article\" \/>\n<meta property=\"og:title\" content=\"Bordeaux\" \/>\n<meta property=\"og:description\" content=\"Kh\u00e1m ph\u00e1 lo\u1ea1i r\u01b0\u1ee3u Bordeaux tinh t\u1ebf v\u00e0 \u0111a d\u1ea1ng t\u1ea1i Tandoor Vietnam. T\u1eadn h\u01b0\u1edfng h\u01b0\u01a1ng v\u1ecb phong ph\u00fa v\u00e0 tinh t\u1ebf c\u1ee7a nh\u1eefng chai r\u01b0\u1ee3u \u0111\u1eb3ng c\u1ea5p.\" \/>\n<meta property=\"og:url\" content=\"https:\/\/tandoorvietnam.com\/vi\/sanpham\/ruou-vang-va-bia\/bordeaux\/\" \/>\n<meta property=\"og:site_name\" content=\"Tandoor Vi\u1ec7t Nam\" \/>\n<meta property=\"article:publisher\" content=\"https:\/\/www.facebook.com\/tandoor.hcmc\/\" \/>\n<meta property=\"article:modified_time\" content=\"2023-05-07T09:36:59+00:00\" \/>\n<meta property=\"og:image\" content=\"https:\/\/tandoorvietnam.com\/wp-content\/uploads\/2020\/07\/opengraph.jpg\" \/>\n\t<meta property=\"og:image:width\" content=\"1200\" \/>\n\t<meta property=\"og:image:height\" content=\"630\" \/>\n\t<meta property=\"og:image:type\" content=\"image\/jpeg\" \/>\n<meta name=\"twitter:card\" content=\"summary_large_image\" \/>\n<meta name=\"twitter:label1\" content=\"Est. reading time\" \/>\n\t<meta name=\"twitter:data1\" content=\"2 minutes\" \/>\n<script type=\"application\/ld+json\" class=\"yoast-schema-graph\">{\"@context\":\"https:\\\/\\\/schema.org\",\"@graph\":[{\"@type\":\"WebPage\",\"@id\":\"https:\\\/\\\/tandoorvietnam.com\\\/vi\\\/sanpham\\\/ruou-vang-va-bia\\\/bordeaux\\\/\",\"url\":\"https:\\\/\\\/tandoorvietnam.com\\\/vi\\\/sanpham\\\/ruou-vang-va-bia\\\/bordeaux\\\/\",\"name\":\"Bordeaux - Tandoor Vi\u1ec7t Nam\",\"isPartOf\":{\"@id\":\"https:\\\/\\\/tandoorvietnam.com\\\/vi\\\/#website\"},\"datePublished\":\"2021-04-26T02:48:22+00:00\",\"dateModified\":\"2023-05-07T09:36:59+00:00\",\"description\":\"Kh\u00e1m ph\u00e1 lo\u1ea1i r\u01b0\u1ee3u Bordeaux tinh t\u1ebf v\u00e0 \u0111a d\u1ea1ng t\u1ea1i Tandoor Vietnam. T\u1eadn h\u01b0\u1edfng h\u01b0\u01a1ng v\u1ecb phong ph\u00fa v\u00e0 tinh t\u1ebf c\u1ee7a nh\u1eefng chai r\u01b0\u1ee3u \u0111\u1eb3ng c\u1ea5p.\",\"breadcrumb\":{\"@id\":\"https:\\\/\\\/tandoorvietnam.com\\\/vi\\\/sanpham\\\/ruou-vang-va-bia\\\/bordeaux\\\/#breadcrumb\"},\"inLanguage\":\"vi-VN\",\"potentialAction\":[{\"@type\":\"ReadAction\",\"target\":[\"https:\\\/\\\/tandoorvietnam.com\\\/vi\\\/sanpham\\\/ruou-vang-va-bia\\\/bordeaux\\\/\"]}]},{\"@type\":\"BreadcrumbList\",\"@id\":\"https:\\\/\\\/tandoorvietnam.com\\\/vi\\\/sanpham\\\/ruou-vang-va-bia\\\/bordeaux\\\/#breadcrumb\",\"itemListElement\":[{\"@type\":\"ListItem\",\"position\":1,\"name\":\"Trang Ch\u1ee7\",\"item\":\"https:\\\/\\\/tandoorvietnam.com\\\/vi\\\/\"},{\"@type\":\"ListItem\",\"position\":2,\"name\":\"Shop\",\"item\":\"https:\\\/\\\/tandoorvietnam.com\\\/shop\\\/\"},{\"@type\":\"ListItem\",\"position\":3,\"name\":\"Bordeaux\"}]},{\"@type\":\"WebSite\",\"@id\":\"https:\\\/\\\/tandoorvietnam.com\\\/vi\\\/#website\",\"url\":\"https:\\\/\\\/tandoorvietnam.com\\\/vi\\\/\",\"name\":\"Tandoor Vietnam\",\"description\":\"Nh\u00e0 h\u00e0ng ngon h\u1ed3 ch\u00ed minh\",\"publisher\":{\"@id\":\"https:\\\/\\\/tandoorvietnam.com\\\/vi\\\/#organization\"},\"potentialAction\":[{\"@type\":\"SearchAction\",\"target\":{\"@type\":\"EntryPoint\",\"urlTemplate\":\"https:\\\/\\\/tandoorvietnam.com\\\/vi\\\/?s={search_term_string}\"},\"query-input\":{\"@type\":\"PropertyValueSpecification\",\"valueRequired\":true,\"valueName\":\"search_term_string\"}}],\"inLanguage\":\"vi-VN\"},{\"@type\":\"Organization\",\"@id\":\"https:\\\/\\\/tandoorvietnam.com\\\/vi\\\/#organization\",\"name\":\"Tandoor Vietnam\",\"url\":\"https:\\\/\\\/tandoorvietnam.com\\\/vi\\\/\",\"logo\":{\"@type\":\"ImageObject\",\"inLanguage\":\"vi-VN\",\"@id\":\"https:\\\/\\\/tandoorvietnam.com\\\/vi\\\/#\\\/schema\\\/logo\\\/image\\\/\",\"url\":\"https:\\\/\\\/tandoorvietnam.com\\\/wp-content\\\/uploads\\\/2020\\\/07\\\/logo.png\",\"contentUrl\":\"https:\\\/\\\/tandoorvietnam.com\\\/wp-content\\\/uploads\\\/2020\\\/07\\\/logo.png\",\"width\":133,\"height\":75,\"caption\":\"Tandoor Vietnam\"},\"image\":{\"@id\":\"https:\\\/\\\/tandoorvietnam.com\\\/vi\\\/#\\\/schema\\\/logo\\\/image\\\/\"},\"sameAs\":[\"https:\\\/\\\/www.facebook.com\\\/tandoor.hcmc\\\/\"]}]}<\/script>\n<!-- \/ Yoast SEO Premium plugin. -->","yoast_head_json":{"title":"Bordeaux - Tandoor Vi\u1ec7t Nam","description":"Kh\u00e1m ph\u00e1 lo\u1ea1i r\u01b0\u1ee3u Bordeaux tinh t\u1ebf v\u00e0 \u0111a d\u1ea1ng t\u1ea1i Tandoor Vietnam. T\u1eadn h\u01b0\u1edfng h\u01b0\u01a1ng v\u1ecb phong ph\u00fa v\u00e0 tinh t\u1ebf c\u1ee7a nh\u1eefng chai r\u01b0\u1ee3u \u0111\u1eb3ng c\u1ea5p.","robots":{"index":"index","follow":"follow","max-snippet":"max-snippet:-1","max-image-preview":"max-image-preview:large","max-video-preview":"max-video-preview:-1"},"canonical":"https:\/\/tandoorvietnam.com\/vi\/sanpham\/ruou-vang-va-bia\/bordeaux\/","og_locale":"vi_VN","og_type":"article","og_title":"Bordeaux","og_description":"Kh\u00e1m ph\u00e1 lo\u1ea1i r\u01b0\u1ee3u Bordeaux tinh t\u1ebf v\u00e0 \u0111a d\u1ea1ng t\u1ea1i Tandoor Vietnam. T\u1eadn h\u01b0\u1edfng h\u01b0\u01a1ng v\u1ecb phong ph\u00fa v\u00e0 tinh t\u1ebf c\u1ee7a nh\u1eefng chai r\u01b0\u1ee3u \u0111\u1eb3ng c\u1ea5p.","og_url":"https:\/\/tandoorvietnam.com\/vi\/sanpham\/ruou-vang-va-bia\/bordeaux\/","og_site_name":"Tandoor Vi\u1ec7t Nam","article_publisher":"https:\/\/www.facebook.com\/tandoor.hcmc\/","article_modified_time":"2023-05-07T09:36:59+00:00","og_image":[{"width":1200,"height":630,"url":"https:\/\/tandoorvietnam.com\/wp-content\/uploads\/2020\/07\/opengraph.jpg","type":"image\/jpeg"}],"twitter_card":"summary_large_image","twitter_misc":{"Est. reading time":"2 minutes"},"schema":{"@context":"https:\/\/schema.org","@graph":[{"@type":"WebPage","@id":"https:\/\/tandoorvietnam.com\/vi\/sanpham\/ruou-vang-va-bia\/bordeaux\/","url":"https:\/\/tandoorvietnam.com\/vi\/sanpham\/ruou-vang-va-bia\/bordeaux\/","name":"Bordeaux - Tandoor Vi\u1ec7t Nam","isPartOf":{"@id":"https:\/\/tandoorvietnam.com\/vi\/#website"},"datePublished":"2021-04-26T02:48:22+00:00","dateModified":"2023-05-07T09:36:59+00:00","description":"Kh\u00e1m ph\u00e1 lo\u1ea1i r\u01b0\u1ee3u Bordeaux tinh t\u1ebf v\u00e0 \u0111a d\u1ea1ng t\u1ea1i Tandoor Vietnam. T\u1eadn h\u01b0\u1edfng h\u01b0\u01a1ng v\u1ecb phong ph\u00fa v\u00e0 tinh t\u1ebf c\u1ee7a nh\u1eefng chai r\u01b0\u1ee3u \u0111\u1eb3ng c\u1ea5p.","breadcrumb":{"@id":"https:\/\/tandoorvietnam.com\/vi\/sanpham\/ruou-vang-va-bia\/bordeaux\/#breadcrumb"},"inLanguage":"vi-VN","potentialAction":[{"@type":"ReadAction","target":["https:\/\/tandoorvietnam.com\/vi\/sanpham\/ruou-vang-va-bia\/bordeaux\/"]}]},{"@type":"BreadcrumbList","@id":"https:\/\/tandoorvietnam.com\/vi\/sanpham\/ruou-vang-va-bia\/bordeaux\/#breadcrumb","itemListElement":[{"@type":"ListItem","position":1,"name":"Trang Ch\u1ee7","item":"https:\/\/tandoorvietnam.com\/vi\/"},{"@type":"ListItem","position":2,"name":"Shop","item":"https:\/\/tandoorvietnam.com\/shop\/"},{"@type":"ListItem","position":3,"name":"Bordeaux"}]},{"@type":"WebSite","@id":"https:\/\/tandoorvietnam.com\/vi\/#website","url":"https:\/\/tandoorvietnam.com\/vi\/","name":"Tandoor Vietnam","description":"Nh\u00e0 h\u00e0ng ngon h\u1ed3 ch\u00ed minh","publisher":{"@id":"https:\/\/tandoorvietnam.com\/vi\/#organization"},"potentialAction":[{"@type":"SearchAction","target":{"@type":"EntryPoint","urlTemplate":"https:\/\/tandoorvietnam.com\/vi\/?s={search_term_string}"},"query-input":{"@type":"PropertyValueSpecification","valueRequired":true,"valueName":"search_term_string"}}],"inLanguage":"vi-VN"},{"@type":"Organization","@id":"https:\/\/tandoorvietnam.com\/vi\/#organization","name":"Tandoor Vietnam","url":"https:\/\/tandoorvietnam.com\/vi\/","logo":{"@type":"ImageObject","inLanguage":"vi-VN","@id":"https:\/\/tandoorvietnam.com\/vi\/#\/schema\/logo\/image\/","url":"https:\/\/tandoorvietnam.com\/wp-content\/uploads\/2020\/07\/logo.png","contentUrl":"https:\/\/tandoorvietnam.com\/wp-content\/uploads\/2020\/07\/logo.png","width":133,"height":75,"caption":"Tandoor Vietnam"},"image":{"@id":"https:\/\/tandoorvietnam.com\/vi\/#\/schema\/logo\/image\/"},"sameAs":["https:\/\/www.facebook.com\/tandoor.hcmc\/"]}]}},"_links":{"self":[{"href":"https:\/\/tandoorvietnam.com\/vi\/wp-json\/wp\/v2\/product\/3721","targetHints":{"allow":["GET"]}}],"collection":[{"href":"https:\/\/tandoorvietnam.com\/vi\/wp-json\/wp\/v2\/product"}],"about":[{"href":"https:\/\/tandoorvietnam.com\/vi\/wp-json\/wp\/v2\/types\/product"}],"wp:attachment":[{"href":"https:\/\/tandoorvietnam.com\/vi\/wp-json\/wp\/v2\/media?parent=3721"}],"wp:term":[{"taxonomy":"product_brand","embeddable":true,"href":"https:\/\/tandoorvietnam.com\/vi\/wp-json\/wp\/v2\/product_brand?post=3721"},{"taxonomy":"product_cat","embeddable":true,"href":"https:\/\/tandoorvietnam.com\/vi\/wp-json\/wp\/v2\/product_cat?post=3721"},{"taxonomy":"product_tag","embeddable":true,"href":"https:\/\/tandoorvietnam.com\/vi\/wp-json\/wp\/v2\/product_tag?post=3721"}],"curies":[{"name":"wp","href":"https:\/\/api.w.org\/{rel}","templated":true}]}}