{"id":3722,"date":"2020-06-26T11:19:40","date_gmt":"2021-04-26T02:49:28","guid":{"rendered":"http:\/\/tandoorvietnam.com\/product\/uncategorized\/bordeaux-2\/"},"modified":"2023-05-07T15:22:10","modified_gmt":"2023-05-07T15:22:10","slug":"bordeaux-2","status":"publish","type":"product","link":"https:\/\/tandoorvietnam.com\/vi\/sanpham\/ruou-vang-va-bia\/bordeaux-2\/","title":{"rendered":"Bordeaux"},"content":{"rendered":"<p>R\u01b0\u1ee3u vang Bordeaux l\u00e0 m\u1ed9t trong nh\u1eefng lo\u1ea1i r\u01b0\u1ee3u vang n\u1ed5i ti\u1ebfng nh\u1ea5t th\u1ebf gi\u1edbi, v\u1edbi h\u01b0\u01a1ng v\u1ecb \u0111\u1eadm \u0111\u00e0, tinh t\u1ebf v\u00e0 \u0111a d\u1ea1ng. V\u1edbi v\u00f9ng \u0111\u1ea5t ph\u00e1t tri\u1ec3n ngh\u1ec1 tr\u1ed3ng nho l\u00e2u \u0111\u1eddi v\u00e0 s\u1ef1 k\u1ebft h\u1ee3p t\u00e0i t\u00ecnh gi\u1eefa c\u00e1c gi\u1ed1ng nho, r\u01b0\u1ee3u vang Bordeaux \u0111\u00e3 tr\u1edf th\u00e0nh m\u1ed9t bi\u1ec3u t\u01b0\u1ee3ng c\u1ee7a ngh\u1ec7 thu\u1eadt \u1ea9m th\u1ef1c v\u00e0 v\u0103n h\u00f3a Ph\u00e1p.<\/p>\n<p>T\u1ea1i <a href=\"https:\/\/tandoorvietnam.com\/\">nh\u00e0 h\u00e0ng Tandoor Vietnam<\/a>, ch\u00fang t\u00f4i t\u1ef1 h\u00e0o mang \u0111\u1ebfn cho kh\u00e1ch h\u00e0ng nh\u1eefng lo\u1ea1i r\u01b0\u1ee3u vang Bordeaux ch\u1ea5t l\u01b0\u1ee3ng nh\u1ea5t. V\u1edbi m\u00e0u s\u1eafc \u0111\u1ecf \u0111\u1eadm, h\u01b0\u01a1ng v\u1ecb tr\u00e1i c\u00e2y phong ph\u00fa, v\u1ecb tannin m\u01b0\u1ee3t m\u00e0 v\u00e0 \u0111\u1ea7y c\u00e2n b\u1eb1ng, c\u00e1c chai r\u01b0\u1ee3u vang Bordeaux t\u1ea1i Tandoor Vietnam l\u00e0 s\u1ef1 l\u1ef1a ch\u1ecdn ho\u00e0n h\u1ea3o \u0111\u1ec3 th\u01b0\u1edfng th\u1ee9c c\u00f9ng v\u1edbi c\u00e1c m\u00f3n \u0103n truy\u1ec1n th\u1ed1ng c\u1ee7a Ph\u00e1p v\u00e0 c\u00e1c m\u00f3n \u0103n \u0111\u1eb7c s\u1eafc t\u1ea1i Tandoor Vietnam.<\/p>\n<p>Bordeaux kh\u00f4ng ch\u1ec9 l\u00e0 m\u1ed9t lo\u1ea1i r\u01b0\u1ee3u vang m\u00e0 c\u00f2n l\u00e0 m\u1ed9t th\u01b0\u01a1ng hi\u1ec7u uy t\u00edn v\u00e0 \u0111\u1eb3ng c\u1ea5p, v\u1edbi nh\u1eefng chai r\u01b0\u1ee3u \u0111\u1ebfn t\u1eeb c\u00e1c nh\u00e0 s\u1ea3n xu\u1ea5t h\u00e0ng \u0111\u1ea7u c\u1ee7a khu v\u1ef1c.<\/p>\n<p>H\u00e3y \u0111\u1ebfn v\u1edbi Tandoor Vietnam \u0111\u1ec3 tr\u1ea3i nghi\u1ec7m nh\u1eefng m\u00f3n \u0103n \u0111\u1eb7c s\u1eafc t\u1eeb kh\u1eafp c\u00e1c v\u00f9ng mi\u1ec1n \u1ea4n \u0110\u1ed9 v\u00e0 th\u01b0\u1edfng th\u1ee9c nh\u1eefng lo\u1ea1i <a href=\"https:\/\/vi.wikipedia.org\/wiki\/H%E1%BB%87_th%E1%BB%91ng_ph%C3%A2n_lo%E1%BA%A1i_r%C6%B0%E1%BB%A3u_vang_Bordeaux_1855\">r\u01b0\u1ee3u vang Bordeaux<\/a> tinh t\u1ebf v\u00e0 \u0111\u1ea7y c\u1ea3m h\u1ee9ng.<\/p>\n","protected":false},"excerpt":{"rendered":"<p>R\u01b0\u1ee3u vang Bordeaux l\u00e0 m\u1ed9t trong nh\u1eefng lo\u1ea1i r\u01b0\u1ee3u vang n\u1ed5i ti\u1ebfng nh\u1ea5t th\u1ebf gi\u1edbi, v\u1edbi h\u01b0\u01a1ng v\u1ecb \u0111\u1eadm \u0111\u00e0, tinh t\u1ebf v\u00e0 \u0111a d\u1ea1ng. V\u1edbi v\u00f9ng \u0111\u1ea5t ph\u00e1t tri\u1ec3n ngh\u1ec1 tr\u1ed3ng nho l\u00e2u \u0111\u1eddi v\u00e0 s\u1ef1 k\u1ebft h\u1ee3p t\u00e0i t\u00ecnh gi\u1eefa c\u00e1c gi\u1ed1ng nho, r\u01b0\u1ee3u vang Bordeaux \u0111\u00e3 tr\u1edf th\u00e0nh m\u1ed9t bi\u1ec3u t\u01b0\u1ee3ng c\u1ee7a [&hellip;]<\/p>\n","protected":false},"featured_media":0,"template":"","meta":[],"product_brand":[],"product_cat":[232],"product_tag":[],"class_list":{"0":"post-3722","1":"product","2":"type-product","3":"status-publish","5":"product_cat-ruou-vang-va-bia","7":"first","8":"instock","9":"taxable","10":"shipping-taxable","11":"purchasable","12":"product-type-simple"},"yoast_head":"<!-- This site is optimized with the Yoast SEO Premium plugin v22.3 (Yoast SEO v27.4) - https:\/\/yoast.com\/product\/yoast-seo-premium-wordpress\/ -->\n<title>Bordeaux - Tandoor Vi\u1ec7t Nam<\/title>\n<meta name=\"description\" content=\"Th\u01b0\u1edfng th\u1ee9c v\u1ecb n\u1ed3ng n\u00e0n v\u00e0 tinh t\u1ebf c\u1ee7a r\u01b0\u1ee3u vang Bordeaux t\u1ea1i Tandoor Vietnam - th\u1ef1c \u0111\u01a1n \u0111a d\u1ea1ng v\u1edbi nhi\u1ec1u lo\u1ea1i r\u01b0\u1ee3u n\u1ed5i ti\u1ebfng t\u1eeb kh\u1eafp n\u01a1i tr\u00ean th\u1ebf gi\u1edbi.\" \/>\n<meta name=\"robots\" content=\"index, follow, max-snippet:-1, max-image-preview:large, max-video-preview:-1\" \/>\n<link rel=\"canonical\" href=\"https:\/\/tandoorvietnam.com\/vi\/sanpham\/ruou-vang-va-bia\/bordeaux-2\/\" \/>\n<meta property=\"og:locale\" content=\"vi_VN\" \/>\n<meta property=\"og:type\" content=\"article\" \/>\n<meta property=\"og:title\" content=\"Bordeaux\" \/>\n<meta property=\"og:description\" content=\"Th\u01b0\u1edfng th\u1ee9c v\u1ecb n\u1ed3ng n\u00e0n v\u00e0 tinh t\u1ebf c\u1ee7a r\u01b0\u1ee3u vang Bordeaux t\u1ea1i Tandoor Vietnam - th\u1ef1c \u0111\u01a1n \u0111a d\u1ea1ng v\u1edbi nhi\u1ec1u lo\u1ea1i r\u01b0\u1ee3u n\u1ed5i ti\u1ebfng t\u1eeb kh\u1eafp n\u01a1i tr\u00ean th\u1ebf gi\u1edbi.\" \/>\n<meta property=\"og:url\" content=\"https:\/\/tandoorvietnam.com\/vi\/sanpham\/ruou-vang-va-bia\/bordeaux-2\/\" \/>\n<meta property=\"og:site_name\" content=\"Tandoor Vi\u1ec7t Nam\" \/>\n<meta property=\"article:publisher\" content=\"https:\/\/www.facebook.com\/tandoor.hcmc\/\" \/>\n<meta property=\"article:modified_time\" content=\"2023-05-07T15:22:10+00:00\" \/>\n<meta property=\"og:image\" content=\"https:\/\/tandoorvietnam.com\/wp-content\/uploads\/2020\/07\/opengraph.jpg\" \/>\n\t<meta property=\"og:image:width\" content=\"1200\" \/>\n\t<meta property=\"og:image:height\" content=\"630\" \/>\n\t<meta property=\"og:image:type\" content=\"image\/jpeg\" \/>\n<meta name=\"twitter:card\" content=\"summary_large_image\" \/>\n<meta name=\"twitter:label1\" content=\"Est. reading time\" \/>\n\t<meta name=\"twitter:data1\" content=\"1 minute\" \/>\n<script type=\"application\/ld+json\" class=\"yoast-schema-graph\">{\"@context\":\"https:\\\/\\\/schema.org\",\"@graph\":[{\"@type\":\"WebPage\",\"@id\":\"https:\\\/\\\/tandoorvietnam.com\\\/vi\\\/sanpham\\\/ruou-vang-va-bia\\\/bordeaux-2\\\/\",\"url\":\"https:\\\/\\\/tandoorvietnam.com\\\/vi\\\/sanpham\\\/ruou-vang-va-bia\\\/bordeaux-2\\\/\",\"name\":\"Bordeaux - Tandoor Vi\u1ec7t Nam\",\"isPartOf\":{\"@id\":\"https:\\\/\\\/tandoorvietnam.com\\\/vi\\\/#website\"},\"datePublished\":\"2021-04-26T02:49:28+00:00\",\"dateModified\":\"2023-05-07T15:22:10+00:00\",\"description\":\"Th\u01b0\u1edfng th\u1ee9c v\u1ecb n\u1ed3ng n\u00e0n v\u00e0 tinh t\u1ebf c\u1ee7a r\u01b0\u1ee3u vang Bordeaux t\u1ea1i Tandoor Vietnam - th\u1ef1c \u0111\u01a1n \u0111a d\u1ea1ng v\u1edbi nhi\u1ec1u lo\u1ea1i r\u01b0\u1ee3u n\u1ed5i ti\u1ebfng t\u1eeb kh\u1eafp n\u01a1i tr\u00ean th\u1ebf gi\u1edbi.\",\"breadcrumb\":{\"@id\":\"https:\\\/\\\/tandoorvietnam.com\\\/vi\\\/sanpham\\\/ruou-vang-va-bia\\\/bordeaux-2\\\/#breadcrumb\"},\"inLanguage\":\"vi-VN\",\"potentialAction\":[{\"@type\":\"ReadAction\",\"target\":[\"https:\\\/\\\/tandoorvietnam.com\\\/vi\\\/sanpham\\\/ruou-vang-va-bia\\\/bordeaux-2\\\/\"]}]},{\"@type\":\"BreadcrumbList\",\"@id\":\"https:\\\/\\\/tandoorvietnam.com\\\/vi\\\/sanpham\\\/ruou-vang-va-bia\\\/bordeaux-2\\\/#breadcrumb\",\"itemListElement\":[{\"@type\":\"ListItem\",\"position\":1,\"name\":\"Trang Ch\u1ee7\",\"item\":\"https:\\\/\\\/tandoorvietnam.com\\\/vi\\\/\"},{\"@type\":\"ListItem\",\"position\":2,\"name\":\"Shop\",\"item\":\"https:\\\/\\\/tandoorvietnam.com\\\/shop\\\/\"},{\"@type\":\"ListItem\",\"position\":3,\"name\":\"Bordeaux\"}]},{\"@type\":\"WebSite\",\"@id\":\"https:\\\/\\\/tandoorvietnam.com\\\/vi\\\/#website\",\"url\":\"https:\\\/\\\/tandoorvietnam.com\\\/vi\\\/\",\"name\":\"Tandoor Vietnam\",\"description\":\"Nh\u00e0 h\u00e0ng ngon h\u1ed3 ch\u00ed minh\",\"publisher\":{\"@id\":\"https:\\\/\\\/tandoorvietnam.com\\\/vi\\\/#organization\"},\"potentialAction\":[{\"@type\":\"SearchAction\",\"target\":{\"@type\":\"EntryPoint\",\"urlTemplate\":\"https:\\\/\\\/tandoorvietnam.com\\\/vi\\\/?s={search_term_string}\"},\"query-input\":{\"@type\":\"PropertyValueSpecification\",\"valueRequired\":true,\"valueName\":\"search_term_string\"}}],\"inLanguage\":\"vi-VN\"},{\"@type\":\"Organization\",\"@id\":\"https:\\\/\\\/tandoorvietnam.com\\\/vi\\\/#organization\",\"name\":\"Tandoor Vietnam\",\"url\":\"https:\\\/\\\/tandoorvietnam.com\\\/vi\\\/\",\"logo\":{\"@type\":\"ImageObject\",\"inLanguage\":\"vi-VN\",\"@id\":\"https:\\\/\\\/tandoorvietnam.com\\\/vi\\\/#\\\/schema\\\/logo\\\/image\\\/\",\"url\":\"https:\\\/\\\/tandoorvietnam.com\\\/wp-content\\\/uploads\\\/2020\\\/07\\\/logo.png\",\"contentUrl\":\"https:\\\/\\\/tandoorvietnam.com\\\/wp-content\\\/uploads\\\/2020\\\/07\\\/logo.png\",\"width\":133,\"height\":75,\"caption\":\"Tandoor Vietnam\"},\"image\":{\"@id\":\"https:\\\/\\\/tandoorvietnam.com\\\/vi\\\/#\\\/schema\\\/logo\\\/image\\\/\"},\"sameAs\":[\"https:\\\/\\\/www.facebook.com\\\/tandoor.hcmc\\\/\"]}]}<\/script>\n<!-- \/ Yoast SEO Premium plugin. -->","yoast_head_json":{"title":"Bordeaux - Tandoor Vi\u1ec7t Nam","description":"Th\u01b0\u1edfng th\u1ee9c v\u1ecb n\u1ed3ng n\u00e0n v\u00e0 tinh t\u1ebf c\u1ee7a r\u01b0\u1ee3u vang Bordeaux t\u1ea1i Tandoor Vietnam - th\u1ef1c \u0111\u01a1n \u0111a d\u1ea1ng v\u1edbi nhi\u1ec1u lo\u1ea1i r\u01b0\u1ee3u n\u1ed5i ti\u1ebfng t\u1eeb kh\u1eafp n\u01a1i tr\u00ean th\u1ebf gi\u1edbi.","robots":{"index":"index","follow":"follow","max-snippet":"max-snippet:-1","max-image-preview":"max-image-preview:large","max-video-preview":"max-video-preview:-1"},"canonical":"https:\/\/tandoorvietnam.com\/vi\/sanpham\/ruou-vang-va-bia\/bordeaux-2\/","og_locale":"vi_VN","og_type":"article","og_title":"Bordeaux","og_description":"Th\u01b0\u1edfng th\u1ee9c v\u1ecb n\u1ed3ng n\u00e0n v\u00e0 tinh t\u1ebf c\u1ee7a r\u01b0\u1ee3u vang Bordeaux t\u1ea1i Tandoor Vietnam - th\u1ef1c \u0111\u01a1n \u0111a d\u1ea1ng v\u1edbi nhi\u1ec1u lo\u1ea1i r\u01b0\u1ee3u n\u1ed5i ti\u1ebfng t\u1eeb kh\u1eafp n\u01a1i tr\u00ean th\u1ebf gi\u1edbi.","og_url":"https:\/\/tandoorvietnam.com\/vi\/sanpham\/ruou-vang-va-bia\/bordeaux-2\/","og_site_name":"Tandoor Vi\u1ec7t Nam","article_publisher":"https:\/\/www.facebook.com\/tandoor.hcmc\/","article_modified_time":"2023-05-07T15:22:10+00:00","og_image":[{"width":1200,"height":630,"url":"https:\/\/tandoorvietnam.com\/wp-content\/uploads\/2020\/07\/opengraph.jpg","type":"image\/jpeg"}],"twitter_card":"summary_large_image","twitter_misc":{"Est. reading time":"1 minute"},"schema":{"@context":"https:\/\/schema.org","@graph":[{"@type":"WebPage","@id":"https:\/\/tandoorvietnam.com\/vi\/sanpham\/ruou-vang-va-bia\/bordeaux-2\/","url":"https:\/\/tandoorvietnam.com\/vi\/sanpham\/ruou-vang-va-bia\/bordeaux-2\/","name":"Bordeaux - Tandoor Vi\u1ec7t Nam","isPartOf":{"@id":"https:\/\/tandoorvietnam.com\/vi\/#website"},"datePublished":"2021-04-26T02:49:28+00:00","dateModified":"2023-05-07T15:22:10+00:00","description":"Th\u01b0\u1edfng th\u1ee9c v\u1ecb n\u1ed3ng n\u00e0n v\u00e0 tinh t\u1ebf c\u1ee7a r\u01b0\u1ee3u vang Bordeaux t\u1ea1i Tandoor Vietnam - th\u1ef1c \u0111\u01a1n \u0111a d\u1ea1ng v\u1edbi nhi\u1ec1u lo\u1ea1i r\u01b0\u1ee3u n\u1ed5i ti\u1ebfng t\u1eeb kh\u1eafp n\u01a1i tr\u00ean th\u1ebf gi\u1edbi.","breadcrumb":{"@id":"https:\/\/tandoorvietnam.com\/vi\/sanpham\/ruou-vang-va-bia\/bordeaux-2\/#breadcrumb"},"inLanguage":"vi-VN","potentialAction":[{"@type":"ReadAction","target":["https:\/\/tandoorvietnam.com\/vi\/sanpham\/ruou-vang-va-bia\/bordeaux-2\/"]}]},{"@type":"BreadcrumbList","@id":"https:\/\/tandoorvietnam.com\/vi\/sanpham\/ruou-vang-va-bia\/bordeaux-2\/#breadcrumb","itemListElement":[{"@type":"ListItem","position":1,"name":"Trang Ch\u1ee7","item":"https:\/\/tandoorvietnam.com\/vi\/"},{"@type":"ListItem","position":2,"name":"Shop","item":"https:\/\/tandoorvietnam.com\/shop\/"},{"@type":"ListItem","position":3,"name":"Bordeaux"}]},{"@type":"WebSite","@id":"https:\/\/tandoorvietnam.com\/vi\/#website","url":"https:\/\/tandoorvietnam.com\/vi\/","name":"Tandoor Vietnam","description":"Nh\u00e0 h\u00e0ng ngon h\u1ed3 ch\u00ed minh","publisher":{"@id":"https:\/\/tandoorvietnam.com\/vi\/#organization"},"potentialAction":[{"@type":"SearchAction","target":{"@type":"EntryPoint","urlTemplate":"https:\/\/tandoorvietnam.com\/vi\/?s={search_term_string}"},"query-input":{"@type":"PropertyValueSpecification","valueRequired":true,"valueName":"search_term_string"}}],"inLanguage":"vi-VN"},{"@type":"Organization","@id":"https:\/\/tandoorvietnam.com\/vi\/#organization","name":"Tandoor Vietnam","url":"https:\/\/tandoorvietnam.com\/vi\/","logo":{"@type":"ImageObject","inLanguage":"vi-VN","@id":"https:\/\/tandoorvietnam.com\/vi\/#\/schema\/logo\/image\/","url":"https:\/\/tandoorvietnam.com\/wp-content\/uploads\/2020\/07\/logo.png","contentUrl":"https:\/\/tandoorvietnam.com\/wp-content\/uploads\/2020\/07\/logo.png","width":133,"height":75,"caption":"Tandoor Vietnam"},"image":{"@id":"https:\/\/tandoorvietnam.com\/vi\/#\/schema\/logo\/image\/"},"sameAs":["https:\/\/www.facebook.com\/tandoor.hcmc\/"]}]}},"_links":{"self":[{"href":"https:\/\/tandoorvietnam.com\/vi\/wp-json\/wp\/v2\/product\/3722","targetHints":{"allow":["GET"]}}],"collection":[{"href":"https:\/\/tandoorvietnam.com\/vi\/wp-json\/wp\/v2\/product"}],"about":[{"href":"https:\/\/tandoorvietnam.com\/vi\/wp-json\/wp\/v2\/types\/product"}],"wp:attachment":[{"href":"https:\/\/tandoorvietnam.com\/vi\/wp-json\/wp\/v2\/media?parent=3722"}],"wp:term":[{"taxonomy":"product_brand","embeddable":true,"href":"https:\/\/tandoorvietnam.com\/vi\/wp-json\/wp\/v2\/product_brand?post=3722"},{"taxonomy":"product_cat","embeddable":true,"href":"https:\/\/tandoorvietnam.com\/vi\/wp-json\/wp\/v2\/product_cat?post=3722"},{"taxonomy":"product_tag","embeddable":true,"href":"https:\/\/tandoorvietnam.com\/vi\/wp-json\/wp\/v2\/product_tag?post=3722"}],"curies":[{"name":"wp","href":"https:\/\/api.w.org\/{rel}","templated":true}]}}