{"id":3725,"date":"2020-06-23T12:25:52","date_gmt":"2021-04-26T02:50:50","guid":{"rendered":"http:\/\/tandoorvietnam.com\/product\/uncategorized\/heineken-carlsberg-sapporo\/"},"modified":"2023-05-10T09:35:10","modified_gmt":"2023-05-10T09:35:10","slug":"heineken-carlsberg-sapporo","status":"publish","type":"product","link":"https:\/\/tandoorvietnam.com\/vi\/sanpham\/ruou-vang-va-bia\/heineken-carlsberg-sapporo\/","title":{"rendered":"Heineken-Carlsberg-Sapporo"},"content":{"rendered":"<p>Heineken, Carlsberg v\u00e0 Sapporo l\u00e0 nh\u1eefng th\u01b0\u01a1ng hi\u1ec7u bia v\u00e0 r\u01b0\u1ee3u vang n\u1ed5i ti\u1ebfng tr\u00ean to\u00e0n th\u1ebf gi\u1edbi, \u0111\u01b0\u1ee3c \u0111\u01b0a \u0111\u1ebfn t\u1eadn tay kh\u00e1ch h\u00e0ng t\u1ea1i Tandoor Vietnam. V\u1edbi nhi\u1ec1u l\u1ef1a ch\u1ecdn cho t\u1eebng lo\u1ea1i \u0111\u1ed3 u\u1ed1ng, kh\u00e1ch h\u00e0ng c\u00f3 th\u1ec3 t\u00f9y ch\u1ecdn theo kh\u1ea9u v\u1ecb c\u1ee7a m\u00ecnh.<\/p>\n<p>Heineken l\u00e0 m\u1ed9t th\u01b0\u01a1ng hi\u1ec7u bia ng\u01b0\u1eddi H\u00e0 Lan, c\u00f3 h\u01b0\u01a1ng v\u1ecb \u0111\u1eadm \u0111\u00e0 v\u1edbi v\u1ecb \u0111\u1eafng nh\u1eb9 v\u00e0 h\u01b0\u01a1ng th\u01a1m hoa bia. Bia Heineken \u0111\u01b0\u1ee3c \u1ee7 l\u1ea1nh v\u00e0 \u0111\u00f3ng chai trong qu\u00e1 tr\u00ecnh s\u1ea3n xu\u1ea5t \u0111\u1ec3 gi\u1eef cho bia lu\u00f4n t\u01b0\u01a1i m\u1edbi.<\/p>\n<p><a href=\"https:\/\/vi.wikipedia.org\/wiki\/Carlsberg\">Carlsberg<\/a> l\u00e0 m\u1ed9t th\u01b0\u01a1ng hi\u1ec7u bia ng\u01b0\u1eddi \u0110an M\u1ea1ch, v\u1edbi v\u1ecb \u0111\u1eafng m\u1ea1nh v\u00e0 h\u01b0\u01a1ng th\u01a1m nh\u1eb9 nh\u00e0ng c\u1ee7a hoa bia. Bia Carlsberg \u0111\u01b0\u1ee3c s\u1ea3n xu\u1ea5t t\u1eeb c\u00e1c nguy\u00ean li\u1ec7u t\u1ed1t nh\u1ea5t v\u00e0 \u1ee7 l\u1ea1nh \u0111\u1eb7c bi\u1ec7t \u0111\u1ec3 gi\u1eef cho bia c\u00f3 v\u1ecb tuy\u1ec7t v\u1eddi.<\/p>\n<p>Sapporo l\u00e0 m\u1ed9t th\u01b0\u01a1ng hi\u1ec7u bia ng\u01b0\u1eddi Nh\u1eadt B\u1ea3n, v\u1edbi h\u01b0\u01a1ng v\u1ecb ng\u1ecdt ng\u00e0o, m\u01b0\u1ee3t m\u00e0 v\u00e0 v\u1ecb \u0111\u1eafng nh\u1eb9 nh\u00e0ng. Bia Sapporo \u0111\u01b0\u1ee3c \u1ee7 trong th\u00f9ng g\u1ed7 v\u00e0 \u0111\u00f3ng chai \u0111\u1ec3 gi\u1eef cho bia c\u00f3 v\u1ecb \u0111\u1eadm \u0111\u00e0 v\u00e0 t\u01b0\u01a1i m\u1edbi.<\/p>\n<p>Kh\u00f4ng ch\u1ec9 c\u00f3 bia Heineken, Carlsberg v\u00e0 Sapporo, Tandoor Vietnam c\u00f2n cung c\u1ea5p \u0111a d\u1ea1ng lo\u1ea1i r\u01b0\u1ee3u vang ph\u1ee5c v\u1ee5 nhu c\u1ea7u c\u1ee7a kh\u00e1ch h\u00e0ng. V\u1edbi ch\u1ea5t l\u01b0\u1ee3ng t\u1ed1t, \u1ea9m th\u1ef1c \u1ea4n \u0110\u1ed9 t\u1ea1i <a href=\"https:\/\/tandoorvietnam.com\/\">Tandoor Vietnam<\/a> s\u1ebd \u0111em l\u1ea1i cho b\u1ea1n tr\u1ea3i nghi\u1ec7m th\u01b0\u1edfng th\u1ee9c m\u00f3n \u0103n tuy\u1ec7t v\u1eddi.<\/p>\n","protected":false},"excerpt":{"rendered":"<p>Heineken, Carlsberg v\u00e0 Sapporo l\u00e0 nh\u1eefng th\u01b0\u01a1ng hi\u1ec7u bia v\u00e0 r\u01b0\u1ee3u vang n\u1ed5i ti\u1ebfng tr\u00ean to\u00e0n th\u1ebf gi\u1edbi, \u0111\u01b0\u1ee3c \u0111\u01b0a \u0111\u1ebfn t\u1eadn tay kh\u00e1ch h\u00e0ng t\u1ea1i Tandoor Vietnam. V\u1edbi nhi\u1ec1u l\u1ef1a ch\u1ecdn cho t\u1eebng lo\u1ea1i \u0111\u1ed3 u\u1ed1ng, kh\u00e1ch h\u00e0ng c\u00f3 th\u1ec3 t\u00f9y ch\u1ecdn theo kh\u1ea9u v\u1ecb c\u1ee7a m\u00ecnh. Heineken l\u00e0 m\u1ed9t th\u01b0\u01a1ng hi\u1ec7u bia ng\u01b0\u1eddi [&hellip;]<\/p>\n","protected":false},"featured_media":0,"template":"","meta":[],"product_brand":[],"product_cat":[232],"product_tag":[],"class_list":{"0":"post-3725","1":"product","2":"type-product","3":"status-publish","5":"product_cat-ruou-vang-va-bia","7":"first","8":"instock","9":"taxable","10":"shipping-taxable","11":"purchasable","12":"product-type-simple"},"yoast_head":"<!-- This site is optimized with the Yoast SEO Premium plugin v22.3 (Yoast SEO v27.6) - https:\/\/yoast.com\/product\/yoast-seo-premium-wordpress\/ -->\n<title>Heineken-Carlsberg-Sapporo - Tandoor Vi\u1ec7t Nam<\/title>\n<meta name=\"description\" content=\"Kh\u00e1m ph\u00e1 th\u1ebf gi\u1edbi r\u01b0\u1ee3u bia t\u1ea1i Tandoor Vietnam v\u1edbi s\u1ef1 \u0111a d\u1ea1ng c\u1ee7a c\u00e1c lo\u1ea1i r\u01b0\u1ee3u vang v\u00e0 bia t\u1eeb c\u00e1c th\u01b0\u01a1ng hi\u1ec7u n\u1ed5i ti\u1ebfng nh\u01b0 Heineken-Carlsberg-Sapporo.\" \/>\n<meta name=\"robots\" content=\"index, follow, max-snippet:-1, max-image-preview:large, max-video-preview:-1\" \/>\n<link rel=\"canonical\" href=\"https:\/\/tandoorvietnam.com\/vi\/sanpham\/ruou-vang-va-bia\/heineken-carlsberg-sapporo\/\" \/>\n<meta property=\"og:locale\" content=\"vi_VN\" \/>\n<meta property=\"og:type\" content=\"article\" \/>\n<meta property=\"og:title\" content=\"Heineken-Carlsberg-Sapporo\" \/>\n<meta property=\"og:description\" content=\"Kh\u00e1m ph\u00e1 th\u1ebf gi\u1edbi r\u01b0\u1ee3u bia t\u1ea1i Tandoor Vietnam v\u1edbi s\u1ef1 \u0111a d\u1ea1ng c\u1ee7a c\u00e1c lo\u1ea1i r\u01b0\u1ee3u vang v\u00e0 bia t\u1eeb c\u00e1c th\u01b0\u01a1ng hi\u1ec7u n\u1ed5i ti\u1ebfng nh\u01b0 Heineken-Carlsberg-Sapporo.\" \/>\n<meta property=\"og:url\" content=\"https:\/\/tandoorvietnam.com\/vi\/sanpham\/ruou-vang-va-bia\/heineken-carlsberg-sapporo\/\" \/>\n<meta property=\"og:site_name\" content=\"Tandoor Vi\u1ec7t Nam\" \/>\n<meta property=\"article:publisher\" content=\"https:\/\/www.facebook.com\/tandoor.hcmc\/\" \/>\n<meta property=\"article:modified_time\" content=\"2023-05-10T09:35:10+00:00\" \/>\n<meta property=\"og:image\" content=\"https:\/\/tandoorvietnam.com\/wp-content\/uploads\/2020\/07\/opengraph.jpg\" \/>\n\t<meta property=\"og:image:width\" content=\"1200\" \/>\n\t<meta property=\"og:image:height\" content=\"630\" \/>\n\t<meta property=\"og:image:type\" content=\"image\/jpeg\" \/>\n<meta name=\"twitter:card\" content=\"summary_large_image\" \/>\n<meta name=\"twitter:label1\" content=\"Est. reading time\" \/>\n\t<meta name=\"twitter:data1\" content=\"1 minute\" \/>\n<script type=\"application\/ld+json\" class=\"yoast-schema-graph\">{\"@context\":\"https:\\\/\\\/schema.org\",\"@graph\":[{\"@type\":\"WebPage\",\"@id\":\"https:\\\/\\\/tandoorvietnam.com\\\/vi\\\/sanpham\\\/ruou-vang-va-bia\\\/heineken-carlsberg-sapporo\\\/\",\"url\":\"https:\\\/\\\/tandoorvietnam.com\\\/vi\\\/sanpham\\\/ruou-vang-va-bia\\\/heineken-carlsberg-sapporo\\\/\",\"name\":\"Heineken-Carlsberg-Sapporo - Tandoor Vi\u1ec7t Nam\",\"isPartOf\":{\"@id\":\"https:\\\/\\\/tandoorvietnam.com\\\/vi\\\/#website\"},\"datePublished\":\"2021-04-26T02:50:50+00:00\",\"dateModified\":\"2023-05-10T09:35:10+00:00\",\"description\":\"Kh\u00e1m ph\u00e1 th\u1ebf gi\u1edbi r\u01b0\u1ee3u bia t\u1ea1i Tandoor Vietnam v\u1edbi s\u1ef1 \u0111a d\u1ea1ng c\u1ee7a c\u00e1c lo\u1ea1i r\u01b0\u1ee3u vang v\u00e0 bia t\u1eeb c\u00e1c th\u01b0\u01a1ng hi\u1ec7u n\u1ed5i ti\u1ebfng nh\u01b0 Heineken-Carlsberg-Sapporo.\",\"breadcrumb\":{\"@id\":\"https:\\\/\\\/tandoorvietnam.com\\\/vi\\\/sanpham\\\/ruou-vang-va-bia\\\/heineken-carlsberg-sapporo\\\/#breadcrumb\"},\"inLanguage\":\"vi-VN\",\"potentialAction\":[{\"@type\":\"ReadAction\",\"target\":[\"https:\\\/\\\/tandoorvietnam.com\\\/vi\\\/sanpham\\\/ruou-vang-va-bia\\\/heineken-carlsberg-sapporo\\\/\"]}]},{\"@type\":\"BreadcrumbList\",\"@id\":\"https:\\\/\\\/tandoorvietnam.com\\\/vi\\\/sanpham\\\/ruou-vang-va-bia\\\/heineken-carlsberg-sapporo\\\/#breadcrumb\",\"itemListElement\":[{\"@type\":\"ListItem\",\"position\":1,\"name\":\"Trang Ch\u1ee7\",\"item\":\"https:\\\/\\\/tandoorvietnam.com\\\/vi\\\/\"},{\"@type\":\"ListItem\",\"position\":2,\"name\":\"Shop\",\"item\":\"https:\\\/\\\/tandoorvietnam.com\\\/shop\\\/\"},{\"@type\":\"ListItem\",\"position\":3,\"name\":\"Heineken-Carlsberg-Sapporo\"}]},{\"@type\":\"WebSite\",\"@id\":\"https:\\\/\\\/tandoorvietnam.com\\\/vi\\\/#website\",\"url\":\"https:\\\/\\\/tandoorvietnam.com\\\/vi\\\/\",\"name\":\"Tandoor Vietnam\",\"description\":\"Nh\u00e0 h\u00e0ng ngon h\u1ed3 ch\u00ed minh\",\"publisher\":{\"@id\":\"https:\\\/\\\/tandoorvietnam.com\\\/vi\\\/#organization\"},\"potentialAction\":[{\"@type\":\"SearchAction\",\"target\":{\"@type\":\"EntryPoint\",\"urlTemplate\":\"https:\\\/\\\/tandoorvietnam.com\\\/vi\\\/?s={search_term_string}\"},\"query-input\":{\"@type\":\"PropertyValueSpecification\",\"valueRequired\":true,\"valueName\":\"search_term_string\"}}],\"inLanguage\":\"vi-VN\"},{\"@type\":\"Organization\",\"@id\":\"https:\\\/\\\/tandoorvietnam.com\\\/vi\\\/#organization\",\"name\":\"Tandoor Vietnam\",\"url\":\"https:\\\/\\\/tandoorvietnam.com\\\/vi\\\/\",\"logo\":{\"@type\":\"ImageObject\",\"inLanguage\":\"vi-VN\",\"@id\":\"https:\\\/\\\/tandoorvietnam.com\\\/vi\\\/#\\\/schema\\\/logo\\\/image\\\/\",\"url\":\"https:\\\/\\\/tandoorvietnam.com\\\/wp-content\\\/uploads\\\/2020\\\/07\\\/logo.png\",\"contentUrl\":\"https:\\\/\\\/tandoorvietnam.com\\\/wp-content\\\/uploads\\\/2020\\\/07\\\/logo.png\",\"width\":133,\"height\":75,\"caption\":\"Tandoor Vietnam\"},\"image\":{\"@id\":\"https:\\\/\\\/tandoorvietnam.com\\\/vi\\\/#\\\/schema\\\/logo\\\/image\\\/\"},\"sameAs\":[\"https:\\\/\\\/www.facebook.com\\\/tandoor.hcmc\\\/\"]}]}<\/script>\n<!-- \/ Yoast SEO Premium plugin. -->","yoast_head_json":{"title":"Heineken-Carlsberg-Sapporo - Tandoor Vi\u1ec7t Nam","description":"Kh\u00e1m ph\u00e1 th\u1ebf gi\u1edbi r\u01b0\u1ee3u bia t\u1ea1i Tandoor Vietnam v\u1edbi s\u1ef1 \u0111a d\u1ea1ng c\u1ee7a c\u00e1c lo\u1ea1i r\u01b0\u1ee3u vang v\u00e0 bia t\u1eeb c\u00e1c th\u01b0\u01a1ng hi\u1ec7u n\u1ed5i ti\u1ebfng nh\u01b0 Heineken-Carlsberg-Sapporo.","robots":{"index":"index","follow":"follow","max-snippet":"max-snippet:-1","max-image-preview":"max-image-preview:large","max-video-preview":"max-video-preview:-1"},"canonical":"https:\/\/tandoorvietnam.com\/vi\/sanpham\/ruou-vang-va-bia\/heineken-carlsberg-sapporo\/","og_locale":"vi_VN","og_type":"article","og_title":"Heineken-Carlsberg-Sapporo","og_description":"Kh\u00e1m ph\u00e1 th\u1ebf gi\u1edbi r\u01b0\u1ee3u bia t\u1ea1i Tandoor Vietnam v\u1edbi s\u1ef1 \u0111a d\u1ea1ng c\u1ee7a c\u00e1c lo\u1ea1i r\u01b0\u1ee3u vang v\u00e0 bia t\u1eeb c\u00e1c th\u01b0\u01a1ng hi\u1ec7u n\u1ed5i ti\u1ebfng nh\u01b0 Heineken-Carlsberg-Sapporo.","og_url":"https:\/\/tandoorvietnam.com\/vi\/sanpham\/ruou-vang-va-bia\/heineken-carlsberg-sapporo\/","og_site_name":"Tandoor Vi\u1ec7t Nam","article_publisher":"https:\/\/www.facebook.com\/tandoor.hcmc\/","article_modified_time":"2023-05-10T09:35:10+00:00","og_image":[{"width":1200,"height":630,"url":"https:\/\/tandoorvietnam.com\/wp-content\/uploads\/2020\/07\/opengraph.jpg","type":"image\/jpeg"}],"twitter_card":"summary_large_image","twitter_misc":{"Est. reading time":"1 minute"},"schema":{"@context":"https:\/\/schema.org","@graph":[{"@type":"WebPage","@id":"https:\/\/tandoorvietnam.com\/vi\/sanpham\/ruou-vang-va-bia\/heineken-carlsberg-sapporo\/","url":"https:\/\/tandoorvietnam.com\/vi\/sanpham\/ruou-vang-va-bia\/heineken-carlsberg-sapporo\/","name":"Heineken-Carlsberg-Sapporo - Tandoor Vi\u1ec7t Nam","isPartOf":{"@id":"https:\/\/tandoorvietnam.com\/vi\/#website"},"datePublished":"2021-04-26T02:50:50+00:00","dateModified":"2023-05-10T09:35:10+00:00","description":"Kh\u00e1m ph\u00e1 th\u1ebf gi\u1edbi r\u01b0\u1ee3u bia t\u1ea1i Tandoor Vietnam v\u1edbi s\u1ef1 \u0111a d\u1ea1ng c\u1ee7a c\u00e1c lo\u1ea1i r\u01b0\u1ee3u vang v\u00e0 bia t\u1eeb c\u00e1c th\u01b0\u01a1ng hi\u1ec7u n\u1ed5i ti\u1ebfng nh\u01b0 Heineken-Carlsberg-Sapporo.","breadcrumb":{"@id":"https:\/\/tandoorvietnam.com\/vi\/sanpham\/ruou-vang-va-bia\/heineken-carlsberg-sapporo\/#breadcrumb"},"inLanguage":"vi-VN","potentialAction":[{"@type":"ReadAction","target":["https:\/\/tandoorvietnam.com\/vi\/sanpham\/ruou-vang-va-bia\/heineken-carlsberg-sapporo\/"]}]},{"@type":"BreadcrumbList","@id":"https:\/\/tandoorvietnam.com\/vi\/sanpham\/ruou-vang-va-bia\/heineken-carlsberg-sapporo\/#breadcrumb","itemListElement":[{"@type":"ListItem","position":1,"name":"Trang Ch\u1ee7","item":"https:\/\/tandoorvietnam.com\/vi\/"},{"@type":"ListItem","position":2,"name":"Shop","item":"https:\/\/tandoorvietnam.com\/shop\/"},{"@type":"ListItem","position":3,"name":"Heineken-Carlsberg-Sapporo"}]},{"@type":"WebSite","@id":"https:\/\/tandoorvietnam.com\/vi\/#website","url":"https:\/\/tandoorvietnam.com\/vi\/","name":"Tandoor Vietnam","description":"Nh\u00e0 h\u00e0ng ngon h\u1ed3 ch\u00ed minh","publisher":{"@id":"https:\/\/tandoorvietnam.com\/vi\/#organization"},"potentialAction":[{"@type":"SearchAction","target":{"@type":"EntryPoint","urlTemplate":"https:\/\/tandoorvietnam.com\/vi\/?s={search_term_string}"},"query-input":{"@type":"PropertyValueSpecification","valueRequired":true,"valueName":"search_term_string"}}],"inLanguage":"vi-VN"},{"@type":"Organization","@id":"https:\/\/tandoorvietnam.com\/vi\/#organization","name":"Tandoor Vietnam","url":"https:\/\/tandoorvietnam.com\/vi\/","logo":{"@type":"ImageObject","inLanguage":"vi-VN","@id":"https:\/\/tandoorvietnam.com\/vi\/#\/schema\/logo\/image\/","url":"https:\/\/tandoorvietnam.com\/wp-content\/uploads\/2020\/07\/logo.png","contentUrl":"https:\/\/tandoorvietnam.com\/wp-content\/uploads\/2020\/07\/logo.png","width":133,"height":75,"caption":"Tandoor Vietnam"},"image":{"@id":"https:\/\/tandoorvietnam.com\/vi\/#\/schema\/logo\/image\/"},"sameAs":["https:\/\/www.facebook.com\/tandoor.hcmc\/"]}]}},"_links":{"self":[{"href":"https:\/\/tandoorvietnam.com\/vi\/wp-json\/wp\/v2\/product\/3725","targetHints":{"allow":["GET"]}}],"collection":[{"href":"https:\/\/tandoorvietnam.com\/vi\/wp-json\/wp\/v2\/product"}],"about":[{"href":"https:\/\/tandoorvietnam.com\/vi\/wp-json\/wp\/v2\/types\/product"}],"wp:attachment":[{"href":"https:\/\/tandoorvietnam.com\/vi\/wp-json\/wp\/v2\/media?parent=3725"}],"wp:term":[{"taxonomy":"product_brand","embeddable":true,"href":"https:\/\/tandoorvietnam.com\/vi\/wp-json\/wp\/v2\/product_brand?post=3725"},{"taxonomy":"product_cat","embeddable":true,"href":"https:\/\/tandoorvietnam.com\/vi\/wp-json\/wp\/v2\/product_cat?post=3725"},{"taxonomy":"product_tag","embeddable":true,"href":"https:\/\/tandoorvietnam.com\/vi\/wp-json\/wp\/v2\/product_tag?post=3725"}],"curies":[{"name":"wp","href":"https:\/\/api.w.org\/{rel}","templated":true}]}}