{"id":3726,"date":"2020-06-26T11:13:49","date_gmt":"2021-04-26T02:52:26","guid":{"rendered":"http:\/\/tandoorvietnam.com\/product\/uncategorized\/ruou-vang-trang-ban-theo-ly-150-ml\/"},"modified":"2023-05-17T10:19:42","modified_gmt":"2023-05-17T10:19:42","slug":"ruou-vang-trang-ban-theo-ly-150-ml","status":"publish","type":"product","link":"https:\/\/tandoorvietnam.com\/vi\/sanpham\/ruou-vang-va-bia\/ruou-vang-trang-ban-theo-ly-150-ml\/","title":{"rendered":"House wine by glass - 150 ml - House white (R\u01b0\u1ee3u vang tr\u1eafng b\u00e1n theo ly - 150 ml)"},"content":{"rendered":"<p>R\u01b0\u1ee3u Vang Tr\u1eafng 150ml l\u00e0 s\u1ef1 k\u1ebft h\u1ee3p tuy\u1ec7t v\u1eddi gi\u1eefa h\u01b0\u01a1ng v\u1ecb tinh t\u1ebf v\u00e0 h\u01b0\u01a1ng th\u01a1m \u0111\u1eb7c tr\u01b0ng c\u1ee7a nho tr\u1eafng. T\u1ea1i Tandoor Vietnam, ch\u00fang t\u00f4i t\u1ef1 h\u00e0o mang \u0111\u1ebfn cho b\u1ea1n lo\u1ea1i r\u01b0\u1ee3u vang cao c\u1ea5p, ch\u1ea5t l\u01b0\u1ee3ng v\u00e0 \u0111\u1ed9 t\u01b0\u01a1i ngon ho\u00e0n h\u1ea3o.<\/p>\n<p>R\u01b0\u1ee3u Vang Tr\u1eafng 150ml \u0111\u01b0\u1ee3c \u0111\u00f3ng g\u00f3i theo ly, mang \u0111\u1ebfn s\u1ef1 ti\u1ec7n l\u1ee3i v\u00e0 ph\u00f9 h\u1ee3p cho nh\u1eefng d\u1ecbp th\u01b0\u1edfng th\u1ee9c c\u00e1 nh\u00e2n. H\u00e3y th\u1ecfa s\u1ee9c t\u1eadn h\u01b0\u1edfng h\u01b0\u01a1ng v\u1ecb tuy\u1ec7t v\u1eddi v\u00e0 tr\u1ea3i nghi\u1ec7m nh\u1eefng kho\u1ea3nh kh\u1eafc \u0111\u1eb7c bi\u1ec7t c\u00f9ng v\u1edbi ly r\u01b0\u1ee3u vang n\u00e0y.<\/p>\n<p>V\u1edbi m\u00e0u s\u1eafc trong su\u1ed1t v\u00e0 h\u01b0\u01a1ng th\u01a1m m\u00ea ho\u1eb7c, R\u01b0\u1ee3u Vang Tr\u1eafng 150ml l\u00e0 s\u1ef1 l\u1ef1a ch\u1ecdn ho\u00e0n h\u1ea3o cho nh\u1eefng bu\u1ed5i ti\u1ec7c nh\u1ecf, h\u1ecdp m\u1eb7t b\u1ea1n b\u00e8, hay d\u00f9ng l\u00e0m qu\u00e0 t\u1eb7ng \u0111\u1eb7c bi\u1ec7t. H\u01b0\u01a1ng v\u1ecb t\u01b0\u01a1i m\u00e1t, tr\u00e1i c\u00e2y v\u00e0 ch\u00fat h\u01b0\u01a1ng hoa s\u1ebd l\u00e0m cho m\u1ed7i ng\u1ee5m r\u01b0\u1ee3u tr\u1edf n\u00ean \u0111\u00e1ng nh\u1edb.<\/p>\n<p>T\u1ea1i Tandoor Vietnam, ch\u00fang t\u00f4i cam k\u1ebft ch\u1ec9 s\u1eed d\u1ee5ng nh\u1eefng chai r\u01b0\u1ee3u vang ch\u1ea5t l\u01b0\u1ee3ng, \u0111\u01b0\u1ee3c ch\u1ecdn l\u1ef1a k\u1ef9 c\u00e0ng t\u1eeb c\u00e1c nh\u00e0 s\u1ea3n xu\u1ea5t uy t\u00edn. S\u1ef1 k\u1ebft h\u1ee3p gi\u1eefa c\u00f4ng ngh\u1ec7 ch\u1ebf bi\u1ebfn hi\u1ec7n \u0111\u1ea1i v\u00e0 b\u00ed quy\u1ebft truy\u1ec1n th\u1ed1ng gi\u00fap r\u01b0\u1ee3u vang gi\u1eef \u0111\u01b0\u1ee3c h\u01b0\u01a1ng v\u1ecb v\u00e0 ch\u1ea5t l\u01b0\u1ee3ng t\u1ed1t nh\u1ea5t.<\/p>\n<p>H\u00e3y th\u01b0\u1edfng th\u1ee9c R\u01b0\u1ee3u Vang Tr\u1eafng 150ml t\u1ea1i Tandoor Vietnam v\u00e0 kh\u00e1m ph\u00e1 s\u1ef1 h\u00f2a quy\u1ec7n tuy\u1ec7t v\u1eddi c\u1ee7a h\u01b0\u01a1ng v\u1ecb tr\u00e1i c\u00e2y, h\u01b0\u01a1ng th\u1ea3o m\u1ed9c v\u00e0 h\u01b0\u01a1ng hoa v\u1edbi c\u00e1c m\u00f3n \u0103n \u0111\u1eadm ch\u1ea5t \u1ea4n. S\u1ef1 tinh t\u1ebf v\u00e0 \u0111a d\u1ea1ng trong h\u01b0\u01a1ng v\u1ecb s\u1ebd mang \u0111\u1ebfn cho b\u1ea1n tr\u1ea3i nghi\u1ec7m th\u01b0\u1edfng th\u1ee9c r\u01b0\u1ee3u vang \u0111\u00e1ng nh\u1edb.<\/p>\n","protected":false},"excerpt":{"rendered":"<p>R\u01b0\u1ee3u Vang Tr\u1eafng 150ml l\u00e0 s\u1ef1 k\u1ebft h\u1ee3p tuy\u1ec7t v\u1eddi gi\u1eefa h\u01b0\u01a1ng v\u1ecb tinh t\u1ebf v\u00e0 h\u01b0\u01a1ng th\u01a1m \u0111\u1eb7c tr\u01b0ng c\u1ee7a nho tr\u1eafng. T\u1ea1i Tandoor Vietnam, ch\u00fang t\u00f4i t\u1ef1 h\u00e0o mang \u0111\u1ebfn cho b\u1ea1n lo\u1ea1i r\u01b0\u1ee3u vang cao c\u1ea5p, ch\u1ea5t l\u01b0\u1ee3ng v\u00e0 \u0111\u1ed9 t\u01b0\u01a1i ngon ho\u00e0n h\u1ea3o. R\u01b0\u1ee3u Vang Tr\u1eafng 150ml \u0111\u01b0\u1ee3c \u0111\u00f3ng g\u00f3i theo [&hellip;]<\/p>\n","protected":false},"featured_media":3537,"template":"","meta":[],"product_brand":[],"product_cat":[232],"product_tag":[],"class_list":{"0":"post-3726","1":"product","2":"type-product","3":"status-publish","4":"has-post-thumbnail","6":"product_cat-ruou-vang-va-bia","8":"first","9":"instock","10":"taxable","11":"shipping-taxable","12":"purchasable","13":"product-type-simple"},"yoast_head":"<!-- This site is optimized with the Yoast SEO Premium plugin v22.3 (Yoast SEO v27.4) - https:\/\/yoast.com\/product\/yoast-seo-premium-wordpress\/ -->\n<title>R\u01b0\u1ee3u vang tr\u1eafng b\u00e1n theo ly - 150 ml - Tandoor Vi\u1ec7t Nam<\/title>\n<meta name=\"description\" content=\"Kh\u00e1m ph\u00e1 h\u01b0\u01a1ng v\u1ecb tuy\u1ec7t h\u1ea3o c\u1ee7a R\u01b0\u1ee3u Vang Tr\u1eafng trong ly 150ml t\u1ea1i Tandoor Vietnam. Tr\u1ea3i nghi\u1ec7m \u1ea9m th\u1ef1c \u0111\u1ed9c \u0111\u00e1o v\u1edbi s\u1ea3n ph\u1ea9m ch\u1ea5t l\u01b0\u1ee3ng cao.\" \/>\n<meta name=\"robots\" content=\"index, follow, max-snippet:-1, max-image-preview:large, max-video-preview:-1\" \/>\n<link rel=\"canonical\" href=\"https:\/\/tandoorvietnam.com\/vi\/sanpham\/ruou-vang-va-bia\/ruou-vang-trang-ban-theo-ly-150-ml\/\" \/>\n<meta property=\"og:locale\" content=\"vi_VN\" \/>\n<meta property=\"og:type\" content=\"article\" \/>\n<meta property=\"og:title\" content=\"House wine by glass - 150 ml - House white (R\u01b0\u1ee3u vang tr\u1eafng b\u00e1n theo ly - 150 ml)\" \/>\n<meta property=\"og:description\" content=\"Kh\u00e1m ph\u00e1 h\u01b0\u01a1ng v\u1ecb tuy\u1ec7t h\u1ea3o c\u1ee7a R\u01b0\u1ee3u Vang Tr\u1eafng trong ly 150ml t\u1ea1i Tandoor Vietnam. Tr\u1ea3i nghi\u1ec7m \u1ea9m th\u1ef1c \u0111\u1ed9c \u0111\u00e1o v\u1edbi s\u1ea3n ph\u1ea9m ch\u1ea5t l\u01b0\u1ee3ng cao.\" \/>\n<meta property=\"og:url\" content=\"https:\/\/tandoorvietnam.com\/vi\/sanpham\/ruou-vang-va-bia\/ruou-vang-trang-ban-theo-ly-150-ml\/\" \/>\n<meta property=\"og:site_name\" content=\"Tandoor Vi\u1ec7t Nam\" \/>\n<meta property=\"article:publisher\" content=\"https:\/\/www.facebook.com\/tandoor.hcmc\/\" \/>\n<meta property=\"article:modified_time\" content=\"2023-05-17T10:19:42+00:00\" \/>\n<meta property=\"og:image\" content=\"https:\/\/tandoorvietnam.com\/wp-content\/uploads\/2020\/06\/White-wine.jpg\" \/>\n\t<meta property=\"og:image:width\" content=\"800\" \/>\n\t<meta property=\"og:image:height\" content=\"800\" \/>\n\t<meta property=\"og:image:type\" content=\"image\/jpeg\" \/>\n<meta name=\"twitter:card\" content=\"summary_large_image\" \/>\n<meta name=\"twitter:label1\" content=\"Est. reading time\" \/>\n\t<meta name=\"twitter:data1\" content=\"2 minutes\" \/>\n<script type=\"application\/ld+json\" class=\"yoast-schema-graph\">{\"@context\":\"https:\\\/\\\/schema.org\",\"@graph\":[{\"@type\":\"WebPage\",\"@id\":\"https:\\\/\\\/tandoorvietnam.com\\\/vi\\\/sanpham\\\/ruou-vang-va-bia\\\/ruou-vang-trang-ban-theo-ly-150-ml\\\/\",\"url\":\"https:\\\/\\\/tandoorvietnam.com\\\/vi\\\/sanpham\\\/ruou-vang-va-bia\\\/ruou-vang-trang-ban-theo-ly-150-ml\\\/\",\"name\":\"R\u01b0\u1ee3u vang tr\u1eafng b\u00e1n theo ly - 150 ml - Tandoor Vi\u1ec7t Nam\",\"isPartOf\":{\"@id\":\"https:\\\/\\\/tandoorvietnam.com\\\/vi\\\/#website\"},\"primaryImageOfPage\":{\"@id\":\"https:\\\/\\\/tandoorvietnam.com\\\/vi\\\/sanpham\\\/ruou-vang-va-bia\\\/ruou-vang-trang-ban-theo-ly-150-ml\\\/#primaryimage\"},\"image\":{\"@id\":\"https:\\\/\\\/tandoorvietnam.com\\\/vi\\\/sanpham\\\/ruou-vang-va-bia\\\/ruou-vang-trang-ban-theo-ly-150-ml\\\/#primaryimage\"},\"thumbnailUrl\":\"https:\\\/\\\/tandoorvietnam.com\\\/wp-content\\\/uploads\\\/2020\\\/06\\\/White-wine.jpg\",\"datePublished\":\"2021-04-26T02:52:26+00:00\",\"dateModified\":\"2023-05-17T10:19:42+00:00\",\"description\":\"Kh\u00e1m ph\u00e1 h\u01b0\u01a1ng v\u1ecb tuy\u1ec7t h\u1ea3o c\u1ee7a R\u01b0\u1ee3u Vang Tr\u1eafng trong ly 150ml t\u1ea1i Tandoor Vietnam. Tr\u1ea3i nghi\u1ec7m \u1ea9m th\u1ef1c \u0111\u1ed9c \u0111\u00e1o v\u1edbi s\u1ea3n ph\u1ea9m ch\u1ea5t l\u01b0\u1ee3ng cao.\",\"breadcrumb\":{\"@id\":\"https:\\\/\\\/tandoorvietnam.com\\\/vi\\\/sanpham\\\/ruou-vang-va-bia\\\/ruou-vang-trang-ban-theo-ly-150-ml\\\/#breadcrumb\"},\"inLanguage\":\"vi-VN\",\"potentialAction\":[{\"@type\":\"ReadAction\",\"target\":[\"https:\\\/\\\/tandoorvietnam.com\\\/vi\\\/sanpham\\\/ruou-vang-va-bia\\\/ruou-vang-trang-ban-theo-ly-150-ml\\\/\"]}]},{\"@type\":\"ImageObject\",\"inLanguage\":\"vi-VN\",\"@id\":\"https:\\\/\\\/tandoorvietnam.com\\\/vi\\\/sanpham\\\/ruou-vang-va-bia\\\/ruou-vang-trang-ban-theo-ly-150-ml\\\/#primaryimage\",\"url\":\"https:\\\/\\\/tandoorvietnam.com\\\/wp-content\\\/uploads\\\/2020\\\/06\\\/White-wine.jpg\",\"contentUrl\":\"https:\\\/\\\/tandoorvietnam.com\\\/wp-content\\\/uploads\\\/2020\\\/06\\\/White-wine.jpg\",\"width\":800,\"height\":800,\"caption\":\"r\u01b0\u1ee3u vang tr\u1eafng\"},{\"@type\":\"BreadcrumbList\",\"@id\":\"https:\\\/\\\/tandoorvietnam.com\\\/vi\\\/sanpham\\\/ruou-vang-va-bia\\\/ruou-vang-trang-ban-theo-ly-150-ml\\\/#breadcrumb\",\"itemListElement\":[{\"@type\":\"ListItem\",\"position\":1,\"name\":\"Trang Ch\u1ee7\",\"item\":\"https:\\\/\\\/tandoorvietnam.com\\\/vi\\\/\"},{\"@type\":\"ListItem\",\"position\":2,\"name\":\"Shop\",\"item\":\"https:\\\/\\\/tandoorvietnam.com\\\/shop\\\/\"},{\"@type\":\"ListItem\",\"position\":3,\"name\":\"House wine by glass &#8211; 150 ml &#8211; House white (R\u01b0\u1ee3u vang tr\u1eafng b\u00e1n theo ly &#8211; 150 ml)\"}]},{\"@type\":\"WebSite\",\"@id\":\"https:\\\/\\\/tandoorvietnam.com\\\/vi\\\/#website\",\"url\":\"https:\\\/\\\/tandoorvietnam.com\\\/vi\\\/\",\"name\":\"Tandoor Vietnam\",\"description\":\"Nh\u00e0 h\u00e0ng ngon h\u1ed3 ch\u00ed minh\",\"publisher\":{\"@id\":\"https:\\\/\\\/tandoorvietnam.com\\\/vi\\\/#organization\"},\"potentialAction\":[{\"@type\":\"SearchAction\",\"target\":{\"@type\":\"EntryPoint\",\"urlTemplate\":\"https:\\\/\\\/tandoorvietnam.com\\\/vi\\\/?s={search_term_string}\"},\"query-input\":{\"@type\":\"PropertyValueSpecification\",\"valueRequired\":true,\"valueName\":\"search_term_string\"}}],\"inLanguage\":\"vi-VN\"},{\"@type\":\"Organization\",\"@id\":\"https:\\\/\\\/tandoorvietnam.com\\\/vi\\\/#organization\",\"name\":\"Tandoor Vietnam\",\"url\":\"https:\\\/\\\/tandoorvietnam.com\\\/vi\\\/\",\"logo\":{\"@type\":\"ImageObject\",\"inLanguage\":\"vi-VN\",\"@id\":\"https:\\\/\\\/tandoorvietnam.com\\\/vi\\\/#\\\/schema\\\/logo\\\/image\\\/\",\"url\":\"https:\\\/\\\/tandoorvietnam.com\\\/wp-content\\\/uploads\\\/2020\\\/07\\\/logo.png\",\"contentUrl\":\"https:\\\/\\\/tandoorvietnam.com\\\/wp-content\\\/uploads\\\/2020\\\/07\\\/logo.png\",\"width\":133,\"height\":75,\"caption\":\"Tandoor Vietnam\"},\"image\":{\"@id\":\"https:\\\/\\\/tandoorvietnam.com\\\/vi\\\/#\\\/schema\\\/logo\\\/image\\\/\"},\"sameAs\":[\"https:\\\/\\\/www.facebook.com\\\/tandoor.hcmc\\\/\"]}]}<\/script>\n<!-- \/ Yoast SEO Premium plugin. -->","yoast_head_json":{"title":"R\u01b0\u1ee3u vang tr\u1eafng b\u00e1n theo ly - 150 ml - Tandoor Vi\u1ec7t Nam","description":"Kh\u00e1m ph\u00e1 h\u01b0\u01a1ng v\u1ecb tuy\u1ec7t h\u1ea3o c\u1ee7a R\u01b0\u1ee3u Vang Tr\u1eafng trong ly 150ml t\u1ea1i Tandoor Vietnam. Tr\u1ea3i nghi\u1ec7m \u1ea9m th\u1ef1c \u0111\u1ed9c \u0111\u00e1o v\u1edbi s\u1ea3n ph\u1ea9m ch\u1ea5t l\u01b0\u1ee3ng cao.","robots":{"index":"index","follow":"follow","max-snippet":"max-snippet:-1","max-image-preview":"max-image-preview:large","max-video-preview":"max-video-preview:-1"},"canonical":"https:\/\/tandoorvietnam.com\/vi\/sanpham\/ruou-vang-va-bia\/ruou-vang-trang-ban-theo-ly-150-ml\/","og_locale":"vi_VN","og_type":"article","og_title":"House wine by glass - 150 ml - House white (R\u01b0\u1ee3u vang tr\u1eafng b\u00e1n theo ly - 150 ml)","og_description":"Kh\u00e1m ph\u00e1 h\u01b0\u01a1ng v\u1ecb tuy\u1ec7t h\u1ea3o c\u1ee7a R\u01b0\u1ee3u Vang Tr\u1eafng trong ly 150ml t\u1ea1i Tandoor Vietnam. Tr\u1ea3i nghi\u1ec7m \u1ea9m th\u1ef1c \u0111\u1ed9c \u0111\u00e1o v\u1edbi s\u1ea3n ph\u1ea9m ch\u1ea5t l\u01b0\u1ee3ng cao.","og_url":"https:\/\/tandoorvietnam.com\/vi\/sanpham\/ruou-vang-va-bia\/ruou-vang-trang-ban-theo-ly-150-ml\/","og_site_name":"Tandoor Vi\u1ec7t Nam","article_publisher":"https:\/\/www.facebook.com\/tandoor.hcmc\/","article_modified_time":"2023-05-17T10:19:42+00:00","og_image":[{"width":800,"height":800,"url":"https:\/\/tandoorvietnam.com\/wp-content\/uploads\/2020\/06\/White-wine.jpg","type":"image\/jpeg"}],"twitter_card":"summary_large_image","twitter_misc":{"Est. reading time":"2 minutes"},"schema":{"@context":"https:\/\/schema.org","@graph":[{"@type":"WebPage","@id":"https:\/\/tandoorvietnam.com\/vi\/sanpham\/ruou-vang-va-bia\/ruou-vang-trang-ban-theo-ly-150-ml\/","url":"https:\/\/tandoorvietnam.com\/vi\/sanpham\/ruou-vang-va-bia\/ruou-vang-trang-ban-theo-ly-150-ml\/","name":"R\u01b0\u1ee3u vang tr\u1eafng b\u00e1n theo ly - 150 ml - Tandoor Vi\u1ec7t Nam","isPartOf":{"@id":"https:\/\/tandoorvietnam.com\/vi\/#website"},"primaryImageOfPage":{"@id":"https:\/\/tandoorvietnam.com\/vi\/sanpham\/ruou-vang-va-bia\/ruou-vang-trang-ban-theo-ly-150-ml\/#primaryimage"},"image":{"@id":"https:\/\/tandoorvietnam.com\/vi\/sanpham\/ruou-vang-va-bia\/ruou-vang-trang-ban-theo-ly-150-ml\/#primaryimage"},"thumbnailUrl":"https:\/\/tandoorvietnam.com\/wp-content\/uploads\/2020\/06\/White-wine.jpg","datePublished":"2021-04-26T02:52:26+00:00","dateModified":"2023-05-17T10:19:42+00:00","description":"Kh\u00e1m ph\u00e1 h\u01b0\u01a1ng v\u1ecb tuy\u1ec7t h\u1ea3o c\u1ee7a R\u01b0\u1ee3u Vang Tr\u1eafng trong ly 150ml t\u1ea1i Tandoor Vietnam. Tr\u1ea3i nghi\u1ec7m \u1ea9m th\u1ef1c \u0111\u1ed9c \u0111\u00e1o v\u1edbi s\u1ea3n ph\u1ea9m ch\u1ea5t l\u01b0\u1ee3ng cao.","breadcrumb":{"@id":"https:\/\/tandoorvietnam.com\/vi\/sanpham\/ruou-vang-va-bia\/ruou-vang-trang-ban-theo-ly-150-ml\/#breadcrumb"},"inLanguage":"vi-VN","potentialAction":[{"@type":"ReadAction","target":["https:\/\/tandoorvietnam.com\/vi\/sanpham\/ruou-vang-va-bia\/ruou-vang-trang-ban-theo-ly-150-ml\/"]}]},{"@type":"ImageObject","inLanguage":"vi-VN","@id":"https:\/\/tandoorvietnam.com\/vi\/sanpham\/ruou-vang-va-bia\/ruou-vang-trang-ban-theo-ly-150-ml\/#primaryimage","url":"https:\/\/tandoorvietnam.com\/wp-content\/uploads\/2020\/06\/White-wine.jpg","contentUrl":"https:\/\/tandoorvietnam.com\/wp-content\/uploads\/2020\/06\/White-wine.jpg","width":800,"height":800,"caption":"r\u01b0\u1ee3u vang tr\u1eafng"},{"@type":"BreadcrumbList","@id":"https:\/\/tandoorvietnam.com\/vi\/sanpham\/ruou-vang-va-bia\/ruou-vang-trang-ban-theo-ly-150-ml\/#breadcrumb","itemListElement":[{"@type":"ListItem","position":1,"name":"Trang Ch\u1ee7","item":"https:\/\/tandoorvietnam.com\/vi\/"},{"@type":"ListItem","position":2,"name":"Shop","item":"https:\/\/tandoorvietnam.com\/shop\/"},{"@type":"ListItem","position":3,"name":"House wine by glass &#8211; 150 ml &#8211; House white (R\u01b0\u1ee3u vang tr\u1eafng b\u00e1n theo ly &#8211; 150 ml)"}]},{"@type":"WebSite","@id":"https:\/\/tandoorvietnam.com\/vi\/#website","url":"https:\/\/tandoorvietnam.com\/vi\/","name":"Tandoor Vietnam","description":"Nh\u00e0 h\u00e0ng ngon h\u1ed3 ch\u00ed minh","publisher":{"@id":"https:\/\/tandoorvietnam.com\/vi\/#organization"},"potentialAction":[{"@type":"SearchAction","target":{"@type":"EntryPoint","urlTemplate":"https:\/\/tandoorvietnam.com\/vi\/?s={search_term_string}"},"query-input":{"@type":"PropertyValueSpecification","valueRequired":true,"valueName":"search_term_string"}}],"inLanguage":"vi-VN"},{"@type":"Organization","@id":"https:\/\/tandoorvietnam.com\/vi\/#organization","name":"Tandoor Vietnam","url":"https:\/\/tandoorvietnam.com\/vi\/","logo":{"@type":"ImageObject","inLanguage":"vi-VN","@id":"https:\/\/tandoorvietnam.com\/vi\/#\/schema\/logo\/image\/","url":"https:\/\/tandoorvietnam.com\/wp-content\/uploads\/2020\/07\/logo.png","contentUrl":"https:\/\/tandoorvietnam.com\/wp-content\/uploads\/2020\/07\/logo.png","width":133,"height":75,"caption":"Tandoor Vietnam"},"image":{"@id":"https:\/\/tandoorvietnam.com\/vi\/#\/schema\/logo\/image\/"},"sameAs":["https:\/\/www.facebook.com\/tandoor.hcmc\/"]}]}},"_links":{"self":[{"href":"https:\/\/tandoorvietnam.com\/vi\/wp-json\/wp\/v2\/product\/3726","targetHints":{"allow":["GET"]}}],"collection":[{"href":"https:\/\/tandoorvietnam.com\/vi\/wp-json\/wp\/v2\/product"}],"about":[{"href":"https:\/\/tandoorvietnam.com\/vi\/wp-json\/wp\/v2\/types\/product"}],"wp:featuredmedia":[{"embeddable":true,"href":"https:\/\/tandoorvietnam.com\/vi\/wp-json\/wp\/v2\/media\/3537"}],"wp:attachment":[{"href":"https:\/\/tandoorvietnam.com\/vi\/wp-json\/wp\/v2\/media?parent=3726"}],"wp:term":[{"taxonomy":"product_brand","embeddable":true,"href":"https:\/\/tandoorvietnam.com\/vi\/wp-json\/wp\/v2\/product_brand?post=3726"},{"taxonomy":"product_cat","embeddable":true,"href":"https:\/\/tandoorvietnam.com\/vi\/wp-json\/wp\/v2\/product_cat?post=3726"},{"taxonomy":"product_tag","embeddable":true,"href":"https:\/\/tandoorvietnam.com\/vi\/wp-json\/wp\/v2\/product_tag?post=3726"}],"curies":[{"name":"wp","href":"https:\/\/api.w.org\/{rel}","templated":true}]}}