{"id":3730,"date":"2020-06-26T11:18:27","date_gmt":"2021-04-26T03:19:38","guid":{"rendered":"http:\/\/tandoorvietnam.com\/product\/uncategorized\/montes\/"},"modified":"2023-05-19T16:36:46","modified_gmt":"2023-05-19T16:36:46","slug":"montes","status":"publish","type":"product","link":"https:\/\/tandoorvietnam.com\/vi\/sanpham\/ruou-vang-va-bia\/montes\/","title":{"rendered":"Montes"},"content":{"rendered":"<div class=\"flex-1 overflow-hidden\">\n<div class=\"react-scroll-to-bottom--css-acbcp-79elbk h-full dark:bg-gray-800\">\n<div class=\"react-scroll-to-bottom--css-acbcp-1n7m0yu\">\n<div class=\"flex flex-col items-center text-sm dark:bg-gray-800\">\n<div class=\"group w-full text-gray-800 dark:text-gray-100 border-b border-black\/10 dark:border-gray-900\/50 bg-gray-50 dark:bg-[#444654]\">\n<div class=\"flex p-4 gap-4 text-base md:gap-6 md:max-w-2xl lg:max-w-xl xl:max-w-3xl md:py-6 lg:px-0 m-auto\">\n<div class=\"relative flex w-[calc(100%-50px)] flex-col gap-1 md:gap-3 lg:w-[calc(100%-115px)]\">\n<div class=\"flex flex-grow flex-col gap-3\">\n<div class=\"min-h-[20px] flex flex-col items-start gap-4 whitespace-pre-wrap break-words\">\n<div class=\"markdown prose w-full break-words dark:prose-invert light\">\n<p>R\u01b0\u1ee3u vang Montes l\u00e0 m\u1ed9t b\u01b0\u1edbc ch\u00e2n v\u00e0o th\u1ebf gi\u1edbi c\u1ee7a s\u1ef1 tinh t\u1ebf v\u00e0 h\u01b0\u01a1ng v\u1ecb \u0111\u1eadm \u0111\u00e0. T\u1ea1i Tandoor Vietnam, ch\u00fang t\u00f4i t\u1ef1 h\u00e0o mang \u0111\u1ebfn cho b\u1ea1n b\u1ed9 s\u01b0u t\u1eadp r\u01b0\u1ee3u vang Montes \u0111\u1eb3ng c\u1ea5p, \u0111\u01b0\u1ee3c s\u1ea3n xu\u1ea5t t\u1eeb nh\u1eefng tr\u00e1i nho ch\u1ea5t l\u01b0\u1ee3ng t\u1eeb v\u00f9ng nho n\u1ed5i ti\u1ebfng c\u1ee7a Montes.<\/p>\n<p>M\u1ed7i chai r\u01b0\u1ee3u vang Montes l\u00e0 m\u1ed9t s\u1ef1 k\u1ebft h\u1ee3p tinh t\u1ebf gi\u1eefa h\u01b0\u01a1ng th\u01a1m phong ph\u00fa v\u00e0 v\u1ecb ng\u1ecdt tinh t\u1ebf. Qua qu\u00e1 tr\u00ecnh \u1ee7 l\u00ean men v\u00e0 l\u01b0u tr\u1eef tinh t\u1ebf, r\u01b0\u1ee3u vang Montes t\u1ea1o ra m\u1ed9t tr\u1ea3i nghi\u1ec7m tuy\u1ec7t v\u1eddi cho c\u00e1c t\u00edn \u0111\u1ed3 y\u00eau th\u00edch r\u01b0\u1ee3u vang.<\/p>\n<p>V\u1edbi m\u00e0u s\u1eafc r\u1ef1c r\u1ee1 v\u00e0 h\u01b0\u01a1ng th\u01a1m ph\u1ee9c h\u1ee3p, m\u1ed7i gi\u1ecdt r\u01b0\u1ee3u Montes mang \u0111\u1ebfn nh\u1eefng c\u1ea3m x\u00fac \u0111\u1ed9c \u0111\u00e1o v\u00e0 \u0111\u1eafm ch\u00ecm trong v\u1ecb ng\u1ecdt c\u1ee7a tr\u00e1i c\u00e2y ch\u00edn m\u1ecdng v\u00e0 h\u01b0\u01a1ng v\u1ecb m\u01b0\u1ee3t m\u00e0 c\u1ee7a g\u1ed7 s\u1ed3i.<\/p>\n<p>B\u1ed9 s\u01b0u t\u1eadp r\u01b0\u1ee3u vang Montes t\u1ea1i Tandoor Vietnam bao g\u1ed3m c\u00e1c d\u00f2ng s\u1ea3n ph\u1ea9m \u0111a d\u1ea1ng, t\u1eeb r\u01b0\u1ee3u vang tr\u1eafng s\u1ea3ng kho\u00e1i \u0111\u1ebfn r\u01b0\u1ee3u vang \u0111\u1ecf \u0111\u1eadm \u0111\u00e0. Ch\u00fang t\u00f4i t\u1ef1 h\u00e0o l\u00e0 \u0111i\u1ec3m \u0111\u1ebfn c\u1ee7a nh\u1eefng ng\u01b0\u1eddi y\u00eau th\u00edch r\u01b0\u1ee3u vang, n\u01a1i b\u1ea1n c\u00f3 th\u1ec3 kh\u00e1m ph\u00e1 v\u00e0 t\u1eadn h\u01b0\u1edfng nh\u1eefng lo\u1ea1i r\u01b0\u1ee3u vang tuy\u1ec7t h\u1ea3o.<\/p>\n<p>H\u00e3y th\u01b0\u1edfng th\u1ee9c b\u1ed9 s\u01b0u t\u1eadp r\u01b0\u1ee3u vang cao c\u1ea5p n\u00e0y t\u1ea1i <a href=\"https:\/\/tandoorvietnam.com\/\">Tandoor Vietnam<\/a> v\u00e0 t\u00ecm hi\u1ec3u v\u1ec1 nh\u1eefng n\u1ec1n nho, quy tr\u00ecnh s\u1ea3n xu\u1ea5t v\u00e0 c\u00e2u chuy\u1ec7n \u0111\u1eb1ng sau m\u1ed7i chai r\u01b0\u1ee3u. Ch\u00fang t\u00f4i cam k\u1ebft mang \u0111\u1ebfn cho b\u1ea1n tr\u1ea3i nghi\u1ec7m r\u01b0\u1ee3u vang \u0111\u1eb3ng c\u1ea5p c\u00f9ng \u1ea9m th\u1ef1c \u1ea4n \u0110\u1ed9 \u0111\u1eb3ng c\u1ea5p.<\/p>\n<\/div>\n<\/div>\n<\/div>\n<\/div>\n<\/div>\n<\/div>\n<\/div>\n<\/div>\n<\/div>\n<\/div>\n","protected":false},"excerpt":{"rendered":"<p>R\u01b0\u1ee3u vang Montes l\u00e0 m\u1ed9t b\u01b0\u1edbc ch\u00e2n v\u00e0o th\u1ebf gi\u1edbi c\u1ee7a s\u1ef1 tinh t\u1ebf v\u00e0 h\u01b0\u01a1ng v\u1ecb \u0111\u1eadm \u0111\u00e0. T\u1ea1i Tandoor Vietnam, ch\u00fang t\u00f4i t\u1ef1 h\u00e0o mang \u0111\u1ebfn cho b\u1ea1n b\u1ed9 s\u01b0u t\u1eadp r\u01b0\u1ee3u vang Montes \u0111\u1eb3ng c\u1ea5p, \u0111\u01b0\u1ee3c s\u1ea3n xu\u1ea5t t\u1eeb nh\u1eefng tr\u00e1i nho ch\u1ea5t l\u01b0\u1ee3ng t\u1eeb v\u00f9ng nho n\u1ed5i ti\u1ebfng c\u1ee7a Montes. M\u1ed7i [&hellip;]<\/p>\n","protected":false},"featured_media":0,"template":"","meta":[],"product_brand":[],"product_cat":[232],"product_tag":[],"class_list":{"0":"post-3730","1":"product","2":"type-product","3":"status-publish","5":"product_cat-ruou-vang-va-bia","7":"first","8":"instock","9":"taxable","10":"shipping-taxable","11":"purchasable","12":"product-type-simple"},"yoast_head":"<!-- This site is optimized with the Yoast SEO Premium plugin v22.3 (Yoast SEO v27.4) - https:\/\/yoast.com\/product\/yoast-seo-premium-wordpress\/ -->\n<title>Montes - Tandoor Vi\u1ec7t Nam<\/title>\n<meta name=\"description\" content=\"S\u1ef1 h\u00f2a quy\u1ec7n tuy\u1ec7t v\u1eddi c\u1ee7a h\u01b0\u01a1ng th\u01a1m v\u00e0 v\u1ecb ng\u1ecdt c\u1ee7a r\u01b0\u1ee3u vang Montes t\u1ea1i Tandoor Vietnam. Kh\u00e1m ph\u00e1 r\u01b0\u1ee3u vang \u0111\u1eb3ng c\u1ea5p t\u1eeb v\u00f9ng nho n\u1ed5i ti\u1ebfng c\u1ee7a Montes.\" \/>\n<meta name=\"robots\" content=\"index, follow, max-snippet:-1, max-image-preview:large, max-video-preview:-1\" \/>\n<link rel=\"canonical\" href=\"https:\/\/tandoorvietnam.com\/vi\/sanpham\/ruou-vang-va-bia\/montes\/\" \/>\n<meta property=\"og:locale\" content=\"vi_VN\" \/>\n<meta property=\"og:type\" content=\"article\" \/>\n<meta property=\"og:title\" content=\"Montes\" \/>\n<meta property=\"og:description\" content=\"S\u1ef1 h\u00f2a quy\u1ec7n tuy\u1ec7t v\u1eddi c\u1ee7a h\u01b0\u01a1ng th\u01a1m v\u00e0 v\u1ecb ng\u1ecdt c\u1ee7a r\u01b0\u1ee3u vang Montes t\u1ea1i Tandoor Vietnam. Kh\u00e1m ph\u00e1 r\u01b0\u1ee3u vang \u0111\u1eb3ng c\u1ea5p t\u1eeb v\u00f9ng nho n\u1ed5i ti\u1ebfng c\u1ee7a Montes.\" \/>\n<meta property=\"og:url\" content=\"https:\/\/tandoorvietnam.com\/vi\/sanpham\/ruou-vang-va-bia\/montes\/\" \/>\n<meta property=\"og:site_name\" content=\"Tandoor Vi\u1ec7t Nam\" \/>\n<meta property=\"article:publisher\" content=\"https:\/\/www.facebook.com\/tandoor.hcmc\/\" \/>\n<meta property=\"article:modified_time\" content=\"2023-05-19T16:36:46+00:00\" \/>\n<meta property=\"og:image\" content=\"https:\/\/tandoorvietnam.com\/wp-content\/uploads\/2020\/07\/opengraph.jpg\" \/>\n\t<meta property=\"og:image:width\" content=\"1200\" \/>\n\t<meta property=\"og:image:height\" content=\"630\" \/>\n\t<meta property=\"og:image:type\" content=\"image\/jpeg\" \/>\n<meta name=\"twitter:card\" content=\"summary_large_image\" \/>\n<meta name=\"twitter:label1\" content=\"Est. reading time\" \/>\n\t<meta name=\"twitter:data1\" content=\"2 minutes\" \/>\n<script type=\"application\/ld+json\" class=\"yoast-schema-graph\">{\"@context\":\"https:\\\/\\\/schema.org\",\"@graph\":[{\"@type\":\"WebPage\",\"@id\":\"https:\\\/\\\/tandoorvietnam.com\\\/vi\\\/sanpham\\\/ruou-vang-va-bia\\\/montes\\\/\",\"url\":\"https:\\\/\\\/tandoorvietnam.com\\\/vi\\\/sanpham\\\/ruou-vang-va-bia\\\/montes\\\/\",\"name\":\"Montes - Tandoor Vi\u1ec7t Nam\",\"isPartOf\":{\"@id\":\"https:\\\/\\\/tandoorvietnam.com\\\/vi\\\/#website\"},\"datePublished\":\"2021-04-26T03:19:38+00:00\",\"dateModified\":\"2023-05-19T16:36:46+00:00\",\"description\":\"S\u1ef1 h\u00f2a quy\u1ec7n tuy\u1ec7t v\u1eddi c\u1ee7a h\u01b0\u01a1ng th\u01a1m v\u00e0 v\u1ecb ng\u1ecdt c\u1ee7a r\u01b0\u1ee3u vang Montes t\u1ea1i Tandoor Vietnam. Kh\u00e1m ph\u00e1 r\u01b0\u1ee3u vang \u0111\u1eb3ng c\u1ea5p t\u1eeb v\u00f9ng nho n\u1ed5i ti\u1ebfng c\u1ee7a Montes.\",\"breadcrumb\":{\"@id\":\"https:\\\/\\\/tandoorvietnam.com\\\/vi\\\/sanpham\\\/ruou-vang-va-bia\\\/montes\\\/#breadcrumb\"},\"inLanguage\":\"vi-VN\",\"potentialAction\":[{\"@type\":\"ReadAction\",\"target\":[\"https:\\\/\\\/tandoorvietnam.com\\\/vi\\\/sanpham\\\/ruou-vang-va-bia\\\/montes\\\/\"]}]},{\"@type\":\"BreadcrumbList\",\"@id\":\"https:\\\/\\\/tandoorvietnam.com\\\/vi\\\/sanpham\\\/ruou-vang-va-bia\\\/montes\\\/#breadcrumb\",\"itemListElement\":[{\"@type\":\"ListItem\",\"position\":1,\"name\":\"Trang Ch\u1ee7\",\"item\":\"https:\\\/\\\/tandoorvietnam.com\\\/vi\\\/\"},{\"@type\":\"ListItem\",\"position\":2,\"name\":\"Shop\",\"item\":\"https:\\\/\\\/tandoorvietnam.com\\\/shop\\\/\"},{\"@type\":\"ListItem\",\"position\":3,\"name\":\"Montes\"}]},{\"@type\":\"WebSite\",\"@id\":\"https:\\\/\\\/tandoorvietnam.com\\\/vi\\\/#website\",\"url\":\"https:\\\/\\\/tandoorvietnam.com\\\/vi\\\/\",\"name\":\"Tandoor Vietnam\",\"description\":\"Nh\u00e0 h\u00e0ng ngon h\u1ed3 ch\u00ed minh\",\"publisher\":{\"@id\":\"https:\\\/\\\/tandoorvietnam.com\\\/vi\\\/#organization\"},\"potentialAction\":[{\"@type\":\"SearchAction\",\"target\":{\"@type\":\"EntryPoint\",\"urlTemplate\":\"https:\\\/\\\/tandoorvietnam.com\\\/vi\\\/?s={search_term_string}\"},\"query-input\":{\"@type\":\"PropertyValueSpecification\",\"valueRequired\":true,\"valueName\":\"search_term_string\"}}],\"inLanguage\":\"vi-VN\"},{\"@type\":\"Organization\",\"@id\":\"https:\\\/\\\/tandoorvietnam.com\\\/vi\\\/#organization\",\"name\":\"Tandoor Vietnam\",\"url\":\"https:\\\/\\\/tandoorvietnam.com\\\/vi\\\/\",\"logo\":{\"@type\":\"ImageObject\",\"inLanguage\":\"vi-VN\",\"@id\":\"https:\\\/\\\/tandoorvietnam.com\\\/vi\\\/#\\\/schema\\\/logo\\\/image\\\/\",\"url\":\"https:\\\/\\\/tandoorvietnam.com\\\/wp-content\\\/uploads\\\/2020\\\/07\\\/logo.png\",\"contentUrl\":\"https:\\\/\\\/tandoorvietnam.com\\\/wp-content\\\/uploads\\\/2020\\\/07\\\/logo.png\",\"width\":133,\"height\":75,\"caption\":\"Tandoor Vietnam\"},\"image\":{\"@id\":\"https:\\\/\\\/tandoorvietnam.com\\\/vi\\\/#\\\/schema\\\/logo\\\/image\\\/\"},\"sameAs\":[\"https:\\\/\\\/www.facebook.com\\\/tandoor.hcmc\\\/\"]}]}<\/script>\n<!-- \/ Yoast SEO Premium plugin. -->","yoast_head_json":{"title":"Montes - Tandoor Vi\u1ec7t Nam","description":"S\u1ef1 h\u00f2a quy\u1ec7n tuy\u1ec7t v\u1eddi c\u1ee7a h\u01b0\u01a1ng th\u01a1m v\u00e0 v\u1ecb ng\u1ecdt c\u1ee7a r\u01b0\u1ee3u vang Montes t\u1ea1i Tandoor Vietnam. Kh\u00e1m ph\u00e1 r\u01b0\u1ee3u vang \u0111\u1eb3ng c\u1ea5p t\u1eeb v\u00f9ng nho n\u1ed5i ti\u1ebfng c\u1ee7a Montes.","robots":{"index":"index","follow":"follow","max-snippet":"max-snippet:-1","max-image-preview":"max-image-preview:large","max-video-preview":"max-video-preview:-1"},"canonical":"https:\/\/tandoorvietnam.com\/vi\/sanpham\/ruou-vang-va-bia\/montes\/","og_locale":"vi_VN","og_type":"article","og_title":"Montes","og_description":"S\u1ef1 h\u00f2a quy\u1ec7n tuy\u1ec7t v\u1eddi c\u1ee7a h\u01b0\u01a1ng th\u01a1m v\u00e0 v\u1ecb ng\u1ecdt c\u1ee7a r\u01b0\u1ee3u vang Montes t\u1ea1i Tandoor Vietnam. Kh\u00e1m ph\u00e1 r\u01b0\u1ee3u vang \u0111\u1eb3ng c\u1ea5p t\u1eeb v\u00f9ng nho n\u1ed5i ti\u1ebfng c\u1ee7a Montes.","og_url":"https:\/\/tandoorvietnam.com\/vi\/sanpham\/ruou-vang-va-bia\/montes\/","og_site_name":"Tandoor Vi\u1ec7t Nam","article_publisher":"https:\/\/www.facebook.com\/tandoor.hcmc\/","article_modified_time":"2023-05-19T16:36:46+00:00","og_image":[{"width":1200,"height":630,"url":"https:\/\/tandoorvietnam.com\/wp-content\/uploads\/2020\/07\/opengraph.jpg","type":"image\/jpeg"}],"twitter_card":"summary_large_image","twitter_misc":{"Est. reading time":"2 minutes"},"schema":{"@context":"https:\/\/schema.org","@graph":[{"@type":"WebPage","@id":"https:\/\/tandoorvietnam.com\/vi\/sanpham\/ruou-vang-va-bia\/montes\/","url":"https:\/\/tandoorvietnam.com\/vi\/sanpham\/ruou-vang-va-bia\/montes\/","name":"Montes - Tandoor Vi\u1ec7t Nam","isPartOf":{"@id":"https:\/\/tandoorvietnam.com\/vi\/#website"},"datePublished":"2021-04-26T03:19:38+00:00","dateModified":"2023-05-19T16:36:46+00:00","description":"S\u1ef1 h\u00f2a quy\u1ec7n tuy\u1ec7t v\u1eddi c\u1ee7a h\u01b0\u01a1ng th\u01a1m v\u00e0 v\u1ecb ng\u1ecdt c\u1ee7a r\u01b0\u1ee3u vang Montes t\u1ea1i Tandoor Vietnam. Kh\u00e1m ph\u00e1 r\u01b0\u1ee3u vang \u0111\u1eb3ng c\u1ea5p t\u1eeb v\u00f9ng nho n\u1ed5i ti\u1ebfng c\u1ee7a Montes.","breadcrumb":{"@id":"https:\/\/tandoorvietnam.com\/vi\/sanpham\/ruou-vang-va-bia\/montes\/#breadcrumb"},"inLanguage":"vi-VN","potentialAction":[{"@type":"ReadAction","target":["https:\/\/tandoorvietnam.com\/vi\/sanpham\/ruou-vang-va-bia\/montes\/"]}]},{"@type":"BreadcrumbList","@id":"https:\/\/tandoorvietnam.com\/vi\/sanpham\/ruou-vang-va-bia\/montes\/#breadcrumb","itemListElement":[{"@type":"ListItem","position":1,"name":"Trang Ch\u1ee7","item":"https:\/\/tandoorvietnam.com\/vi\/"},{"@type":"ListItem","position":2,"name":"Shop","item":"https:\/\/tandoorvietnam.com\/shop\/"},{"@type":"ListItem","position":3,"name":"Montes"}]},{"@type":"WebSite","@id":"https:\/\/tandoorvietnam.com\/vi\/#website","url":"https:\/\/tandoorvietnam.com\/vi\/","name":"Tandoor Vietnam","description":"Nh\u00e0 h\u00e0ng ngon h\u1ed3 ch\u00ed minh","publisher":{"@id":"https:\/\/tandoorvietnam.com\/vi\/#organization"},"potentialAction":[{"@type":"SearchAction","target":{"@type":"EntryPoint","urlTemplate":"https:\/\/tandoorvietnam.com\/vi\/?s={search_term_string}"},"query-input":{"@type":"PropertyValueSpecification","valueRequired":true,"valueName":"search_term_string"}}],"inLanguage":"vi-VN"},{"@type":"Organization","@id":"https:\/\/tandoorvietnam.com\/vi\/#organization","name":"Tandoor Vietnam","url":"https:\/\/tandoorvietnam.com\/vi\/","logo":{"@type":"ImageObject","inLanguage":"vi-VN","@id":"https:\/\/tandoorvietnam.com\/vi\/#\/schema\/logo\/image\/","url":"https:\/\/tandoorvietnam.com\/wp-content\/uploads\/2020\/07\/logo.png","contentUrl":"https:\/\/tandoorvietnam.com\/wp-content\/uploads\/2020\/07\/logo.png","width":133,"height":75,"caption":"Tandoor Vietnam"},"image":{"@id":"https:\/\/tandoorvietnam.com\/vi\/#\/schema\/logo\/image\/"},"sameAs":["https:\/\/www.facebook.com\/tandoor.hcmc\/"]}]}},"_links":{"self":[{"href":"https:\/\/tandoorvietnam.com\/vi\/wp-json\/wp\/v2\/product\/3730","targetHints":{"allow":["GET"]}}],"collection":[{"href":"https:\/\/tandoorvietnam.com\/vi\/wp-json\/wp\/v2\/product"}],"about":[{"href":"https:\/\/tandoorvietnam.com\/vi\/wp-json\/wp\/v2\/types\/product"}],"wp:attachment":[{"href":"https:\/\/tandoorvietnam.com\/vi\/wp-json\/wp\/v2\/media?parent=3730"}],"wp:term":[{"taxonomy":"product_brand","embeddable":true,"href":"https:\/\/tandoorvietnam.com\/vi\/wp-json\/wp\/v2\/product_brand?post=3730"},{"taxonomy":"product_cat","embeddable":true,"href":"https:\/\/tandoorvietnam.com\/vi\/wp-json\/wp\/v2\/product_cat?post=3730"},{"taxonomy":"product_tag","embeddable":true,"href":"https:\/\/tandoorvietnam.com\/vi\/wp-json\/wp\/v2\/product_tag?post=3730"}],"curies":[{"name":"wp","href":"https:\/\/api.w.org\/{rel}","templated":true}]}}