{"id":3731,"date":"2020-06-26T11:18:49","date_gmt":"2021-04-26T03:19:53","guid":{"rendered":"http:\/\/tandoorvietnam.com\/product\/uncategorized\/santa-julia\/"},"modified":"2023-05-20T08:20:13","modified_gmt":"2023-05-20T08:20:13","slug":"santa-julia","status":"publish","type":"product","link":"https:\/\/tandoorvietnam.com\/vi\/sanpham\/ruou-vang-va-bia\/santa-julia\/","title":{"rendered":"Santa Julia"},"content":{"rendered":"<p>Santa Julia l\u00e0 m\u1ed9t th\u01b0\u01a1ng hi\u1ec7u r\u01b0\u1ee3u vang v\u00e0 bia n\u1ed5i ti\u1ebfng t\u1eeb Argentina. T\u1ea1i Tandoor Vietnam, ch\u00fang t\u00f4i t\u1ef1 h\u00e0o mang \u0111\u1ebfn cho b\u1ea1n b\u1ed9 s\u01b0u t\u1eadp \u0111a d\u1ea1ng v\u00e0 phong ph\u00fa c\u1ee7a nh\u00e3n hi\u1ec7u n\u00e0y, n\u01a1i b\u1ea1n c\u00f3 th\u1ec3 t\u00ecm th\u1ea5y nh\u1eefng lo\u1ea1i r\u01b0\u1ee3u vang v\u00e0 bia ch\u1ea5t l\u01b0\u1ee3ng cao v\u00e0 h\u01b0\u01a1ng v\u1ecb tuy\u1ec7t v\u1eddi.<\/p>\n<p>V\u1edbi m\u1ed9t t\u1ea7m nh\u00ecn \u0111am m\u00ea v\u00e0 s\u1ef1 ch\u0103m s\u00f3c t\u1eadn t\u00e2m, Santa Julia \u0111\u00e3 s\u1eed d\u1ee5ng nh\u1eefng lo\u1ea1i nho ch\u1ea5t l\u01b0\u1ee3ng nh\u1ea5t t\u1eeb c\u00e1c v\u01b0\u1eddn nho tr\u1ed3ng h\u1eefu c\u01a1 c\u1ee7a h\u1ecd \u0111\u1ec3 t\u1ea1o ra nh\u1eefng chai r\u01b0\u1ee3u vang \u0111\u1eb7c bi\u1ec7t. T\u1eeb nh\u1eefng chai \u0111\u1ecf m\u1ea1nh m\u1ebd v\u00e0 tr\u00f2n \u0111\u1ea7y \u0111\u1eadm \u0111\u00e0 cho \u0111\u1ebfn nh\u1eefng chai tr\u1eafng t\u01b0\u01a1i m\u00e1t v\u00e0 thanh l\u1ecbch, Santa Julia \u0111\u1ea3m b\u1ea3o r\u1eb1ng b\u1ea1n s\u1ebd t\u00ecm th\u1ea5y m\u1ed9t lo\u1ea1i r\u01b0\u1ee3u vang ph\u00f9 h\u1ee3p v\u1edbi kh\u1ea9u v\u1ecb c\u1ee7a m\u00ecnh.<\/p>\n<p>Ngo\u00e0i ra, nh\u00e3n hi\u1ec7u n\u00e0y\u00a0c\u0169ng cung c\u1ea5p c\u00e1c lo\u1ea1i bia \u0111a d\u1ea1ng v\u00e0 \u0111\u1ed9c \u0111\u00e1o. V\u1edbi s\u1ef1 k\u1ebft h\u1ee3p tinh t\u1ebf gi\u1eefa c\u00e1c nguy\u00ean li\u1ec7u t\u1ed1t nh\u1ea5t v\u00e0 qu\u00e1 tr\u00ecnh l\u00ean men chuy\u00ean nghi\u1ec7p, c\u00e1c chai bia Santa Julia mang \u0111\u1ebfn h\u01b0\u01a1ng v\u1ecb th\u00fa v\u1ecb v\u00e0 h\u1ea5p d\u1eabn. T\u1eeb nh\u1eefng lo\u1ea1i bia m\u1ea1nh m\u1ebd v\u00e0 h\u1ea3o h\u1ea1ng cho \u0111\u1ebfn nh\u1eefng lo\u1ea1i bia nh\u1eb9 nh\u00e0ng v\u00e0 s\u1ea3ng kho\u00e1i, b\u1ea1n s\u1ebd c\u00f3 nhi\u1ec1u l\u1ef1a ch\u1ecdn \u0111\u1ec3 kh\u00e1m ph\u00e1 v\u00e0 th\u01b0\u1edfng th\u1ee9c.<\/p>\n<p>Santa Julia l\u00e0 s\u1ef1 k\u1ebft h\u1ee3p ho\u00e0n h\u1ea3o gi\u1eefa ch\u1ea5t l\u01b0\u1ee3ng v\u00e0 h\u01b0\u01a1ng v\u1ecb tuy\u1ec7t v\u1eddi. V\u1edbi ch\u00fang t\u00f4i, b\u1ea1n s\u1ebd c\u00f3 c\u01a1 h\u1ed9i tr\u1ea3i nghi\u1ec7m nh\u1eefng s\u1ea3n ph\u1ea9m \u0111\u1eb7c bi\u1ec7t n\u00e0y v\u00e0 t\u1eadn h\u01b0\u1edfng nh\u1eefng kho\u1ea3nh kh\u1eafc th\u00fa v\u1ecb c\u00f9ng gia \u0111\u00ecnh v\u00e0 b\u1ea1n b\u00e8 t\u1ea1i <a href=\"https:\/\/tandoorvietnam.com\/\">nh\u00e0 h\u00e0ng Tandoor Vietnam<\/a>.<\/p>\n","protected":false},"excerpt":{"rendered":"<p>Santa Julia l\u00e0 m\u1ed9t th\u01b0\u01a1ng hi\u1ec7u r\u01b0\u1ee3u vang v\u00e0 bia n\u1ed5i ti\u1ebfng t\u1eeb Argentina. T\u1ea1i Tandoor Vietnam, ch\u00fang t\u00f4i t\u1ef1 h\u00e0o mang \u0111\u1ebfn cho b\u1ea1n b\u1ed9 s\u01b0u t\u1eadp \u0111a d\u1ea1ng v\u00e0 phong ph\u00fa c\u1ee7a nh\u00e3n hi\u1ec7u n\u00e0y, n\u01a1i b\u1ea1n c\u00f3 th\u1ec3 t\u00ecm th\u1ea5y nh\u1eefng lo\u1ea1i r\u01b0\u1ee3u vang v\u00e0 bia ch\u1ea5t l\u01b0\u1ee3ng cao v\u00e0 h\u01b0\u01a1ng v\u1ecb [&hellip;]<\/p>\n","protected":false},"featured_media":0,"template":"","meta":[],"product_brand":[],"product_cat":[232],"product_tag":[],"class_list":{"0":"post-3731","1":"product","2":"type-product","3":"status-publish","5":"product_cat-ruou-vang-va-bia","7":"first","8":"instock","9":"taxable","10":"shipping-taxable","11":"purchasable","12":"product-type-simple"},"yoast_head":"<!-- This site is optimized with the Yoast SEO Premium plugin v22.3 (Yoast SEO v27.4) - https:\/\/yoast.com\/product\/yoast-seo-premium-wordpress\/ -->\n<title>Santa Julia - Tandoor Vi\u1ec7t Nam<\/title>\n<meta name=\"description\" content=\"Santa Julia - Ch\u1ea5t l\u01b0\u1ee3ng v\u00e0 h\u01b0\u01a1ng v\u1ecb tuy\u1ec7t v\u1eddi c\u1ee7a r\u01b0\u1ee3u vang v\u00e0 bia t\u1ea1i Tandoor Vietnam. Kh\u00e1m ph\u00e1 b\u1ed9 s\u01b0u t\u1eadp \u0111a d\u1ea1ng v\u00e0 th\u00fa v\u1ecb c\u1ee7a ch\u00fang t\u00f4i.\" \/>\n<meta name=\"robots\" content=\"index, follow, max-snippet:-1, max-image-preview:large, max-video-preview:-1\" \/>\n<link rel=\"canonical\" href=\"https:\/\/tandoorvietnam.com\/vi\/sanpham\/ruou-vang-va-bia\/santa-julia\/\" \/>\n<meta property=\"og:locale\" content=\"vi_VN\" \/>\n<meta property=\"og:type\" content=\"article\" \/>\n<meta property=\"og:title\" content=\"Santa Julia\" \/>\n<meta property=\"og:description\" content=\"Santa Julia - Ch\u1ea5t l\u01b0\u1ee3ng v\u00e0 h\u01b0\u01a1ng v\u1ecb tuy\u1ec7t v\u1eddi c\u1ee7a r\u01b0\u1ee3u vang v\u00e0 bia t\u1ea1i Tandoor Vietnam. Kh\u00e1m ph\u00e1 b\u1ed9 s\u01b0u t\u1eadp \u0111a d\u1ea1ng v\u00e0 th\u00fa v\u1ecb c\u1ee7a ch\u00fang t\u00f4i.\" \/>\n<meta property=\"og:url\" content=\"https:\/\/tandoorvietnam.com\/vi\/sanpham\/ruou-vang-va-bia\/santa-julia\/\" \/>\n<meta property=\"og:site_name\" content=\"Tandoor Vi\u1ec7t Nam\" \/>\n<meta property=\"article:publisher\" content=\"https:\/\/www.facebook.com\/tandoor.hcmc\/\" \/>\n<meta property=\"article:modified_time\" content=\"2023-05-20T08:20:13+00:00\" \/>\n<meta property=\"og:image\" content=\"https:\/\/tandoorvietnam.com\/wp-content\/uploads\/2020\/07\/opengraph.jpg\" \/>\n\t<meta property=\"og:image:width\" content=\"1200\" \/>\n\t<meta property=\"og:image:height\" content=\"630\" \/>\n\t<meta property=\"og:image:type\" content=\"image\/jpeg\" \/>\n<meta name=\"twitter:card\" content=\"summary_large_image\" \/>\n<meta name=\"twitter:label1\" content=\"Est. reading time\" \/>\n\t<meta name=\"twitter:data1\" content=\"2 minutes\" \/>\n<script type=\"application\/ld+json\" class=\"yoast-schema-graph\">{\"@context\":\"https:\\\/\\\/schema.org\",\"@graph\":[{\"@type\":\"WebPage\",\"@id\":\"https:\\\/\\\/tandoorvietnam.com\\\/vi\\\/sanpham\\\/ruou-vang-va-bia\\\/santa-julia\\\/\",\"url\":\"https:\\\/\\\/tandoorvietnam.com\\\/vi\\\/sanpham\\\/ruou-vang-va-bia\\\/santa-julia\\\/\",\"name\":\"Santa Julia - Tandoor Vi\u1ec7t Nam\",\"isPartOf\":{\"@id\":\"https:\\\/\\\/tandoorvietnam.com\\\/vi\\\/#website\"},\"datePublished\":\"2021-04-26T03:19:53+00:00\",\"dateModified\":\"2023-05-20T08:20:13+00:00\",\"description\":\"Santa Julia - Ch\u1ea5t l\u01b0\u1ee3ng v\u00e0 h\u01b0\u01a1ng v\u1ecb tuy\u1ec7t v\u1eddi c\u1ee7a r\u01b0\u1ee3u vang v\u00e0 bia t\u1ea1i Tandoor Vietnam. Kh\u00e1m ph\u00e1 b\u1ed9 s\u01b0u t\u1eadp \u0111a d\u1ea1ng v\u00e0 th\u00fa v\u1ecb c\u1ee7a ch\u00fang t\u00f4i.\",\"breadcrumb\":{\"@id\":\"https:\\\/\\\/tandoorvietnam.com\\\/vi\\\/sanpham\\\/ruou-vang-va-bia\\\/santa-julia\\\/#breadcrumb\"},\"inLanguage\":\"vi-VN\",\"potentialAction\":[{\"@type\":\"ReadAction\",\"target\":[\"https:\\\/\\\/tandoorvietnam.com\\\/vi\\\/sanpham\\\/ruou-vang-va-bia\\\/santa-julia\\\/\"]}]},{\"@type\":\"BreadcrumbList\",\"@id\":\"https:\\\/\\\/tandoorvietnam.com\\\/vi\\\/sanpham\\\/ruou-vang-va-bia\\\/santa-julia\\\/#breadcrumb\",\"itemListElement\":[{\"@type\":\"ListItem\",\"position\":1,\"name\":\"Trang Ch\u1ee7\",\"item\":\"https:\\\/\\\/tandoorvietnam.com\\\/vi\\\/\"},{\"@type\":\"ListItem\",\"position\":2,\"name\":\"Shop\",\"item\":\"https:\\\/\\\/tandoorvietnam.com\\\/shop\\\/\"},{\"@type\":\"ListItem\",\"position\":3,\"name\":\"Santa Julia\"}]},{\"@type\":\"WebSite\",\"@id\":\"https:\\\/\\\/tandoorvietnam.com\\\/vi\\\/#website\",\"url\":\"https:\\\/\\\/tandoorvietnam.com\\\/vi\\\/\",\"name\":\"Tandoor Vietnam\",\"description\":\"Nh\u00e0 h\u00e0ng ngon h\u1ed3 ch\u00ed minh\",\"publisher\":{\"@id\":\"https:\\\/\\\/tandoorvietnam.com\\\/vi\\\/#organization\"},\"potentialAction\":[{\"@type\":\"SearchAction\",\"target\":{\"@type\":\"EntryPoint\",\"urlTemplate\":\"https:\\\/\\\/tandoorvietnam.com\\\/vi\\\/?s={search_term_string}\"},\"query-input\":{\"@type\":\"PropertyValueSpecification\",\"valueRequired\":true,\"valueName\":\"search_term_string\"}}],\"inLanguage\":\"vi-VN\"},{\"@type\":\"Organization\",\"@id\":\"https:\\\/\\\/tandoorvietnam.com\\\/vi\\\/#organization\",\"name\":\"Tandoor Vietnam\",\"url\":\"https:\\\/\\\/tandoorvietnam.com\\\/vi\\\/\",\"logo\":{\"@type\":\"ImageObject\",\"inLanguage\":\"vi-VN\",\"@id\":\"https:\\\/\\\/tandoorvietnam.com\\\/vi\\\/#\\\/schema\\\/logo\\\/image\\\/\",\"url\":\"https:\\\/\\\/tandoorvietnam.com\\\/wp-content\\\/uploads\\\/2020\\\/07\\\/logo.png\",\"contentUrl\":\"https:\\\/\\\/tandoorvietnam.com\\\/wp-content\\\/uploads\\\/2020\\\/07\\\/logo.png\",\"width\":133,\"height\":75,\"caption\":\"Tandoor Vietnam\"},\"image\":{\"@id\":\"https:\\\/\\\/tandoorvietnam.com\\\/vi\\\/#\\\/schema\\\/logo\\\/image\\\/\"},\"sameAs\":[\"https:\\\/\\\/www.facebook.com\\\/tandoor.hcmc\\\/\"]}]}<\/script>\n<!-- \/ Yoast SEO Premium plugin. -->","yoast_head_json":{"title":"Santa Julia - Tandoor Vi\u1ec7t Nam","description":"Santa Julia - Ch\u1ea5t l\u01b0\u1ee3ng v\u00e0 h\u01b0\u01a1ng v\u1ecb tuy\u1ec7t v\u1eddi c\u1ee7a r\u01b0\u1ee3u vang v\u00e0 bia t\u1ea1i Tandoor Vietnam. Kh\u00e1m ph\u00e1 b\u1ed9 s\u01b0u t\u1eadp \u0111a d\u1ea1ng v\u00e0 th\u00fa v\u1ecb c\u1ee7a ch\u00fang t\u00f4i.","robots":{"index":"index","follow":"follow","max-snippet":"max-snippet:-1","max-image-preview":"max-image-preview:large","max-video-preview":"max-video-preview:-1"},"canonical":"https:\/\/tandoorvietnam.com\/vi\/sanpham\/ruou-vang-va-bia\/santa-julia\/","og_locale":"vi_VN","og_type":"article","og_title":"Santa Julia","og_description":"Santa Julia - Ch\u1ea5t l\u01b0\u1ee3ng v\u00e0 h\u01b0\u01a1ng v\u1ecb tuy\u1ec7t v\u1eddi c\u1ee7a r\u01b0\u1ee3u vang v\u00e0 bia t\u1ea1i Tandoor Vietnam. Kh\u00e1m ph\u00e1 b\u1ed9 s\u01b0u t\u1eadp \u0111a d\u1ea1ng v\u00e0 th\u00fa v\u1ecb c\u1ee7a ch\u00fang t\u00f4i.","og_url":"https:\/\/tandoorvietnam.com\/vi\/sanpham\/ruou-vang-va-bia\/santa-julia\/","og_site_name":"Tandoor Vi\u1ec7t Nam","article_publisher":"https:\/\/www.facebook.com\/tandoor.hcmc\/","article_modified_time":"2023-05-20T08:20:13+00:00","og_image":[{"width":1200,"height":630,"url":"https:\/\/tandoorvietnam.com\/wp-content\/uploads\/2020\/07\/opengraph.jpg","type":"image\/jpeg"}],"twitter_card":"summary_large_image","twitter_misc":{"Est. reading time":"2 minutes"},"schema":{"@context":"https:\/\/schema.org","@graph":[{"@type":"WebPage","@id":"https:\/\/tandoorvietnam.com\/vi\/sanpham\/ruou-vang-va-bia\/santa-julia\/","url":"https:\/\/tandoorvietnam.com\/vi\/sanpham\/ruou-vang-va-bia\/santa-julia\/","name":"Santa Julia - Tandoor Vi\u1ec7t Nam","isPartOf":{"@id":"https:\/\/tandoorvietnam.com\/vi\/#website"},"datePublished":"2021-04-26T03:19:53+00:00","dateModified":"2023-05-20T08:20:13+00:00","description":"Santa Julia - Ch\u1ea5t l\u01b0\u1ee3ng v\u00e0 h\u01b0\u01a1ng v\u1ecb tuy\u1ec7t v\u1eddi c\u1ee7a r\u01b0\u1ee3u vang v\u00e0 bia t\u1ea1i Tandoor Vietnam. Kh\u00e1m ph\u00e1 b\u1ed9 s\u01b0u t\u1eadp \u0111a d\u1ea1ng v\u00e0 th\u00fa v\u1ecb c\u1ee7a ch\u00fang t\u00f4i.","breadcrumb":{"@id":"https:\/\/tandoorvietnam.com\/vi\/sanpham\/ruou-vang-va-bia\/santa-julia\/#breadcrumb"},"inLanguage":"vi-VN","potentialAction":[{"@type":"ReadAction","target":["https:\/\/tandoorvietnam.com\/vi\/sanpham\/ruou-vang-va-bia\/santa-julia\/"]}]},{"@type":"BreadcrumbList","@id":"https:\/\/tandoorvietnam.com\/vi\/sanpham\/ruou-vang-va-bia\/santa-julia\/#breadcrumb","itemListElement":[{"@type":"ListItem","position":1,"name":"Trang Ch\u1ee7","item":"https:\/\/tandoorvietnam.com\/vi\/"},{"@type":"ListItem","position":2,"name":"Shop","item":"https:\/\/tandoorvietnam.com\/shop\/"},{"@type":"ListItem","position":3,"name":"Santa Julia"}]},{"@type":"WebSite","@id":"https:\/\/tandoorvietnam.com\/vi\/#website","url":"https:\/\/tandoorvietnam.com\/vi\/","name":"Tandoor Vietnam","description":"Nh\u00e0 h\u00e0ng ngon h\u1ed3 ch\u00ed minh","publisher":{"@id":"https:\/\/tandoorvietnam.com\/vi\/#organization"},"potentialAction":[{"@type":"SearchAction","target":{"@type":"EntryPoint","urlTemplate":"https:\/\/tandoorvietnam.com\/vi\/?s={search_term_string}"},"query-input":{"@type":"PropertyValueSpecification","valueRequired":true,"valueName":"search_term_string"}}],"inLanguage":"vi-VN"},{"@type":"Organization","@id":"https:\/\/tandoorvietnam.com\/vi\/#organization","name":"Tandoor Vietnam","url":"https:\/\/tandoorvietnam.com\/vi\/","logo":{"@type":"ImageObject","inLanguage":"vi-VN","@id":"https:\/\/tandoorvietnam.com\/vi\/#\/schema\/logo\/image\/","url":"https:\/\/tandoorvietnam.com\/wp-content\/uploads\/2020\/07\/logo.png","contentUrl":"https:\/\/tandoorvietnam.com\/wp-content\/uploads\/2020\/07\/logo.png","width":133,"height":75,"caption":"Tandoor Vietnam"},"image":{"@id":"https:\/\/tandoorvietnam.com\/vi\/#\/schema\/logo\/image\/"},"sameAs":["https:\/\/www.facebook.com\/tandoor.hcmc\/"]}]}},"_links":{"self":[{"href":"https:\/\/tandoorvietnam.com\/vi\/wp-json\/wp\/v2\/product\/3731","targetHints":{"allow":["GET"]}}],"collection":[{"href":"https:\/\/tandoorvietnam.com\/vi\/wp-json\/wp\/v2\/product"}],"about":[{"href":"https:\/\/tandoorvietnam.com\/vi\/wp-json\/wp\/v2\/types\/product"}],"wp:attachment":[{"href":"https:\/\/tandoorvietnam.com\/vi\/wp-json\/wp\/v2\/media?parent=3731"}],"wp:term":[{"taxonomy":"product_brand","embeddable":true,"href":"https:\/\/tandoorvietnam.com\/vi\/wp-json\/wp\/v2\/product_brand?post=3731"},{"taxonomy":"product_cat","embeddable":true,"href":"https:\/\/tandoorvietnam.com\/vi\/wp-json\/wp\/v2\/product_cat?post=3731"},{"taxonomy":"product_tag","embeddable":true,"href":"https:\/\/tandoorvietnam.com\/vi\/wp-json\/wp\/v2\/product_tag?post=3731"}],"curies":[{"name":"wp","href":"https:\/\/api.w.org\/{rel}","templated":true}]}}