{"id":3732,"date":"2020-06-26T11:16:47","date_gmt":"2021-04-26T03:20:10","guid":{"rendered":"http:\/\/tandoorvietnam.com\/product\/uncategorized\/stamp\/"},"modified":"2023-05-14T04:11:19","modified_gmt":"2023-05-14T04:11:19","slug":"stamp","status":"publish","type":"product","link":"https:\/\/tandoorvietnam.com\/vi\/sanpham\/ruou-vang-va-bia\/stamp\/","title":{"rendered":"Stamp"},"content":{"rendered":"<p>R\u01b0\u1ee3u vang Stamp l\u00e0 m\u1ed9t trong nh\u1eefng th\u01b0\u01a1ng hi\u1ec7u r\u01b0\u1ee3u vang n\u1ed5i ti\u1ebfng c\u1ee7a \u00dac. V\u1edbi h\u01b0\u01a1ng v\u1ecb \u0111\u1ed9c \u0111\u00e1o v\u00e0 ch\u1ea5t l\u01b0\u1ee3ng cao, r\u01b0\u1ee3u vang Stamp \u0111\u00e3 chi\u1ebfm tr\u1ecdn t\u00ecnh c\u1ea3m c\u1ee7a nh\u1eefng ng\u01b0\u1eddi y\u00eau r\u01b0\u1ee3u vang tr\u00ean kh\u1eafp th\u1ebf gi\u1edbi.<\/p>\n<p>Ch\u00fang t\u00f4i t\u1ea1i Tandoor Vietnam t\u1ef1 h\u00e0o mang \u0111\u1ebfn cho qu\u00fd kh\u00e1ch h\u00e0ng nh\u1eefng chai r\u01b0\u1ee3u vang Stamp ch\u00ednh h\u00e3ng v\u00e0 \u0111\u1ea3m b\u1ea3o ch\u1ea5t l\u01b0\u1ee3ng. B\u1ea1n c\u00f3 th\u1ec3 t\u1eadn h\u01b0\u1edfng h\u01b0\u01a1ng v\u1ecb \u0111\u1eadm \u0111\u00e0 v\u00e0 tinh t\u1ebf c\u1ee7a r\u01b0\u1ee3u vang Stamp khi gh\u00e9 th\u0103m Tandoor Vietnam.<\/p>\n<p>R\u01b0\u1ee3u vang Stamp c\u00f3 h\u01b0\u01a1ng v\u1ecb ng\u1ecdt ng\u00e0o v\u00e0 th\u01a1m m\u00e1t c\u1ee7a tr\u00e1i c\u00e2y ch\u00edn v\u00e0 h\u01b0\u01a1ng th\u1ea3o. V\u1edbi m\u00e0u \u0111\u1ecf \u0111\u1eadm v\u00e0 c\u1ea5u tr\u00fac c\u00e2n b\u1eb1ng, r\u01b0\u1ee3u vang n\u00e0y l\u00e0 m\u1ed9t l\u1ef1a ch\u1ecdn ho\u00e0n h\u1ea3o cho b\u1eefa ti\u1ec7c, d\u1ecbp g\u1eb7p g\u1ee1 b\u1ea1n b\u00e8 hay gia \u0111\u00ecnh.<\/p>\n<p>H\u00e3y \u0111\u1ebfn <a href=\"https:\/\/tandoorvietnam.com\/\">nh\u00e0 h\u00e0ng Tandoor Vietnam<\/a> v\u00e0 th\u01b0\u1edfng th\u1ee9c h\u01b0\u01a1ng v\u1ecb \u0111\u1eb7c bi\u1ec7t c\u1ee7a r\u01b0\u1ee3u vang Stamp. Ch\u00fang t\u00f4i cam k\u1ebft mang \u0111\u1ebfn cho b\u1ea1n nh\u1eefng s\u1ea3n ph\u1ea9m ch\u1ea5t l\u01b0\u1ee3ng v\u1edbi v\u00e0 m\u00f3n \u0103n \u0111\u1eadm ch\u1ea5t \u1ea9m th\u1ef1c \u1ea4n \u0110\u1ed9.<\/p>\n","protected":false},"excerpt":{"rendered":"<p>R\u01b0\u1ee3u vang Stamp l\u00e0 m\u1ed9t trong nh\u1eefng th\u01b0\u01a1ng hi\u1ec7u r\u01b0\u1ee3u vang n\u1ed5i ti\u1ebfng c\u1ee7a \u00dac. V\u1edbi h\u01b0\u01a1ng v\u1ecb \u0111\u1ed9c \u0111\u00e1o v\u00e0 ch\u1ea5t l\u01b0\u1ee3ng cao, r\u01b0\u1ee3u vang Stamp \u0111\u00e3 chi\u1ebfm tr\u1ecdn t\u00ecnh c\u1ea3m c\u1ee7a nh\u1eefng ng\u01b0\u1eddi y\u00eau r\u01b0\u1ee3u vang tr\u00ean kh\u1eafp th\u1ebf gi\u1edbi. Ch\u00fang t\u00f4i t\u1ea1i Tandoor Vietnam t\u1ef1 h\u00e0o mang \u0111\u1ebfn cho qu\u00fd kh\u00e1ch h\u00e0ng [&hellip;]<\/p>\n","protected":false},"featured_media":0,"template":"","meta":[],"product_brand":[],"product_cat":[232],"product_tag":[],"class_list":{"0":"post-3732","1":"product","2":"type-product","3":"status-publish","5":"product_cat-ruou-vang-va-bia","7":"first","8":"instock","9":"taxable","10":"shipping-taxable","11":"purchasable","12":"product-type-simple"},"yoast_head":"<!-- This site is optimized with the Yoast SEO Premium plugin v22.3 (Yoast SEO v27.6) - https:\/\/yoast.com\/product\/yoast-seo-premium-wordpress\/ -->\n<title>Stamp - Tandoor Vi\u1ec7t Nam<\/title>\n<meta name=\"description\" content=\"Kh\u00e1m ph\u00e1 h\u01b0\u01a1ng v\u1ecb \u0111\u1ed9c \u0111\u00e1o c\u1ee7a r\u01b0\u1ee3u vang Stamp t\u1ea1i Tandoor Vietnam. Ch\u00fang t\u00f4i mang \u0111\u1ebfn cho b\u1ea1n nh\u1eefng chai r\u01b0\u1ee3u vang tuy\u1ec7t v\u1eddi c\u00f9ng \u1ea9m th\u1ef1c \u1ea4n \u0110\u1ed9 ch\u1ea5t l\u01b0\u1ee3ng\" \/>\n<meta name=\"robots\" content=\"index, follow, max-snippet:-1, max-image-preview:large, max-video-preview:-1\" \/>\n<link rel=\"canonical\" href=\"https:\/\/tandoorvietnam.com\/vi\/sanpham\/ruou-vang-va-bia\/stamp\/\" \/>\n<meta property=\"og:locale\" content=\"vi_VN\" \/>\n<meta property=\"og:type\" content=\"article\" \/>\n<meta property=\"og:title\" content=\"Stamp\" \/>\n<meta property=\"og:description\" content=\"Kh\u00e1m ph\u00e1 h\u01b0\u01a1ng v\u1ecb \u0111\u1ed9c \u0111\u00e1o c\u1ee7a r\u01b0\u1ee3u vang Stamp t\u1ea1i Tandoor Vietnam. Ch\u00fang t\u00f4i mang \u0111\u1ebfn cho b\u1ea1n nh\u1eefng chai r\u01b0\u1ee3u vang tuy\u1ec7t v\u1eddi c\u00f9ng \u1ea9m th\u1ef1c \u1ea4n \u0110\u1ed9 ch\u1ea5t l\u01b0\u1ee3ng\" \/>\n<meta property=\"og:url\" content=\"https:\/\/tandoorvietnam.com\/vi\/sanpham\/ruou-vang-va-bia\/stamp\/\" \/>\n<meta property=\"og:site_name\" content=\"Tandoor Vi\u1ec7t Nam\" \/>\n<meta property=\"article:publisher\" content=\"https:\/\/www.facebook.com\/tandoor.hcmc\/\" \/>\n<meta property=\"article:modified_time\" content=\"2023-05-14T04:11:19+00:00\" \/>\n<meta property=\"og:image\" content=\"https:\/\/tandoorvietnam.com\/wp-content\/uploads\/2020\/07\/opengraph.jpg\" \/>\n\t<meta property=\"og:image:width\" content=\"1200\" \/>\n\t<meta property=\"og:image:height\" content=\"630\" \/>\n\t<meta property=\"og:image:type\" content=\"image\/jpeg\" \/>\n<meta name=\"twitter:card\" content=\"summary_large_image\" \/>\n<meta name=\"twitter:label1\" content=\"Est. reading time\" \/>\n\t<meta name=\"twitter:data1\" content=\"1 minute\" \/>\n<script type=\"application\/ld+json\" class=\"yoast-schema-graph\">{\"@context\":\"https:\\\/\\\/schema.org\",\"@graph\":[{\"@type\":\"WebPage\",\"@id\":\"https:\\\/\\\/tandoorvietnam.com\\\/vi\\\/sanpham\\\/ruou-vang-va-bia\\\/stamp\\\/\",\"url\":\"https:\\\/\\\/tandoorvietnam.com\\\/vi\\\/sanpham\\\/ruou-vang-va-bia\\\/stamp\\\/\",\"name\":\"Stamp - Tandoor Vi\u1ec7t Nam\",\"isPartOf\":{\"@id\":\"https:\\\/\\\/tandoorvietnam.com\\\/vi\\\/#website\"},\"datePublished\":\"2021-04-26T03:20:10+00:00\",\"dateModified\":\"2023-05-14T04:11:19+00:00\",\"description\":\"Kh\u00e1m ph\u00e1 h\u01b0\u01a1ng v\u1ecb \u0111\u1ed9c \u0111\u00e1o c\u1ee7a r\u01b0\u1ee3u vang Stamp t\u1ea1i Tandoor Vietnam. Ch\u00fang t\u00f4i mang \u0111\u1ebfn cho b\u1ea1n nh\u1eefng chai r\u01b0\u1ee3u vang tuy\u1ec7t v\u1eddi c\u00f9ng \u1ea9m th\u1ef1c \u1ea4n \u0110\u1ed9 ch\u1ea5t l\u01b0\u1ee3ng\",\"breadcrumb\":{\"@id\":\"https:\\\/\\\/tandoorvietnam.com\\\/vi\\\/sanpham\\\/ruou-vang-va-bia\\\/stamp\\\/#breadcrumb\"},\"inLanguage\":\"vi-VN\",\"potentialAction\":[{\"@type\":\"ReadAction\",\"target\":[\"https:\\\/\\\/tandoorvietnam.com\\\/vi\\\/sanpham\\\/ruou-vang-va-bia\\\/stamp\\\/\"]}]},{\"@type\":\"BreadcrumbList\",\"@id\":\"https:\\\/\\\/tandoorvietnam.com\\\/vi\\\/sanpham\\\/ruou-vang-va-bia\\\/stamp\\\/#breadcrumb\",\"itemListElement\":[{\"@type\":\"ListItem\",\"position\":1,\"name\":\"Trang Ch\u1ee7\",\"item\":\"https:\\\/\\\/tandoorvietnam.com\\\/vi\\\/\"},{\"@type\":\"ListItem\",\"position\":2,\"name\":\"Shop\",\"item\":\"https:\\\/\\\/tandoorvietnam.com\\\/shop\\\/\"},{\"@type\":\"ListItem\",\"position\":3,\"name\":\"Stamp\"}]},{\"@type\":\"WebSite\",\"@id\":\"https:\\\/\\\/tandoorvietnam.com\\\/vi\\\/#website\",\"url\":\"https:\\\/\\\/tandoorvietnam.com\\\/vi\\\/\",\"name\":\"Tandoor Vietnam\",\"description\":\"Nh\u00e0 h\u00e0ng ngon h\u1ed3 ch\u00ed minh\",\"publisher\":{\"@id\":\"https:\\\/\\\/tandoorvietnam.com\\\/vi\\\/#organization\"},\"potentialAction\":[{\"@type\":\"SearchAction\",\"target\":{\"@type\":\"EntryPoint\",\"urlTemplate\":\"https:\\\/\\\/tandoorvietnam.com\\\/vi\\\/?s={search_term_string}\"},\"query-input\":{\"@type\":\"PropertyValueSpecification\",\"valueRequired\":true,\"valueName\":\"search_term_string\"}}],\"inLanguage\":\"vi-VN\"},{\"@type\":\"Organization\",\"@id\":\"https:\\\/\\\/tandoorvietnam.com\\\/vi\\\/#organization\",\"name\":\"Tandoor Vietnam\",\"url\":\"https:\\\/\\\/tandoorvietnam.com\\\/vi\\\/\",\"logo\":{\"@type\":\"ImageObject\",\"inLanguage\":\"vi-VN\",\"@id\":\"https:\\\/\\\/tandoorvietnam.com\\\/vi\\\/#\\\/schema\\\/logo\\\/image\\\/\",\"url\":\"https:\\\/\\\/tandoorvietnam.com\\\/wp-content\\\/uploads\\\/2020\\\/07\\\/logo.png\",\"contentUrl\":\"https:\\\/\\\/tandoorvietnam.com\\\/wp-content\\\/uploads\\\/2020\\\/07\\\/logo.png\",\"width\":133,\"height\":75,\"caption\":\"Tandoor Vietnam\"},\"image\":{\"@id\":\"https:\\\/\\\/tandoorvietnam.com\\\/vi\\\/#\\\/schema\\\/logo\\\/image\\\/\"},\"sameAs\":[\"https:\\\/\\\/www.facebook.com\\\/tandoor.hcmc\\\/\"]}]}<\/script>\n<!-- \/ Yoast SEO Premium plugin. -->","yoast_head_json":{"title":"Stamp - Tandoor Vi\u1ec7t Nam","description":"Kh\u00e1m ph\u00e1 h\u01b0\u01a1ng v\u1ecb \u0111\u1ed9c \u0111\u00e1o c\u1ee7a r\u01b0\u1ee3u vang Stamp t\u1ea1i Tandoor Vietnam. Ch\u00fang t\u00f4i mang \u0111\u1ebfn cho b\u1ea1n nh\u1eefng chai r\u01b0\u1ee3u vang tuy\u1ec7t v\u1eddi c\u00f9ng \u1ea9m th\u1ef1c \u1ea4n \u0110\u1ed9 ch\u1ea5t l\u01b0\u1ee3ng","robots":{"index":"index","follow":"follow","max-snippet":"max-snippet:-1","max-image-preview":"max-image-preview:large","max-video-preview":"max-video-preview:-1"},"canonical":"https:\/\/tandoorvietnam.com\/vi\/sanpham\/ruou-vang-va-bia\/stamp\/","og_locale":"vi_VN","og_type":"article","og_title":"Stamp","og_description":"Kh\u00e1m ph\u00e1 h\u01b0\u01a1ng v\u1ecb \u0111\u1ed9c \u0111\u00e1o c\u1ee7a r\u01b0\u1ee3u vang Stamp t\u1ea1i Tandoor Vietnam. Ch\u00fang t\u00f4i mang \u0111\u1ebfn cho b\u1ea1n nh\u1eefng chai r\u01b0\u1ee3u vang tuy\u1ec7t v\u1eddi c\u00f9ng \u1ea9m th\u1ef1c \u1ea4n \u0110\u1ed9 ch\u1ea5t l\u01b0\u1ee3ng","og_url":"https:\/\/tandoorvietnam.com\/vi\/sanpham\/ruou-vang-va-bia\/stamp\/","og_site_name":"Tandoor Vi\u1ec7t Nam","article_publisher":"https:\/\/www.facebook.com\/tandoor.hcmc\/","article_modified_time":"2023-05-14T04:11:19+00:00","og_image":[{"width":1200,"height":630,"url":"https:\/\/tandoorvietnam.com\/wp-content\/uploads\/2020\/07\/opengraph.jpg","type":"image\/jpeg"}],"twitter_card":"summary_large_image","twitter_misc":{"Est. reading time":"1 minute"},"schema":{"@context":"https:\/\/schema.org","@graph":[{"@type":"WebPage","@id":"https:\/\/tandoorvietnam.com\/vi\/sanpham\/ruou-vang-va-bia\/stamp\/","url":"https:\/\/tandoorvietnam.com\/vi\/sanpham\/ruou-vang-va-bia\/stamp\/","name":"Stamp - Tandoor Vi\u1ec7t Nam","isPartOf":{"@id":"https:\/\/tandoorvietnam.com\/vi\/#website"},"datePublished":"2021-04-26T03:20:10+00:00","dateModified":"2023-05-14T04:11:19+00:00","description":"Kh\u00e1m ph\u00e1 h\u01b0\u01a1ng v\u1ecb \u0111\u1ed9c \u0111\u00e1o c\u1ee7a r\u01b0\u1ee3u vang Stamp t\u1ea1i Tandoor Vietnam. Ch\u00fang t\u00f4i mang \u0111\u1ebfn cho b\u1ea1n nh\u1eefng chai r\u01b0\u1ee3u vang tuy\u1ec7t v\u1eddi c\u00f9ng \u1ea9m th\u1ef1c \u1ea4n \u0110\u1ed9 ch\u1ea5t l\u01b0\u1ee3ng","breadcrumb":{"@id":"https:\/\/tandoorvietnam.com\/vi\/sanpham\/ruou-vang-va-bia\/stamp\/#breadcrumb"},"inLanguage":"vi-VN","potentialAction":[{"@type":"ReadAction","target":["https:\/\/tandoorvietnam.com\/vi\/sanpham\/ruou-vang-va-bia\/stamp\/"]}]},{"@type":"BreadcrumbList","@id":"https:\/\/tandoorvietnam.com\/vi\/sanpham\/ruou-vang-va-bia\/stamp\/#breadcrumb","itemListElement":[{"@type":"ListItem","position":1,"name":"Trang Ch\u1ee7","item":"https:\/\/tandoorvietnam.com\/vi\/"},{"@type":"ListItem","position":2,"name":"Shop","item":"https:\/\/tandoorvietnam.com\/shop\/"},{"@type":"ListItem","position":3,"name":"Stamp"}]},{"@type":"WebSite","@id":"https:\/\/tandoorvietnam.com\/vi\/#website","url":"https:\/\/tandoorvietnam.com\/vi\/","name":"Tandoor Vietnam","description":"Nh\u00e0 h\u00e0ng ngon h\u1ed3 ch\u00ed minh","publisher":{"@id":"https:\/\/tandoorvietnam.com\/vi\/#organization"},"potentialAction":[{"@type":"SearchAction","target":{"@type":"EntryPoint","urlTemplate":"https:\/\/tandoorvietnam.com\/vi\/?s={search_term_string}"},"query-input":{"@type":"PropertyValueSpecification","valueRequired":true,"valueName":"search_term_string"}}],"inLanguage":"vi-VN"},{"@type":"Organization","@id":"https:\/\/tandoorvietnam.com\/vi\/#organization","name":"Tandoor Vietnam","url":"https:\/\/tandoorvietnam.com\/vi\/","logo":{"@type":"ImageObject","inLanguage":"vi-VN","@id":"https:\/\/tandoorvietnam.com\/vi\/#\/schema\/logo\/image\/","url":"https:\/\/tandoorvietnam.com\/wp-content\/uploads\/2020\/07\/logo.png","contentUrl":"https:\/\/tandoorvietnam.com\/wp-content\/uploads\/2020\/07\/logo.png","width":133,"height":75,"caption":"Tandoor Vietnam"},"image":{"@id":"https:\/\/tandoorvietnam.com\/vi\/#\/schema\/logo\/image\/"},"sameAs":["https:\/\/www.facebook.com\/tandoor.hcmc\/"]}]}},"_links":{"self":[{"href":"https:\/\/tandoorvietnam.com\/vi\/wp-json\/wp\/v2\/product\/3732","targetHints":{"allow":["GET"]}}],"collection":[{"href":"https:\/\/tandoorvietnam.com\/vi\/wp-json\/wp\/v2\/product"}],"about":[{"href":"https:\/\/tandoorvietnam.com\/vi\/wp-json\/wp\/v2\/types\/product"}],"wp:attachment":[{"href":"https:\/\/tandoorvietnam.com\/vi\/wp-json\/wp\/v2\/media?parent=3732"}],"wp:term":[{"taxonomy":"product_brand","embeddable":true,"href":"https:\/\/tandoorvietnam.com\/vi\/wp-json\/wp\/v2\/product_brand?post=3732"},{"taxonomy":"product_cat","embeddable":true,"href":"https:\/\/tandoorvietnam.com\/vi\/wp-json\/wp\/v2\/product_cat?post=3732"},{"taxonomy":"product_tag","embeddable":true,"href":"https:\/\/tandoorvietnam.com\/vi\/wp-json\/wp\/v2\/product_tag?post=3732"}],"curies":[{"name":"wp","href":"https:\/\/api.w.org\/{rel}","templated":true}]}}