{"id":3733,"date":"2020-06-26T11:22:02","date_gmt":"2021-04-26T03:20:24","guid":{"rendered":"http:\/\/tandoorvietnam.com\/product\/uncategorized\/tohu\/"},"modified":"2023-05-17T08:37:58","modified_gmt":"2023-05-17T08:37:58","slug":"tohu-ruou-vang","status":"publish","type":"product","link":"https:\/\/tandoorvietnam.com\/vi\/sanpham\/ruou-vang-va-bia\/tohu-ruou-vang\/","title":{"rendered":"Tohu - R\u01b0\u1ee3u vang"},"content":{"rendered":"<p>Tohu l\u00e0 m\u1ed9t trong nh\u1eefng th\u01b0\u01a1ng hi\u1ec7u r\u01b0\u1ee3u vang n\u1ed5i ti\u1ebfng c\u1ee7a New Zealand, v\u00e0 n\u00f3 mang \u0111\u1ebfn tr\u1ea3i nghi\u1ec7m tuy\u1ec7t v\u1eddi cho nh\u1eefng ai \u0111am m\u00ea r\u01b0\u1ee3u vang. T\u1ea1i Tandoor Vietnam, ch\u00fang t\u00f4i t\u1ef1 h\u00e0o l\u00e0 \u0111\u1ecba ch\u1ec9 uy t\u00edn \u0111\u1ec3 b\u1ea1n kh\u00e1m ph\u00e1 v\u00e0 th\u01b0\u1edfng ngo\u1ea1n c\u00e1c lo\u1ea1i r\u01b0\u1ee3u vang ch\u1ea5t l\u01b0\u1ee3ng.<\/p>\n<p>Tohu \u0111\u01b0\u1ee3c s\u1ea3n xu\u1ea5t t\u1eeb nh\u1eefng gi\u1ed1ng nho ch\u1ea5t l\u01b0\u1ee3ng cao, \u0111\u01b0\u1ee3c tr\u1ed3ng tr\u00ean c\u00e1c v\u00f9ng \u0111\u1ea5t phong ph\u00fa c\u1ee7a New Zealand. S\u1ef1 k\u1ebft h\u1ee3p gi\u1eefa kh\u00ed h\u1eadu \u00f4n \u0111\u1edbi m\u00e1t m\u1ebb v\u00e0 \u0111\u1ea5t \u0111ai phong ph\u00fa \u0111\u00e3 t\u1ea1o ra nh\u1eefng tr\u00e1i nho th\u1eadt tuy\u1ec7t v\u1eddi. Qua quy tr\u00ecnh ch\u1ebf bi\u1ebfn v\u00e0 \u1ee7 r\u01b0\u1ee3u tinh t\u1ebf, Tohu tr\u1edf th\u00e0nh m\u1ed9t d\u00f2ng r\u01b0\u1ee3u vang \u0111\u1eadm \u0111\u00e0, th\u1ec3 hi\u1ec7n \u0111\u01b0\u1ee3c \u0111\u1eb7c tr\u01b0ng c\u1ee7a v\u00f9ng \u0111\u1ea5t n\u01a1i n\u00f3 \u0111\u01b0\u1ee3c s\u1ea3n xu\u1ea5t.<\/p>\n<p>V\u1edbi m\u00e0u s\u1eafc \u0111\u1eb9p m\u1eaft v\u00e0 h\u01b0\u01a1ng th\u01a1m ph\u1ee9c h\u1ee3p, Tohu mang \u0111\u1ebfn m\u1ed9t c\u1ea3m gi\u00e1c h\u00e0i h\u00f2a v\u00e0 tinh t\u1ebf tr\u00ean \u0111\u1ea7u l\u01b0\u1ee1i. V\u1ecb r\u01b0\u1ee3u \u0111\u1eadm \u0111\u00e0 v\u00e0 phong ph\u00fa, k\u1ebft h\u1ee3p v\u1edbi m\u1ed9t c\u1ea5u tr\u00fac tannin m\u1ec1m m\u01b0\u1ee3t, t\u1ea1o n\u00ean m\u1ed9t h\u01b0\u01a1ng v\u1ecb tuy\u1ec7t v\u1eddi v\u00e0 \u0111\u1ea7y s\u1ef1 c\u00e2n b\u1eb1ng.<\/p>\n<p>Tohu l\u00e0 m\u1ed9t s\u1ef1 l\u1ef1a ch\u1ecdn tuy\u1ec7t v\u1eddi cho nh\u1eefng d\u1ecbp quan tr\u1ecdng, t\u1eeb c\u00e1c b\u1eefa ti\u1ec7c sang tr\u1ecdng \u0111\u1ebfn nh\u1eefng cu\u1ed9c sum h\u1ecdp b\u1ea1n b\u00e8. V\u1edbi ch\u1ea5t l\u01b0\u1ee3ng cao c\u00f9ng v\u1edbi s\u1ef1 \u0111a d\u1ea1ng v\u1ec1 lo\u1ea1i nho, Tohu c\u00f3 th\u1ec3 \u0111\u00e1p \u1ee9ng nhu c\u1ea7u c\u1ee7a nh\u1eefng ng\u01b0\u1eddi y\u00eau r\u01b0\u1ee3u vang v\u00e0 bi\u1ebft \u0111\u00e1nh gi\u00e1 gi\u00e1 tr\u1ecb c\u1ee7a m\u1ed9t chai r\u01b0\u1ee3u tinh t\u00fay.<\/p>\n<p>H\u00e3y \u0111\u1eafm ch\u00ecm trong h\u01b0\u01a1ng v\u1ecb \u0111\u1eb7c bi\u1ec7t c\u1ee7a Tohu v\u00e0 t\u1eadn h\u01b0\u1edfng nh\u1eefng kho\u1ea3nh kh\u1eafc \u0111\u00e1ng nh\u1edb t\u1ea1i <a href=\"https:\/\/tandoorvietnam.com\/\">Tandoor Vietnam<\/a>, n\u01a1i ch\u00fang t\u00f4i mang \u0111\u1ebfn nh\u1eefng tr\u1ea3i nghi\u1ec7m r\u01b0\u1ee3u vang c\u00f9ng \u1ea9m th\u1ef1c \u1ea4n \u0110\u1ed9 tuy\u1ec7t v\u1eddi nh\u1ea5t cho kh\u00e1ch h\u00e0ng.<\/p>\n","protected":false},"excerpt":{"rendered":"<p>Tohu l\u00e0 m\u1ed9t trong nh\u1eefng th\u01b0\u01a1ng hi\u1ec7u r\u01b0\u1ee3u vang n\u1ed5i ti\u1ebfng c\u1ee7a New Zealand, v\u00e0 n\u00f3 mang \u0111\u1ebfn tr\u1ea3i nghi\u1ec7m tuy\u1ec7t v\u1eddi cho nh\u1eefng ai \u0111am m\u00ea r\u01b0\u1ee3u vang. T\u1ea1i Tandoor Vietnam, ch\u00fang t\u00f4i t\u1ef1 h\u00e0o l\u00e0 \u0111\u1ecba ch\u1ec9 uy t\u00edn \u0111\u1ec3 b\u1ea1n kh\u00e1m ph\u00e1 v\u00e0 th\u01b0\u1edfng ngo\u1ea1n c\u00e1c lo\u1ea1i r\u01b0\u1ee3u vang ch\u1ea5t l\u01b0\u1ee3ng. Tohu [&hellip;]<\/p>\n","protected":false},"featured_media":0,"template":"","meta":[],"product_brand":[],"product_cat":[232],"product_tag":[],"class_list":{"0":"post-3733","1":"product","2":"type-product","3":"status-publish","5":"product_cat-ruou-vang-va-bia","7":"first","8":"instock","9":"taxable","10":"shipping-taxable","11":"purchasable","12":"product-type-simple"},"yoast_head":"<!-- This site is optimized with the Yoast SEO Premium plugin v22.3 (Yoast SEO v27.6) - https:\/\/yoast.com\/product\/yoast-seo-premium-wordpress\/ -->\n<title>Tohu - R\u01b0\u1ee3u vang - Tandoor Vi\u1ec7t Nam<\/title>\n<meta name=\"description\" content=\"Tohu - R\u01b0\u1ee3u vang New Zealand \u0111\u1eadm \u0111\u00e0 v\u00e0 tinh t\u1ebf, mang \u0111\u1ebfn tr\u1ea3i nghi\u1ec7m tuy\u1ec7t v\u1eddi cho t\u00edn \u0111\u1ed3 r\u01b0\u1ee3u vang t\u1ea1i nh\u00e0 h\u00e0ng \u1ea4n \u0110\u1ed9 Tandoor Vietnam.\" \/>\n<meta name=\"robots\" content=\"index, follow, max-snippet:-1, max-image-preview:large, max-video-preview:-1\" \/>\n<link rel=\"canonical\" href=\"https:\/\/tandoorvietnam.com\/vi\/sanpham\/ruou-vang-va-bia\/tohu-ruou-vang\/\" \/>\n<meta property=\"og:locale\" content=\"vi_VN\" \/>\n<meta property=\"og:type\" content=\"article\" \/>\n<meta property=\"og:title\" content=\"Tohu - R\u01b0\u1ee3u vang\" \/>\n<meta property=\"og:description\" content=\"Tohu - R\u01b0\u1ee3u vang New Zealand \u0111\u1eadm \u0111\u00e0 v\u00e0 tinh t\u1ebf, mang \u0111\u1ebfn tr\u1ea3i nghi\u1ec7m tuy\u1ec7t v\u1eddi cho t\u00edn \u0111\u1ed3 r\u01b0\u1ee3u vang t\u1ea1i nh\u00e0 h\u00e0ng \u1ea4n \u0110\u1ed9 Tandoor Vietnam.\" \/>\n<meta property=\"og:url\" content=\"https:\/\/tandoorvietnam.com\/vi\/sanpham\/ruou-vang-va-bia\/tohu-ruou-vang\/\" \/>\n<meta property=\"og:site_name\" content=\"Tandoor Vi\u1ec7t Nam\" \/>\n<meta property=\"article:publisher\" content=\"https:\/\/www.facebook.com\/tandoor.hcmc\/\" \/>\n<meta property=\"article:modified_time\" content=\"2023-05-17T08:37:58+00:00\" \/>\n<meta property=\"og:image\" content=\"https:\/\/tandoorvietnam.com\/wp-content\/uploads\/2020\/07\/opengraph.jpg\" \/>\n\t<meta property=\"og:image:width\" content=\"1200\" \/>\n\t<meta property=\"og:image:height\" content=\"630\" \/>\n\t<meta property=\"og:image:type\" content=\"image\/jpeg\" \/>\n<meta name=\"twitter:card\" content=\"summary_large_image\" \/>\n<meta name=\"twitter:label1\" content=\"Est. reading time\" \/>\n\t<meta name=\"twitter:data1\" content=\"2 minutes\" \/>\n<script type=\"application\/ld+json\" class=\"yoast-schema-graph\">{\"@context\":\"https:\\\/\\\/schema.org\",\"@graph\":[{\"@type\":\"WebPage\",\"@id\":\"https:\\\/\\\/tandoorvietnam.com\\\/vi\\\/sanpham\\\/ruou-vang-va-bia\\\/tohu-ruou-vang\\\/\",\"url\":\"https:\\\/\\\/tandoorvietnam.com\\\/vi\\\/sanpham\\\/ruou-vang-va-bia\\\/tohu-ruou-vang\\\/\",\"name\":\"Tohu - R\u01b0\u1ee3u vang - Tandoor Vi\u1ec7t Nam\",\"isPartOf\":{\"@id\":\"https:\\\/\\\/tandoorvietnam.com\\\/vi\\\/#website\"},\"datePublished\":\"2021-04-26T03:20:24+00:00\",\"dateModified\":\"2023-05-17T08:37:58+00:00\",\"description\":\"Tohu - R\u01b0\u1ee3u vang New Zealand \u0111\u1eadm \u0111\u00e0 v\u00e0 tinh t\u1ebf, mang \u0111\u1ebfn tr\u1ea3i nghi\u1ec7m tuy\u1ec7t v\u1eddi cho t\u00edn \u0111\u1ed3 r\u01b0\u1ee3u vang t\u1ea1i nh\u00e0 h\u00e0ng \u1ea4n \u0110\u1ed9 Tandoor Vietnam.\",\"breadcrumb\":{\"@id\":\"https:\\\/\\\/tandoorvietnam.com\\\/vi\\\/sanpham\\\/ruou-vang-va-bia\\\/tohu-ruou-vang\\\/#breadcrumb\"},\"inLanguage\":\"vi-VN\",\"potentialAction\":[{\"@type\":\"ReadAction\",\"target\":[\"https:\\\/\\\/tandoorvietnam.com\\\/vi\\\/sanpham\\\/ruou-vang-va-bia\\\/tohu-ruou-vang\\\/\"]}]},{\"@type\":\"BreadcrumbList\",\"@id\":\"https:\\\/\\\/tandoorvietnam.com\\\/vi\\\/sanpham\\\/ruou-vang-va-bia\\\/tohu-ruou-vang\\\/#breadcrumb\",\"itemListElement\":[{\"@type\":\"ListItem\",\"position\":1,\"name\":\"Trang Ch\u1ee7\",\"item\":\"https:\\\/\\\/tandoorvietnam.com\\\/vi\\\/\"},{\"@type\":\"ListItem\",\"position\":2,\"name\":\"Shop\",\"item\":\"https:\\\/\\\/tandoorvietnam.com\\\/shop\\\/\"},{\"@type\":\"ListItem\",\"position\":3,\"name\":\"Tohu &#8211; R\u01b0\u1ee3u vang\"}]},{\"@type\":\"WebSite\",\"@id\":\"https:\\\/\\\/tandoorvietnam.com\\\/vi\\\/#website\",\"url\":\"https:\\\/\\\/tandoorvietnam.com\\\/vi\\\/\",\"name\":\"Tandoor Vietnam\",\"description\":\"Nh\u00e0 h\u00e0ng ngon h\u1ed3 ch\u00ed minh\",\"publisher\":{\"@id\":\"https:\\\/\\\/tandoorvietnam.com\\\/vi\\\/#organization\"},\"potentialAction\":[{\"@type\":\"SearchAction\",\"target\":{\"@type\":\"EntryPoint\",\"urlTemplate\":\"https:\\\/\\\/tandoorvietnam.com\\\/vi\\\/?s={search_term_string}\"},\"query-input\":{\"@type\":\"PropertyValueSpecification\",\"valueRequired\":true,\"valueName\":\"search_term_string\"}}],\"inLanguage\":\"vi-VN\"},{\"@type\":\"Organization\",\"@id\":\"https:\\\/\\\/tandoorvietnam.com\\\/vi\\\/#organization\",\"name\":\"Tandoor Vietnam\",\"url\":\"https:\\\/\\\/tandoorvietnam.com\\\/vi\\\/\",\"logo\":{\"@type\":\"ImageObject\",\"inLanguage\":\"vi-VN\",\"@id\":\"https:\\\/\\\/tandoorvietnam.com\\\/vi\\\/#\\\/schema\\\/logo\\\/image\\\/\",\"url\":\"https:\\\/\\\/tandoorvietnam.com\\\/wp-content\\\/uploads\\\/2020\\\/07\\\/logo.png\",\"contentUrl\":\"https:\\\/\\\/tandoorvietnam.com\\\/wp-content\\\/uploads\\\/2020\\\/07\\\/logo.png\",\"width\":133,\"height\":75,\"caption\":\"Tandoor Vietnam\"},\"image\":{\"@id\":\"https:\\\/\\\/tandoorvietnam.com\\\/vi\\\/#\\\/schema\\\/logo\\\/image\\\/\"},\"sameAs\":[\"https:\\\/\\\/www.facebook.com\\\/tandoor.hcmc\\\/\"]}]}<\/script>\n<!-- \/ Yoast SEO Premium plugin. -->","yoast_head_json":{"title":"Tohu - R\u01b0\u1ee3u vang - Tandoor Vi\u1ec7t Nam","description":"Tohu - R\u01b0\u1ee3u vang New Zealand \u0111\u1eadm \u0111\u00e0 v\u00e0 tinh t\u1ebf, mang \u0111\u1ebfn tr\u1ea3i nghi\u1ec7m tuy\u1ec7t v\u1eddi cho t\u00edn \u0111\u1ed3 r\u01b0\u1ee3u vang t\u1ea1i nh\u00e0 h\u00e0ng \u1ea4n \u0110\u1ed9 Tandoor Vietnam.","robots":{"index":"index","follow":"follow","max-snippet":"max-snippet:-1","max-image-preview":"max-image-preview:large","max-video-preview":"max-video-preview:-1"},"canonical":"https:\/\/tandoorvietnam.com\/vi\/sanpham\/ruou-vang-va-bia\/tohu-ruou-vang\/","og_locale":"vi_VN","og_type":"article","og_title":"Tohu - R\u01b0\u1ee3u vang","og_description":"Tohu - R\u01b0\u1ee3u vang New Zealand \u0111\u1eadm \u0111\u00e0 v\u00e0 tinh t\u1ebf, mang \u0111\u1ebfn tr\u1ea3i nghi\u1ec7m tuy\u1ec7t v\u1eddi cho t\u00edn \u0111\u1ed3 r\u01b0\u1ee3u vang t\u1ea1i nh\u00e0 h\u00e0ng \u1ea4n \u0110\u1ed9 Tandoor Vietnam.","og_url":"https:\/\/tandoorvietnam.com\/vi\/sanpham\/ruou-vang-va-bia\/tohu-ruou-vang\/","og_site_name":"Tandoor Vi\u1ec7t Nam","article_publisher":"https:\/\/www.facebook.com\/tandoor.hcmc\/","article_modified_time":"2023-05-17T08:37:58+00:00","og_image":[{"width":1200,"height":630,"url":"https:\/\/tandoorvietnam.com\/wp-content\/uploads\/2020\/07\/opengraph.jpg","type":"image\/jpeg"}],"twitter_card":"summary_large_image","twitter_misc":{"Est. reading time":"2 minutes"},"schema":{"@context":"https:\/\/schema.org","@graph":[{"@type":"WebPage","@id":"https:\/\/tandoorvietnam.com\/vi\/sanpham\/ruou-vang-va-bia\/tohu-ruou-vang\/","url":"https:\/\/tandoorvietnam.com\/vi\/sanpham\/ruou-vang-va-bia\/tohu-ruou-vang\/","name":"Tohu - R\u01b0\u1ee3u vang - Tandoor Vi\u1ec7t Nam","isPartOf":{"@id":"https:\/\/tandoorvietnam.com\/vi\/#website"},"datePublished":"2021-04-26T03:20:24+00:00","dateModified":"2023-05-17T08:37:58+00:00","description":"Tohu - R\u01b0\u1ee3u vang New Zealand \u0111\u1eadm \u0111\u00e0 v\u00e0 tinh t\u1ebf, mang \u0111\u1ebfn tr\u1ea3i nghi\u1ec7m tuy\u1ec7t v\u1eddi cho t\u00edn \u0111\u1ed3 r\u01b0\u1ee3u vang t\u1ea1i nh\u00e0 h\u00e0ng \u1ea4n \u0110\u1ed9 Tandoor Vietnam.","breadcrumb":{"@id":"https:\/\/tandoorvietnam.com\/vi\/sanpham\/ruou-vang-va-bia\/tohu-ruou-vang\/#breadcrumb"},"inLanguage":"vi-VN","potentialAction":[{"@type":"ReadAction","target":["https:\/\/tandoorvietnam.com\/vi\/sanpham\/ruou-vang-va-bia\/tohu-ruou-vang\/"]}]},{"@type":"BreadcrumbList","@id":"https:\/\/tandoorvietnam.com\/vi\/sanpham\/ruou-vang-va-bia\/tohu-ruou-vang\/#breadcrumb","itemListElement":[{"@type":"ListItem","position":1,"name":"Trang Ch\u1ee7","item":"https:\/\/tandoorvietnam.com\/vi\/"},{"@type":"ListItem","position":2,"name":"Shop","item":"https:\/\/tandoorvietnam.com\/shop\/"},{"@type":"ListItem","position":3,"name":"Tohu &#8211; R\u01b0\u1ee3u vang"}]},{"@type":"WebSite","@id":"https:\/\/tandoorvietnam.com\/vi\/#website","url":"https:\/\/tandoorvietnam.com\/vi\/","name":"Tandoor Vietnam","description":"Nh\u00e0 h\u00e0ng ngon h\u1ed3 ch\u00ed minh","publisher":{"@id":"https:\/\/tandoorvietnam.com\/vi\/#organization"},"potentialAction":[{"@type":"SearchAction","target":{"@type":"EntryPoint","urlTemplate":"https:\/\/tandoorvietnam.com\/vi\/?s={search_term_string}"},"query-input":{"@type":"PropertyValueSpecification","valueRequired":true,"valueName":"search_term_string"}}],"inLanguage":"vi-VN"},{"@type":"Organization","@id":"https:\/\/tandoorvietnam.com\/vi\/#organization","name":"Tandoor Vietnam","url":"https:\/\/tandoorvietnam.com\/vi\/","logo":{"@type":"ImageObject","inLanguage":"vi-VN","@id":"https:\/\/tandoorvietnam.com\/vi\/#\/schema\/logo\/image\/","url":"https:\/\/tandoorvietnam.com\/wp-content\/uploads\/2020\/07\/logo.png","contentUrl":"https:\/\/tandoorvietnam.com\/wp-content\/uploads\/2020\/07\/logo.png","width":133,"height":75,"caption":"Tandoor Vietnam"},"image":{"@id":"https:\/\/tandoorvietnam.com\/vi\/#\/schema\/logo\/image\/"},"sameAs":["https:\/\/www.facebook.com\/tandoor.hcmc\/"]}]}},"_links":{"self":[{"href":"https:\/\/tandoorvietnam.com\/vi\/wp-json\/wp\/v2\/product\/3733","targetHints":{"allow":["GET"]}}],"collection":[{"href":"https:\/\/tandoorvietnam.com\/vi\/wp-json\/wp\/v2\/product"}],"about":[{"href":"https:\/\/tandoorvietnam.com\/vi\/wp-json\/wp\/v2\/types\/product"}],"wp:attachment":[{"href":"https:\/\/tandoorvietnam.com\/vi\/wp-json\/wp\/v2\/media?parent=3733"}],"wp:term":[{"taxonomy":"product_brand","embeddable":true,"href":"https:\/\/tandoorvietnam.com\/vi\/wp-json\/wp\/v2\/product_brand?post=3733"},{"taxonomy":"product_cat","embeddable":true,"href":"https:\/\/tandoorvietnam.com\/vi\/wp-json\/wp\/v2\/product_cat?post=3733"},{"taxonomy":"product_tag","embeddable":true,"href":"https:\/\/tandoorvietnam.com\/vi\/wp-json\/wp\/v2\/product_tag?post=3733"}],"curies":[{"name":"wp","href":"https:\/\/api.w.org\/{rel}","templated":true}]}}