{"id":3736,"date":"2020-06-26T11:21:37","date_gmt":"2021-04-26T03:22:04","guid":{"rendered":"http:\/\/tandoorvietnam.com\/product\/uncategorized\/ruou-vang-trang-jacobs-creek\/"},"modified":"2023-05-20T13:42:16","modified_gmt":"2023-05-20T13:42:16","slug":"ruou-vang-trang-jacobs-creek","status":"publish","type":"product","link":"https:\/\/tandoorvietnam.com\/vi\/sanpham\/ruou-vang-va-bia\/ruou-vang-trang-jacobs-creek\/","title":{"rendered":"WHITE WINE Jacob\u2019s Creek (R\u01b0\u1ee3u vang tr\u1eafng Jacob\u2019s Creek)"},"content":{"rendered":"<p>R\u01b0\u1ee3u vang tr\u1eafng Jacob's Creek l\u00e0 m\u1ed9t s\u1ef1 k\u1ebft h\u1ee3p tuy\u1ec7t v\u1eddi gi\u1eefa h\u01b0\u01a1ng th\u01a1m c\u1ee7a tr\u00e1i c\u00e2y t\u01b0\u01a1i v\u00e0 h\u01b0\u01a1ng th\u1ea3o m\u1ed9c tinh t\u1ebf. \u0110\u01b0\u1ee3c s\u1ea3n xu\u1ea5t t\u1eeb nho ch\u1ea5t l\u01b0\u1ee3ng cao, r\u01b0\u1ee3u vang tr\u1eafng n\u00e0y mang \u0111\u1ebfn m\u1ed9t h\u01b0\u01a1ng v\u1ecb \u0111\u1ed9c \u0111\u00e1o v\u00e0 \u0111\u1eadm \u0111\u00e0, ho\u00e0n h\u1ea3o cho nh\u1eefng ai y\u00eau th\u00edch th\u01b0\u1edfng th\u1ee9c r\u01b0\u1ee3u vang.<\/p>\n<p>V\u1edbi m\u00e0u v\u00e0ng s\u00e1ng r\u1ef1c r\u1ee1, r\u01b0\u1ee3u vang tr\u1eafng Jacobs Creek t\u1ecfa ra m\u1ed9t h\u01b0\u01a1ng th\u01a1m phong ph\u00fa v\u00e0 h\u1ea5p d\u1eabn. C\u00e1c t\u1ea7ng h\u01b0\u01a1ng tr\u00e1i c\u00e2y nh\u01b0 tr\u00e1i \u0111\u00e0o, t\u00e1o xanh v\u00e0 cam t\u01b0\u01a1i m\u1edf ra c\u00f9ng v\u1edbi m\u1ed9t ch\u00fat h\u01b0\u01a1ng th\u1ea3o m\u1ed9c nh\u1eb9 nh\u00e0ng.<\/p>\n<p>Khi th\u01b0\u1edfng th\u1ee9c r\u01b0\u1ee3u vang tr\u1eafng Jacob's Creek, b\u1ea1n s\u1ebd c\u1ea3m nh\u1eadn \u0111\u01b0\u1ee3c s\u1ef1 c\u00e2n b\u1eb1ng ho\u00e0n h\u1ea3o gi\u1eefa h\u01b0\u01a1ng v\u1ecb t\u01b0\u01a1i m\u00e1t v\u00e0 c\u1ea5u tr\u00fac ch\u1eafc ch\u1eafn c\u1ee7a r\u01b0\u1ee3u. V\u1ecb tr\u00e1i c\u00e2y t\u01b0\u01a1i ng\u1ecdt \u0111\u01b0\u1ee3c k\u1ebft h\u1ee3p m\u1ed9t c\u00e1ch tinh t\u1ebf v\u1edbi m\u1ed9t ch\u00fat h\u01b0\u01a1ng th\u1ea3o m\u1ed9c nh\u1eb9 nh\u00e0ng v\u00e0 m\u1ed9t ch\u00fat chua nh\u1eb9, t\u1ea1o n\u00ean m\u1ed9t tr\u1ea3i nghi\u1ec7m \u1ea9m th\u1ef1c tuy\u1ec7t v\u1eddi tr\u00ean \u0111\u1ea7u l\u01b0\u1ee1i.<\/p>\n<p>R\u01b0\u1ee3u vang tr\u1eafng <a href=\"https:\/\/en.wikipedia.org\/wiki\/Jacobs_Creek_(Australia)\">Jacobs Creek<\/a> l\u00e0 m\u1ed9t l\u1ef1a ch\u1ecdn tuy\u1ec7t v\u1eddi \u0111\u1ec3 k\u1ebft h\u1ee3p v\u1edbi c\u00e1c m\u00f3n \u0103n nh\u1eb9, h\u1ea3i s\u1ea3n t\u01b0\u01a1i ngon v\u00e0 m\u1ed9t b\u1eefa ti\u1ec7c \u0111\u1ea7y m\u00e0u s\u1eafc. V\u1edbi h\u01b0\u01a1ng v\u1ecb tinh t\u1ebf v\u00e0 \u0111a d\u1ea1ng, r\u01b0\u1ee3u vang tr\u1eafng n\u00e0y s\u1ebd l\u00e0m t\u0103ng th\u00eam s\u1ef1 tr\u1ecdn v\u1eb9n v\u00e0 th\u0103ng hoa c\u1ee7a m\u1ed7i m\u00f3n \u0103n.<\/p>\n<p>T\u1ea1i Tandoor Vietnam, ch\u00fang t\u00f4i t\u1ef1 h\u00e0o mang \u0111\u1ebfn cho b\u1ea1n tr\u1ea3i nghi\u1ec7m \u1ea9m th\u1ef1c \u0111\u1ed9c \u0111\u00e1o, v\u00e0 r\u01b0\u1ee3u vang tr\u1eafng Jacobs Creek l\u00e0 m\u1ed9t ph\u1ea7n kh\u00f4ng th\u1ec3 thi\u1ebfu trong danh s\u00e1ch s\u1ea3n ph\u1ea9m ch\u1ea5t l\u01b0\u1ee3ng c\u1ee7a ch\u00fang t\u00f4i. H\u00e3y th\u01b0\u1edfng th\u1ee9c r\u01b0\u1ee3u vang tr\u1eafng n\u00e0y v\u00e0 kh\u00e1m ph\u00e1 s\u1ef1 h\u00e0i h\u00f2a c\u1ee7a h\u01b0\u01a1ng v\u1ecb t\u1ea1i<a href=\"https:\/\/tandoorvietnam.com\/\"> Tandoor Vietnam<\/a>.<\/p>\n","protected":false},"excerpt":{"rendered":"<p>R\u01b0\u1ee3u vang tr\u1eafng Jacob's Creek l\u00e0 m\u1ed9t s\u1ef1 k\u1ebft h\u1ee3p tuy\u1ec7t v\u1eddi gi\u1eefa h\u01b0\u01a1ng th\u01a1m c\u1ee7a tr\u00e1i c\u00e2y t\u01b0\u01a1i v\u00e0 h\u01b0\u01a1ng th\u1ea3o m\u1ed9c tinh t\u1ebf. \u0110\u01b0\u1ee3c s\u1ea3n xu\u1ea5t t\u1eeb nho ch\u1ea5t l\u01b0\u1ee3ng cao, r\u01b0\u1ee3u vang tr\u1eafng n\u00e0y mang \u0111\u1ebfn m\u1ed9t h\u01b0\u01a1ng v\u1ecb \u0111\u1ed9c \u0111\u00e1o v\u00e0 \u0111\u1eadm \u0111\u00e0, ho\u00e0n h\u1ea3o cho nh\u1eefng ai y\u00eau th\u00edch th\u01b0\u1edfng [&hellip;]<\/p>\n","protected":false},"featured_media":0,"template":"","meta":[],"product_brand":[],"product_cat":[232],"product_tag":[],"class_list":{"0":"post-3736","1":"product","2":"type-product","3":"status-publish","5":"product_cat-ruou-vang-va-bia","7":"first","8":"instock","9":"taxable","10":"shipping-taxable","11":"purchasable","12":"product-type-simple"},"yoast_head":"<!-- This site is optimized with the Yoast SEO Premium plugin v22.3 (Yoast SEO v27.5) - https:\/\/yoast.com\/product\/yoast-seo-premium-wordpress\/ -->\n<title>WHITE WINE Jacob\u2019s Creek (R\u01b0\u1ee3u vang tr\u1eafng Jacob\u2019s Creek)<\/title>\n<meta name=\"description\" content=\"R\u01b0\u1ee3u vang tr\u1eafng Jacob&#039;s Creek - H\u01b0\u01a1ng v\u1ecb tinh t\u1ebf v\u00e0 \u0111\u1eadm \u0111\u00e0, l\u00e0 s\u1ef1 k\u1ebft h\u1ee3p ho\u00e0n h\u1ea3o gi\u1eefa tr\u00e1i c\u00e2y t\u01b0\u01a1i v\u00e0 h\u01b0\u01a1ng th\u1ea3o m\u1ed9c. Th\u01b0\u1edfng th\u1ee9c t\u1ea1i Tandoor Vietnam.\" \/>\n<meta name=\"robots\" content=\"index, follow, max-snippet:-1, max-image-preview:large, max-video-preview:-1\" \/>\n<link rel=\"canonical\" href=\"https:\/\/tandoorvietnam.com\/vi\/sanpham\/ruou-vang-va-bia\/ruou-vang-trang-jacobs-creek\/\" \/>\n<meta property=\"og:locale\" content=\"vi_VN\" \/>\n<meta property=\"og:type\" content=\"article\" \/>\n<meta property=\"og:title\" content=\"WHITE WINE Jacob\u2019s Creek (R\u01b0\u1ee3u vang tr\u1eafng Jacob\u2019s Creek)\" \/>\n<meta property=\"og:description\" content=\"R\u01b0\u1ee3u vang tr\u1eafng Jacob&#039;s Creek - H\u01b0\u01a1ng v\u1ecb tinh t\u1ebf v\u00e0 \u0111\u1eadm \u0111\u00e0, l\u00e0 s\u1ef1 k\u1ebft h\u1ee3p ho\u00e0n h\u1ea3o gi\u1eefa tr\u00e1i c\u00e2y t\u01b0\u01a1i v\u00e0 h\u01b0\u01a1ng th\u1ea3o m\u1ed9c. Th\u01b0\u1edfng th\u1ee9c t\u1ea1i Tandoor Vietnam.\" \/>\n<meta property=\"og:url\" content=\"https:\/\/tandoorvietnam.com\/vi\/sanpham\/ruou-vang-va-bia\/ruou-vang-trang-jacobs-creek\/\" \/>\n<meta property=\"og:site_name\" content=\"Tandoor Vi\u1ec7t Nam\" \/>\n<meta property=\"article:publisher\" content=\"https:\/\/www.facebook.com\/tandoor.hcmc\/\" \/>\n<meta property=\"article:modified_time\" content=\"2023-05-20T13:42:16+00:00\" \/>\n<meta property=\"og:image\" content=\"https:\/\/tandoorvietnam.com\/wp-content\/uploads\/2020\/07\/opengraph.jpg\" \/>\n\t<meta property=\"og:image:width\" content=\"1200\" \/>\n\t<meta property=\"og:image:height\" content=\"630\" \/>\n\t<meta property=\"og:image:type\" content=\"image\/jpeg\" \/>\n<meta name=\"twitter:card\" content=\"summary_large_image\" \/>\n<meta name=\"twitter:label1\" content=\"Est. reading time\" \/>\n\t<meta name=\"twitter:data1\" content=\"2 minutes\" \/>\n<script type=\"application\/ld+json\" class=\"yoast-schema-graph\">{\"@context\":\"https:\\\/\\\/schema.org\",\"@graph\":[{\"@type\":\"WebPage\",\"@id\":\"https:\\\/\\\/tandoorvietnam.com\\\/vi\\\/sanpham\\\/ruou-vang-va-bia\\\/ruou-vang-trang-jacobs-creek\\\/\",\"url\":\"https:\\\/\\\/tandoorvietnam.com\\\/vi\\\/sanpham\\\/ruou-vang-va-bia\\\/ruou-vang-trang-jacobs-creek\\\/\",\"name\":\"WHITE WINE Jacob\u2019s Creek (R\u01b0\u1ee3u vang tr\u1eafng Jacob\u2019s Creek)\",\"isPartOf\":{\"@id\":\"https:\\\/\\\/tandoorvietnam.com\\\/vi\\\/#website\"},\"datePublished\":\"2021-04-26T03:22:04+00:00\",\"dateModified\":\"2023-05-20T13:42:16+00:00\",\"description\":\"R\u01b0\u1ee3u vang tr\u1eafng Jacob's Creek - H\u01b0\u01a1ng v\u1ecb tinh t\u1ebf v\u00e0 \u0111\u1eadm \u0111\u00e0, l\u00e0 s\u1ef1 k\u1ebft h\u1ee3p ho\u00e0n h\u1ea3o gi\u1eefa tr\u00e1i c\u00e2y t\u01b0\u01a1i v\u00e0 h\u01b0\u01a1ng th\u1ea3o m\u1ed9c. Th\u01b0\u1edfng th\u1ee9c t\u1ea1i Tandoor Vietnam.\",\"breadcrumb\":{\"@id\":\"https:\\\/\\\/tandoorvietnam.com\\\/vi\\\/sanpham\\\/ruou-vang-va-bia\\\/ruou-vang-trang-jacobs-creek\\\/#breadcrumb\"},\"inLanguage\":\"vi-VN\",\"potentialAction\":[{\"@type\":\"ReadAction\",\"target\":[\"https:\\\/\\\/tandoorvietnam.com\\\/vi\\\/sanpham\\\/ruou-vang-va-bia\\\/ruou-vang-trang-jacobs-creek\\\/\"]}]},{\"@type\":\"BreadcrumbList\",\"@id\":\"https:\\\/\\\/tandoorvietnam.com\\\/vi\\\/sanpham\\\/ruou-vang-va-bia\\\/ruou-vang-trang-jacobs-creek\\\/#breadcrumb\",\"itemListElement\":[{\"@type\":\"ListItem\",\"position\":1,\"name\":\"Trang Ch\u1ee7\",\"item\":\"https:\\\/\\\/tandoorvietnam.com\\\/vi\\\/\"},{\"@type\":\"ListItem\",\"position\":2,\"name\":\"Shop\",\"item\":\"https:\\\/\\\/tandoorvietnam.com\\\/shop\\\/\"},{\"@type\":\"ListItem\",\"position\":3,\"name\":\"WHITE WINE Jacob\u2019s Creek (R\u01b0\u1ee3u vang tr\u1eafng Jacob\u2019s Creek)\"}]},{\"@type\":\"WebSite\",\"@id\":\"https:\\\/\\\/tandoorvietnam.com\\\/vi\\\/#website\",\"url\":\"https:\\\/\\\/tandoorvietnam.com\\\/vi\\\/\",\"name\":\"Tandoor Vietnam\",\"description\":\"Nh\u00e0 h\u00e0ng ngon h\u1ed3 ch\u00ed minh\",\"publisher\":{\"@id\":\"https:\\\/\\\/tandoorvietnam.com\\\/vi\\\/#organization\"},\"potentialAction\":[{\"@type\":\"SearchAction\",\"target\":{\"@type\":\"EntryPoint\",\"urlTemplate\":\"https:\\\/\\\/tandoorvietnam.com\\\/vi\\\/?s={search_term_string}\"},\"query-input\":{\"@type\":\"PropertyValueSpecification\",\"valueRequired\":true,\"valueName\":\"search_term_string\"}}],\"inLanguage\":\"vi-VN\"},{\"@type\":\"Organization\",\"@id\":\"https:\\\/\\\/tandoorvietnam.com\\\/vi\\\/#organization\",\"name\":\"Tandoor Vietnam\",\"url\":\"https:\\\/\\\/tandoorvietnam.com\\\/vi\\\/\",\"logo\":{\"@type\":\"ImageObject\",\"inLanguage\":\"vi-VN\",\"@id\":\"https:\\\/\\\/tandoorvietnam.com\\\/vi\\\/#\\\/schema\\\/logo\\\/image\\\/\",\"url\":\"https:\\\/\\\/tandoorvietnam.com\\\/wp-content\\\/uploads\\\/2020\\\/07\\\/logo.png\",\"contentUrl\":\"https:\\\/\\\/tandoorvietnam.com\\\/wp-content\\\/uploads\\\/2020\\\/07\\\/logo.png\",\"width\":133,\"height\":75,\"caption\":\"Tandoor Vietnam\"},\"image\":{\"@id\":\"https:\\\/\\\/tandoorvietnam.com\\\/vi\\\/#\\\/schema\\\/logo\\\/image\\\/\"},\"sameAs\":[\"https:\\\/\\\/www.facebook.com\\\/tandoor.hcmc\\\/\"]}]}<\/script>\n<!-- \/ Yoast SEO Premium plugin. -->","yoast_head_json":{"title":"WHITE WINE Jacob\u2019s Creek (R\u01b0\u1ee3u vang tr\u1eafng Jacob\u2019s Creek)","description":"R\u01b0\u1ee3u vang tr\u1eafng Jacob's Creek - H\u01b0\u01a1ng v\u1ecb tinh t\u1ebf v\u00e0 \u0111\u1eadm \u0111\u00e0, l\u00e0 s\u1ef1 k\u1ebft h\u1ee3p ho\u00e0n h\u1ea3o gi\u1eefa tr\u00e1i c\u00e2y t\u01b0\u01a1i v\u00e0 h\u01b0\u01a1ng th\u1ea3o m\u1ed9c. Th\u01b0\u1edfng th\u1ee9c t\u1ea1i Tandoor Vietnam.","robots":{"index":"index","follow":"follow","max-snippet":"max-snippet:-1","max-image-preview":"max-image-preview:large","max-video-preview":"max-video-preview:-1"},"canonical":"https:\/\/tandoorvietnam.com\/vi\/sanpham\/ruou-vang-va-bia\/ruou-vang-trang-jacobs-creek\/","og_locale":"vi_VN","og_type":"article","og_title":"WHITE WINE Jacob\u2019s Creek (R\u01b0\u1ee3u vang tr\u1eafng Jacob\u2019s Creek)","og_description":"R\u01b0\u1ee3u vang tr\u1eafng Jacob's Creek - H\u01b0\u01a1ng v\u1ecb tinh t\u1ebf v\u00e0 \u0111\u1eadm \u0111\u00e0, l\u00e0 s\u1ef1 k\u1ebft h\u1ee3p ho\u00e0n h\u1ea3o gi\u1eefa tr\u00e1i c\u00e2y t\u01b0\u01a1i v\u00e0 h\u01b0\u01a1ng th\u1ea3o m\u1ed9c. Th\u01b0\u1edfng th\u1ee9c t\u1ea1i Tandoor Vietnam.","og_url":"https:\/\/tandoorvietnam.com\/vi\/sanpham\/ruou-vang-va-bia\/ruou-vang-trang-jacobs-creek\/","og_site_name":"Tandoor Vi\u1ec7t Nam","article_publisher":"https:\/\/www.facebook.com\/tandoor.hcmc\/","article_modified_time":"2023-05-20T13:42:16+00:00","og_image":[{"width":1200,"height":630,"url":"https:\/\/tandoorvietnam.com\/wp-content\/uploads\/2020\/07\/opengraph.jpg","type":"image\/jpeg"}],"twitter_card":"summary_large_image","twitter_misc":{"Est. reading time":"2 minutes"},"schema":{"@context":"https:\/\/schema.org","@graph":[{"@type":"WebPage","@id":"https:\/\/tandoorvietnam.com\/vi\/sanpham\/ruou-vang-va-bia\/ruou-vang-trang-jacobs-creek\/","url":"https:\/\/tandoorvietnam.com\/vi\/sanpham\/ruou-vang-va-bia\/ruou-vang-trang-jacobs-creek\/","name":"WHITE WINE Jacob\u2019s Creek (R\u01b0\u1ee3u vang tr\u1eafng Jacob\u2019s Creek)","isPartOf":{"@id":"https:\/\/tandoorvietnam.com\/vi\/#website"},"datePublished":"2021-04-26T03:22:04+00:00","dateModified":"2023-05-20T13:42:16+00:00","description":"R\u01b0\u1ee3u vang tr\u1eafng Jacob's Creek - H\u01b0\u01a1ng v\u1ecb tinh t\u1ebf v\u00e0 \u0111\u1eadm \u0111\u00e0, l\u00e0 s\u1ef1 k\u1ebft h\u1ee3p ho\u00e0n h\u1ea3o gi\u1eefa tr\u00e1i c\u00e2y t\u01b0\u01a1i v\u00e0 h\u01b0\u01a1ng th\u1ea3o m\u1ed9c. Th\u01b0\u1edfng th\u1ee9c t\u1ea1i Tandoor Vietnam.","breadcrumb":{"@id":"https:\/\/tandoorvietnam.com\/vi\/sanpham\/ruou-vang-va-bia\/ruou-vang-trang-jacobs-creek\/#breadcrumb"},"inLanguage":"vi-VN","potentialAction":[{"@type":"ReadAction","target":["https:\/\/tandoorvietnam.com\/vi\/sanpham\/ruou-vang-va-bia\/ruou-vang-trang-jacobs-creek\/"]}]},{"@type":"BreadcrumbList","@id":"https:\/\/tandoorvietnam.com\/vi\/sanpham\/ruou-vang-va-bia\/ruou-vang-trang-jacobs-creek\/#breadcrumb","itemListElement":[{"@type":"ListItem","position":1,"name":"Trang Ch\u1ee7","item":"https:\/\/tandoorvietnam.com\/vi\/"},{"@type":"ListItem","position":2,"name":"Shop","item":"https:\/\/tandoorvietnam.com\/shop\/"},{"@type":"ListItem","position":3,"name":"WHITE WINE Jacob\u2019s Creek (R\u01b0\u1ee3u vang tr\u1eafng Jacob\u2019s Creek)"}]},{"@type":"WebSite","@id":"https:\/\/tandoorvietnam.com\/vi\/#website","url":"https:\/\/tandoorvietnam.com\/vi\/","name":"Tandoor Vietnam","description":"Nh\u00e0 h\u00e0ng ngon h\u1ed3 ch\u00ed minh","publisher":{"@id":"https:\/\/tandoorvietnam.com\/vi\/#organization"},"potentialAction":[{"@type":"SearchAction","target":{"@type":"EntryPoint","urlTemplate":"https:\/\/tandoorvietnam.com\/vi\/?s={search_term_string}"},"query-input":{"@type":"PropertyValueSpecification","valueRequired":true,"valueName":"search_term_string"}}],"inLanguage":"vi-VN"},{"@type":"Organization","@id":"https:\/\/tandoorvietnam.com\/vi\/#organization","name":"Tandoor Vietnam","url":"https:\/\/tandoorvietnam.com\/vi\/","logo":{"@type":"ImageObject","inLanguage":"vi-VN","@id":"https:\/\/tandoorvietnam.com\/vi\/#\/schema\/logo\/image\/","url":"https:\/\/tandoorvietnam.com\/wp-content\/uploads\/2020\/07\/logo.png","contentUrl":"https:\/\/tandoorvietnam.com\/wp-content\/uploads\/2020\/07\/logo.png","width":133,"height":75,"caption":"Tandoor Vietnam"},"image":{"@id":"https:\/\/tandoorvietnam.com\/vi\/#\/schema\/logo\/image\/"},"sameAs":["https:\/\/www.facebook.com\/tandoor.hcmc\/"]}]}},"_links":{"self":[{"href":"https:\/\/tandoorvietnam.com\/vi\/wp-json\/wp\/v2\/product\/3736","targetHints":{"allow":["GET"]}}],"collection":[{"href":"https:\/\/tandoorvietnam.com\/vi\/wp-json\/wp\/v2\/product"}],"about":[{"href":"https:\/\/tandoorvietnam.com\/vi\/wp-json\/wp\/v2\/types\/product"}],"wp:attachment":[{"href":"https:\/\/tandoorvietnam.com\/vi\/wp-json\/wp\/v2\/media?parent=3736"}],"wp:term":[{"taxonomy":"product_brand","embeddable":true,"href":"https:\/\/tandoorvietnam.com\/vi\/wp-json\/wp\/v2\/product_brand?post=3736"},{"taxonomy":"product_cat","embeddable":true,"href":"https:\/\/tandoorvietnam.com\/vi\/wp-json\/wp\/v2\/product_cat?post=3736"},{"taxonomy":"product_tag","embeddable":true,"href":"https:\/\/tandoorvietnam.com\/vi\/wp-json\/wp\/v2\/product_tag?post=3736"}],"curies":[{"name":"wp","href":"https:\/\/api.w.org\/{rel}","templated":true}]}}