{"id":3741,"date":"2020-06-23T12:58:41","date_gmt":"2021-04-26T03:27:45","guid":{"rendered":"http:\/\/tandoorvietnam.com\/product\/uncategorized\/absolut\/"},"modified":"2023-05-20T09:34:57","modified_gmt":"2023-05-20T09:34:57","slug":"absolut","status":"publish","type":"product","link":"https:\/\/tandoorvietnam.com\/vi\/sanpham\/ruou-manh\/absolut\/","title":{"rendered":"Absolut"},"content":{"rendered":"<p>Absolut l\u00e0 m\u1ed9t th\u01b0\u01a1ng hi\u1ec7u r\u01b0\u1ee3u vodka n\u1ed5i ti\u1ebfng v\u1edbi h\u01b0\u01a1ng v\u1ecb c\u00e2n b\u1eb1ng v\u00e0 tinh t\u1ebf. T\u1ea1i Tandoor Vietnam, ch\u00fang t\u00f4i t\u1ef1 h\u00e0o mang \u0111\u1ebfn cho b\u1ea1n nh\u1eefng tr\u1ea3i nghi\u1ec7m \u0111\u1eb7c bi\u1ec7t v\u1edbi lo\u1ea1i r\u01b0\u1ee3u vodka n\u00e0y.<\/p>\n<p>Absolut \u0111\u01b0\u1ee3c l\u00e0m t\u1eeb nguy\u00ean li\u1ec7u ch\u1ea5t l\u01b0\u1ee3ng cao v\u00e0 tr\u1ea3i qua quy tr\u00ecnh ch\u01b0ng c\u1ea5t v\u00e0 l\u1ecdc c\u1ea9n th\u1eadn, t\u1ea1o n\u00ean m\u1ed9t h\u01b0\u01a1ng v\u1ecb m\u01b0\u1ee3t m\u00e0 v\u00e0 trong tr\u1ebbo. V\u1edbi \u0111\u1ed9 c\u1ed3n v\u1eeba ph\u1ea3i, lo\u1ea1i r\u01b0\u1ee3u vodka mang \u0111\u1ebfn c\u1ea3m gi\u00e1c \u00eam d\u1ecbu v\u00e0 tinh t\u1ebf khi th\u01b0\u1edfng th\u1ee9c.<\/p>\n<p>V\u1edbi s\u1ef1 \u0111a d\u1ea1ng trong vi\u1ec7c k\u1ebft h\u1ee3p v\u1edbi c\u00e1c lo\u1ea1i n\u01b0\u1edbc u\u1ed1ng, Absolut l\u00e0 l\u1ef1a ch\u1ecdn ho\u00e0n h\u1ea3o cho nh\u1eefng ng\u01b0\u1eddi y\u00eau th\u00edch c\u00e1c lo\u1ea1i cocktail hay \u0111\u01a1n gi\u1ea3n l\u00e0 u\u1ed1ng tr\u1ef1c ti\u1ebfp. V\u1edbi h\u01b0\u01a1ng v\u1ecb c\u00e2n b\u1eb1ng v\u00e0 kh\u00f4ng m\u00e0u, lo\u1ea1i r\u01b0\u1ee3u vodka\u00a0c\u00f3 th\u1ec3 \u0111\u01b0\u1ee3c s\u1eed d\u1ee5ng \u0111\u1ec3 t\u1ea1o n\u00ean c\u00e1c lo\u1ea1i cocktail phong ph\u00fa v\u00e0 \u0111\u1ed9c \u0111\u00e1o.<\/p>\n<p>Absolut c\u0169ng l\u00e0 m\u1ed9t m\u00f3n qu\u00e0 tuy\u1ec7t v\u1eddi d\u00e0nh cho ng\u01b0\u1eddi th\u00e2n y\u00eau v\u00e0 b\u1ea1n b\u00e8. V\u1edbi thi\u1ebft k\u1ebf \u0111\u1eb9p m\u1eaft v\u00e0 ch\u1ea5t l\u01b0\u1ee3ng cao, lo\u1ea1i r\u01b0\u1ee3u vodka\u00a0l\u00e0 m\u1ed9t bi\u1ec3u t\u01b0\u1ee3ng c\u1ee7a s\u1ef1 sang tr\u1ecdng v\u00e0 \u0111\u1eb3ng c\u1ea5p.<\/p>\n<p>T\u1ea1i Tandoor Vietnam, ch\u00fang t\u00f4i cam k\u1ebft cung c\u1ea5p cho b\u1ea1n Absolut ch\u1ea5t l\u01b0\u1ee3ng nh\u1ea5t v\u00e0 \u0111\u1ea3m b\u1ea3o s\u1ef1 t\u01b0\u01a1i ngon c\u1ee7a s\u1ea3n ph\u1ea9m. H\u00e3y \u0111\u1ebfn v\u00e0 kh\u00e1m ph\u00e1 h\u01b0\u01a1ng v\u1ecb tinh t\u1ebf c\u1ee7a Absolut c\u00f9ng \u1ea9m th\u1ef1c \u0111\u1eadm ch\u1ea5t \u1ea4n t\u1ea1i <a href=\"https:\/\/tandoorvietnam.com\/\">Tandoor Vietnam<\/a>, n\u01a1i b\u1ea1n c\u00f3 th\u1ec3 th\u01b0\u1edfng th\u1ee9c r\u01b0\u1ee3u vodka ch\u1ea5t l\u01b0\u1ee3ng v\u00e0 tr\u1ea3i nghi\u1ec7m m\u1ed9t kh\u00f4ng gian \u1ea5m c\u00fang v\u00e0 \u0111\u1eb3ng c\u1ea5p.<\/p>\n","protected":false},"excerpt":{"rendered":"<p>Absolut l\u00e0 m\u1ed9t th\u01b0\u01a1ng hi\u1ec7u r\u01b0\u1ee3u vodka n\u1ed5i ti\u1ebfng v\u1edbi h\u01b0\u01a1ng v\u1ecb c\u00e2n b\u1eb1ng v\u00e0 tinh t\u1ebf. T\u1ea1i Tandoor Vietnam, ch\u00fang t\u00f4i t\u1ef1 h\u00e0o mang \u0111\u1ebfn cho b\u1ea1n nh\u1eefng tr\u1ea3i nghi\u1ec7m \u0111\u1eb7c bi\u1ec7t v\u1edbi lo\u1ea1i r\u01b0\u1ee3u vodka n\u00e0y. Absolut \u0111\u01b0\u1ee3c l\u00e0m t\u1eeb nguy\u00ean li\u1ec7u ch\u1ea5t l\u01b0\u1ee3ng cao v\u00e0 tr\u1ea3i qua quy tr\u00ecnh ch\u01b0ng c\u1ea5t v\u00e0 [&hellip;]<\/p>\n","protected":false},"featured_media":0,"template":"","meta":[],"product_brand":[],"product_cat":[233],"product_tag":[],"class_list":{"0":"post-3741","1":"product","2":"type-product","3":"status-publish","5":"product_cat-ruou-manh","7":"first","8":"instock","9":"taxable","10":"shipping-taxable","11":"purchasable","12":"product-type-simple"},"yoast_head":"<!-- This site is optimized with the Yoast SEO Premium plugin v22.3 (Yoast SEO v27.6) - https:\/\/yoast.com\/product\/yoast-seo-premium-wordpress\/ -->\n<title>Absolut - Tandoor Vi\u1ec7t Nam<\/title>\n<meta name=\"description\" content=\"V\u1edbi Absolut, h\u00e3y tr\u1ea3i nghi\u1ec7m v\u1ecb c\u00e2n b\u1eb1ng v\u00e0 tinh t\u1ebf c\u1ee7a lo\u1ea1i r\u01b0\u1ee3u vodka ch\u1ea5t l\u01b0\u1ee3ng c\u00f9ng \u1ea9m th\u1ef1c \u1ea4n, t\u1ea1i nh\u00e0 h\u00e0ng \u1ea4n \u0110\u1ed9 Tandoor Vietnam.\" \/>\n<meta name=\"robots\" content=\"index, follow, max-snippet:-1, max-image-preview:large, max-video-preview:-1\" \/>\n<link rel=\"canonical\" href=\"https:\/\/tandoorvietnam.com\/vi\/sanpham\/ruou-manh\/absolut\/\" \/>\n<meta property=\"og:locale\" content=\"vi_VN\" \/>\n<meta property=\"og:type\" content=\"article\" \/>\n<meta property=\"og:title\" content=\"Absolut\" \/>\n<meta property=\"og:description\" content=\"V\u1edbi Absolut, h\u00e3y tr\u1ea3i nghi\u1ec7m v\u1ecb c\u00e2n b\u1eb1ng v\u00e0 tinh t\u1ebf c\u1ee7a lo\u1ea1i r\u01b0\u1ee3u vodka ch\u1ea5t l\u01b0\u1ee3ng c\u00f9ng \u1ea9m th\u1ef1c \u1ea4n, t\u1ea1i nh\u00e0 h\u00e0ng \u1ea4n \u0110\u1ed9 Tandoor Vietnam.\" \/>\n<meta property=\"og:url\" content=\"https:\/\/tandoorvietnam.com\/vi\/sanpham\/ruou-manh\/absolut\/\" \/>\n<meta property=\"og:site_name\" content=\"Tandoor Vi\u1ec7t Nam\" \/>\n<meta property=\"article:publisher\" content=\"https:\/\/www.facebook.com\/tandoor.hcmc\/\" \/>\n<meta property=\"article:modified_time\" content=\"2023-05-20T09:34:57+00:00\" \/>\n<meta property=\"og:image\" content=\"https:\/\/tandoorvietnam.com\/wp-content\/uploads\/2020\/07\/opengraph.jpg\" \/>\n\t<meta property=\"og:image:width\" content=\"1200\" \/>\n\t<meta property=\"og:image:height\" content=\"630\" \/>\n\t<meta property=\"og:image:type\" content=\"image\/jpeg\" \/>\n<meta name=\"twitter:card\" content=\"summary_large_image\" \/>\n<meta name=\"twitter:label1\" content=\"Est. reading time\" \/>\n\t<meta name=\"twitter:data1\" content=\"2 minutes\" \/>\n<script type=\"application\/ld+json\" class=\"yoast-schema-graph\">{\"@context\":\"https:\\\/\\\/schema.org\",\"@graph\":[{\"@type\":\"WebPage\",\"@id\":\"https:\\\/\\\/tandoorvietnam.com\\\/vi\\\/sanpham\\\/ruou-manh\\\/absolut\\\/\",\"url\":\"https:\\\/\\\/tandoorvietnam.com\\\/vi\\\/sanpham\\\/ruou-manh\\\/absolut\\\/\",\"name\":\"Absolut - Tandoor Vi\u1ec7t Nam\",\"isPartOf\":{\"@id\":\"https:\\\/\\\/tandoorvietnam.com\\\/vi\\\/#website\"},\"datePublished\":\"2021-04-26T03:27:45+00:00\",\"dateModified\":\"2023-05-20T09:34:57+00:00\",\"description\":\"V\u1edbi Absolut, h\u00e3y tr\u1ea3i nghi\u1ec7m v\u1ecb c\u00e2n b\u1eb1ng v\u00e0 tinh t\u1ebf c\u1ee7a lo\u1ea1i r\u01b0\u1ee3u vodka ch\u1ea5t l\u01b0\u1ee3ng c\u00f9ng \u1ea9m th\u1ef1c \u1ea4n, t\u1ea1i nh\u00e0 h\u00e0ng \u1ea4n \u0110\u1ed9 Tandoor Vietnam.\",\"breadcrumb\":{\"@id\":\"https:\\\/\\\/tandoorvietnam.com\\\/vi\\\/sanpham\\\/ruou-manh\\\/absolut\\\/#breadcrumb\"},\"inLanguage\":\"vi-VN\",\"potentialAction\":[{\"@type\":\"ReadAction\",\"target\":[\"https:\\\/\\\/tandoorvietnam.com\\\/vi\\\/sanpham\\\/ruou-manh\\\/absolut\\\/\"]}]},{\"@type\":\"BreadcrumbList\",\"@id\":\"https:\\\/\\\/tandoorvietnam.com\\\/vi\\\/sanpham\\\/ruou-manh\\\/absolut\\\/#breadcrumb\",\"itemListElement\":[{\"@type\":\"ListItem\",\"position\":1,\"name\":\"Trang Ch\u1ee7\",\"item\":\"https:\\\/\\\/tandoorvietnam.com\\\/vi\\\/\"},{\"@type\":\"ListItem\",\"position\":2,\"name\":\"Shop\",\"item\":\"https:\\\/\\\/tandoorvietnam.com\\\/shop\\\/\"},{\"@type\":\"ListItem\",\"position\":3,\"name\":\"Absolut\"}]},{\"@type\":\"WebSite\",\"@id\":\"https:\\\/\\\/tandoorvietnam.com\\\/vi\\\/#website\",\"url\":\"https:\\\/\\\/tandoorvietnam.com\\\/vi\\\/\",\"name\":\"Tandoor Vietnam\",\"description\":\"Nh\u00e0 h\u00e0ng ngon h\u1ed3 ch\u00ed minh\",\"publisher\":{\"@id\":\"https:\\\/\\\/tandoorvietnam.com\\\/vi\\\/#organization\"},\"potentialAction\":[{\"@type\":\"SearchAction\",\"target\":{\"@type\":\"EntryPoint\",\"urlTemplate\":\"https:\\\/\\\/tandoorvietnam.com\\\/vi\\\/?s={search_term_string}\"},\"query-input\":{\"@type\":\"PropertyValueSpecification\",\"valueRequired\":true,\"valueName\":\"search_term_string\"}}],\"inLanguage\":\"vi-VN\"},{\"@type\":\"Organization\",\"@id\":\"https:\\\/\\\/tandoorvietnam.com\\\/vi\\\/#organization\",\"name\":\"Tandoor Vietnam\",\"url\":\"https:\\\/\\\/tandoorvietnam.com\\\/vi\\\/\",\"logo\":{\"@type\":\"ImageObject\",\"inLanguage\":\"vi-VN\",\"@id\":\"https:\\\/\\\/tandoorvietnam.com\\\/vi\\\/#\\\/schema\\\/logo\\\/image\\\/\",\"url\":\"https:\\\/\\\/tandoorvietnam.com\\\/wp-content\\\/uploads\\\/2020\\\/07\\\/logo.png\",\"contentUrl\":\"https:\\\/\\\/tandoorvietnam.com\\\/wp-content\\\/uploads\\\/2020\\\/07\\\/logo.png\",\"width\":133,\"height\":75,\"caption\":\"Tandoor Vietnam\"},\"image\":{\"@id\":\"https:\\\/\\\/tandoorvietnam.com\\\/vi\\\/#\\\/schema\\\/logo\\\/image\\\/\"},\"sameAs\":[\"https:\\\/\\\/www.facebook.com\\\/tandoor.hcmc\\\/\"]}]}<\/script>\n<!-- \/ Yoast SEO Premium plugin. -->","yoast_head_json":{"title":"Absolut - Tandoor Vi\u1ec7t Nam","description":"V\u1edbi Absolut, h\u00e3y tr\u1ea3i nghi\u1ec7m v\u1ecb c\u00e2n b\u1eb1ng v\u00e0 tinh t\u1ebf c\u1ee7a lo\u1ea1i r\u01b0\u1ee3u vodka ch\u1ea5t l\u01b0\u1ee3ng c\u00f9ng \u1ea9m th\u1ef1c \u1ea4n, t\u1ea1i nh\u00e0 h\u00e0ng \u1ea4n \u0110\u1ed9 Tandoor Vietnam.","robots":{"index":"index","follow":"follow","max-snippet":"max-snippet:-1","max-image-preview":"max-image-preview:large","max-video-preview":"max-video-preview:-1"},"canonical":"https:\/\/tandoorvietnam.com\/vi\/sanpham\/ruou-manh\/absolut\/","og_locale":"vi_VN","og_type":"article","og_title":"Absolut","og_description":"V\u1edbi Absolut, h\u00e3y tr\u1ea3i nghi\u1ec7m v\u1ecb c\u00e2n b\u1eb1ng v\u00e0 tinh t\u1ebf c\u1ee7a lo\u1ea1i r\u01b0\u1ee3u vodka ch\u1ea5t l\u01b0\u1ee3ng c\u00f9ng \u1ea9m th\u1ef1c \u1ea4n, t\u1ea1i nh\u00e0 h\u00e0ng \u1ea4n \u0110\u1ed9 Tandoor Vietnam.","og_url":"https:\/\/tandoorvietnam.com\/vi\/sanpham\/ruou-manh\/absolut\/","og_site_name":"Tandoor Vi\u1ec7t Nam","article_publisher":"https:\/\/www.facebook.com\/tandoor.hcmc\/","article_modified_time":"2023-05-20T09:34:57+00:00","og_image":[{"width":1200,"height":630,"url":"https:\/\/tandoorvietnam.com\/wp-content\/uploads\/2020\/07\/opengraph.jpg","type":"image\/jpeg"}],"twitter_card":"summary_large_image","twitter_misc":{"Est. reading time":"2 minutes"},"schema":{"@context":"https:\/\/schema.org","@graph":[{"@type":"WebPage","@id":"https:\/\/tandoorvietnam.com\/vi\/sanpham\/ruou-manh\/absolut\/","url":"https:\/\/tandoorvietnam.com\/vi\/sanpham\/ruou-manh\/absolut\/","name":"Absolut - Tandoor Vi\u1ec7t Nam","isPartOf":{"@id":"https:\/\/tandoorvietnam.com\/vi\/#website"},"datePublished":"2021-04-26T03:27:45+00:00","dateModified":"2023-05-20T09:34:57+00:00","description":"V\u1edbi Absolut, h\u00e3y tr\u1ea3i nghi\u1ec7m v\u1ecb c\u00e2n b\u1eb1ng v\u00e0 tinh t\u1ebf c\u1ee7a lo\u1ea1i r\u01b0\u1ee3u vodka ch\u1ea5t l\u01b0\u1ee3ng c\u00f9ng \u1ea9m th\u1ef1c \u1ea4n, t\u1ea1i nh\u00e0 h\u00e0ng \u1ea4n \u0110\u1ed9 Tandoor Vietnam.","breadcrumb":{"@id":"https:\/\/tandoorvietnam.com\/vi\/sanpham\/ruou-manh\/absolut\/#breadcrumb"},"inLanguage":"vi-VN","potentialAction":[{"@type":"ReadAction","target":["https:\/\/tandoorvietnam.com\/vi\/sanpham\/ruou-manh\/absolut\/"]}]},{"@type":"BreadcrumbList","@id":"https:\/\/tandoorvietnam.com\/vi\/sanpham\/ruou-manh\/absolut\/#breadcrumb","itemListElement":[{"@type":"ListItem","position":1,"name":"Trang Ch\u1ee7","item":"https:\/\/tandoorvietnam.com\/vi\/"},{"@type":"ListItem","position":2,"name":"Shop","item":"https:\/\/tandoorvietnam.com\/shop\/"},{"@type":"ListItem","position":3,"name":"Absolut"}]},{"@type":"WebSite","@id":"https:\/\/tandoorvietnam.com\/vi\/#website","url":"https:\/\/tandoorvietnam.com\/vi\/","name":"Tandoor Vietnam","description":"Nh\u00e0 h\u00e0ng ngon h\u1ed3 ch\u00ed minh","publisher":{"@id":"https:\/\/tandoorvietnam.com\/vi\/#organization"},"potentialAction":[{"@type":"SearchAction","target":{"@type":"EntryPoint","urlTemplate":"https:\/\/tandoorvietnam.com\/vi\/?s={search_term_string}"},"query-input":{"@type":"PropertyValueSpecification","valueRequired":true,"valueName":"search_term_string"}}],"inLanguage":"vi-VN"},{"@type":"Organization","@id":"https:\/\/tandoorvietnam.com\/vi\/#organization","name":"Tandoor Vietnam","url":"https:\/\/tandoorvietnam.com\/vi\/","logo":{"@type":"ImageObject","inLanguage":"vi-VN","@id":"https:\/\/tandoorvietnam.com\/vi\/#\/schema\/logo\/image\/","url":"https:\/\/tandoorvietnam.com\/wp-content\/uploads\/2020\/07\/logo.png","contentUrl":"https:\/\/tandoorvietnam.com\/wp-content\/uploads\/2020\/07\/logo.png","width":133,"height":75,"caption":"Tandoor Vietnam"},"image":{"@id":"https:\/\/tandoorvietnam.com\/vi\/#\/schema\/logo\/image\/"},"sameAs":["https:\/\/www.facebook.com\/tandoor.hcmc\/"]}]}},"_links":{"self":[{"href":"https:\/\/tandoorvietnam.com\/vi\/wp-json\/wp\/v2\/product\/3741","targetHints":{"allow":["GET"]}}],"collection":[{"href":"https:\/\/tandoorvietnam.com\/vi\/wp-json\/wp\/v2\/product"}],"about":[{"href":"https:\/\/tandoorvietnam.com\/vi\/wp-json\/wp\/v2\/types\/product"}],"wp:attachment":[{"href":"https:\/\/tandoorvietnam.com\/vi\/wp-json\/wp\/v2\/media?parent=3741"}],"wp:term":[{"taxonomy":"product_brand","embeddable":true,"href":"https:\/\/tandoorvietnam.com\/vi\/wp-json\/wp\/v2\/product_brand?post=3741"},{"taxonomy":"product_cat","embeddable":true,"href":"https:\/\/tandoorvietnam.com\/vi\/wp-json\/wp\/v2\/product_cat?post=3741"},{"taxonomy":"product_tag","embeddable":true,"href":"https:\/\/tandoorvietnam.com\/vi\/wp-json\/wp\/v2\/product_tag?post=3741"}],"curies":[{"name":"wp","href":"https:\/\/api.w.org\/{rel}","templated":true}]}}