{"id":3744,"date":"2020-06-26T11:11:35","date_gmt":"2021-04-26T03:53:40","guid":{"rendered":"http:\/\/tandoorvietnam.com\/product\/uncategorized\/campari\/"},"modified":"2023-05-20T08:34:34","modified_gmt":"2023-05-20T08:34:34","slug":"campari","status":"publish","type":"product","link":"https:\/\/tandoorvietnam.com\/vi\/sanpham\/ruou-manh\/campari\/","title":{"rendered":"Campari"},"content":{"rendered":"<p>Campari l\u00e0 m\u1ed9t lo\u1ea1i r\u01b0\u1ee3u manh \u0111\u1ed9c \u0111\u00e1o \u0111\u01b0\u1ee3c s\u1ea3n xu\u1ea5t t\u1eeb \u00dd. V\u1edbi h\u01b0\u01a1ng v\u1ecb \u0111\u1eafng ng\u1ecdt v\u00e0 m\u00e0u \u0111\u1ecf t\u01b0\u01a1i s\u00e1ng, Campari \u0111\u00e3 tr\u1edf th\u00e0nh m\u1ed9t bi\u1ec3u t\u01b0\u1ee3ng trong ng\u00e0nh c\u00f4ng nghi\u1ec7p r\u01b0\u1ee3u. T\u1ea1i Tandoor Vietnam, ch\u00fang t\u00f4i t\u1ef1 h\u00e0o mang \u0111\u1ebfn cho b\u1ea1n c\u01a1 h\u1ed9i kh\u00e1m ph\u00e1 th\u1ebf gi\u1edbi c\u1ee7a Campari v\u00e0 th\u01b0\u1edfng th\u1ee9c h\u01b0\u01a1ng v\u1ecb \u0111\u1ed9c \u0111\u00e1o n\u00e0y.<\/p>\n<p>Campari c\u00f3 m\u1ed9t h\u01b0\u01a1ng v\u1ecb \u0111\u1eb7c tr\u01b0ng, k\u1ebft h\u1ee3p gi\u1eefa h\u01b0\u01a1ng v\u1ecb \u0111\u1eafng t\u1eeb c\u00e1c lo\u1ea1i th\u1ea3o m\u1ed9c v\u00e0 qu\u1ea3 ng\u1ecdt, t\u1ea1o n\u00ean m\u1ed9t s\u1ef1 c\u00e2n b\u1eb1ng \u0111\u1ed9c \u0111\u00e1o tr\u00ean \u0111\u1ea7u l\u01b0\u1ee1i. M\u00e0u \u0111\u1ecf r\u1ef1c r\u1ee1 c\u1ee7a Campari kh\u00f4ng ch\u1ec9 t\u1ea1o n\u00ean s\u1ef1 cu\u1ed1n h\u00fat m\u00e0 c\u00f2n l\u00e0m cho m\u00f3n cocktail th\u00eam ph\u1ea7n n\u1ed5i b\u1eadt v\u00e0 h\u1ea5p d\u1eabn.<\/p>\n<p>Campari \u0111\u01b0\u1ee3c s\u1eed d\u1ee5ng r\u1ed9ng r\u00e3i trong vi\u1ec7c t\u1ea1o ra c\u00e1c lo\u1ea1i cocktail h\u1ea5p d\u1eabn v\u00e0 \u0111a d\u1ea1ng. T\u1eeb Negroni \u0111\u1eadm \u0111\u00e0 \u0111\u1ebfn Americano m\u00e1t l\u1ea1nh, lo\u1ea1i r\u01b0\u1ee3u h\u1ea3o h\u1ea1ng\u00a0l\u00e0 m\u1ed9t th\u00e0nh ph\u1ea7n kh\u00f4ng th\u1ec3 thi\u1ebfu \u0111\u1ec3 t\u1ea1o n\u00ean h\u01b0\u01a1ng v\u1ecb \u0111\u1ed9c \u0111\u00e1o cho c\u00e1c lo\u1ea1i cocktail.<\/p>\n<p>T\u1ea1i Tandoor Vietnam, ch\u00fang t\u00f4i \u0111\u1ea3m b\u1ea3o ch\u1ea5t l\u01b0\u1ee3ng v\u00e0 \u0111\u1ed9 t\u01b0\u01a1i ngon c\u1ee7a lo\u1ea1i r\u01b0\u1ee3u h\u1ea3o h\u1ea1ng. B\u1ea1n c\u00f3 th\u1ec3 th\u01b0\u1edfng th\u1ee9c Campari \u0111\u01a1n thu\u1ea7n tr\u00ean \u0111\u00e1, ho\u1eb7c k\u1ebft h\u1ee3p v\u1edbi c\u00e1c lo\u1ea1i n\u01b0\u1edbc gi\u1ea3i kh\u00e1t, soda, hay nhi\u1ec1u lo\u1ea1i n\u01b0\u1edbc tr\u00e1i c\u00e2y t\u01b0\u01a1i m\u00e1t kh\u00e1c.<\/p>\n<p>Kh\u00e1m ph\u00e1 h\u01b0\u01a1ng v\u1ecb \u0111\u1ed9c \u0111\u00e1o c\u1ee7a lo\u1ea1i r\u01b0\u1ee3u h\u1ea3o h\u1ea1ng n\u00e0y t\u1ea1i <a href=\"https:\/\/tandoorvietnam.com\/\">nh\u00e0 h\u00e0ng Tandoor Vietnam<\/a> v\u00e0 tr\u1ea3i nghi\u1ec7m nh\u1eefng tr\u1ea1ng th\u00e1i tinh t\u1ebf c\u1ee7a h\u01b0\u01a1ng v\u1ecb t\u1eeb lo\u1ea1i r\u01b0\u1ee3u manh n\u00e0y.<\/p>\n","protected":false},"excerpt":{"rendered":"<p>Campari l\u00e0 m\u1ed9t lo\u1ea1i r\u01b0\u1ee3u manh \u0111\u1ed9c \u0111\u00e1o \u0111\u01b0\u1ee3c s\u1ea3n xu\u1ea5t t\u1eeb \u00dd. V\u1edbi h\u01b0\u01a1ng v\u1ecb \u0111\u1eafng ng\u1ecdt v\u00e0 m\u00e0u \u0111\u1ecf t\u01b0\u01a1i s\u00e1ng, Campari \u0111\u00e3 tr\u1edf th\u00e0nh m\u1ed9t bi\u1ec3u t\u01b0\u1ee3ng trong ng\u00e0nh c\u00f4ng nghi\u1ec7p r\u01b0\u1ee3u. T\u1ea1i Tandoor Vietnam, ch\u00fang t\u00f4i t\u1ef1 h\u00e0o mang \u0111\u1ebfn cho b\u1ea1n c\u01a1 h\u1ed9i kh\u00e1m ph\u00e1 th\u1ebf gi\u1edbi c\u1ee7a Campari v\u00e0 [&hellip;]<\/p>\n","protected":false},"featured_media":0,"template":"","meta":[],"product_brand":[],"product_cat":[233],"product_tag":[],"class_list":{"0":"post-3744","1":"product","2":"type-product","3":"status-publish","5":"product_cat-ruou-manh","7":"first","8":"instock","9":"taxable","10":"shipping-taxable","11":"purchasable","12":"product-type-simple"},"yoast_head":"<!-- This site is optimized with the Yoast SEO Premium plugin v22.3 (Yoast SEO v27.4) - https:\/\/yoast.com\/product\/yoast-seo-premium-wordpress\/ -->\n<title>Campari - Tandoor Vi\u1ec7t Nam<\/title>\n<meta name=\"description\" content=\"Campari - m\u1ed9t lo\u1ea1i r\u01b0\u1ee3u manh \u0111\u1ed9c \u0111\u00e1o v\u1edbi h\u01b0\u01a1ng v\u1ecb \u0111\u1eafng ng\u1ecdt v\u00e0 m\u00e0u \u0111\u1ecf t\u01b0\u01a1i s\u00e1ng. Kh\u00e1m ph\u00e1 th\u1ebf gi\u1edbi c\u1ee7a Campari t\u1ea1i Tandoor Vietnam.\" \/>\n<meta name=\"robots\" content=\"index, follow, max-snippet:-1, max-image-preview:large, max-video-preview:-1\" \/>\n<link rel=\"canonical\" href=\"https:\/\/tandoorvietnam.com\/vi\/sanpham\/ruou-manh\/campari\/\" \/>\n<meta property=\"og:locale\" content=\"vi_VN\" \/>\n<meta property=\"og:type\" content=\"article\" \/>\n<meta property=\"og:title\" content=\"Campari\" \/>\n<meta property=\"og:description\" content=\"Campari - m\u1ed9t lo\u1ea1i r\u01b0\u1ee3u manh \u0111\u1ed9c \u0111\u00e1o v\u1edbi h\u01b0\u01a1ng v\u1ecb \u0111\u1eafng ng\u1ecdt v\u00e0 m\u00e0u \u0111\u1ecf t\u01b0\u01a1i s\u00e1ng. Kh\u00e1m ph\u00e1 th\u1ebf gi\u1edbi c\u1ee7a Campari t\u1ea1i Tandoor Vietnam.\" \/>\n<meta property=\"og:url\" content=\"https:\/\/tandoorvietnam.com\/vi\/sanpham\/ruou-manh\/campari\/\" \/>\n<meta property=\"og:site_name\" content=\"Tandoor Vi\u1ec7t Nam\" \/>\n<meta property=\"article:publisher\" content=\"https:\/\/www.facebook.com\/tandoor.hcmc\/\" \/>\n<meta property=\"article:modified_time\" content=\"2023-05-20T08:34:34+00:00\" \/>\n<meta property=\"og:image\" content=\"https:\/\/tandoorvietnam.com\/wp-content\/uploads\/2020\/07\/opengraph.jpg\" \/>\n\t<meta property=\"og:image:width\" content=\"1200\" \/>\n\t<meta property=\"og:image:height\" content=\"630\" \/>\n\t<meta property=\"og:image:type\" content=\"image\/jpeg\" \/>\n<meta name=\"twitter:card\" content=\"summary_large_image\" \/>\n<meta name=\"twitter:label1\" content=\"Est. reading time\" \/>\n\t<meta name=\"twitter:data1\" content=\"2 minutes\" \/>\n<script type=\"application\/ld+json\" class=\"yoast-schema-graph\">{\"@context\":\"https:\\\/\\\/schema.org\",\"@graph\":[{\"@type\":\"WebPage\",\"@id\":\"https:\\\/\\\/tandoorvietnam.com\\\/vi\\\/sanpham\\\/ruou-manh\\\/campari\\\/\",\"url\":\"https:\\\/\\\/tandoorvietnam.com\\\/vi\\\/sanpham\\\/ruou-manh\\\/campari\\\/\",\"name\":\"Campari - Tandoor Vi\u1ec7t Nam\",\"isPartOf\":{\"@id\":\"https:\\\/\\\/tandoorvietnam.com\\\/vi\\\/#website\"},\"datePublished\":\"2021-04-26T03:53:40+00:00\",\"dateModified\":\"2023-05-20T08:34:34+00:00\",\"description\":\"Campari - m\u1ed9t lo\u1ea1i r\u01b0\u1ee3u manh \u0111\u1ed9c \u0111\u00e1o v\u1edbi h\u01b0\u01a1ng v\u1ecb \u0111\u1eafng ng\u1ecdt v\u00e0 m\u00e0u \u0111\u1ecf t\u01b0\u01a1i s\u00e1ng. Kh\u00e1m ph\u00e1 th\u1ebf gi\u1edbi c\u1ee7a Campari t\u1ea1i Tandoor Vietnam.\",\"breadcrumb\":{\"@id\":\"https:\\\/\\\/tandoorvietnam.com\\\/vi\\\/sanpham\\\/ruou-manh\\\/campari\\\/#breadcrumb\"},\"inLanguage\":\"vi-VN\",\"potentialAction\":[{\"@type\":\"ReadAction\",\"target\":[\"https:\\\/\\\/tandoorvietnam.com\\\/vi\\\/sanpham\\\/ruou-manh\\\/campari\\\/\"]}]},{\"@type\":\"BreadcrumbList\",\"@id\":\"https:\\\/\\\/tandoorvietnam.com\\\/vi\\\/sanpham\\\/ruou-manh\\\/campari\\\/#breadcrumb\",\"itemListElement\":[{\"@type\":\"ListItem\",\"position\":1,\"name\":\"Trang Ch\u1ee7\",\"item\":\"https:\\\/\\\/tandoorvietnam.com\\\/vi\\\/\"},{\"@type\":\"ListItem\",\"position\":2,\"name\":\"Shop\",\"item\":\"https:\\\/\\\/tandoorvietnam.com\\\/shop\\\/\"},{\"@type\":\"ListItem\",\"position\":3,\"name\":\"Campari\"}]},{\"@type\":\"WebSite\",\"@id\":\"https:\\\/\\\/tandoorvietnam.com\\\/vi\\\/#website\",\"url\":\"https:\\\/\\\/tandoorvietnam.com\\\/vi\\\/\",\"name\":\"Tandoor Vietnam\",\"description\":\"Nh\u00e0 h\u00e0ng ngon h\u1ed3 ch\u00ed minh\",\"publisher\":{\"@id\":\"https:\\\/\\\/tandoorvietnam.com\\\/vi\\\/#organization\"},\"potentialAction\":[{\"@type\":\"SearchAction\",\"target\":{\"@type\":\"EntryPoint\",\"urlTemplate\":\"https:\\\/\\\/tandoorvietnam.com\\\/vi\\\/?s={search_term_string}\"},\"query-input\":{\"@type\":\"PropertyValueSpecification\",\"valueRequired\":true,\"valueName\":\"search_term_string\"}}],\"inLanguage\":\"vi-VN\"},{\"@type\":\"Organization\",\"@id\":\"https:\\\/\\\/tandoorvietnam.com\\\/vi\\\/#organization\",\"name\":\"Tandoor Vietnam\",\"url\":\"https:\\\/\\\/tandoorvietnam.com\\\/vi\\\/\",\"logo\":{\"@type\":\"ImageObject\",\"inLanguage\":\"vi-VN\",\"@id\":\"https:\\\/\\\/tandoorvietnam.com\\\/vi\\\/#\\\/schema\\\/logo\\\/image\\\/\",\"url\":\"https:\\\/\\\/tandoorvietnam.com\\\/wp-content\\\/uploads\\\/2020\\\/07\\\/logo.png\",\"contentUrl\":\"https:\\\/\\\/tandoorvietnam.com\\\/wp-content\\\/uploads\\\/2020\\\/07\\\/logo.png\",\"width\":133,\"height\":75,\"caption\":\"Tandoor Vietnam\"},\"image\":{\"@id\":\"https:\\\/\\\/tandoorvietnam.com\\\/vi\\\/#\\\/schema\\\/logo\\\/image\\\/\"},\"sameAs\":[\"https:\\\/\\\/www.facebook.com\\\/tandoor.hcmc\\\/\"]}]}<\/script>\n<!-- \/ Yoast SEO Premium plugin. -->","yoast_head_json":{"title":"Campari - Tandoor Vi\u1ec7t Nam","description":"Campari - m\u1ed9t lo\u1ea1i r\u01b0\u1ee3u manh \u0111\u1ed9c \u0111\u00e1o v\u1edbi h\u01b0\u01a1ng v\u1ecb \u0111\u1eafng ng\u1ecdt v\u00e0 m\u00e0u \u0111\u1ecf t\u01b0\u01a1i s\u00e1ng. Kh\u00e1m ph\u00e1 th\u1ebf gi\u1edbi c\u1ee7a Campari t\u1ea1i Tandoor Vietnam.","robots":{"index":"index","follow":"follow","max-snippet":"max-snippet:-1","max-image-preview":"max-image-preview:large","max-video-preview":"max-video-preview:-1"},"canonical":"https:\/\/tandoorvietnam.com\/vi\/sanpham\/ruou-manh\/campari\/","og_locale":"vi_VN","og_type":"article","og_title":"Campari","og_description":"Campari - m\u1ed9t lo\u1ea1i r\u01b0\u1ee3u manh \u0111\u1ed9c \u0111\u00e1o v\u1edbi h\u01b0\u01a1ng v\u1ecb \u0111\u1eafng ng\u1ecdt v\u00e0 m\u00e0u \u0111\u1ecf t\u01b0\u01a1i s\u00e1ng. Kh\u00e1m ph\u00e1 th\u1ebf gi\u1edbi c\u1ee7a Campari t\u1ea1i Tandoor Vietnam.","og_url":"https:\/\/tandoorvietnam.com\/vi\/sanpham\/ruou-manh\/campari\/","og_site_name":"Tandoor Vi\u1ec7t Nam","article_publisher":"https:\/\/www.facebook.com\/tandoor.hcmc\/","article_modified_time":"2023-05-20T08:34:34+00:00","og_image":[{"width":1200,"height":630,"url":"https:\/\/tandoorvietnam.com\/wp-content\/uploads\/2020\/07\/opengraph.jpg","type":"image\/jpeg"}],"twitter_card":"summary_large_image","twitter_misc":{"Est. reading time":"2 minutes"},"schema":{"@context":"https:\/\/schema.org","@graph":[{"@type":"WebPage","@id":"https:\/\/tandoorvietnam.com\/vi\/sanpham\/ruou-manh\/campari\/","url":"https:\/\/tandoorvietnam.com\/vi\/sanpham\/ruou-manh\/campari\/","name":"Campari - Tandoor Vi\u1ec7t Nam","isPartOf":{"@id":"https:\/\/tandoorvietnam.com\/vi\/#website"},"datePublished":"2021-04-26T03:53:40+00:00","dateModified":"2023-05-20T08:34:34+00:00","description":"Campari - m\u1ed9t lo\u1ea1i r\u01b0\u1ee3u manh \u0111\u1ed9c \u0111\u00e1o v\u1edbi h\u01b0\u01a1ng v\u1ecb \u0111\u1eafng ng\u1ecdt v\u00e0 m\u00e0u \u0111\u1ecf t\u01b0\u01a1i s\u00e1ng. Kh\u00e1m ph\u00e1 th\u1ebf gi\u1edbi c\u1ee7a Campari t\u1ea1i Tandoor Vietnam.","breadcrumb":{"@id":"https:\/\/tandoorvietnam.com\/vi\/sanpham\/ruou-manh\/campari\/#breadcrumb"},"inLanguage":"vi-VN","potentialAction":[{"@type":"ReadAction","target":["https:\/\/tandoorvietnam.com\/vi\/sanpham\/ruou-manh\/campari\/"]}]},{"@type":"BreadcrumbList","@id":"https:\/\/tandoorvietnam.com\/vi\/sanpham\/ruou-manh\/campari\/#breadcrumb","itemListElement":[{"@type":"ListItem","position":1,"name":"Trang Ch\u1ee7","item":"https:\/\/tandoorvietnam.com\/vi\/"},{"@type":"ListItem","position":2,"name":"Shop","item":"https:\/\/tandoorvietnam.com\/shop\/"},{"@type":"ListItem","position":3,"name":"Campari"}]},{"@type":"WebSite","@id":"https:\/\/tandoorvietnam.com\/vi\/#website","url":"https:\/\/tandoorvietnam.com\/vi\/","name":"Tandoor Vietnam","description":"Nh\u00e0 h\u00e0ng ngon h\u1ed3 ch\u00ed minh","publisher":{"@id":"https:\/\/tandoorvietnam.com\/vi\/#organization"},"potentialAction":[{"@type":"SearchAction","target":{"@type":"EntryPoint","urlTemplate":"https:\/\/tandoorvietnam.com\/vi\/?s={search_term_string}"},"query-input":{"@type":"PropertyValueSpecification","valueRequired":true,"valueName":"search_term_string"}}],"inLanguage":"vi-VN"},{"@type":"Organization","@id":"https:\/\/tandoorvietnam.com\/vi\/#organization","name":"Tandoor Vietnam","url":"https:\/\/tandoorvietnam.com\/vi\/","logo":{"@type":"ImageObject","inLanguage":"vi-VN","@id":"https:\/\/tandoorvietnam.com\/vi\/#\/schema\/logo\/image\/","url":"https:\/\/tandoorvietnam.com\/wp-content\/uploads\/2020\/07\/logo.png","contentUrl":"https:\/\/tandoorvietnam.com\/wp-content\/uploads\/2020\/07\/logo.png","width":133,"height":75,"caption":"Tandoor Vietnam"},"image":{"@id":"https:\/\/tandoorvietnam.com\/vi\/#\/schema\/logo\/image\/"},"sameAs":["https:\/\/www.facebook.com\/tandoor.hcmc\/"]}]}},"_links":{"self":[{"href":"https:\/\/tandoorvietnam.com\/vi\/wp-json\/wp\/v2\/product\/3744","targetHints":{"allow":["GET"]}}],"collection":[{"href":"https:\/\/tandoorvietnam.com\/vi\/wp-json\/wp\/v2\/product"}],"about":[{"href":"https:\/\/tandoorvietnam.com\/vi\/wp-json\/wp\/v2\/types\/product"}],"wp:attachment":[{"href":"https:\/\/tandoorvietnam.com\/vi\/wp-json\/wp\/v2\/media?parent=3744"}],"wp:term":[{"taxonomy":"product_brand","embeddable":true,"href":"https:\/\/tandoorvietnam.com\/vi\/wp-json\/wp\/v2\/product_brand?post=3744"},{"taxonomy":"product_cat","embeddable":true,"href":"https:\/\/tandoorvietnam.com\/vi\/wp-json\/wp\/v2\/product_cat?post=3744"},{"taxonomy":"product_tag","embeddable":true,"href":"https:\/\/tandoorvietnam.com\/vi\/wp-json\/wp\/v2\/product_tag?post=3744"}],"curies":[{"name":"wp","href":"https:\/\/api.w.org\/{rel}","templated":true}]}}