{"id":3745,"date":"2020-06-26T11:19:23","date_gmt":"2021-04-26T03:53:58","guid":{"rendered":"http:\/\/tandoorvietnam.com\/product\/uncategorized\/chateau-noaillac\/"},"modified":"2023-05-19T17:37:54","modified_gmt":"2023-05-19T17:37:54","slug":"chateau-noaillac","status":"publish","type":"product","link":"https:\/\/tandoorvietnam.com\/vi\/sanpham\/ruou-manh\/chateau-noaillac\/","title":{"rendered":"Chateau Noaillac"},"content":{"rendered":"<p>Chateau Noaillac l\u00e0 m\u1ed9t chai r\u01b0\u1ee3u vang Ph\u00e1p \u0111\u1eb3ng c\u1ea5p, mang trong m\u00ecnh h\u01b0\u01a1ng v\u1ecb \u0111\u1eadm \u0111\u00e0 v\u00e0 c\u1ea5u tr\u00fac tinh t\u1ebf. \u0110\u01b0\u1ee3c s\u1ea3n xu\u1ea5t t\u1ea1i khu v\u1ef1c M\u00e9doc, n\u1eb1m \u1edf v\u00f9ng Bordeaux c\u1ee7a Ph\u00e1p, r\u01b0\u1ee3u vang n\u00e0y l\u00e0 m\u1ed9t t\u00e1c ph\u1ea9m ngh\u1ec7 thu\u1eadt t\u1eeb qu\u00e1 tr\u00ecnh ch\u0103m s\u00f3c nho v\u00e0 qu\u00e1 tr\u00ecnh \u1ee7 r\u01b0\u1ee3u tuy\u1ec7t v\u1eddi.<\/p>\n<p>V\u1edbi m\u00e0u \u0111\u1ecf \u0111\u1eadm v\u00e0 h\u01b0\u01a1ng th\u01a1m ph\u1ee9c h\u1ee3p c\u1ee7a tr\u00e1i c\u00e2y \u0111en ch\u00edn m\u1ecdng, Chateau Noaillac mang \u0111\u1ebfn m\u1ed9t tr\u1ea3i nghi\u1ec7m \u0111a chi\u1ec1u tr\u00ean \u0111\u1ea7u l\u01b0\u1ee1i. H\u01b0\u01a1ng v\u1ecb t\u01b0\u01a1i m\u00e1t c\u1ee7a anh \u0111\u00e0o, m\u00e2m x\u00f4i v\u00e0 gia v\u1ecb pha l\u1eabn v\u00e0o nhau, t\u1ea1o n\u00ean m\u1ed9t t\u1ea7ng h\u01b0\u01a1ng ph\u1ee9c t\u1ea1p v\u00e0 \u0111\u1ed9c \u0111\u00e1o.<\/p>\n<p>V\u1edbi c\u1ea5u tr\u00fac tannin tinh t\u1ebf v\u00e0 s\u1ef1 c\u00e2n b\u1eb1ng ho\u00e0n h\u1ea3o gi\u1eefa acid v\u00e0 h\u01b0\u01a1ng v\u1ecb, Chateau Noaillac l\u00e0 m\u1ed9t l\u1ef1a ch\u1ecdn tuy\u1ec7t v\u1eddi \u0111\u1ec3 t\u1eadn h\u01b0\u1edfng trong c\u00e1c b\u1eefa ti\u1ec7c, d\u1ecbp \u0111\u1eb7c bi\u1ec7t ho\u1eb7c th\u01b0\u1edfng th\u1ee9c ri\u00eang t\u01b0.<\/p>\n<p>T\u1ea1i Tandoor Vietnam, ch\u00fang t\u00f4i t\u1ef1 h\u00e0o mang \u0111\u1ebfn cho b\u1ea1n nh\u1eefng s\u1ea3n ph\u1ea9m ch\u1ea5t l\u01b0\u1ee3ng nh\u1ea5t t\u1eeb th\u1ebf gi\u1edbi r\u01b0\u1ee3u vang. Chateau Noaillac l\u00e0 m\u1ed9t trong s\u1ed1 \u0111\u00f3, l\u00e0 s\u1ef1 k\u1ebft h\u1ee3p tuy\u1ec7t v\u1eddi gi\u1eefa h\u01b0\u01a1ng v\u1ecb Ph\u00e1p v\u00e0 s\u1ef1 ch\u0103m s\u00f3c t\u1eadn t\u00e2m t\u1eeb nh\u00e0 m\u00e1y s\u1ea3n xu\u1ea5t.<\/p>\n<p>H\u00e3y kh\u00e1m ph\u00e1 th\u1ebf gi\u1edbi r\u01b0\u1ee3u vang v\u00e0 t\u1eadn h\u01b0\u1edfng h\u01b0\u01a1ng v\u1ecb \u0111\u1ed9c \u0111\u00e1o c\u1ee7a Chateau Noaillac t\u1ea1i <a href=\"https:\/\/tandoorvietnam.com\/\">Tandoor Vietnam<\/a>. Ch\u00fang t\u00f4i cam k\u1ebft mang \u0111\u1ebfn cho b\u1ea1n tr\u1ea3i nghi\u1ec7m \u1ea9m th\u1ef1c tuy\u1ec7t v\u1eddi v\u00e0 s\u1ef1 h\u00e0i l\u00f2ng t\u1ed1i \u0111a trong m\u1ed7i ly r\u01b0\u1ee3u vang.<\/p>\n","protected":false},"excerpt":{"rendered":"<p>Chateau Noaillac l\u00e0 m\u1ed9t chai r\u01b0\u1ee3u vang Ph\u00e1p \u0111\u1eb3ng c\u1ea5p, mang trong m\u00ecnh h\u01b0\u01a1ng v\u1ecb \u0111\u1eadm \u0111\u00e0 v\u00e0 c\u1ea5u tr\u00fac tinh t\u1ebf. \u0110\u01b0\u1ee3c s\u1ea3n xu\u1ea5t t\u1ea1i khu v\u1ef1c M\u00e9doc, n\u1eb1m \u1edf v\u00f9ng Bordeaux c\u1ee7a Ph\u00e1p, r\u01b0\u1ee3u vang n\u00e0y l\u00e0 m\u1ed9t t\u00e1c ph\u1ea9m ngh\u1ec7 thu\u1eadt t\u1eeb qu\u00e1 tr\u00ecnh ch\u0103m s\u00f3c nho v\u00e0 qu\u00e1 tr\u00ecnh \u1ee7 r\u01b0\u1ee3u [&hellip;]<\/p>\n","protected":false},"featured_media":0,"template":"","meta":[],"product_brand":[],"product_cat":[233],"product_tag":[],"class_list":{"0":"post-3745","1":"product","2":"type-product","3":"status-publish","5":"product_cat-ruou-manh","7":"first","8":"instock","9":"taxable","10":"shipping-taxable","11":"purchasable","12":"product-type-simple"},"yoast_head":"<!-- This site is optimized with the Yoast SEO Premium plugin v22.3 (Yoast SEO v27.4) - https:\/\/yoast.com\/product\/yoast-seo-premium-wordpress\/ -->\n<title>Chateau Noaillac - Tandoor Vi\u1ec7t Nam<\/title>\n<meta name=\"description\" content=\"Chateau Noaillac - Ruou vang Ph\u00e1p \u0111\u1eb3ng c\u1ea5p, v\u1edbi h\u01b0\u01a1ng v\u1ecb \u0111\u1eadm \u0111\u00e0 v\u00e0 c\u1ea5u tr\u00fac tinh t\u1ebf. Kh\u00e1m ph\u00e1 th\u1ebf gi\u1edbi r\u01b0\u1ee3u vang t\u1ea1i Tandoor Vietnam.\" \/>\n<meta name=\"robots\" content=\"index, follow, max-snippet:-1, max-image-preview:large, max-video-preview:-1\" \/>\n<link rel=\"canonical\" href=\"https:\/\/tandoorvietnam.com\/vi\/sanpham\/ruou-manh\/chateau-noaillac\/\" \/>\n<meta property=\"og:locale\" content=\"vi_VN\" \/>\n<meta property=\"og:type\" content=\"article\" \/>\n<meta property=\"og:title\" content=\"Chateau Noaillac\" \/>\n<meta property=\"og:description\" content=\"Chateau Noaillac - Ruou vang Ph\u00e1p \u0111\u1eb3ng c\u1ea5p, v\u1edbi h\u01b0\u01a1ng v\u1ecb \u0111\u1eadm \u0111\u00e0 v\u00e0 c\u1ea5u tr\u00fac tinh t\u1ebf. Kh\u00e1m ph\u00e1 th\u1ebf gi\u1edbi r\u01b0\u1ee3u vang t\u1ea1i Tandoor Vietnam.\" \/>\n<meta property=\"og:url\" content=\"https:\/\/tandoorvietnam.com\/vi\/sanpham\/ruou-manh\/chateau-noaillac\/\" \/>\n<meta property=\"og:site_name\" content=\"Tandoor Vi\u1ec7t Nam\" \/>\n<meta property=\"article:publisher\" content=\"https:\/\/www.facebook.com\/tandoor.hcmc\/\" \/>\n<meta property=\"article:modified_time\" content=\"2023-05-19T17:37:54+00:00\" \/>\n<meta property=\"og:image\" content=\"https:\/\/tandoorvietnam.com\/wp-content\/uploads\/2020\/07\/opengraph.jpg\" \/>\n\t<meta property=\"og:image:width\" content=\"1200\" \/>\n\t<meta property=\"og:image:height\" content=\"630\" \/>\n\t<meta property=\"og:image:type\" content=\"image\/jpeg\" \/>\n<meta name=\"twitter:card\" content=\"summary_large_image\" \/>\n<meta name=\"twitter:label1\" content=\"Est. reading time\" \/>\n\t<meta name=\"twitter:data1\" content=\"2 minutes\" \/>\n<script type=\"application\/ld+json\" class=\"yoast-schema-graph\">{\"@context\":\"https:\\\/\\\/schema.org\",\"@graph\":[{\"@type\":\"WebPage\",\"@id\":\"https:\\\/\\\/tandoorvietnam.com\\\/vi\\\/sanpham\\\/ruou-manh\\\/chateau-noaillac\\\/\",\"url\":\"https:\\\/\\\/tandoorvietnam.com\\\/vi\\\/sanpham\\\/ruou-manh\\\/chateau-noaillac\\\/\",\"name\":\"Chateau Noaillac - Tandoor Vi\u1ec7t Nam\",\"isPartOf\":{\"@id\":\"https:\\\/\\\/tandoorvietnam.com\\\/vi\\\/#website\"},\"datePublished\":\"2021-04-26T03:53:58+00:00\",\"dateModified\":\"2023-05-19T17:37:54+00:00\",\"description\":\"Chateau Noaillac - Ruou vang Ph\u00e1p \u0111\u1eb3ng c\u1ea5p, v\u1edbi h\u01b0\u01a1ng v\u1ecb \u0111\u1eadm \u0111\u00e0 v\u00e0 c\u1ea5u tr\u00fac tinh t\u1ebf. Kh\u00e1m ph\u00e1 th\u1ebf gi\u1edbi r\u01b0\u1ee3u vang t\u1ea1i Tandoor Vietnam.\",\"breadcrumb\":{\"@id\":\"https:\\\/\\\/tandoorvietnam.com\\\/vi\\\/sanpham\\\/ruou-manh\\\/chateau-noaillac\\\/#breadcrumb\"},\"inLanguage\":\"vi-VN\",\"potentialAction\":[{\"@type\":\"ReadAction\",\"target\":[\"https:\\\/\\\/tandoorvietnam.com\\\/vi\\\/sanpham\\\/ruou-manh\\\/chateau-noaillac\\\/\"]}]},{\"@type\":\"BreadcrumbList\",\"@id\":\"https:\\\/\\\/tandoorvietnam.com\\\/vi\\\/sanpham\\\/ruou-manh\\\/chateau-noaillac\\\/#breadcrumb\",\"itemListElement\":[{\"@type\":\"ListItem\",\"position\":1,\"name\":\"Trang Ch\u1ee7\",\"item\":\"https:\\\/\\\/tandoorvietnam.com\\\/vi\\\/\"},{\"@type\":\"ListItem\",\"position\":2,\"name\":\"Shop\",\"item\":\"https:\\\/\\\/tandoorvietnam.com\\\/shop\\\/\"},{\"@type\":\"ListItem\",\"position\":3,\"name\":\"Chateau Noaillac\"}]},{\"@type\":\"WebSite\",\"@id\":\"https:\\\/\\\/tandoorvietnam.com\\\/vi\\\/#website\",\"url\":\"https:\\\/\\\/tandoorvietnam.com\\\/vi\\\/\",\"name\":\"Tandoor Vietnam\",\"description\":\"Nh\u00e0 h\u00e0ng ngon h\u1ed3 ch\u00ed minh\",\"publisher\":{\"@id\":\"https:\\\/\\\/tandoorvietnam.com\\\/vi\\\/#organization\"},\"potentialAction\":[{\"@type\":\"SearchAction\",\"target\":{\"@type\":\"EntryPoint\",\"urlTemplate\":\"https:\\\/\\\/tandoorvietnam.com\\\/vi\\\/?s={search_term_string}\"},\"query-input\":{\"@type\":\"PropertyValueSpecification\",\"valueRequired\":true,\"valueName\":\"search_term_string\"}}],\"inLanguage\":\"vi-VN\"},{\"@type\":\"Organization\",\"@id\":\"https:\\\/\\\/tandoorvietnam.com\\\/vi\\\/#organization\",\"name\":\"Tandoor Vietnam\",\"url\":\"https:\\\/\\\/tandoorvietnam.com\\\/vi\\\/\",\"logo\":{\"@type\":\"ImageObject\",\"inLanguage\":\"vi-VN\",\"@id\":\"https:\\\/\\\/tandoorvietnam.com\\\/vi\\\/#\\\/schema\\\/logo\\\/image\\\/\",\"url\":\"https:\\\/\\\/tandoorvietnam.com\\\/wp-content\\\/uploads\\\/2020\\\/07\\\/logo.png\",\"contentUrl\":\"https:\\\/\\\/tandoorvietnam.com\\\/wp-content\\\/uploads\\\/2020\\\/07\\\/logo.png\",\"width\":133,\"height\":75,\"caption\":\"Tandoor Vietnam\"},\"image\":{\"@id\":\"https:\\\/\\\/tandoorvietnam.com\\\/vi\\\/#\\\/schema\\\/logo\\\/image\\\/\"},\"sameAs\":[\"https:\\\/\\\/www.facebook.com\\\/tandoor.hcmc\\\/\"]}]}<\/script>\n<!-- \/ Yoast SEO Premium plugin. -->","yoast_head_json":{"title":"Chateau Noaillac - Tandoor Vi\u1ec7t Nam","description":"Chateau Noaillac - Ruou vang Ph\u00e1p \u0111\u1eb3ng c\u1ea5p, v\u1edbi h\u01b0\u01a1ng v\u1ecb \u0111\u1eadm \u0111\u00e0 v\u00e0 c\u1ea5u tr\u00fac tinh t\u1ebf. Kh\u00e1m ph\u00e1 th\u1ebf gi\u1edbi r\u01b0\u1ee3u vang t\u1ea1i Tandoor Vietnam.","robots":{"index":"index","follow":"follow","max-snippet":"max-snippet:-1","max-image-preview":"max-image-preview:large","max-video-preview":"max-video-preview:-1"},"canonical":"https:\/\/tandoorvietnam.com\/vi\/sanpham\/ruou-manh\/chateau-noaillac\/","og_locale":"vi_VN","og_type":"article","og_title":"Chateau Noaillac","og_description":"Chateau Noaillac - Ruou vang Ph\u00e1p \u0111\u1eb3ng c\u1ea5p, v\u1edbi h\u01b0\u01a1ng v\u1ecb \u0111\u1eadm \u0111\u00e0 v\u00e0 c\u1ea5u tr\u00fac tinh t\u1ebf. Kh\u00e1m ph\u00e1 th\u1ebf gi\u1edbi r\u01b0\u1ee3u vang t\u1ea1i Tandoor Vietnam.","og_url":"https:\/\/tandoorvietnam.com\/vi\/sanpham\/ruou-manh\/chateau-noaillac\/","og_site_name":"Tandoor Vi\u1ec7t Nam","article_publisher":"https:\/\/www.facebook.com\/tandoor.hcmc\/","article_modified_time":"2023-05-19T17:37:54+00:00","og_image":[{"width":1200,"height":630,"url":"https:\/\/tandoorvietnam.com\/wp-content\/uploads\/2020\/07\/opengraph.jpg","type":"image\/jpeg"}],"twitter_card":"summary_large_image","twitter_misc":{"Est. reading time":"2 minutes"},"schema":{"@context":"https:\/\/schema.org","@graph":[{"@type":"WebPage","@id":"https:\/\/tandoorvietnam.com\/vi\/sanpham\/ruou-manh\/chateau-noaillac\/","url":"https:\/\/tandoorvietnam.com\/vi\/sanpham\/ruou-manh\/chateau-noaillac\/","name":"Chateau Noaillac - Tandoor Vi\u1ec7t Nam","isPartOf":{"@id":"https:\/\/tandoorvietnam.com\/vi\/#website"},"datePublished":"2021-04-26T03:53:58+00:00","dateModified":"2023-05-19T17:37:54+00:00","description":"Chateau Noaillac - Ruou vang Ph\u00e1p \u0111\u1eb3ng c\u1ea5p, v\u1edbi h\u01b0\u01a1ng v\u1ecb \u0111\u1eadm \u0111\u00e0 v\u00e0 c\u1ea5u tr\u00fac tinh t\u1ebf. Kh\u00e1m ph\u00e1 th\u1ebf gi\u1edbi r\u01b0\u1ee3u vang t\u1ea1i Tandoor Vietnam.","breadcrumb":{"@id":"https:\/\/tandoorvietnam.com\/vi\/sanpham\/ruou-manh\/chateau-noaillac\/#breadcrumb"},"inLanguage":"vi-VN","potentialAction":[{"@type":"ReadAction","target":["https:\/\/tandoorvietnam.com\/vi\/sanpham\/ruou-manh\/chateau-noaillac\/"]}]},{"@type":"BreadcrumbList","@id":"https:\/\/tandoorvietnam.com\/vi\/sanpham\/ruou-manh\/chateau-noaillac\/#breadcrumb","itemListElement":[{"@type":"ListItem","position":1,"name":"Trang Ch\u1ee7","item":"https:\/\/tandoorvietnam.com\/vi\/"},{"@type":"ListItem","position":2,"name":"Shop","item":"https:\/\/tandoorvietnam.com\/shop\/"},{"@type":"ListItem","position":3,"name":"Chateau Noaillac"}]},{"@type":"WebSite","@id":"https:\/\/tandoorvietnam.com\/vi\/#website","url":"https:\/\/tandoorvietnam.com\/vi\/","name":"Tandoor Vietnam","description":"Nh\u00e0 h\u00e0ng ngon h\u1ed3 ch\u00ed minh","publisher":{"@id":"https:\/\/tandoorvietnam.com\/vi\/#organization"},"potentialAction":[{"@type":"SearchAction","target":{"@type":"EntryPoint","urlTemplate":"https:\/\/tandoorvietnam.com\/vi\/?s={search_term_string}"},"query-input":{"@type":"PropertyValueSpecification","valueRequired":true,"valueName":"search_term_string"}}],"inLanguage":"vi-VN"},{"@type":"Organization","@id":"https:\/\/tandoorvietnam.com\/vi\/#organization","name":"Tandoor Vietnam","url":"https:\/\/tandoorvietnam.com\/vi\/","logo":{"@type":"ImageObject","inLanguage":"vi-VN","@id":"https:\/\/tandoorvietnam.com\/vi\/#\/schema\/logo\/image\/","url":"https:\/\/tandoorvietnam.com\/wp-content\/uploads\/2020\/07\/logo.png","contentUrl":"https:\/\/tandoorvietnam.com\/wp-content\/uploads\/2020\/07\/logo.png","width":133,"height":75,"caption":"Tandoor Vietnam"},"image":{"@id":"https:\/\/tandoorvietnam.com\/vi\/#\/schema\/logo\/image\/"},"sameAs":["https:\/\/www.facebook.com\/tandoor.hcmc\/"]}]}},"_links":{"self":[{"href":"https:\/\/tandoorvietnam.com\/vi\/wp-json\/wp\/v2\/product\/3745","targetHints":{"allow":["GET"]}}],"collection":[{"href":"https:\/\/tandoorvietnam.com\/vi\/wp-json\/wp\/v2\/product"}],"about":[{"href":"https:\/\/tandoorvietnam.com\/vi\/wp-json\/wp\/v2\/types\/product"}],"wp:attachment":[{"href":"https:\/\/tandoorvietnam.com\/vi\/wp-json\/wp\/v2\/media?parent=3745"}],"wp:term":[{"taxonomy":"product_brand","embeddable":true,"href":"https:\/\/tandoorvietnam.com\/vi\/wp-json\/wp\/v2\/product_brand?post=3745"},{"taxonomy":"product_cat","embeddable":true,"href":"https:\/\/tandoorvietnam.com\/vi\/wp-json\/wp\/v2\/product_cat?post=3745"},{"taxonomy":"product_tag","embeddable":true,"href":"https:\/\/tandoorvietnam.com\/vi\/wp-json\/wp\/v2\/product_tag?post=3745"}],"curies":[{"name":"wp","href":"https:\/\/api.w.org\/{rel}","templated":true}]}}