{"id":3746,"date":"2020-06-26T11:10:38","date_gmt":"2020-06-26T11:10:38","guid":{"rendered":"http:\/\/tandoorvietnam.com\/product\/uncategorized\/cointreau\/"},"modified":"2025-10-16T17:23:35","modified_gmt":"2025-10-16T10:23:35","slug":"cointreau","status":"publish","type":"product","link":"https:\/\/tandoorvietnam.com\/vi\/sanpham\/ruou-manh\/cointreau\/","title":{"rendered":"Cointreau"},"content":{"rendered":"<p>Cointreau l\u00e0 m\u1ed9t lo\u1ea1i r\u01b0\u1ee3u cam qu\u00fdt cao c\u1ea5p, \u0111\u01b0\u1ee3c s\u1ea3n xu\u1ea5t t\u1ea1i Angers, Ph\u00e1p. \u0110\u00e2y l\u00e0 m\u1ed9t trong nh\u1eefng lo\u1ea1i r\u01b0\u1ee3u cam qu\u00fdt ph\u1ed5 bi\u1ebfn nh\u1ea5t tr\u00ean th\u1ebf gi\u1edbi, \u0111\u01b0\u1ee3c \u01b0a chu\u1ed9ng b\u1edfi v\u1ecb ng\u1ecdt \u0111\u1eafng \u0111\u1eb7c tr\u01b0ng v\u00e0 h\u01b0\u01a1ng th\u01a1m c\u1ee7a tr\u00e1i cam qu\u00fdt t\u01b0\u01a1i.<\/p>\n<p>Cointreau \u0111\u01b0\u1ee3c ch\u01b0ng c\u1ea5t t\u1eeb v\u1ecf cam v\u00e0 c\u00e1c th\u00e0nh ph\u1ea7n thi\u1ebft y\u1ebfu kh\u00e1c, sau \u0111\u00f3 \u0111\u01b0\u1ee3c tr\u1ed9n v\u1edbi \u0111\u01b0\u1eddng v\u00e0 n\u01b0\u1edbc \u0111\u1ec3 t\u1ea1o n\u00ean h\u01b0\u01a1ng v\u1ecb \u0111\u1ed9c \u0111\u00e1o v\u00e0 ho\u00e0n h\u1ea3o. R\u01b0\u1ee3u \u0111\u01b0\u1ee3c \u1ee7 trong th\u00f9ng g\u1ed7 s\u1ed3i tr\u01b0\u1edbc khi \u0111\u01b0\u1ee3c \u0111\u00f3ng chai \u0111\u1ec3 tr\u01b0\u1edfng th\u00e0nh v\u00e0 ph\u00e1t tri\u1ec3n th\u00eam h\u01b0\u01a1ng v\u1ecb.<\/p>\n<p>\u0110i\u1ec1u \u0111\u1eb7c bi\u1ec7t v\u1ec1 Cointreau l\u00e0 n\u00f3 kh\u00f4ng ch\u1ec9 l\u00e0 m\u1ed9t lo\u1ea1i r\u01b0\u1ee3u truy\u1ec1n th\u1ed1ng, m\u00e0 c\u00f2n \u0111\u01b0\u1ee3c s\u1eed d\u1ee5ng \u0111\u1ec3 l\u00e0m nguy\u00ean li\u1ec7u trong nhi\u1ec1u lo\u1ea1i cocktail n\u1ed5i ti\u1ebfng tr\u00ean th\u1ebf gi\u1edbi, nh\u01b0 Margarita, Cosmopolitan v\u00e0 Sidecar. S\u1ef1 pha tr\u1ed9n c\u1ee7a Cointreau v\u1edbi c\u00e1c nguy\u00ean li\u1ec7u kh\u00e1c t\u1ea1o ra m\u1ed9t h\u01b0\u01a1ng v\u1ecb tuy\u1ec7t v\u1eddi v\u00e0 \u0111\u1ed9c \u0111\u00e1o cho m\u1ed7i lo\u1ea1i cocktail.<\/p>\n<p>Cointreau \u0111\u01b0\u1ee3c xem l\u00e0 m\u1ed9t trong nh\u1eefng lo\u1ea1i r\u01b0\u1ee3u cam qu\u00fdt cao c\u1ea5p nh\u1ea5t tr\u00ean th\u1ecb tr\u01b0\u1eddng v\u00e0 lu\u00f4n l\u00e0 s\u1ef1 l\u1ef1a ch\u1ecdn ho\u00e0n h\u1ea3o cho nh\u1eefng d\u1ecbp \u0111\u1eb7c bi\u1ec7t v\u00e0 quan tr\u1ecdng. H\u00e3y th\u01b0\u1edfng th\u1ee9c m\u1ed9t ly Cointreau \u0111\u1ec3 tr\u1ea3i nghi\u1ec7m h\u01b0\u01a1ng v\u1ecb \u0111\u1ed9c \u0111\u00e1o v\u00e0 tinh t\u1ebf c\u1ee7a lo\u1ea1i r\u01b0\u1ee3u cam qu\u00fdt cao c\u1ea5p n\u00e0y c\u00f9ng c\u00e1c m\u00f3n \u0103n \u0111\u1eadm ch\u1ea5t \u1ea4n \u0110\u1ed9 t\u1ea1i <a href=\"https:\/\/tandoorvietnam.com\/vi\/\">Nh\u00e0 h\u00e0ng Tandoor Vietnam<\/a>.<\/p>\n","protected":false},"excerpt":{"rendered":"<p>Cointreau l\u00e0 m\u1ed9t lo\u1ea1i r\u01b0\u1ee3u cam qu\u00fdt cao c\u1ea5p, \u0111\u01b0\u1ee3c s\u1ea3n xu\u1ea5t t\u1ea1i Angers, Ph\u00e1p. \u0110\u00e2y l\u00e0 m\u1ed9t trong nh\u1eefng lo\u1ea1i r\u01b0\u1ee3u cam qu\u00fdt ph\u1ed5 bi\u1ebfn nh\u1ea5t tr\u00ean th\u1ebf gi\u1edbi, \u0111\u01b0\u1ee3c \u01b0a chu\u1ed9ng b\u1edfi v\u1ecb ng\u1ecdt \u0111\u1eafng \u0111\u1eb7c tr\u01b0ng v\u00e0 h\u01b0\u01a1ng th\u01a1m c\u1ee7a tr\u00e1i cam qu\u00fdt t\u01b0\u01a1i. Cointreau \u0111\u01b0\u1ee3c ch\u01b0ng c\u1ea5t t\u1eeb v\u1ecf cam v\u00e0 [&hellip;]<\/p>\n","protected":false},"featured_media":0,"template":"","meta":[],"product_brand":[],"product_cat":[233],"product_tag":[],"class_list":{"0":"post-3746","1":"product","2":"type-product","3":"status-publish","5":"product_cat-ruou-manh","7":"first","8":"instock","9":"taxable","10":"shipping-taxable","11":"purchasable","12":"product-type-simple"},"yoast_head":"<!-- This site is optimized with the Yoast SEO Premium plugin v22.3 (Yoast SEO v27.6) - https:\/\/yoast.com\/product\/yoast-seo-premium-wordpress\/ -->\n<title>Cointreau - Tandoor Vi\u1ec7t Nam<\/title>\n<meta name=\"description\" content=\"Cointreau - lo\u1ea1i r\u01b0\u1ee3u cam qu\u00fdt cao c\u1ea5p \u0111\u01b0\u1ee3c s\u1ea3n xu\u1ea5t t\u1eeb Ph\u00e1p. Th\u01b0\u1edfng th\u1ee9c m\u1ed9t ly Cointreau tuy\u1ec7t v\u1eddi t\u1ea1i nh\u00e0 h\u00e0ng Tandoor Vietnam.\" \/>\n<meta name=\"robots\" content=\"index, follow, max-snippet:-1, max-image-preview:large, max-video-preview:-1\" \/>\n<link rel=\"canonical\" href=\"https:\/\/tandoorvietnam.com\/vi\/sanpham\/ruou-manh\/cointreau\/\" \/>\n<meta property=\"og:locale\" content=\"vi_VN\" \/>\n<meta property=\"og:type\" content=\"article\" \/>\n<meta property=\"og:title\" content=\"Cointreau\" \/>\n<meta property=\"og:description\" content=\"Cointreau - lo\u1ea1i r\u01b0\u1ee3u cam qu\u00fdt cao c\u1ea5p \u0111\u01b0\u1ee3c s\u1ea3n xu\u1ea5t t\u1eeb Ph\u00e1p. Th\u01b0\u1edfng th\u1ee9c m\u1ed9t ly Cointreau tuy\u1ec7t v\u1eddi t\u1ea1i nh\u00e0 h\u00e0ng Tandoor Vietnam.\" \/>\n<meta property=\"og:url\" content=\"https:\/\/tandoorvietnam.com\/vi\/sanpham\/ruou-manh\/cointreau\/\" \/>\n<meta property=\"og:site_name\" content=\"Tandoor Vi\u1ec7t Nam\" \/>\n<meta property=\"article:publisher\" content=\"https:\/\/www.facebook.com\/tandoor.hcmc\/\" \/>\n<meta property=\"article:modified_time\" content=\"2025-10-16T10:23:35+00:00\" \/>\n<meta property=\"og:image\" content=\"https:\/\/tandoorvietnam.com\/wp-content\/uploads\/2020\/07\/opengraph.jpg\" \/>\n\t<meta property=\"og:image:width\" content=\"1200\" \/>\n\t<meta property=\"og:image:height\" content=\"630\" \/>\n\t<meta property=\"og:image:type\" content=\"image\/jpeg\" \/>\n<meta name=\"twitter:card\" content=\"summary_large_image\" \/>\n<meta name=\"twitter:label1\" content=\"Est. reading time\" \/>\n\t<meta name=\"twitter:data1\" content=\"2 minutes\" \/>\n<script type=\"application\/ld+json\" class=\"yoast-schema-graph\">{\"@context\":\"https:\\\/\\\/schema.org\",\"@graph\":[{\"@type\":\"WebPage\",\"@id\":\"https:\\\/\\\/tandoorvietnam.com\\\/vi\\\/sanpham\\\/ruou-manh\\\/cointreau\\\/\",\"url\":\"https:\\\/\\\/tandoorvietnam.com\\\/vi\\\/sanpham\\\/ruou-manh\\\/cointreau\\\/\",\"name\":\"Cointreau - Tandoor Vi\u1ec7t Nam\",\"isPartOf\":{\"@id\":\"https:\\\/\\\/tandoorvietnam.com\\\/vi\\\/#website\"},\"datePublished\":\"2020-06-26T11:10:38+00:00\",\"dateModified\":\"2025-10-16T10:23:35+00:00\",\"description\":\"Cointreau - lo\u1ea1i r\u01b0\u1ee3u cam qu\u00fdt cao c\u1ea5p \u0111\u01b0\u1ee3c s\u1ea3n xu\u1ea5t t\u1eeb Ph\u00e1p. Th\u01b0\u1edfng th\u1ee9c m\u1ed9t ly Cointreau tuy\u1ec7t v\u1eddi t\u1ea1i nh\u00e0 h\u00e0ng Tandoor Vietnam.\",\"breadcrumb\":{\"@id\":\"https:\\\/\\\/tandoorvietnam.com\\\/vi\\\/sanpham\\\/ruou-manh\\\/cointreau\\\/#breadcrumb\"},\"inLanguage\":\"vi-VN\",\"potentialAction\":[{\"@type\":\"ReadAction\",\"target\":[\"https:\\\/\\\/tandoorvietnam.com\\\/vi\\\/sanpham\\\/ruou-manh\\\/cointreau\\\/\"]}]},{\"@type\":\"BreadcrumbList\",\"@id\":\"https:\\\/\\\/tandoorvietnam.com\\\/vi\\\/sanpham\\\/ruou-manh\\\/cointreau\\\/#breadcrumb\",\"itemListElement\":[{\"@type\":\"ListItem\",\"position\":1,\"name\":\"Trang Ch\u1ee7\",\"item\":\"https:\\\/\\\/tandoorvietnam.com\\\/vi\\\/\"},{\"@type\":\"ListItem\",\"position\":2,\"name\":\"Shop\",\"item\":\"https:\\\/\\\/tandoorvietnam.com\\\/shop\\\/\"},{\"@type\":\"ListItem\",\"position\":3,\"name\":\"Cointreau\"}]},{\"@type\":\"WebSite\",\"@id\":\"https:\\\/\\\/tandoorvietnam.com\\\/vi\\\/#website\",\"url\":\"https:\\\/\\\/tandoorvietnam.com\\\/vi\\\/\",\"name\":\"Tandoor Vietnam\",\"description\":\"Nh\u00e0 h\u00e0ng ngon h\u1ed3 ch\u00ed minh\",\"publisher\":{\"@id\":\"https:\\\/\\\/tandoorvietnam.com\\\/vi\\\/#organization\"},\"potentialAction\":[{\"@type\":\"SearchAction\",\"target\":{\"@type\":\"EntryPoint\",\"urlTemplate\":\"https:\\\/\\\/tandoorvietnam.com\\\/vi\\\/?s={search_term_string}\"},\"query-input\":{\"@type\":\"PropertyValueSpecification\",\"valueRequired\":true,\"valueName\":\"search_term_string\"}}],\"inLanguage\":\"vi-VN\"},{\"@type\":\"Organization\",\"@id\":\"https:\\\/\\\/tandoorvietnam.com\\\/vi\\\/#organization\",\"name\":\"Tandoor Vietnam\",\"url\":\"https:\\\/\\\/tandoorvietnam.com\\\/vi\\\/\",\"logo\":{\"@type\":\"ImageObject\",\"inLanguage\":\"vi-VN\",\"@id\":\"https:\\\/\\\/tandoorvietnam.com\\\/vi\\\/#\\\/schema\\\/logo\\\/image\\\/\",\"url\":\"https:\\\/\\\/tandoorvietnam.com\\\/wp-content\\\/uploads\\\/2020\\\/07\\\/logo.png\",\"contentUrl\":\"https:\\\/\\\/tandoorvietnam.com\\\/wp-content\\\/uploads\\\/2020\\\/07\\\/logo.png\",\"width\":133,\"height\":75,\"caption\":\"Tandoor Vietnam\"},\"image\":{\"@id\":\"https:\\\/\\\/tandoorvietnam.com\\\/vi\\\/#\\\/schema\\\/logo\\\/image\\\/\"},\"sameAs\":[\"https:\\\/\\\/www.facebook.com\\\/tandoor.hcmc\\\/\"]}]}<\/script>\n<!-- \/ Yoast SEO Premium plugin. -->","yoast_head_json":{"title":"Cointreau - Tandoor Vi\u1ec7t Nam","description":"Cointreau - lo\u1ea1i r\u01b0\u1ee3u cam qu\u00fdt cao c\u1ea5p \u0111\u01b0\u1ee3c s\u1ea3n xu\u1ea5t t\u1eeb Ph\u00e1p. Th\u01b0\u1edfng th\u1ee9c m\u1ed9t ly Cointreau tuy\u1ec7t v\u1eddi t\u1ea1i nh\u00e0 h\u00e0ng Tandoor Vietnam.","robots":{"index":"index","follow":"follow","max-snippet":"max-snippet:-1","max-image-preview":"max-image-preview:large","max-video-preview":"max-video-preview:-1"},"canonical":"https:\/\/tandoorvietnam.com\/vi\/sanpham\/ruou-manh\/cointreau\/","og_locale":"vi_VN","og_type":"article","og_title":"Cointreau","og_description":"Cointreau - lo\u1ea1i r\u01b0\u1ee3u cam qu\u00fdt cao c\u1ea5p \u0111\u01b0\u1ee3c s\u1ea3n xu\u1ea5t t\u1eeb Ph\u00e1p. Th\u01b0\u1edfng th\u1ee9c m\u1ed9t ly Cointreau tuy\u1ec7t v\u1eddi t\u1ea1i nh\u00e0 h\u00e0ng Tandoor Vietnam.","og_url":"https:\/\/tandoorvietnam.com\/vi\/sanpham\/ruou-manh\/cointreau\/","og_site_name":"Tandoor Vi\u1ec7t Nam","article_publisher":"https:\/\/www.facebook.com\/tandoor.hcmc\/","article_modified_time":"2025-10-16T10:23:35+00:00","og_image":[{"width":1200,"height":630,"url":"https:\/\/tandoorvietnam.com\/wp-content\/uploads\/2020\/07\/opengraph.jpg","type":"image\/jpeg"}],"twitter_card":"summary_large_image","twitter_misc":{"Est. reading time":"2 minutes"},"schema":{"@context":"https:\/\/schema.org","@graph":[{"@type":"WebPage","@id":"https:\/\/tandoorvietnam.com\/vi\/sanpham\/ruou-manh\/cointreau\/","url":"https:\/\/tandoorvietnam.com\/vi\/sanpham\/ruou-manh\/cointreau\/","name":"Cointreau - Tandoor Vi\u1ec7t Nam","isPartOf":{"@id":"https:\/\/tandoorvietnam.com\/vi\/#website"},"datePublished":"2020-06-26T11:10:38+00:00","dateModified":"2025-10-16T10:23:35+00:00","description":"Cointreau - lo\u1ea1i r\u01b0\u1ee3u cam qu\u00fdt cao c\u1ea5p \u0111\u01b0\u1ee3c s\u1ea3n xu\u1ea5t t\u1eeb Ph\u00e1p. Th\u01b0\u1edfng th\u1ee9c m\u1ed9t ly Cointreau tuy\u1ec7t v\u1eddi t\u1ea1i nh\u00e0 h\u00e0ng Tandoor Vietnam.","breadcrumb":{"@id":"https:\/\/tandoorvietnam.com\/vi\/sanpham\/ruou-manh\/cointreau\/#breadcrumb"},"inLanguage":"vi-VN","potentialAction":[{"@type":"ReadAction","target":["https:\/\/tandoorvietnam.com\/vi\/sanpham\/ruou-manh\/cointreau\/"]}]},{"@type":"BreadcrumbList","@id":"https:\/\/tandoorvietnam.com\/vi\/sanpham\/ruou-manh\/cointreau\/#breadcrumb","itemListElement":[{"@type":"ListItem","position":1,"name":"Trang Ch\u1ee7","item":"https:\/\/tandoorvietnam.com\/vi\/"},{"@type":"ListItem","position":2,"name":"Shop","item":"https:\/\/tandoorvietnam.com\/shop\/"},{"@type":"ListItem","position":3,"name":"Cointreau"}]},{"@type":"WebSite","@id":"https:\/\/tandoorvietnam.com\/vi\/#website","url":"https:\/\/tandoorvietnam.com\/vi\/","name":"Tandoor Vietnam","description":"Nh\u00e0 h\u00e0ng ngon h\u1ed3 ch\u00ed minh","publisher":{"@id":"https:\/\/tandoorvietnam.com\/vi\/#organization"},"potentialAction":[{"@type":"SearchAction","target":{"@type":"EntryPoint","urlTemplate":"https:\/\/tandoorvietnam.com\/vi\/?s={search_term_string}"},"query-input":{"@type":"PropertyValueSpecification","valueRequired":true,"valueName":"search_term_string"}}],"inLanguage":"vi-VN"},{"@type":"Organization","@id":"https:\/\/tandoorvietnam.com\/vi\/#organization","name":"Tandoor Vietnam","url":"https:\/\/tandoorvietnam.com\/vi\/","logo":{"@type":"ImageObject","inLanguage":"vi-VN","@id":"https:\/\/tandoorvietnam.com\/vi\/#\/schema\/logo\/image\/","url":"https:\/\/tandoorvietnam.com\/wp-content\/uploads\/2020\/07\/logo.png","contentUrl":"https:\/\/tandoorvietnam.com\/wp-content\/uploads\/2020\/07\/logo.png","width":133,"height":75,"caption":"Tandoor Vietnam"},"image":{"@id":"https:\/\/tandoorvietnam.com\/vi\/#\/schema\/logo\/image\/"},"sameAs":["https:\/\/www.facebook.com\/tandoor.hcmc\/"]}]}},"_links":{"self":[{"href":"https:\/\/tandoorvietnam.com\/vi\/wp-json\/wp\/v2\/product\/3746","targetHints":{"allow":["GET"]}}],"collection":[{"href":"https:\/\/tandoorvietnam.com\/vi\/wp-json\/wp\/v2\/product"}],"about":[{"href":"https:\/\/tandoorvietnam.com\/vi\/wp-json\/wp\/v2\/types\/product"}],"wp:attachment":[{"href":"https:\/\/tandoorvietnam.com\/vi\/wp-json\/wp\/v2\/media?parent=3746"}],"wp:term":[{"taxonomy":"product_brand","embeddable":true,"href":"https:\/\/tandoorvietnam.com\/vi\/wp-json\/wp\/v2\/product_brand?post=3746"},{"taxonomy":"product_cat","embeddable":true,"href":"https:\/\/tandoorvietnam.com\/vi\/wp-json\/wp\/v2\/product_cat?post=3746"},{"taxonomy":"product_tag","embeddable":true,"href":"https:\/\/tandoorvietnam.com\/vi\/wp-json\/wp\/v2\/product_tag?post=3746"}],"curies":[{"name":"wp","href":"https:\/\/api.w.org\/{rel}","templated":true}]}}