{"id":3752,"date":"2020-06-26T11:12:29","date_gmt":"2021-04-26T03:57:09","guid":{"rendered":"http:\/\/tandoorvietnam.com\/product\/uncategorized\/jose-cuervo\/"},"modified":"2023-05-08T10:29:29","modified_gmt":"2023-05-08T10:29:29","slug":"jose-cuervo","status":"publish","type":"product","link":"https:\/\/tandoorvietnam.com\/vi\/sanpham\/ruou-manh\/jose-cuervo\/","title":{"rendered":"Jose Cuervo"},"content":{"rendered":"<p>R\u01b0\u1ee3u Tequila l\u00e0 m\u1ed9t ph\u1ea7n c\u1ee7a v\u0103n h\u00f3a Mexico v\u00e0 \u0111ang tr\u1edf th\u00e0nh m\u1ed9t trong nh\u1eefng lo\u1ea1i r\u01b0\u1ee3u \u0111\u01b0\u1ee3c y\u00eau th\u00edch tr\u00ean th\u1ebf gi\u1edbi. Jose Cuervo l\u00e0 m\u1ed9t trong nh\u1eefng th\u01b0\u01a1ng hi\u1ec7u Tequila n\u1ed5i ti\u1ebfng nh\u1ea5t v\u00e0 uy t\u00edn nh\u1ea5t t\u1eeb Mexico, v\u1edbi h\u01a1n 250 n\u0103m kinh nghi\u1ec7m trong s\u1ea3n xu\u1ea5t Tequila. V\u1edbi ch\u1ea5t l\u01b0\u1ee3ng tuy\u1ec7t v\u1eddi v\u00e0 h\u01b0\u01a1ng v\u1ecb \u0111\u1ed9c \u0111\u00e1o, \u0111\u00e2y l\u00e0 l\u1ef1a ch\u1ecdn h\u00e0ng \u0111\u1ea7u cho nh\u1eefng ng\u01b0\u1eddi y\u00eau th\u00edch r\u01b0\u1ee3u Tequila.<\/p>\n<p>T\u1ea1i Tandoor Vietnam, ch\u00fang t\u00f4i t\u1ef1 h\u00e0o mang \u0111\u1ebfn cho kh\u00e1ch h\u00e0ng s\u1ea3n ph\u1ea9m Jose Cuervo. H\u01b0\u01a1ng v\u1ecb c\u1ee7a c\u1ee7a lo\u1ea1i r\u01b0\u1ee3u n\u00e0y\u00a0s\u1ebd khi\u1ebfn b\u1ea1n th\u01b0\u1edfng th\u1ee9c \u0111\u01b0\u1ee3c s\u1ef1 \u0111a d\u1ea1ng c\u1ee7a Tequila v\u00e0 t\u1ea1o n\u00ean tr\u1ea3i nghi\u1ec7m \u0111\u1ed9c \u0111\u00e1o m\u00e0 ch\u1ec9 Tequila c\u00f3 th\u1ec3 mang l\u1ea1i.<\/p>\n<p>Kh\u00f4ng ch\u1ec9 c\u00f3 h\u01b0\u01a1ng v\u1ecb tuy\u1ec7t v\u1eddi, Jose Cuervo c\u00f2n \u0111\u01b0\u1ee3c s\u1ea3n xu\u1ea5t t\u1eeb nh\u1eefng lo\u1ea1i c\u00e2y agave cao c\u1ea5p nh\u1ea5t, \u0111\u01b0\u1ee3c tr\u1ed3ng \u1edf v\u00f9ng \u0111\u1ea5t cao nguy\u00ean Jalisco \u1edf Mexico.<\/p>\n<p>\u0110i\u1ec1u n\u00e0y gi\u00fap cho s\u1ea3n ph\u1ea9m c\u00f3 h\u01b0\u01a1ng v\u1ecb \u0111\u1eb7c tr\u01b0ng c\u1ee7a Tequila v\u00e0 \u0111\u1ea3m b\u1ea3o ch\u1ea5t l\u01b0\u1ee3ng c\u1ee7a s\u1ea3n ph\u1ea9m. Jose Cuervo c\u0169ng r\u1ea5t d\u1ec5 u\u1ed1ng v\u00e0 c\u00f3 th\u1ec3 \u0111\u01b0\u1ee3c s\u1eed d\u1ee5ng nh\u01b0 m\u1ed9t lo\u1ea1i shot ho\u1eb7c pha ch\u1ebf nh\u1eefng cocktail \u0111\u1eb7c tr\u01b0ng c\u1ee7a Mexico nh\u01b0 Margarita, Paloma v\u00e0 Tequila Sunrise.<\/p>\n<p>V\u1edbi ch\u1ea5t l\u01b0\u1ee3ng cao c\u1ea5p v\u00e0 h\u01b0\u01a1ng v\u1ecb \u0111\u1ed9c \u0111\u00e1o, Jose Cuervo l\u00e0 s\u1ef1 l\u1ef1a ch\u1ecdn tuy\u1ec7t v\u1eddi cho nh\u1eefng bu\u1ed5i ti\u1ec7c v\u00e0 d\u1ecbp sum v\u1ea7y v\u1edbi b\u1ea1n b\u00e8 v\u00e0 gia \u0111\u00ecnh. H\u00e3y \u0111\u1ebfn <a href=\"https:\/\/tandoorvietnam.com\/\">Tandoor Vietnam<\/a> v\u00e0 kh\u00e1m ph\u00e1 th\u1ebf gi\u1edbi r\u01b0\u1ee3u Tequila\u00a0v\u00e0 th\u01b0\u1edfng th\u1ee9c \u1ea9m th\u1ef1c \u1ea4n \u0110\u1ed9!<\/p>\n","protected":false},"excerpt":{"rendered":"<p>R\u01b0\u1ee3u Tequila l\u00e0 m\u1ed9t ph\u1ea7n c\u1ee7a v\u0103n h\u00f3a Mexico v\u00e0 \u0111ang tr\u1edf th\u00e0nh m\u1ed9t trong nh\u1eefng lo\u1ea1i r\u01b0\u1ee3u \u0111\u01b0\u1ee3c y\u00eau th\u00edch tr\u00ean th\u1ebf gi\u1edbi. Jose Cuervo l\u00e0 m\u1ed9t trong nh\u1eefng th\u01b0\u01a1ng hi\u1ec7u Tequila n\u1ed5i ti\u1ebfng nh\u1ea5t v\u00e0 uy t\u00edn nh\u1ea5t t\u1eeb Mexico, v\u1edbi h\u01a1n 250 n\u0103m kinh nghi\u1ec7m trong s\u1ea3n xu\u1ea5t Tequila. V\u1edbi ch\u1ea5t l\u01b0\u1ee3ng [&hellip;]<\/p>\n","protected":false},"featured_media":0,"template":"","meta":[],"product_brand":[],"product_cat":[233],"product_tag":[],"class_list":{"0":"post-3752","1":"product","2":"type-product","3":"status-publish","5":"product_cat-ruou-manh","7":"first","8":"instock","9":"taxable","10":"shipping-taxable","11":"purchasable","12":"product-type-simple"},"yoast_head":"<!-- This site is optimized with the Yoast SEO Premium plugin v22.3 (Yoast SEO v27.6) - https:\/\/yoast.com\/product\/yoast-seo-premium-wordpress\/ -->\n<title>Jose Cuervo - Tandoor Vi\u1ec7t Nam<\/title>\n<meta name=\"description\" content=\"H\u00e3y kh\u00e1m ph\u00e1 th\u1ebf gi\u1edbi r\u01b0\u1ee3u Tequila v\u1edbi Jose Cuervo, th\u01b0\u01a1ng hi\u1ec7u uy t\u00edn v\u00e0 n\u1ed5i ti\u1ebfng c\u1ee7a Mexico, t\u1ea1i nh\u00e0 h\u00e0ng Tandoor Vietnam.\" \/>\n<meta name=\"robots\" content=\"index, follow, max-snippet:-1, max-image-preview:large, max-video-preview:-1\" \/>\n<link rel=\"canonical\" href=\"https:\/\/tandoorvietnam.com\/vi\/sanpham\/ruou-manh\/jose-cuervo\/\" \/>\n<meta property=\"og:locale\" content=\"vi_VN\" \/>\n<meta property=\"og:type\" content=\"article\" \/>\n<meta property=\"og:title\" content=\"Jose Cuervo\" \/>\n<meta property=\"og:description\" content=\"H\u00e3y kh\u00e1m ph\u00e1 th\u1ebf gi\u1edbi r\u01b0\u1ee3u Tequila v\u1edbi Jose Cuervo, th\u01b0\u01a1ng hi\u1ec7u uy t\u00edn v\u00e0 n\u1ed5i ti\u1ebfng c\u1ee7a Mexico, t\u1ea1i nh\u00e0 h\u00e0ng Tandoor Vietnam.\" \/>\n<meta property=\"og:url\" content=\"https:\/\/tandoorvietnam.com\/vi\/sanpham\/ruou-manh\/jose-cuervo\/\" \/>\n<meta property=\"og:site_name\" content=\"Tandoor Vi\u1ec7t Nam\" \/>\n<meta property=\"article:publisher\" content=\"https:\/\/www.facebook.com\/tandoor.hcmc\/\" \/>\n<meta property=\"article:modified_time\" content=\"2023-05-08T10:29:29+00:00\" \/>\n<meta property=\"og:image\" content=\"https:\/\/tandoorvietnam.com\/wp-content\/uploads\/2020\/07\/opengraph.jpg\" \/>\n\t<meta property=\"og:image:width\" content=\"1200\" \/>\n\t<meta property=\"og:image:height\" content=\"630\" \/>\n\t<meta property=\"og:image:type\" content=\"image\/jpeg\" \/>\n<meta name=\"twitter:card\" content=\"summary_large_image\" \/>\n<meta name=\"twitter:label1\" content=\"Est. reading time\" \/>\n\t<meta name=\"twitter:data1\" content=\"2 minutes\" \/>\n<script type=\"application\/ld+json\" class=\"yoast-schema-graph\">{\"@context\":\"https:\\\/\\\/schema.org\",\"@graph\":[{\"@type\":\"WebPage\",\"@id\":\"https:\\\/\\\/tandoorvietnam.com\\\/vi\\\/sanpham\\\/ruou-manh\\\/jose-cuervo\\\/\",\"url\":\"https:\\\/\\\/tandoorvietnam.com\\\/vi\\\/sanpham\\\/ruou-manh\\\/jose-cuervo\\\/\",\"name\":\"Jose Cuervo - Tandoor Vi\u1ec7t Nam\",\"isPartOf\":{\"@id\":\"https:\\\/\\\/tandoorvietnam.com\\\/vi\\\/#website\"},\"datePublished\":\"2021-04-26T03:57:09+00:00\",\"dateModified\":\"2023-05-08T10:29:29+00:00\",\"description\":\"H\u00e3y kh\u00e1m ph\u00e1 th\u1ebf gi\u1edbi r\u01b0\u1ee3u Tequila v\u1edbi Jose Cuervo, th\u01b0\u01a1ng hi\u1ec7u uy t\u00edn v\u00e0 n\u1ed5i ti\u1ebfng c\u1ee7a Mexico, t\u1ea1i nh\u00e0 h\u00e0ng Tandoor Vietnam.\",\"breadcrumb\":{\"@id\":\"https:\\\/\\\/tandoorvietnam.com\\\/vi\\\/sanpham\\\/ruou-manh\\\/jose-cuervo\\\/#breadcrumb\"},\"inLanguage\":\"vi-VN\",\"potentialAction\":[{\"@type\":\"ReadAction\",\"target\":[\"https:\\\/\\\/tandoorvietnam.com\\\/vi\\\/sanpham\\\/ruou-manh\\\/jose-cuervo\\\/\"]}]},{\"@type\":\"BreadcrumbList\",\"@id\":\"https:\\\/\\\/tandoorvietnam.com\\\/vi\\\/sanpham\\\/ruou-manh\\\/jose-cuervo\\\/#breadcrumb\",\"itemListElement\":[{\"@type\":\"ListItem\",\"position\":1,\"name\":\"Trang Ch\u1ee7\",\"item\":\"https:\\\/\\\/tandoorvietnam.com\\\/vi\\\/\"},{\"@type\":\"ListItem\",\"position\":2,\"name\":\"Shop\",\"item\":\"https:\\\/\\\/tandoorvietnam.com\\\/shop\\\/\"},{\"@type\":\"ListItem\",\"position\":3,\"name\":\"Jose Cuervo\"}]},{\"@type\":\"WebSite\",\"@id\":\"https:\\\/\\\/tandoorvietnam.com\\\/vi\\\/#website\",\"url\":\"https:\\\/\\\/tandoorvietnam.com\\\/vi\\\/\",\"name\":\"Tandoor Vietnam\",\"description\":\"Nh\u00e0 h\u00e0ng ngon h\u1ed3 ch\u00ed minh\",\"publisher\":{\"@id\":\"https:\\\/\\\/tandoorvietnam.com\\\/vi\\\/#organization\"},\"potentialAction\":[{\"@type\":\"SearchAction\",\"target\":{\"@type\":\"EntryPoint\",\"urlTemplate\":\"https:\\\/\\\/tandoorvietnam.com\\\/vi\\\/?s={search_term_string}\"},\"query-input\":{\"@type\":\"PropertyValueSpecification\",\"valueRequired\":true,\"valueName\":\"search_term_string\"}}],\"inLanguage\":\"vi-VN\"},{\"@type\":\"Organization\",\"@id\":\"https:\\\/\\\/tandoorvietnam.com\\\/vi\\\/#organization\",\"name\":\"Tandoor Vietnam\",\"url\":\"https:\\\/\\\/tandoorvietnam.com\\\/vi\\\/\",\"logo\":{\"@type\":\"ImageObject\",\"inLanguage\":\"vi-VN\",\"@id\":\"https:\\\/\\\/tandoorvietnam.com\\\/vi\\\/#\\\/schema\\\/logo\\\/image\\\/\",\"url\":\"https:\\\/\\\/tandoorvietnam.com\\\/wp-content\\\/uploads\\\/2020\\\/07\\\/logo.png\",\"contentUrl\":\"https:\\\/\\\/tandoorvietnam.com\\\/wp-content\\\/uploads\\\/2020\\\/07\\\/logo.png\",\"width\":133,\"height\":75,\"caption\":\"Tandoor Vietnam\"},\"image\":{\"@id\":\"https:\\\/\\\/tandoorvietnam.com\\\/vi\\\/#\\\/schema\\\/logo\\\/image\\\/\"},\"sameAs\":[\"https:\\\/\\\/www.facebook.com\\\/tandoor.hcmc\\\/\"]}]}<\/script>\n<!-- \/ Yoast SEO Premium plugin. -->","yoast_head_json":{"title":"Jose Cuervo - Tandoor Vi\u1ec7t Nam","description":"H\u00e3y kh\u00e1m ph\u00e1 th\u1ebf gi\u1edbi r\u01b0\u1ee3u Tequila v\u1edbi Jose Cuervo, th\u01b0\u01a1ng hi\u1ec7u uy t\u00edn v\u00e0 n\u1ed5i ti\u1ebfng c\u1ee7a Mexico, t\u1ea1i nh\u00e0 h\u00e0ng Tandoor Vietnam.","robots":{"index":"index","follow":"follow","max-snippet":"max-snippet:-1","max-image-preview":"max-image-preview:large","max-video-preview":"max-video-preview:-1"},"canonical":"https:\/\/tandoorvietnam.com\/vi\/sanpham\/ruou-manh\/jose-cuervo\/","og_locale":"vi_VN","og_type":"article","og_title":"Jose Cuervo","og_description":"H\u00e3y kh\u00e1m ph\u00e1 th\u1ebf gi\u1edbi r\u01b0\u1ee3u Tequila v\u1edbi Jose Cuervo, th\u01b0\u01a1ng hi\u1ec7u uy t\u00edn v\u00e0 n\u1ed5i ti\u1ebfng c\u1ee7a Mexico, t\u1ea1i nh\u00e0 h\u00e0ng Tandoor Vietnam.","og_url":"https:\/\/tandoorvietnam.com\/vi\/sanpham\/ruou-manh\/jose-cuervo\/","og_site_name":"Tandoor Vi\u1ec7t Nam","article_publisher":"https:\/\/www.facebook.com\/tandoor.hcmc\/","article_modified_time":"2023-05-08T10:29:29+00:00","og_image":[{"width":1200,"height":630,"url":"https:\/\/tandoorvietnam.com\/wp-content\/uploads\/2020\/07\/opengraph.jpg","type":"image\/jpeg"}],"twitter_card":"summary_large_image","twitter_misc":{"Est. reading time":"2 minutes"},"schema":{"@context":"https:\/\/schema.org","@graph":[{"@type":"WebPage","@id":"https:\/\/tandoorvietnam.com\/vi\/sanpham\/ruou-manh\/jose-cuervo\/","url":"https:\/\/tandoorvietnam.com\/vi\/sanpham\/ruou-manh\/jose-cuervo\/","name":"Jose Cuervo - Tandoor Vi\u1ec7t Nam","isPartOf":{"@id":"https:\/\/tandoorvietnam.com\/vi\/#website"},"datePublished":"2021-04-26T03:57:09+00:00","dateModified":"2023-05-08T10:29:29+00:00","description":"H\u00e3y kh\u00e1m ph\u00e1 th\u1ebf gi\u1edbi r\u01b0\u1ee3u Tequila v\u1edbi Jose Cuervo, th\u01b0\u01a1ng hi\u1ec7u uy t\u00edn v\u00e0 n\u1ed5i ti\u1ebfng c\u1ee7a Mexico, t\u1ea1i nh\u00e0 h\u00e0ng Tandoor Vietnam.","breadcrumb":{"@id":"https:\/\/tandoorvietnam.com\/vi\/sanpham\/ruou-manh\/jose-cuervo\/#breadcrumb"},"inLanguage":"vi-VN","potentialAction":[{"@type":"ReadAction","target":["https:\/\/tandoorvietnam.com\/vi\/sanpham\/ruou-manh\/jose-cuervo\/"]}]},{"@type":"BreadcrumbList","@id":"https:\/\/tandoorvietnam.com\/vi\/sanpham\/ruou-manh\/jose-cuervo\/#breadcrumb","itemListElement":[{"@type":"ListItem","position":1,"name":"Trang Ch\u1ee7","item":"https:\/\/tandoorvietnam.com\/vi\/"},{"@type":"ListItem","position":2,"name":"Shop","item":"https:\/\/tandoorvietnam.com\/shop\/"},{"@type":"ListItem","position":3,"name":"Jose Cuervo"}]},{"@type":"WebSite","@id":"https:\/\/tandoorvietnam.com\/vi\/#website","url":"https:\/\/tandoorvietnam.com\/vi\/","name":"Tandoor Vietnam","description":"Nh\u00e0 h\u00e0ng ngon h\u1ed3 ch\u00ed minh","publisher":{"@id":"https:\/\/tandoorvietnam.com\/vi\/#organization"},"potentialAction":[{"@type":"SearchAction","target":{"@type":"EntryPoint","urlTemplate":"https:\/\/tandoorvietnam.com\/vi\/?s={search_term_string}"},"query-input":{"@type":"PropertyValueSpecification","valueRequired":true,"valueName":"search_term_string"}}],"inLanguage":"vi-VN"},{"@type":"Organization","@id":"https:\/\/tandoorvietnam.com\/vi\/#organization","name":"Tandoor Vietnam","url":"https:\/\/tandoorvietnam.com\/vi\/","logo":{"@type":"ImageObject","inLanguage":"vi-VN","@id":"https:\/\/tandoorvietnam.com\/vi\/#\/schema\/logo\/image\/","url":"https:\/\/tandoorvietnam.com\/wp-content\/uploads\/2020\/07\/logo.png","contentUrl":"https:\/\/tandoorvietnam.com\/wp-content\/uploads\/2020\/07\/logo.png","width":133,"height":75,"caption":"Tandoor Vietnam"},"image":{"@id":"https:\/\/tandoorvietnam.com\/vi\/#\/schema\/logo\/image\/"},"sameAs":["https:\/\/www.facebook.com\/tandoor.hcmc\/"]}]}},"_links":{"self":[{"href":"https:\/\/tandoorvietnam.com\/vi\/wp-json\/wp\/v2\/product\/3752","targetHints":{"allow":["GET"]}}],"collection":[{"href":"https:\/\/tandoorvietnam.com\/vi\/wp-json\/wp\/v2\/product"}],"about":[{"href":"https:\/\/tandoorvietnam.com\/vi\/wp-json\/wp\/v2\/types\/product"}],"wp:attachment":[{"href":"https:\/\/tandoorvietnam.com\/vi\/wp-json\/wp\/v2\/media?parent=3752"}],"wp:term":[{"taxonomy":"product_brand","embeddable":true,"href":"https:\/\/tandoorvietnam.com\/vi\/wp-json\/wp\/v2\/product_brand?post=3752"},{"taxonomy":"product_cat","embeddable":true,"href":"https:\/\/tandoorvietnam.com\/vi\/wp-json\/wp\/v2\/product_cat?post=3752"},{"taxonomy":"product_tag","embeddable":true,"href":"https:\/\/tandoorvietnam.com\/vi\/wp-json\/wp\/v2\/product_tag?post=3752"}],"curies":[{"name":"wp","href":"https:\/\/api.w.org\/{rel}","templated":true}]}}