{"id":3754,"date":"2020-06-26T11:12:11","date_gmt":"2021-04-26T03:57:37","guid":{"rendered":"http:\/\/tandoorvietnam.com\/product\/uncategorized\/martini-extra-dry\/"},"modified":"2023-05-19T17:29:37","modified_gmt":"2023-05-19T17:29:37","slug":"martini-extra-dry","status":"publish","type":"product","link":"https:\/\/tandoorvietnam.com\/vi\/sanpham\/ruou-manh\/martini-extra-dry\/","title":{"rendered":"Martini extra dry"},"content":{"rendered":"<p>Martini Extra Dry l\u00e0 m\u1ed9t trong nh\u1eefng lo\u1ea1i r\u01b0\u1ee3u vang n\u1ed5i ti\u1ebfng c\u1ee7a th\u01b0\u01a1ng hi\u1ec7u Martini. V\u1edbi h\u01b0\u01a1ng v\u1ecb tuy\u1ec7t h\u1ea3o v\u00e0 \u0111\u1eb3ng c\u1ea5p, n\u00f3 mang \u0111\u1ebfn tr\u1ea3i nghi\u1ec7m th\u01b0\u1ee3ng h\u1ea1ng cho nh\u1eefng ng\u01b0\u1eddi y\u00eau th\u00edch r\u01b0\u1ee3u vang.<\/p>\n<p>Lo\u1ea1i r\u01b0\u1ee3u vang cao c\u1ea5p \u0111\u01b0\u1ee3c t\u1ea1o ra t\u1eeb s\u1ef1 pha tr\u1ed9n \u0111\u1ed9c \u0111\u00e1o c\u1ee7a c\u00e1c th\u00e0nh ph\u1ea7n ch\u1ee7 y\u1ebfu nh\u01b0 r\u01b0\u1ee3u vang tr\u1eafng, th\u1ea3o m\u1ed9c v\u00e0 c\u00e1c lo\u1ea1i gia v\u1ecb tinh t\u1ebf. K\u1ebft h\u1ee3p c\u00f9ng qu\u00e1 tr\u00ecnh ch\u1ebf bi\u1ebfn tinh t\u1ebf v\u00e0 b\u00ed quy\u1ebft truy\u1ec1n th\u1ed1ng c\u1ee7a Martini, s\u1ea3n ph\u1ea9m \u0111\u1ea1t \u0111\u01b0\u1ee3c s\u1ef1 c\u00e2n \u0111\u1ed1i ho\u00e0n h\u1ea3o gi\u1eefa \u0111\u1ed9 kh\u00f4 v\u00e0 h\u01b0\u01a1ng v\u1ecb.<\/p>\n<p>V\u1edbi m\u00e0u s\u1eafc trong su\u1ed1t v\u00e0 h\u01b0\u01a1ng th\u01a1m t\u01b0\u01a1i m\u00e1t, Lo\u1ea1i r\u01b0\u1ee3u vang cao c\u1ea5p l\u00e0 l\u1ef1a ch\u1ecdn ho\u00e0n h\u1ea3o \u0111\u1ec3 th\u01b0\u1edfng th\u1ee9c m\u1ed9t ly cocktail tinh t\u1ebf v\u00e0 \u0111\u1ed9c \u0111\u00e1o. H\u01b0\u01a1ng v\u1ecb \u0111\u1eafng nh\u1eb9 c\u00f9ng v\u1ecb chua m\u00e1t, h\u00f2a quy\u1ec7n c\u00f9ng h\u01b0\u01a1ng th\u01a1m c\u1ee7a c\u00e2y ng\u1ecdt, t\u1ea1o n\u00ean m\u1ed9t tr\u1ea3i nghi\u1ec7m tuy\u1ec7t v\u1eddi tr\u00ean \u0111\u1ea7u l\u01b0\u1ee1i.<\/p>\n<p>T\u1ea1i <a href=\"https:\/\/tandoorvietnam.com\/\">nh\u00e0 h\u00e0ng Tandoor Vietnam<\/a>, ch\u00fang t\u00f4i t\u1ef1 h\u00e0o l\u00e0 \u0111\u1ecba \u0111i\u1ec3m mang \u0111\u1ebfn cho b\u1ea1n nh\u1eefng lo\u1ea1i r\u01b0\u1ee3u vang cao c\u1ea5p nh\u01b0 Martini Extra Dry. Ch\u00fang t\u00f4i cam k\u1ebft cung c\u1ea5p s\u1ea3n ph\u1ea9m ch\u1ea5t l\u01b0\u1ee3ng v\u00e0 \u0111\u00fang chu\u1ea9n, \u0111\u1ec3 b\u1ea1n c\u00f3 th\u1ec3 t\u1eadn h\u01b0\u1edfng h\u01b0\u01a1ng v\u1ecb tuy\u1ec7t v\u1eddi c\u1ee7a r\u01b0\u1ee3u Martini Extra Dry.<\/p>\n<p>H\u00e3y th\u01b0\u1edfng th\u1ee9c Lo\u1ea1i r\u01b0\u1ee3u vang cao c\u1ea5p trong nh\u1eefng d\u1ecbp \u0111\u1eb7c bi\u1ec7t, bu\u1ed5i h\u1eb9n h\u00f2 ho\u1eb7c g\u1eb7p g\u1ee1 b\u1ea1n b\u00e8. V\u1edbi m\u00e0u s\u1eafc quy\u1ebfn r\u0169 v\u00e0 h\u01b0\u01a1ng v\u1ecb \u0111\u1ed9c \u0111\u00e1o, n\u00f3 s\u1ebd mang \u0111\u1ebfn s\u1ef1 sang tr\u1ecdng v\u00e0 th\u0103ng hoa cho b\u1eefa ti\u1ec7c c\u1ee7a b\u1ea1n. Tandoor Vietnam t\u1ef1 h\u00e0o \u0111\u01b0\u1ee3c l\u00e0m phong ph\u00fa th\u00eam tr\u1ea3i nghi\u1ec7m \u1ea9m th\u1ef1c c\u1ee7a b\u1ea1n v\u1edbi Martini Extra Dry.<\/p>\n","protected":false},"excerpt":{"rendered":"<p>Martini Extra Dry l\u00e0 m\u1ed9t trong nh\u1eefng lo\u1ea1i r\u01b0\u1ee3u vang n\u1ed5i ti\u1ebfng c\u1ee7a th\u01b0\u01a1ng hi\u1ec7u Martini. V\u1edbi h\u01b0\u01a1ng v\u1ecb tuy\u1ec7t h\u1ea3o v\u00e0 \u0111\u1eb3ng c\u1ea5p, n\u00f3 mang \u0111\u1ebfn tr\u1ea3i nghi\u1ec7m th\u01b0\u1ee3ng h\u1ea1ng cho nh\u1eefng ng\u01b0\u1eddi y\u00eau th\u00edch r\u01b0\u1ee3u vang. Lo\u1ea1i r\u01b0\u1ee3u vang cao c\u1ea5p \u0111\u01b0\u1ee3c t\u1ea1o ra t\u1eeb s\u1ef1 pha tr\u1ed9n \u0111\u1ed9c \u0111\u00e1o c\u1ee7a c\u00e1c th\u00e0nh [&hellip;]<\/p>\n","protected":false},"featured_media":0,"template":"","meta":[],"product_brand":[],"product_cat":[233],"product_tag":[],"class_list":{"0":"post-3754","1":"product","2":"type-product","3":"status-publish","5":"product_cat-ruou-manh","7":"first","8":"instock","9":"taxable","10":"shipping-taxable","11":"purchasable","12":"product-type-simple"},"yoast_head":"<!-- This site is optimized with the Yoast SEO Premium plugin v22.3 (Yoast SEO v27.6) - https:\/\/yoast.com\/product\/yoast-seo-premium-wordpress\/ -->\n<title>Martini extra dry - Tandoor Vi\u1ec7t Nam<\/title>\n<meta name=\"description\" content=\"Martini Extra Dry - H\u01b0\u01a1ng v\u1ecb tuy\u1ec7t h\u1ea3o c\u1ee7a r\u01b0\u1ee3u Martini Extra Dry mang \u0111\u1ebfn tr\u1ea3i nghi\u1ec7m th\u01b0\u1ee3ng h\u1ea1ng t\u1ea1i nh\u00e0 h\u00e0ng Tandoor Vietnam.\" \/>\n<meta name=\"robots\" content=\"index, follow, max-snippet:-1, max-image-preview:large, max-video-preview:-1\" \/>\n<link rel=\"canonical\" href=\"https:\/\/tandoorvietnam.com\/vi\/sanpham\/ruou-manh\/martini-extra-dry\/\" \/>\n<meta property=\"og:locale\" content=\"vi_VN\" \/>\n<meta property=\"og:type\" content=\"article\" \/>\n<meta property=\"og:title\" content=\"Martini extra dry\" \/>\n<meta property=\"og:description\" content=\"Martini Extra Dry - H\u01b0\u01a1ng v\u1ecb tuy\u1ec7t h\u1ea3o c\u1ee7a r\u01b0\u1ee3u Martini Extra Dry mang \u0111\u1ebfn tr\u1ea3i nghi\u1ec7m th\u01b0\u1ee3ng h\u1ea1ng t\u1ea1i nh\u00e0 h\u00e0ng Tandoor Vietnam.\" \/>\n<meta property=\"og:url\" content=\"https:\/\/tandoorvietnam.com\/vi\/sanpham\/ruou-manh\/martini-extra-dry\/\" \/>\n<meta property=\"og:site_name\" content=\"Tandoor Vi\u1ec7t Nam\" \/>\n<meta property=\"article:publisher\" content=\"https:\/\/www.facebook.com\/tandoor.hcmc\/\" \/>\n<meta property=\"article:modified_time\" content=\"2023-05-19T17:29:37+00:00\" \/>\n<meta property=\"og:image\" content=\"https:\/\/tandoorvietnam.com\/wp-content\/uploads\/2020\/07\/opengraph.jpg\" \/>\n\t<meta property=\"og:image:width\" content=\"1200\" \/>\n\t<meta property=\"og:image:height\" content=\"630\" \/>\n\t<meta property=\"og:image:type\" content=\"image\/jpeg\" \/>\n<meta name=\"twitter:card\" content=\"summary_large_image\" \/>\n<meta name=\"twitter:label1\" content=\"Est. reading time\" \/>\n\t<meta name=\"twitter:data1\" content=\"2 minutes\" \/>\n<script type=\"application\/ld+json\" class=\"yoast-schema-graph\">{\"@context\":\"https:\\\/\\\/schema.org\",\"@graph\":[{\"@type\":\"WebPage\",\"@id\":\"https:\\\/\\\/tandoorvietnam.com\\\/vi\\\/sanpham\\\/ruou-manh\\\/martini-extra-dry\\\/\",\"url\":\"https:\\\/\\\/tandoorvietnam.com\\\/vi\\\/sanpham\\\/ruou-manh\\\/martini-extra-dry\\\/\",\"name\":\"Martini extra dry - Tandoor Vi\u1ec7t Nam\",\"isPartOf\":{\"@id\":\"https:\\\/\\\/tandoorvietnam.com\\\/vi\\\/#website\"},\"datePublished\":\"2021-04-26T03:57:37+00:00\",\"dateModified\":\"2023-05-19T17:29:37+00:00\",\"description\":\"Martini Extra Dry - H\u01b0\u01a1ng v\u1ecb tuy\u1ec7t h\u1ea3o c\u1ee7a r\u01b0\u1ee3u Martini Extra Dry mang \u0111\u1ebfn tr\u1ea3i nghi\u1ec7m th\u01b0\u1ee3ng h\u1ea1ng t\u1ea1i nh\u00e0 h\u00e0ng Tandoor Vietnam.\",\"breadcrumb\":{\"@id\":\"https:\\\/\\\/tandoorvietnam.com\\\/vi\\\/sanpham\\\/ruou-manh\\\/martini-extra-dry\\\/#breadcrumb\"},\"inLanguage\":\"vi-VN\",\"potentialAction\":[{\"@type\":\"ReadAction\",\"target\":[\"https:\\\/\\\/tandoorvietnam.com\\\/vi\\\/sanpham\\\/ruou-manh\\\/martini-extra-dry\\\/\"]}]},{\"@type\":\"BreadcrumbList\",\"@id\":\"https:\\\/\\\/tandoorvietnam.com\\\/vi\\\/sanpham\\\/ruou-manh\\\/martini-extra-dry\\\/#breadcrumb\",\"itemListElement\":[{\"@type\":\"ListItem\",\"position\":1,\"name\":\"Trang Ch\u1ee7\",\"item\":\"https:\\\/\\\/tandoorvietnam.com\\\/vi\\\/\"},{\"@type\":\"ListItem\",\"position\":2,\"name\":\"Shop\",\"item\":\"https:\\\/\\\/tandoorvietnam.com\\\/shop\\\/\"},{\"@type\":\"ListItem\",\"position\":3,\"name\":\"Martini extra dry\"}]},{\"@type\":\"WebSite\",\"@id\":\"https:\\\/\\\/tandoorvietnam.com\\\/vi\\\/#website\",\"url\":\"https:\\\/\\\/tandoorvietnam.com\\\/vi\\\/\",\"name\":\"Tandoor Vietnam\",\"description\":\"Nh\u00e0 h\u00e0ng ngon h\u1ed3 ch\u00ed minh\",\"publisher\":{\"@id\":\"https:\\\/\\\/tandoorvietnam.com\\\/vi\\\/#organization\"},\"potentialAction\":[{\"@type\":\"SearchAction\",\"target\":{\"@type\":\"EntryPoint\",\"urlTemplate\":\"https:\\\/\\\/tandoorvietnam.com\\\/vi\\\/?s={search_term_string}\"},\"query-input\":{\"@type\":\"PropertyValueSpecification\",\"valueRequired\":true,\"valueName\":\"search_term_string\"}}],\"inLanguage\":\"vi-VN\"},{\"@type\":\"Organization\",\"@id\":\"https:\\\/\\\/tandoorvietnam.com\\\/vi\\\/#organization\",\"name\":\"Tandoor Vietnam\",\"url\":\"https:\\\/\\\/tandoorvietnam.com\\\/vi\\\/\",\"logo\":{\"@type\":\"ImageObject\",\"inLanguage\":\"vi-VN\",\"@id\":\"https:\\\/\\\/tandoorvietnam.com\\\/vi\\\/#\\\/schema\\\/logo\\\/image\\\/\",\"url\":\"https:\\\/\\\/tandoorvietnam.com\\\/wp-content\\\/uploads\\\/2020\\\/07\\\/logo.png\",\"contentUrl\":\"https:\\\/\\\/tandoorvietnam.com\\\/wp-content\\\/uploads\\\/2020\\\/07\\\/logo.png\",\"width\":133,\"height\":75,\"caption\":\"Tandoor Vietnam\"},\"image\":{\"@id\":\"https:\\\/\\\/tandoorvietnam.com\\\/vi\\\/#\\\/schema\\\/logo\\\/image\\\/\"},\"sameAs\":[\"https:\\\/\\\/www.facebook.com\\\/tandoor.hcmc\\\/\"]}]}<\/script>\n<!-- \/ Yoast SEO Premium plugin. -->","yoast_head_json":{"title":"Martini extra dry - Tandoor Vi\u1ec7t Nam","description":"Martini Extra Dry - H\u01b0\u01a1ng v\u1ecb tuy\u1ec7t h\u1ea3o c\u1ee7a r\u01b0\u1ee3u Martini Extra Dry mang \u0111\u1ebfn tr\u1ea3i nghi\u1ec7m th\u01b0\u1ee3ng h\u1ea1ng t\u1ea1i nh\u00e0 h\u00e0ng Tandoor Vietnam.","robots":{"index":"index","follow":"follow","max-snippet":"max-snippet:-1","max-image-preview":"max-image-preview:large","max-video-preview":"max-video-preview:-1"},"canonical":"https:\/\/tandoorvietnam.com\/vi\/sanpham\/ruou-manh\/martini-extra-dry\/","og_locale":"vi_VN","og_type":"article","og_title":"Martini extra dry","og_description":"Martini Extra Dry - H\u01b0\u01a1ng v\u1ecb tuy\u1ec7t h\u1ea3o c\u1ee7a r\u01b0\u1ee3u Martini Extra Dry mang \u0111\u1ebfn tr\u1ea3i nghi\u1ec7m th\u01b0\u1ee3ng h\u1ea1ng t\u1ea1i nh\u00e0 h\u00e0ng Tandoor Vietnam.","og_url":"https:\/\/tandoorvietnam.com\/vi\/sanpham\/ruou-manh\/martini-extra-dry\/","og_site_name":"Tandoor Vi\u1ec7t Nam","article_publisher":"https:\/\/www.facebook.com\/tandoor.hcmc\/","article_modified_time":"2023-05-19T17:29:37+00:00","og_image":[{"width":1200,"height":630,"url":"https:\/\/tandoorvietnam.com\/wp-content\/uploads\/2020\/07\/opengraph.jpg","type":"image\/jpeg"}],"twitter_card":"summary_large_image","twitter_misc":{"Est. reading time":"2 minutes"},"schema":{"@context":"https:\/\/schema.org","@graph":[{"@type":"WebPage","@id":"https:\/\/tandoorvietnam.com\/vi\/sanpham\/ruou-manh\/martini-extra-dry\/","url":"https:\/\/tandoorvietnam.com\/vi\/sanpham\/ruou-manh\/martini-extra-dry\/","name":"Martini extra dry - Tandoor Vi\u1ec7t Nam","isPartOf":{"@id":"https:\/\/tandoorvietnam.com\/vi\/#website"},"datePublished":"2021-04-26T03:57:37+00:00","dateModified":"2023-05-19T17:29:37+00:00","description":"Martini Extra Dry - H\u01b0\u01a1ng v\u1ecb tuy\u1ec7t h\u1ea3o c\u1ee7a r\u01b0\u1ee3u Martini Extra Dry mang \u0111\u1ebfn tr\u1ea3i nghi\u1ec7m th\u01b0\u1ee3ng h\u1ea1ng t\u1ea1i nh\u00e0 h\u00e0ng Tandoor Vietnam.","breadcrumb":{"@id":"https:\/\/tandoorvietnam.com\/vi\/sanpham\/ruou-manh\/martini-extra-dry\/#breadcrumb"},"inLanguage":"vi-VN","potentialAction":[{"@type":"ReadAction","target":["https:\/\/tandoorvietnam.com\/vi\/sanpham\/ruou-manh\/martini-extra-dry\/"]}]},{"@type":"BreadcrumbList","@id":"https:\/\/tandoorvietnam.com\/vi\/sanpham\/ruou-manh\/martini-extra-dry\/#breadcrumb","itemListElement":[{"@type":"ListItem","position":1,"name":"Trang Ch\u1ee7","item":"https:\/\/tandoorvietnam.com\/vi\/"},{"@type":"ListItem","position":2,"name":"Shop","item":"https:\/\/tandoorvietnam.com\/shop\/"},{"@type":"ListItem","position":3,"name":"Martini extra dry"}]},{"@type":"WebSite","@id":"https:\/\/tandoorvietnam.com\/vi\/#website","url":"https:\/\/tandoorvietnam.com\/vi\/","name":"Tandoor Vietnam","description":"Nh\u00e0 h\u00e0ng ngon h\u1ed3 ch\u00ed minh","publisher":{"@id":"https:\/\/tandoorvietnam.com\/vi\/#organization"},"potentialAction":[{"@type":"SearchAction","target":{"@type":"EntryPoint","urlTemplate":"https:\/\/tandoorvietnam.com\/vi\/?s={search_term_string}"},"query-input":{"@type":"PropertyValueSpecification","valueRequired":true,"valueName":"search_term_string"}}],"inLanguage":"vi-VN"},{"@type":"Organization","@id":"https:\/\/tandoorvietnam.com\/vi\/#organization","name":"Tandoor Vietnam","url":"https:\/\/tandoorvietnam.com\/vi\/","logo":{"@type":"ImageObject","inLanguage":"vi-VN","@id":"https:\/\/tandoorvietnam.com\/vi\/#\/schema\/logo\/image\/","url":"https:\/\/tandoorvietnam.com\/wp-content\/uploads\/2020\/07\/logo.png","contentUrl":"https:\/\/tandoorvietnam.com\/wp-content\/uploads\/2020\/07\/logo.png","width":133,"height":75,"caption":"Tandoor Vietnam"},"image":{"@id":"https:\/\/tandoorvietnam.com\/vi\/#\/schema\/logo\/image\/"},"sameAs":["https:\/\/www.facebook.com\/tandoor.hcmc\/"]}]}},"_links":{"self":[{"href":"https:\/\/tandoorvietnam.com\/vi\/wp-json\/wp\/v2\/product\/3754","targetHints":{"allow":["GET"]}}],"collection":[{"href":"https:\/\/tandoorvietnam.com\/vi\/wp-json\/wp\/v2\/product"}],"about":[{"href":"https:\/\/tandoorvietnam.com\/vi\/wp-json\/wp\/v2\/types\/product"}],"wp:attachment":[{"href":"https:\/\/tandoorvietnam.com\/vi\/wp-json\/wp\/v2\/media?parent=3754"}],"wp:term":[{"taxonomy":"product_brand","embeddable":true,"href":"https:\/\/tandoorvietnam.com\/vi\/wp-json\/wp\/v2\/product_brand?post=3754"},{"taxonomy":"product_cat","embeddable":true,"href":"https:\/\/tandoorvietnam.com\/vi\/wp-json\/wp\/v2\/product_cat?post=3754"},{"taxonomy":"product_tag","embeddable":true,"href":"https:\/\/tandoorvietnam.com\/vi\/wp-json\/wp\/v2\/product_tag?post=3754"}],"curies":[{"name":"wp","href":"https:\/\/api.w.org\/{rel}","templated":true}]}}