{"id":3755,"date":"2020-06-26T11:09:56","date_gmt":"2021-04-26T03:57:43","guid":{"rendered":"http:\/\/tandoorvietnam.com\/product\/uncategorized\/pernod-ricard\/"},"modified":"2023-05-14T15:23:23","modified_gmt":"2023-05-14T15:23:23","slug":"pernod-ricard","status":"publish","type":"product","link":"https:\/\/tandoorvietnam.com\/vi\/sanpham\/ruou-manh\/pernod-ricard\/","title":{"rendered":"Pernod Ricard"},"content":{"rendered":"<p>Pernod Ricard l\u00e0 m\u1ed9t lo\u1ea1i r\u01b0\u1ee3u m\u1ea1nh c\u00f3 ngu\u1ed3n g\u1ed1c t\u1eeb Ph\u00e1p, \u0111\u01b0\u1ee3c s\u1ea3n xu\u1ea5t b\u1edfi Pernod Ricard SA. R\u01b0\u1ee3u \u0111\u01b0\u1ee3c pha tr\u1ed9n t\u1eeb c\u00e1c lo\u1ea1i th\u1ea3o m\u1ed9c t\u1ef1 nhi\u00ean v\u00e0 gia v\u1ecb \u0111\u1eb7c tr\u01b0ng, k\u1ebft h\u1ee3p v\u1edbi n\u01b0\u1edbc u\u1ed1ng \u0111\u1ec3 t\u1ea1o ra h\u01b0\u01a1ng v\u1ecb \u0111\u1ed9c \u0111\u00e1o v\u00e0 tinh t\u1ebf.<\/p>\n<p>Pernod Ricard \u0111\u01b0\u1ee3c \u01b0a chu\u1ed9ng b\u1edfi nh\u1eefng ng\u01b0\u1eddi y\u00eau th\u00edch r\u01b0\u1ee3u m\u1ea1nh v\u00e0 tinh t\u1ebf. H\u01b0\u01a1ng v\u1ecb \u0111\u1eb7c tr\u01b0ng c\u1ee7a lo\u1ea1i r\u01b0\u1ee3u n\u00e0y b\u1eaft \u0111\u1ea7u v\u1edbi m\u1ed9t h\u01b0\u01a1ng th\u01a1m m\u1ea1nh m\u1ebd c\u1ee7a anh \u0111\u00e0o v\u00e0 gia v\u1ecb, \u0111\u1ed3ng th\u1eddi c\u00f3 m\u1ed9t ch\u00fat v\u1ecb \u0111\u1eafng c\u1ee7a c\u00e2y ng\u1ea3i \u0111\u1eafng. Khi th\u01b0\u1edfng th\u1ee9c, b\u1ea1n s\u1ebd c\u1ea3m nh\u1eadn \u0111\u01b0\u1ee3c v\u1ecb cay c\u1ee7a r\u01b0\u1ee3u v\u00e0 h\u01b0\u01a1ng th\u01a1m c\u1ee7a c\u00e1c lo\u1ea1i th\u1ea3o m\u1ed9c t\u1ef1 nhi\u00ean, t\u1ea1o n\u00ean s\u1ef1 c\u00e2n b\u1eb1ng ho\u00e0n h\u1ea3o v\u00e0 tinh t\u1ebf.<\/p>\n<p>Pernod Ricard l\u00e0 m\u1ed9t l\u1ef1a ch\u1ecdn tuy\u1ec7t v\u1eddi cho nh\u1eefng d\u1ecbp ti\u1ec7c t\u00f9ng, t\u1ee5 h\u1ecdp c\u00f9ng b\u1ea1n b\u00e8 ho\u1eb7c th\u01b0\u1edfng th\u1ee9c m\u1ed9t b\u1eefa \u0103n \u0111\u1ea7y \u0111\u1ee7. \u0110\u1ec3 c\u00f3 tr\u1ea3i nghi\u1ec7m th\u01b0\u1edfng th\u1ee9c \u0111\u1ea7y tinh t\u1ebf, h\u00e3y th\u1eed k\u1ebft h\u1ee3p v\u1edbi \u0111\u00e1 ho\u1eb7c n\u01b0\u1edbc \u0111\u01b0\u1eddng v\u00e0 th\u01b0\u1edfng th\u1ee9c trong kh\u00f4ng gian tho\u1ea3i m\u00e1i v\u00e0 sang tr\u1ecdng t\u1ea1i <a href=\"https:\/\/tandoorvietnam.com\/\">nh\u00e0 h\u00e0ng \u1ea4n \u0110\u1ed9 Tandoor<\/a>.<\/p>\n","protected":false},"excerpt":{"rendered":"<p>Pernod Ricard l\u00e0 m\u1ed9t lo\u1ea1i r\u01b0\u1ee3u m\u1ea1nh c\u00f3 ngu\u1ed3n g\u1ed1c t\u1eeb Ph\u00e1p, \u0111\u01b0\u1ee3c s\u1ea3n xu\u1ea5t b\u1edfi Pernod Ricard SA. R\u01b0\u1ee3u \u0111\u01b0\u1ee3c pha tr\u1ed9n t\u1eeb c\u00e1c lo\u1ea1i th\u1ea3o m\u1ed9c t\u1ef1 nhi\u00ean v\u00e0 gia v\u1ecb \u0111\u1eb7c tr\u01b0ng, k\u1ebft h\u1ee3p v\u1edbi n\u01b0\u1edbc u\u1ed1ng \u0111\u1ec3 t\u1ea1o ra h\u01b0\u01a1ng v\u1ecb \u0111\u1ed9c \u0111\u00e1o v\u00e0 tinh t\u1ebf. Pernod Ricard \u0111\u01b0\u1ee3c \u01b0a chu\u1ed9ng [&hellip;]<\/p>\n","protected":false},"featured_media":0,"template":"","meta":[],"product_brand":[],"product_cat":[233],"product_tag":[],"class_list":{"0":"post-3755","1":"product","2":"type-product","3":"status-publish","5":"product_cat-ruou-manh","7":"first","8":"instock","9":"taxable","10":"shipping-taxable","11":"purchasable","12":"product-type-simple"},"yoast_head":"<!-- This site is optimized with the Yoast SEO Premium plugin v22.3 (Yoast SEO v27.6) - https:\/\/yoast.com\/product\/yoast-seo-premium-wordpress\/ -->\n<title>Pernod Ricard - Tandoor Vi\u1ec7t Nam<\/title>\n<meta name=\"description\" content=\"Kh\u00e1m ph\u00e1 h\u01b0\u01a1ng v\u1ecb \u0111\u1ed9c \u0111\u00e1o c\u1ee7a Pernod Ricard - m\u1ed9t lo\u1ea1i r\u01b0\u1ee3u m\u1ea1nh t\u1eeb Ph\u00e1p \u0111\u01b0\u1ee3c s\u1ea3n xu\u1ea5t t\u1eeb c\u00e1c lo\u1ea1i th\u1ea3o m\u1ed9c t\u1ef1 nhi\u00ean v\u00e0 gia v\u1ecb \u0111\u1eb7c tr\u01b0ng.\" \/>\n<meta name=\"robots\" content=\"index, follow, max-snippet:-1, max-image-preview:large, max-video-preview:-1\" \/>\n<link rel=\"canonical\" href=\"https:\/\/tandoorvietnam.com\/vi\/sanpham\/ruou-manh\/pernod-ricard\/\" \/>\n<meta property=\"og:locale\" content=\"vi_VN\" \/>\n<meta property=\"og:type\" content=\"article\" \/>\n<meta property=\"og:title\" content=\"Pernod Ricard\" \/>\n<meta property=\"og:description\" content=\"Kh\u00e1m ph\u00e1 h\u01b0\u01a1ng v\u1ecb \u0111\u1ed9c \u0111\u00e1o c\u1ee7a Pernod Ricard - m\u1ed9t lo\u1ea1i r\u01b0\u1ee3u m\u1ea1nh t\u1eeb Ph\u00e1p \u0111\u01b0\u1ee3c s\u1ea3n xu\u1ea5t t\u1eeb c\u00e1c lo\u1ea1i th\u1ea3o m\u1ed9c t\u1ef1 nhi\u00ean v\u00e0 gia v\u1ecb \u0111\u1eb7c tr\u01b0ng.\" \/>\n<meta property=\"og:url\" content=\"https:\/\/tandoorvietnam.com\/vi\/sanpham\/ruou-manh\/pernod-ricard\/\" \/>\n<meta property=\"og:site_name\" content=\"Tandoor Vi\u1ec7t Nam\" \/>\n<meta property=\"article:publisher\" content=\"https:\/\/www.facebook.com\/tandoor.hcmc\/\" \/>\n<meta property=\"article:modified_time\" content=\"2023-05-14T15:23:23+00:00\" \/>\n<meta property=\"og:image\" content=\"https:\/\/tandoorvietnam.com\/wp-content\/uploads\/2020\/07\/opengraph.jpg\" \/>\n\t<meta property=\"og:image:width\" content=\"1200\" \/>\n\t<meta property=\"og:image:height\" content=\"630\" \/>\n\t<meta property=\"og:image:type\" content=\"image\/jpeg\" \/>\n<meta name=\"twitter:card\" content=\"summary_large_image\" \/>\n<meta name=\"twitter:label1\" content=\"Est. reading time\" \/>\n\t<meta name=\"twitter:data1\" content=\"1 minute\" \/>\n<script type=\"application\/ld+json\" class=\"yoast-schema-graph\">{\"@context\":\"https:\\\/\\\/schema.org\",\"@graph\":[{\"@type\":\"WebPage\",\"@id\":\"https:\\\/\\\/tandoorvietnam.com\\\/vi\\\/sanpham\\\/ruou-manh\\\/pernod-ricard\\\/\",\"url\":\"https:\\\/\\\/tandoorvietnam.com\\\/vi\\\/sanpham\\\/ruou-manh\\\/pernod-ricard\\\/\",\"name\":\"Pernod Ricard - Tandoor Vi\u1ec7t Nam\",\"isPartOf\":{\"@id\":\"https:\\\/\\\/tandoorvietnam.com\\\/vi\\\/#website\"},\"datePublished\":\"2021-04-26T03:57:43+00:00\",\"dateModified\":\"2023-05-14T15:23:23+00:00\",\"description\":\"Kh\u00e1m ph\u00e1 h\u01b0\u01a1ng v\u1ecb \u0111\u1ed9c \u0111\u00e1o c\u1ee7a Pernod Ricard - m\u1ed9t lo\u1ea1i r\u01b0\u1ee3u m\u1ea1nh t\u1eeb Ph\u00e1p \u0111\u01b0\u1ee3c s\u1ea3n xu\u1ea5t t\u1eeb c\u00e1c lo\u1ea1i th\u1ea3o m\u1ed9c t\u1ef1 nhi\u00ean v\u00e0 gia v\u1ecb \u0111\u1eb7c tr\u01b0ng.\",\"breadcrumb\":{\"@id\":\"https:\\\/\\\/tandoorvietnam.com\\\/vi\\\/sanpham\\\/ruou-manh\\\/pernod-ricard\\\/#breadcrumb\"},\"inLanguage\":\"vi-VN\",\"potentialAction\":[{\"@type\":\"ReadAction\",\"target\":[\"https:\\\/\\\/tandoorvietnam.com\\\/vi\\\/sanpham\\\/ruou-manh\\\/pernod-ricard\\\/\"]}]},{\"@type\":\"BreadcrumbList\",\"@id\":\"https:\\\/\\\/tandoorvietnam.com\\\/vi\\\/sanpham\\\/ruou-manh\\\/pernod-ricard\\\/#breadcrumb\",\"itemListElement\":[{\"@type\":\"ListItem\",\"position\":1,\"name\":\"Trang Ch\u1ee7\",\"item\":\"https:\\\/\\\/tandoorvietnam.com\\\/vi\\\/\"},{\"@type\":\"ListItem\",\"position\":2,\"name\":\"Shop\",\"item\":\"https:\\\/\\\/tandoorvietnam.com\\\/shop\\\/\"},{\"@type\":\"ListItem\",\"position\":3,\"name\":\"Pernod Ricard\"}]},{\"@type\":\"WebSite\",\"@id\":\"https:\\\/\\\/tandoorvietnam.com\\\/vi\\\/#website\",\"url\":\"https:\\\/\\\/tandoorvietnam.com\\\/vi\\\/\",\"name\":\"Tandoor Vietnam\",\"description\":\"Nh\u00e0 h\u00e0ng ngon h\u1ed3 ch\u00ed minh\",\"publisher\":{\"@id\":\"https:\\\/\\\/tandoorvietnam.com\\\/vi\\\/#organization\"},\"potentialAction\":[{\"@type\":\"SearchAction\",\"target\":{\"@type\":\"EntryPoint\",\"urlTemplate\":\"https:\\\/\\\/tandoorvietnam.com\\\/vi\\\/?s={search_term_string}\"},\"query-input\":{\"@type\":\"PropertyValueSpecification\",\"valueRequired\":true,\"valueName\":\"search_term_string\"}}],\"inLanguage\":\"vi-VN\"},{\"@type\":\"Organization\",\"@id\":\"https:\\\/\\\/tandoorvietnam.com\\\/vi\\\/#organization\",\"name\":\"Tandoor Vietnam\",\"url\":\"https:\\\/\\\/tandoorvietnam.com\\\/vi\\\/\",\"logo\":{\"@type\":\"ImageObject\",\"inLanguage\":\"vi-VN\",\"@id\":\"https:\\\/\\\/tandoorvietnam.com\\\/vi\\\/#\\\/schema\\\/logo\\\/image\\\/\",\"url\":\"https:\\\/\\\/tandoorvietnam.com\\\/wp-content\\\/uploads\\\/2020\\\/07\\\/logo.png\",\"contentUrl\":\"https:\\\/\\\/tandoorvietnam.com\\\/wp-content\\\/uploads\\\/2020\\\/07\\\/logo.png\",\"width\":133,\"height\":75,\"caption\":\"Tandoor Vietnam\"},\"image\":{\"@id\":\"https:\\\/\\\/tandoorvietnam.com\\\/vi\\\/#\\\/schema\\\/logo\\\/image\\\/\"},\"sameAs\":[\"https:\\\/\\\/www.facebook.com\\\/tandoor.hcmc\\\/\"]}]}<\/script>\n<!-- \/ Yoast SEO Premium plugin. -->","yoast_head_json":{"title":"Pernod Ricard - Tandoor Vi\u1ec7t Nam","description":"Kh\u00e1m ph\u00e1 h\u01b0\u01a1ng v\u1ecb \u0111\u1ed9c \u0111\u00e1o c\u1ee7a Pernod Ricard - m\u1ed9t lo\u1ea1i r\u01b0\u1ee3u m\u1ea1nh t\u1eeb Ph\u00e1p \u0111\u01b0\u1ee3c s\u1ea3n xu\u1ea5t t\u1eeb c\u00e1c lo\u1ea1i th\u1ea3o m\u1ed9c t\u1ef1 nhi\u00ean v\u00e0 gia v\u1ecb \u0111\u1eb7c tr\u01b0ng.","robots":{"index":"index","follow":"follow","max-snippet":"max-snippet:-1","max-image-preview":"max-image-preview:large","max-video-preview":"max-video-preview:-1"},"canonical":"https:\/\/tandoorvietnam.com\/vi\/sanpham\/ruou-manh\/pernod-ricard\/","og_locale":"vi_VN","og_type":"article","og_title":"Pernod Ricard","og_description":"Kh\u00e1m ph\u00e1 h\u01b0\u01a1ng v\u1ecb \u0111\u1ed9c \u0111\u00e1o c\u1ee7a Pernod Ricard - m\u1ed9t lo\u1ea1i r\u01b0\u1ee3u m\u1ea1nh t\u1eeb Ph\u00e1p \u0111\u01b0\u1ee3c s\u1ea3n xu\u1ea5t t\u1eeb c\u00e1c lo\u1ea1i th\u1ea3o m\u1ed9c t\u1ef1 nhi\u00ean v\u00e0 gia v\u1ecb \u0111\u1eb7c tr\u01b0ng.","og_url":"https:\/\/tandoorvietnam.com\/vi\/sanpham\/ruou-manh\/pernod-ricard\/","og_site_name":"Tandoor Vi\u1ec7t Nam","article_publisher":"https:\/\/www.facebook.com\/tandoor.hcmc\/","article_modified_time":"2023-05-14T15:23:23+00:00","og_image":[{"width":1200,"height":630,"url":"https:\/\/tandoorvietnam.com\/wp-content\/uploads\/2020\/07\/opengraph.jpg","type":"image\/jpeg"}],"twitter_card":"summary_large_image","twitter_misc":{"Est. reading time":"1 minute"},"schema":{"@context":"https:\/\/schema.org","@graph":[{"@type":"WebPage","@id":"https:\/\/tandoorvietnam.com\/vi\/sanpham\/ruou-manh\/pernod-ricard\/","url":"https:\/\/tandoorvietnam.com\/vi\/sanpham\/ruou-manh\/pernod-ricard\/","name":"Pernod Ricard - Tandoor Vi\u1ec7t Nam","isPartOf":{"@id":"https:\/\/tandoorvietnam.com\/vi\/#website"},"datePublished":"2021-04-26T03:57:43+00:00","dateModified":"2023-05-14T15:23:23+00:00","description":"Kh\u00e1m ph\u00e1 h\u01b0\u01a1ng v\u1ecb \u0111\u1ed9c \u0111\u00e1o c\u1ee7a Pernod Ricard - m\u1ed9t lo\u1ea1i r\u01b0\u1ee3u m\u1ea1nh t\u1eeb Ph\u00e1p \u0111\u01b0\u1ee3c s\u1ea3n xu\u1ea5t t\u1eeb c\u00e1c lo\u1ea1i th\u1ea3o m\u1ed9c t\u1ef1 nhi\u00ean v\u00e0 gia v\u1ecb \u0111\u1eb7c tr\u01b0ng.","breadcrumb":{"@id":"https:\/\/tandoorvietnam.com\/vi\/sanpham\/ruou-manh\/pernod-ricard\/#breadcrumb"},"inLanguage":"vi-VN","potentialAction":[{"@type":"ReadAction","target":["https:\/\/tandoorvietnam.com\/vi\/sanpham\/ruou-manh\/pernod-ricard\/"]}]},{"@type":"BreadcrumbList","@id":"https:\/\/tandoorvietnam.com\/vi\/sanpham\/ruou-manh\/pernod-ricard\/#breadcrumb","itemListElement":[{"@type":"ListItem","position":1,"name":"Trang Ch\u1ee7","item":"https:\/\/tandoorvietnam.com\/vi\/"},{"@type":"ListItem","position":2,"name":"Shop","item":"https:\/\/tandoorvietnam.com\/shop\/"},{"@type":"ListItem","position":3,"name":"Pernod Ricard"}]},{"@type":"WebSite","@id":"https:\/\/tandoorvietnam.com\/vi\/#website","url":"https:\/\/tandoorvietnam.com\/vi\/","name":"Tandoor Vietnam","description":"Nh\u00e0 h\u00e0ng ngon h\u1ed3 ch\u00ed minh","publisher":{"@id":"https:\/\/tandoorvietnam.com\/vi\/#organization"},"potentialAction":[{"@type":"SearchAction","target":{"@type":"EntryPoint","urlTemplate":"https:\/\/tandoorvietnam.com\/vi\/?s={search_term_string}"},"query-input":{"@type":"PropertyValueSpecification","valueRequired":true,"valueName":"search_term_string"}}],"inLanguage":"vi-VN"},{"@type":"Organization","@id":"https:\/\/tandoorvietnam.com\/vi\/#organization","name":"Tandoor Vietnam","url":"https:\/\/tandoorvietnam.com\/vi\/","logo":{"@type":"ImageObject","inLanguage":"vi-VN","@id":"https:\/\/tandoorvietnam.com\/vi\/#\/schema\/logo\/image\/","url":"https:\/\/tandoorvietnam.com\/wp-content\/uploads\/2020\/07\/logo.png","contentUrl":"https:\/\/tandoorvietnam.com\/wp-content\/uploads\/2020\/07\/logo.png","width":133,"height":75,"caption":"Tandoor Vietnam"},"image":{"@id":"https:\/\/tandoorvietnam.com\/vi\/#\/schema\/logo\/image\/"},"sameAs":["https:\/\/www.facebook.com\/tandoor.hcmc\/"]}]}},"_links":{"self":[{"href":"https:\/\/tandoorvietnam.com\/vi\/wp-json\/wp\/v2\/product\/3755","targetHints":{"allow":["GET"]}}],"collection":[{"href":"https:\/\/tandoorvietnam.com\/vi\/wp-json\/wp\/v2\/product"}],"about":[{"href":"https:\/\/tandoorvietnam.com\/vi\/wp-json\/wp\/v2\/types\/product"}],"wp:attachment":[{"href":"https:\/\/tandoorvietnam.com\/vi\/wp-json\/wp\/v2\/media?parent=3755"}],"wp:term":[{"taxonomy":"product_brand","embeddable":true,"href":"https:\/\/tandoorvietnam.com\/vi\/wp-json\/wp\/v2\/product_brand?post=3755"},{"taxonomy":"product_cat","embeddable":true,"href":"https:\/\/tandoorvietnam.com\/vi\/wp-json\/wp\/v2\/product_cat?post=3755"},{"taxonomy":"product_tag","embeddable":true,"href":"https:\/\/tandoorvietnam.com\/vi\/wp-json\/wp\/v2\/product_tag?post=3755"}],"curies":[{"name":"wp","href":"https:\/\/api.w.org\/{rel}","templated":true}]}}