{"id":3756,"date":"2020-06-26T11:09:34","date_gmt":"2021-04-26T03:58:23","guid":{"rendered":"http:\/\/tandoorvietnam.com\/product\/uncategorized\/remy-martin\/"},"modified":"2023-05-20T14:22:59","modified_gmt":"2023-05-20T14:22:59","slug":"remy-martin","status":"publish","type":"product","link":"https:\/\/tandoorvietnam.com\/vi\/sanpham\/ruou-manh\/remy-martin\/","title":{"rendered":"Remy Martin"},"content":{"rendered":"<p>Remy Martin l\u00e0 m\u1ed9t th\u01b0\u01a1ng hi\u1ec7u r\u01b0\u1ee3u m\u1ea1nh n\u1ed5i ti\u1ebfng mang phong c\u00e1ch Ph\u00e1p. T\u1ea1i Tandoor Vietnam, ch\u00fang t\u00f4i t\u1ef1 h\u00e0o gi\u1edbi thi\u1ec7u b\u1ed9 s\u01b0u t\u1eadp r\u01b0\u1ee3u n\u00e0y \u0111a d\u1ea1ng v\u00e0 \u0111\u1eb3ng c\u1ea5p. V\u1edbi h\u01b0\u01a1ng v\u1ecb tinh t\u1ebf v\u00e0 ch\u1ea5t l\u01b0\u1ee3ng xu\u1ea5t s\u1eafc, \u0111\u00e2y\u00a0l\u00e0 l\u1ef1a ch\u1ecdn ho\u00e0n h\u1ea3o cho nh\u1eefng ai y\u00eau th\u00edch r\u01b0\u1ee3u m\u1ea1nh.<\/p>\n<p>B\u1ed9 s\u01b0u t\u1eadp r\u01b0\u1ee3u t\u1ea1i Tandoor Vietnam bao g\u1ed3m c\u00e1c phi\u00ean b\u1ea3n \u0111\u1ed9 tu\u1ed5i kh\u00e1c nhau, t\u1eeb nh\u1eefng chai \u1ea5n t\u01b0\u1ee3ng nh\u01b0 Remy Martin VSOP cho \u0111\u1ebfn nh\u1eefng chai \u0111\u1ec9nh cao nh\u01b0 Remy Martin XO. M\u1ed7i chai r\u01b0\u1ee3u \u0111\u1ec1u mang \u0111\u1eadm n\u00e9t \u0111\u1eb7c tr\u01b0ng c\u1ee7a phong c\u00e1ch s\u1ea3n xu\u1ea5t r\u01b0\u1ee3u Ph\u00e1p, t\u1eeb qu\u00e1 tr\u00ecnh \u1ee7 nhi\u1ec1u n\u0103m \u0111\u1ebfn vi\u1ec7c ch\u1ecdn l\u1ecdc nguy\u00ean li\u1ec7u t\u1ed1t nh\u1ea5t.<\/p>\n<p>Lo\u1ea1i r\u01b0\u1ee3u n\u00e0y l\u00e0 s\u1ef1 k\u1ebft h\u1ee3p tinh t\u1ebf gi\u1eefa c\u00e1c h\u01b0\u01a1ng v\u1ecb, t\u1eeb v\u1ecb ch\u00e1t \u0111\u1eadm \u0111\u00e0 c\u1ee7a g\u1ed7 s\u1ed3i cho \u0111\u1ebfn h\u01b0\u01a1ng th\u01a1m m\u1ea1nh m\u1ebd c\u1ee7a tr\u00e1i c\u00e2y ch\u00edn. M\u1ed7i ng\u1ee5m r\u01b0\u1ee3u mang \u0111\u1ebfn tr\u1ea3i nghi\u1ec7m tuy\u1ec7t v\u1eddi v\u00e0 nh\u1eefng cung b\u1eadc c\u1ea3m x\u00fac kh\u00e1c nhau.<\/p>\n<p>V\u1edbi lo\u1ea1i r\u01b0\u1ee3u n\u00e0y, b\u1ea1n c\u00f3 th\u1ec3 t\u1eadn h\u01b0\u1edfng r\u01b0\u1ee3u m\u1ea1nh \u0111\u1eb3ng c\u1ea5p trong nh\u1eefng d\u1ecbp \u0111\u1eb7c bi\u1ec7t ho\u1eb7c chia s\u1ebb c\u00f9ng ng\u01b0\u1eddi th\u00e2n v\u00e0 b\u1ea1n b\u00e8. \u0110\u1eb7c bi\u1ec7t, r\u01b0\u1ee3u Remy Martin c\u0169ng l\u00e0 m\u1ed9t m\u00f3n qu\u00e0 tuy\u1ec7t v\u1eddi \u0111\u1ec3 bi\u1ebfu t\u1eb7ng cho nh\u1eefng ng\u01b0\u1eddi y\u00eau th\u01b0\u01a1ng.<\/p>\n<p>H\u00e3y kh\u00e1m ph\u00e1 b\u1ed9 s\u01b0u t\u1eadp r\u01b0\u1ee3u Remy Martin t\u1ea1i <a href=\"https:\/\/tandoorvietnam.com\/\">Tandoor Vietnam<\/a> v\u00e0 tr\u1ea3i nghi\u1ec7m h\u01b0\u01a1ng v\u1ecb tinh t\u1ebf v\u00e0 \u0111\u1eb3ng c\u1ea5p c\u1ee7a r\u01b0\u1ee3u m\u1ea1nh Ph\u00e1p. Ch\u00fang t\u00f4i cam k\u1ebft mang \u0111\u1ebfn cho b\u1ea1n s\u1ef1 h\u00e0i l\u00f2ng v\u00e0 tr\u1ea3i nghi\u1ec7m \u1ea9m th\u1ef1c \u0111\u00e1ng nh\u1edb.<\/p>\n","protected":false},"excerpt":{"rendered":"<p>Remy Martin l\u00e0 m\u1ed9t th\u01b0\u01a1ng hi\u1ec7u r\u01b0\u1ee3u m\u1ea1nh n\u1ed5i ti\u1ebfng mang phong c\u00e1ch Ph\u00e1p. T\u1ea1i Tandoor Vietnam, ch\u00fang t\u00f4i t\u1ef1 h\u00e0o gi\u1edbi thi\u1ec7u b\u1ed9 s\u01b0u t\u1eadp r\u01b0\u1ee3u n\u00e0y \u0111a d\u1ea1ng v\u00e0 \u0111\u1eb3ng c\u1ea5p. V\u1edbi h\u01b0\u01a1ng v\u1ecb tinh t\u1ebf v\u00e0 ch\u1ea5t l\u01b0\u1ee3ng xu\u1ea5t s\u1eafc, \u0111\u00e2y\u00a0l\u00e0 l\u1ef1a ch\u1ecdn ho\u00e0n h\u1ea3o cho nh\u1eefng ai y\u00eau th\u00edch r\u01b0\u1ee3u m\u1ea1nh. [&hellip;]<\/p>\n","protected":false},"featured_media":0,"template":"","meta":[],"product_brand":[],"product_cat":[233],"product_tag":[],"class_list":{"0":"post-3756","1":"product","2":"type-product","3":"status-publish","5":"product_cat-ruou-manh","7":"first","8":"instock","9":"taxable","10":"shipping-taxable","11":"purchasable","12":"product-type-simple"},"yoast_head":"<!-- This site is optimized with the Yoast SEO Premium plugin v22.3 (Yoast SEO v27.4) - https:\/\/yoast.com\/product\/yoast-seo-premium-wordpress\/ -->\n<title>Remy Martin - Tandoor Vi\u1ec7t Nam<\/title>\n<meta name=\"description\" content=\"Remy Martin - R\u01b0\u1ee3u m\u1ea1nh phong c\u00e1ch Ph\u00e1p v\u1edbi h\u01b0\u01a1ng v\u1ecb tinh t\u1ebf v\u00e0 \u0111\u1eb3ng c\u1ea5p. Kh\u00e1m ph\u00e1 b\u1ed9 s\u01b0u t\u1eadp r\u01b0\u1ee3u t\u1ea1i nh\u00e0 h\u00e0ng Tandoor Vietnam.\" \/>\n<meta name=\"robots\" content=\"index, follow, max-snippet:-1, max-image-preview:large, max-video-preview:-1\" \/>\n<link rel=\"canonical\" href=\"https:\/\/tandoorvietnam.com\/vi\/sanpham\/ruou-manh\/remy-martin\/\" \/>\n<meta property=\"og:locale\" content=\"vi_VN\" \/>\n<meta property=\"og:type\" content=\"article\" \/>\n<meta property=\"og:title\" content=\"Remy Martin\" \/>\n<meta property=\"og:description\" content=\"Remy Martin - R\u01b0\u1ee3u m\u1ea1nh phong c\u00e1ch Ph\u00e1p v\u1edbi h\u01b0\u01a1ng v\u1ecb tinh t\u1ebf v\u00e0 \u0111\u1eb3ng c\u1ea5p. Kh\u00e1m ph\u00e1 b\u1ed9 s\u01b0u t\u1eadp r\u01b0\u1ee3u t\u1ea1i nh\u00e0 h\u00e0ng Tandoor Vietnam.\" \/>\n<meta property=\"og:url\" content=\"https:\/\/tandoorvietnam.com\/vi\/sanpham\/ruou-manh\/remy-martin\/\" \/>\n<meta property=\"og:site_name\" content=\"Tandoor Vi\u1ec7t Nam\" \/>\n<meta property=\"article:publisher\" content=\"https:\/\/www.facebook.com\/tandoor.hcmc\/\" \/>\n<meta property=\"article:modified_time\" content=\"2023-05-20T14:22:59+00:00\" \/>\n<meta property=\"og:image\" content=\"https:\/\/tandoorvietnam.com\/wp-content\/uploads\/2020\/07\/opengraph.jpg\" \/>\n\t<meta property=\"og:image:width\" content=\"1200\" \/>\n\t<meta property=\"og:image:height\" content=\"630\" \/>\n\t<meta property=\"og:image:type\" content=\"image\/jpeg\" \/>\n<meta name=\"twitter:card\" content=\"summary_large_image\" \/>\n<meta name=\"twitter:label1\" content=\"Est. reading time\" \/>\n\t<meta name=\"twitter:data1\" content=\"2 minutes\" \/>\n<script type=\"application\/ld+json\" class=\"yoast-schema-graph\">{\"@context\":\"https:\\\/\\\/schema.org\",\"@graph\":[{\"@type\":\"WebPage\",\"@id\":\"https:\\\/\\\/tandoorvietnam.com\\\/vi\\\/sanpham\\\/ruou-manh\\\/remy-martin\\\/\",\"url\":\"https:\\\/\\\/tandoorvietnam.com\\\/vi\\\/sanpham\\\/ruou-manh\\\/remy-martin\\\/\",\"name\":\"Remy Martin - Tandoor Vi\u1ec7t Nam\",\"isPartOf\":{\"@id\":\"https:\\\/\\\/tandoorvietnam.com\\\/vi\\\/#website\"},\"datePublished\":\"2021-04-26T03:58:23+00:00\",\"dateModified\":\"2023-05-20T14:22:59+00:00\",\"description\":\"Remy Martin - R\u01b0\u1ee3u m\u1ea1nh phong c\u00e1ch Ph\u00e1p v\u1edbi h\u01b0\u01a1ng v\u1ecb tinh t\u1ebf v\u00e0 \u0111\u1eb3ng c\u1ea5p. Kh\u00e1m ph\u00e1 b\u1ed9 s\u01b0u t\u1eadp r\u01b0\u1ee3u t\u1ea1i nh\u00e0 h\u00e0ng Tandoor Vietnam.\",\"breadcrumb\":{\"@id\":\"https:\\\/\\\/tandoorvietnam.com\\\/vi\\\/sanpham\\\/ruou-manh\\\/remy-martin\\\/#breadcrumb\"},\"inLanguage\":\"vi-VN\",\"potentialAction\":[{\"@type\":\"ReadAction\",\"target\":[\"https:\\\/\\\/tandoorvietnam.com\\\/vi\\\/sanpham\\\/ruou-manh\\\/remy-martin\\\/\"]}]},{\"@type\":\"BreadcrumbList\",\"@id\":\"https:\\\/\\\/tandoorvietnam.com\\\/vi\\\/sanpham\\\/ruou-manh\\\/remy-martin\\\/#breadcrumb\",\"itemListElement\":[{\"@type\":\"ListItem\",\"position\":1,\"name\":\"Trang Ch\u1ee7\",\"item\":\"https:\\\/\\\/tandoorvietnam.com\\\/vi\\\/\"},{\"@type\":\"ListItem\",\"position\":2,\"name\":\"Shop\",\"item\":\"https:\\\/\\\/tandoorvietnam.com\\\/shop\\\/\"},{\"@type\":\"ListItem\",\"position\":3,\"name\":\"Remy Martin\"}]},{\"@type\":\"WebSite\",\"@id\":\"https:\\\/\\\/tandoorvietnam.com\\\/vi\\\/#website\",\"url\":\"https:\\\/\\\/tandoorvietnam.com\\\/vi\\\/\",\"name\":\"Tandoor Vietnam\",\"description\":\"Nh\u00e0 h\u00e0ng ngon h\u1ed3 ch\u00ed minh\",\"publisher\":{\"@id\":\"https:\\\/\\\/tandoorvietnam.com\\\/vi\\\/#organization\"},\"potentialAction\":[{\"@type\":\"SearchAction\",\"target\":{\"@type\":\"EntryPoint\",\"urlTemplate\":\"https:\\\/\\\/tandoorvietnam.com\\\/vi\\\/?s={search_term_string}\"},\"query-input\":{\"@type\":\"PropertyValueSpecification\",\"valueRequired\":true,\"valueName\":\"search_term_string\"}}],\"inLanguage\":\"vi-VN\"},{\"@type\":\"Organization\",\"@id\":\"https:\\\/\\\/tandoorvietnam.com\\\/vi\\\/#organization\",\"name\":\"Tandoor Vietnam\",\"url\":\"https:\\\/\\\/tandoorvietnam.com\\\/vi\\\/\",\"logo\":{\"@type\":\"ImageObject\",\"inLanguage\":\"vi-VN\",\"@id\":\"https:\\\/\\\/tandoorvietnam.com\\\/vi\\\/#\\\/schema\\\/logo\\\/image\\\/\",\"url\":\"https:\\\/\\\/tandoorvietnam.com\\\/wp-content\\\/uploads\\\/2020\\\/07\\\/logo.png\",\"contentUrl\":\"https:\\\/\\\/tandoorvietnam.com\\\/wp-content\\\/uploads\\\/2020\\\/07\\\/logo.png\",\"width\":133,\"height\":75,\"caption\":\"Tandoor Vietnam\"},\"image\":{\"@id\":\"https:\\\/\\\/tandoorvietnam.com\\\/vi\\\/#\\\/schema\\\/logo\\\/image\\\/\"},\"sameAs\":[\"https:\\\/\\\/www.facebook.com\\\/tandoor.hcmc\\\/\"]}]}<\/script>\n<!-- \/ Yoast SEO Premium plugin. -->","yoast_head_json":{"title":"Remy Martin - Tandoor Vi\u1ec7t Nam","description":"Remy Martin - R\u01b0\u1ee3u m\u1ea1nh phong c\u00e1ch Ph\u00e1p v\u1edbi h\u01b0\u01a1ng v\u1ecb tinh t\u1ebf v\u00e0 \u0111\u1eb3ng c\u1ea5p. Kh\u00e1m ph\u00e1 b\u1ed9 s\u01b0u t\u1eadp r\u01b0\u1ee3u t\u1ea1i nh\u00e0 h\u00e0ng Tandoor Vietnam.","robots":{"index":"index","follow":"follow","max-snippet":"max-snippet:-1","max-image-preview":"max-image-preview:large","max-video-preview":"max-video-preview:-1"},"canonical":"https:\/\/tandoorvietnam.com\/vi\/sanpham\/ruou-manh\/remy-martin\/","og_locale":"vi_VN","og_type":"article","og_title":"Remy Martin","og_description":"Remy Martin - R\u01b0\u1ee3u m\u1ea1nh phong c\u00e1ch Ph\u00e1p v\u1edbi h\u01b0\u01a1ng v\u1ecb tinh t\u1ebf v\u00e0 \u0111\u1eb3ng c\u1ea5p. Kh\u00e1m ph\u00e1 b\u1ed9 s\u01b0u t\u1eadp r\u01b0\u1ee3u t\u1ea1i nh\u00e0 h\u00e0ng Tandoor Vietnam.","og_url":"https:\/\/tandoorvietnam.com\/vi\/sanpham\/ruou-manh\/remy-martin\/","og_site_name":"Tandoor Vi\u1ec7t Nam","article_publisher":"https:\/\/www.facebook.com\/tandoor.hcmc\/","article_modified_time":"2023-05-20T14:22:59+00:00","og_image":[{"width":1200,"height":630,"url":"https:\/\/tandoorvietnam.com\/wp-content\/uploads\/2020\/07\/opengraph.jpg","type":"image\/jpeg"}],"twitter_card":"summary_large_image","twitter_misc":{"Est. reading time":"2 minutes"},"schema":{"@context":"https:\/\/schema.org","@graph":[{"@type":"WebPage","@id":"https:\/\/tandoorvietnam.com\/vi\/sanpham\/ruou-manh\/remy-martin\/","url":"https:\/\/tandoorvietnam.com\/vi\/sanpham\/ruou-manh\/remy-martin\/","name":"Remy Martin - Tandoor Vi\u1ec7t Nam","isPartOf":{"@id":"https:\/\/tandoorvietnam.com\/vi\/#website"},"datePublished":"2021-04-26T03:58:23+00:00","dateModified":"2023-05-20T14:22:59+00:00","description":"Remy Martin - R\u01b0\u1ee3u m\u1ea1nh phong c\u00e1ch Ph\u00e1p v\u1edbi h\u01b0\u01a1ng v\u1ecb tinh t\u1ebf v\u00e0 \u0111\u1eb3ng c\u1ea5p. Kh\u00e1m ph\u00e1 b\u1ed9 s\u01b0u t\u1eadp r\u01b0\u1ee3u t\u1ea1i nh\u00e0 h\u00e0ng Tandoor Vietnam.","breadcrumb":{"@id":"https:\/\/tandoorvietnam.com\/vi\/sanpham\/ruou-manh\/remy-martin\/#breadcrumb"},"inLanguage":"vi-VN","potentialAction":[{"@type":"ReadAction","target":["https:\/\/tandoorvietnam.com\/vi\/sanpham\/ruou-manh\/remy-martin\/"]}]},{"@type":"BreadcrumbList","@id":"https:\/\/tandoorvietnam.com\/vi\/sanpham\/ruou-manh\/remy-martin\/#breadcrumb","itemListElement":[{"@type":"ListItem","position":1,"name":"Trang Ch\u1ee7","item":"https:\/\/tandoorvietnam.com\/vi\/"},{"@type":"ListItem","position":2,"name":"Shop","item":"https:\/\/tandoorvietnam.com\/shop\/"},{"@type":"ListItem","position":3,"name":"Remy Martin"}]},{"@type":"WebSite","@id":"https:\/\/tandoorvietnam.com\/vi\/#website","url":"https:\/\/tandoorvietnam.com\/vi\/","name":"Tandoor Vietnam","description":"Nh\u00e0 h\u00e0ng ngon h\u1ed3 ch\u00ed minh","publisher":{"@id":"https:\/\/tandoorvietnam.com\/vi\/#organization"},"potentialAction":[{"@type":"SearchAction","target":{"@type":"EntryPoint","urlTemplate":"https:\/\/tandoorvietnam.com\/vi\/?s={search_term_string}"},"query-input":{"@type":"PropertyValueSpecification","valueRequired":true,"valueName":"search_term_string"}}],"inLanguage":"vi-VN"},{"@type":"Organization","@id":"https:\/\/tandoorvietnam.com\/vi\/#organization","name":"Tandoor Vietnam","url":"https:\/\/tandoorvietnam.com\/vi\/","logo":{"@type":"ImageObject","inLanguage":"vi-VN","@id":"https:\/\/tandoorvietnam.com\/vi\/#\/schema\/logo\/image\/","url":"https:\/\/tandoorvietnam.com\/wp-content\/uploads\/2020\/07\/logo.png","contentUrl":"https:\/\/tandoorvietnam.com\/wp-content\/uploads\/2020\/07\/logo.png","width":133,"height":75,"caption":"Tandoor Vietnam"},"image":{"@id":"https:\/\/tandoorvietnam.com\/vi\/#\/schema\/logo\/image\/"},"sameAs":["https:\/\/www.facebook.com\/tandoor.hcmc\/"]}]}},"_links":{"self":[{"href":"https:\/\/tandoorvietnam.com\/vi\/wp-json\/wp\/v2\/product\/3756","targetHints":{"allow":["GET"]}}],"collection":[{"href":"https:\/\/tandoorvietnam.com\/vi\/wp-json\/wp\/v2\/product"}],"about":[{"href":"https:\/\/tandoorvietnam.com\/vi\/wp-json\/wp\/v2\/types\/product"}],"wp:attachment":[{"href":"https:\/\/tandoorvietnam.com\/vi\/wp-json\/wp\/v2\/media?parent=3756"}],"wp:term":[{"taxonomy":"product_brand","embeddable":true,"href":"https:\/\/tandoorvietnam.com\/vi\/wp-json\/wp\/v2\/product_brand?post=3756"},{"taxonomy":"product_cat","embeddable":true,"href":"https:\/\/tandoorvietnam.com\/vi\/wp-json\/wp\/v2\/product_cat?post=3756"},{"taxonomy":"product_tag","embeddable":true,"href":"https:\/\/tandoorvietnam.com\/vi\/wp-json\/wp\/v2\/product_tag?post=3756"}],"curies":[{"name":"wp","href":"https:\/\/api.w.org\/{rel}","templated":true}]}}