{"id":3757,"date":"2020-06-23T12:55:45","date_gmt":"2021-04-26T03:58:25","guid":{"rendered":"http:\/\/tandoorvietnam.com\/product\/uncategorized\/smirnoff\/"},"modified":"2023-05-20T16:33:05","modified_gmt":"2023-05-20T16:33:05","slug":"smirnoff","status":"publish","type":"product","link":"https:\/\/tandoorvietnam.com\/vi\/sanpham\/ruou-manh\/smirnoff\/","title":{"rendered":"Smirnoff"},"content":{"rendered":"<p>R\u01b0\u1ee3u Smirnoff l\u00e0 m\u1ed9t trong nh\u1eefng th\u01b0\u01a1ng hi\u1ec7u r\u01b0\u1ee3u m\u1ea1nh n\u1ed5i ti\u1ebfng v\u00e0 \u0111\u01b0\u1ee3c y\u00eau th\u00edch tr\u00ean to\u00e0n th\u1ebf gi\u1edbi. T\u1ea1i Tandoor Vietnam, ch\u00fang t\u00f4i t\u1ef1 h\u00e0o mang \u0111\u1ebfn cho b\u1ea1n m\u1ed9t s\u1ea3n ph\u1ea9m ch\u1ea5t l\u01b0\u1ee3ng cao, v\u1edbi h\u01b0\u01a1ng v\u1ecb \u0111\u1eb7c tr\u01b0ng v\u00e0 \u0111a d\u1ea1ng c\u00e1c lo\u1ea1i.<\/p>\n<p>R\u01b0\u1ee3u Smirnoff \u0111\u01b0\u1ee3c ch\u01b0ng c\u1ea5t t\u1eeb nguy\u00ean li\u1ec7u ch\u00ednh l\u00e0 l\u00faa m\u1ea1ch, qua qu\u00e1 tr\u00ecnh l\u00ean men v\u00e0 l\u00ean men k\u00e9p t\u1ea1o n\u00ean ch\u1ea5t l\u01b0\u1ee3ng tinh khi\u1ebft v\u00e0 m\u1ecbn m\u00e0ng. V\u1edbi h\u01b0\u01a1ng v\u1ecb \u00eam d\u1ecbu v\u00e0 tinh t\u1ebf, lo\u1ea1i r\u01b0\u1ee3u n\u00e0y c\u00f3 th\u1ec3 \u0111\u01b0\u1ee3c th\u01b0\u1edfng th\u1ee9c tr\u1ef1c ti\u1ebfp, pha ch\u1ebf c\u00e1c lo\u1ea1i cocktail ho\u1eb7c k\u1ebft h\u1ee3p v\u1edbi n\u01b0\u1edbc gi\u1ea3i kh\u00e1t t\u1ea1o ra nh\u1eefng th\u1ee9c u\u1ed1ng th\u00fa v\u1ecb.<\/p>\n<p>T\u1ea1i Tandoor Vietnam, ch\u00fang t\u00f4i cung c\u1ea5p m\u1ed9t danh m\u1ee5c \u0111a d\u1ea1ng c\u1ee7a r\u01b0\u1ee3u m\u1ea1nh, trong \u0111\u00f3 r\u01b0\u1ee3u Smirnoff l\u00e0 m\u1ed9t s\u1ef1 l\u1ef1a ch\u1ecdn tuy\u1ec7t v\u1eddi. B\u1ea1n c\u00f3 th\u1ec3 l\u1ef1a ch\u1ecdn gi\u1eefa c\u00e1c phi\u00ean b\u1ea3n nh\u01b0 Smirnoff Red Label, Smirnoff Black Label hay Smirnoff Flavored v\u1edbi h\u01b0\u01a1ng v\u1ecb \u0111a d\u1ea1ng nh\u01b0 d\u1ee9a, chanh, hoa qu\u1ea3 hay vani.<\/p>\n<p>\u0110\u01b0\u1ee3c \u0111\u00f3ng trong chai ch\u1ea5t l\u01b0\u1ee3ng v\u00e0 thi\u1ebft k\u1ebf tinh t\u1ebf, lo\u1ea1i r\u01b0\u1ee3u n\u00e0y\u00a0kh\u00f4ng ch\u1ec9 mang \u0111\u1ebfn h\u01b0\u01a1ng v\u1ecb tuy\u1ec7t h\u1ea3o m\u00e0 c\u00f2n l\u00e0 m\u1ed9t s\u1ef1 l\u1ef1a ch\u1ecdn sang tr\u1ecdng \u0111\u1ec3 d\u00f9ng trong c\u00e1c bu\u1ed5i ti\u1ec7c, g\u1eb7p g\u1ee1 b\u1ea1n b\u00e8 hay m\u00f3n qu\u00e0 th\u00fa v\u1ecb cho ng\u01b0\u1eddi th\u00e2n y\u00eau.<\/p>\n<p>Kh\u00e1m ph\u00e1 danh m\u1ee5c r\u01b0\u1ee3u m\u1ea1nh t\u1ea1i <a href=\"https:\/\/tandoorvietnam.com\/\">Tandoor Vietnam<\/a> v\u00e0 tr\u1ea3i nghi\u1ec7m h\u01b0\u01a1ng v\u1ecb \u0111\u1eb7c tr\u01b0ng v\u00e0 ch\u1ea5t l\u01b0\u1ee3ng cao c\u1ee7a r\u01b0\u1ee3u Smirnoff.<\/p>\n","protected":false},"excerpt":{"rendered":"<p>R\u01b0\u1ee3u Smirnoff l\u00e0 m\u1ed9t trong nh\u1eefng th\u01b0\u01a1ng hi\u1ec7u r\u01b0\u1ee3u m\u1ea1nh n\u1ed5i ti\u1ebfng v\u00e0 \u0111\u01b0\u1ee3c y\u00eau th\u00edch tr\u00ean to\u00e0n th\u1ebf gi\u1edbi. T\u1ea1i Tandoor Vietnam, ch\u00fang t\u00f4i t\u1ef1 h\u00e0o mang \u0111\u1ebfn cho b\u1ea1n m\u1ed9t s\u1ea3n ph\u1ea9m ch\u1ea5t l\u01b0\u1ee3ng cao, v\u1edbi h\u01b0\u01a1ng v\u1ecb \u0111\u1eb7c tr\u01b0ng v\u00e0 \u0111a d\u1ea1ng c\u00e1c lo\u1ea1i. R\u01b0\u1ee3u Smirnoff \u0111\u01b0\u1ee3c ch\u01b0ng c\u1ea5t t\u1eeb nguy\u00ean li\u1ec7u [&hellip;]<\/p>\n","protected":false},"featured_media":0,"template":"","meta":[],"product_brand":[],"product_cat":[233],"product_tag":[],"class_list":{"0":"post-3757","1":"product","2":"type-product","3":"status-publish","5":"product_cat-ruou-manh","7":"first","8":"instock","9":"taxable","10":"shipping-taxable","11":"purchasable","12":"product-type-simple"},"yoast_head":"<!-- This site is optimized with the Yoast SEO Premium plugin v22.3 (Yoast SEO v27.4) - https:\/\/yoast.com\/product\/yoast-seo-premium-wordpress\/ -->\n<title>Smirnoff - Tandoor Vi\u1ec7t Nam<\/title>\n<meta name=\"description\" content=\"R\u01b0\u1ee3u Smirnoff - S\u1ef1 l\u1ef1a ch\u1ecdn tuy\u1ec7t v\u1eddi v\u1edbi h\u01b0\u01a1ng v\u1ecb \u0111\u1eb7c tr\u01b0ng v\u00e0 ch\u1ea5t l\u01b0\u1ee3ng cao. Kh\u00e1m ph\u00e1 danh m\u1ee5c r\u01b0\u1ee3u m\u1ea1nh t\u1ea1i Tandoor Vietnam.\" \/>\n<meta name=\"robots\" content=\"index, follow, max-snippet:-1, max-image-preview:large, max-video-preview:-1\" \/>\n<link rel=\"canonical\" href=\"https:\/\/tandoorvietnam.com\/vi\/sanpham\/ruou-manh\/smirnoff\/\" \/>\n<meta property=\"og:locale\" content=\"vi_VN\" \/>\n<meta property=\"og:type\" content=\"article\" \/>\n<meta property=\"og:title\" content=\"Smirnoff\" \/>\n<meta property=\"og:description\" content=\"R\u01b0\u1ee3u Smirnoff - S\u1ef1 l\u1ef1a ch\u1ecdn tuy\u1ec7t v\u1eddi v\u1edbi h\u01b0\u01a1ng v\u1ecb \u0111\u1eb7c tr\u01b0ng v\u00e0 ch\u1ea5t l\u01b0\u1ee3ng cao. Kh\u00e1m ph\u00e1 danh m\u1ee5c r\u01b0\u1ee3u m\u1ea1nh t\u1ea1i Tandoor Vietnam.\" \/>\n<meta property=\"og:url\" content=\"https:\/\/tandoorvietnam.com\/vi\/sanpham\/ruou-manh\/smirnoff\/\" \/>\n<meta property=\"og:site_name\" content=\"Tandoor Vi\u1ec7t Nam\" \/>\n<meta property=\"article:publisher\" content=\"https:\/\/www.facebook.com\/tandoor.hcmc\/\" \/>\n<meta property=\"article:modified_time\" content=\"2023-05-20T16:33:05+00:00\" \/>\n<meta property=\"og:image\" content=\"https:\/\/tandoorvietnam.com\/wp-content\/uploads\/2020\/07\/opengraph.jpg\" \/>\n\t<meta property=\"og:image:width\" content=\"1200\" \/>\n\t<meta property=\"og:image:height\" content=\"630\" \/>\n\t<meta property=\"og:image:type\" content=\"image\/jpeg\" \/>\n<meta name=\"twitter:card\" content=\"summary_large_image\" \/>\n<meta name=\"twitter:label1\" content=\"Est. reading time\" \/>\n\t<meta name=\"twitter:data1\" content=\"2 minutes\" \/>\n<script type=\"application\/ld+json\" class=\"yoast-schema-graph\">{\"@context\":\"https:\\\/\\\/schema.org\",\"@graph\":[{\"@type\":\"WebPage\",\"@id\":\"https:\\\/\\\/tandoorvietnam.com\\\/vi\\\/sanpham\\\/ruou-manh\\\/smirnoff\\\/\",\"url\":\"https:\\\/\\\/tandoorvietnam.com\\\/vi\\\/sanpham\\\/ruou-manh\\\/smirnoff\\\/\",\"name\":\"Smirnoff - Tandoor Vi\u1ec7t Nam\",\"isPartOf\":{\"@id\":\"https:\\\/\\\/tandoorvietnam.com\\\/vi\\\/#website\"},\"datePublished\":\"2021-04-26T03:58:25+00:00\",\"dateModified\":\"2023-05-20T16:33:05+00:00\",\"description\":\"R\u01b0\u1ee3u Smirnoff - S\u1ef1 l\u1ef1a ch\u1ecdn tuy\u1ec7t v\u1eddi v\u1edbi h\u01b0\u01a1ng v\u1ecb \u0111\u1eb7c tr\u01b0ng v\u00e0 ch\u1ea5t l\u01b0\u1ee3ng cao. Kh\u00e1m ph\u00e1 danh m\u1ee5c r\u01b0\u1ee3u m\u1ea1nh t\u1ea1i Tandoor Vietnam.\",\"breadcrumb\":{\"@id\":\"https:\\\/\\\/tandoorvietnam.com\\\/vi\\\/sanpham\\\/ruou-manh\\\/smirnoff\\\/#breadcrumb\"},\"inLanguage\":\"vi-VN\",\"potentialAction\":[{\"@type\":\"ReadAction\",\"target\":[\"https:\\\/\\\/tandoorvietnam.com\\\/vi\\\/sanpham\\\/ruou-manh\\\/smirnoff\\\/\"]}]},{\"@type\":\"BreadcrumbList\",\"@id\":\"https:\\\/\\\/tandoorvietnam.com\\\/vi\\\/sanpham\\\/ruou-manh\\\/smirnoff\\\/#breadcrumb\",\"itemListElement\":[{\"@type\":\"ListItem\",\"position\":1,\"name\":\"Trang Ch\u1ee7\",\"item\":\"https:\\\/\\\/tandoorvietnam.com\\\/vi\\\/\"},{\"@type\":\"ListItem\",\"position\":2,\"name\":\"Shop\",\"item\":\"https:\\\/\\\/tandoorvietnam.com\\\/shop\\\/\"},{\"@type\":\"ListItem\",\"position\":3,\"name\":\"Smirnoff\"}]},{\"@type\":\"WebSite\",\"@id\":\"https:\\\/\\\/tandoorvietnam.com\\\/vi\\\/#website\",\"url\":\"https:\\\/\\\/tandoorvietnam.com\\\/vi\\\/\",\"name\":\"Tandoor Vietnam\",\"description\":\"Nh\u00e0 h\u00e0ng ngon h\u1ed3 ch\u00ed minh\",\"publisher\":{\"@id\":\"https:\\\/\\\/tandoorvietnam.com\\\/vi\\\/#organization\"},\"potentialAction\":[{\"@type\":\"SearchAction\",\"target\":{\"@type\":\"EntryPoint\",\"urlTemplate\":\"https:\\\/\\\/tandoorvietnam.com\\\/vi\\\/?s={search_term_string}\"},\"query-input\":{\"@type\":\"PropertyValueSpecification\",\"valueRequired\":true,\"valueName\":\"search_term_string\"}}],\"inLanguage\":\"vi-VN\"},{\"@type\":\"Organization\",\"@id\":\"https:\\\/\\\/tandoorvietnam.com\\\/vi\\\/#organization\",\"name\":\"Tandoor Vietnam\",\"url\":\"https:\\\/\\\/tandoorvietnam.com\\\/vi\\\/\",\"logo\":{\"@type\":\"ImageObject\",\"inLanguage\":\"vi-VN\",\"@id\":\"https:\\\/\\\/tandoorvietnam.com\\\/vi\\\/#\\\/schema\\\/logo\\\/image\\\/\",\"url\":\"https:\\\/\\\/tandoorvietnam.com\\\/wp-content\\\/uploads\\\/2020\\\/07\\\/logo.png\",\"contentUrl\":\"https:\\\/\\\/tandoorvietnam.com\\\/wp-content\\\/uploads\\\/2020\\\/07\\\/logo.png\",\"width\":133,\"height\":75,\"caption\":\"Tandoor Vietnam\"},\"image\":{\"@id\":\"https:\\\/\\\/tandoorvietnam.com\\\/vi\\\/#\\\/schema\\\/logo\\\/image\\\/\"},\"sameAs\":[\"https:\\\/\\\/www.facebook.com\\\/tandoor.hcmc\\\/\"]}]}<\/script>\n<!-- \/ Yoast SEO Premium plugin. -->","yoast_head_json":{"title":"Smirnoff - Tandoor Vi\u1ec7t Nam","description":"R\u01b0\u1ee3u Smirnoff - S\u1ef1 l\u1ef1a ch\u1ecdn tuy\u1ec7t v\u1eddi v\u1edbi h\u01b0\u01a1ng v\u1ecb \u0111\u1eb7c tr\u01b0ng v\u00e0 ch\u1ea5t l\u01b0\u1ee3ng cao. Kh\u00e1m ph\u00e1 danh m\u1ee5c r\u01b0\u1ee3u m\u1ea1nh t\u1ea1i Tandoor Vietnam.","robots":{"index":"index","follow":"follow","max-snippet":"max-snippet:-1","max-image-preview":"max-image-preview:large","max-video-preview":"max-video-preview:-1"},"canonical":"https:\/\/tandoorvietnam.com\/vi\/sanpham\/ruou-manh\/smirnoff\/","og_locale":"vi_VN","og_type":"article","og_title":"Smirnoff","og_description":"R\u01b0\u1ee3u Smirnoff - S\u1ef1 l\u1ef1a ch\u1ecdn tuy\u1ec7t v\u1eddi v\u1edbi h\u01b0\u01a1ng v\u1ecb \u0111\u1eb7c tr\u01b0ng v\u00e0 ch\u1ea5t l\u01b0\u1ee3ng cao. Kh\u00e1m ph\u00e1 danh m\u1ee5c r\u01b0\u1ee3u m\u1ea1nh t\u1ea1i Tandoor Vietnam.","og_url":"https:\/\/tandoorvietnam.com\/vi\/sanpham\/ruou-manh\/smirnoff\/","og_site_name":"Tandoor Vi\u1ec7t Nam","article_publisher":"https:\/\/www.facebook.com\/tandoor.hcmc\/","article_modified_time":"2023-05-20T16:33:05+00:00","og_image":[{"width":1200,"height":630,"url":"https:\/\/tandoorvietnam.com\/wp-content\/uploads\/2020\/07\/opengraph.jpg","type":"image\/jpeg"}],"twitter_card":"summary_large_image","twitter_misc":{"Est. reading time":"2 minutes"},"schema":{"@context":"https:\/\/schema.org","@graph":[{"@type":"WebPage","@id":"https:\/\/tandoorvietnam.com\/vi\/sanpham\/ruou-manh\/smirnoff\/","url":"https:\/\/tandoorvietnam.com\/vi\/sanpham\/ruou-manh\/smirnoff\/","name":"Smirnoff - Tandoor Vi\u1ec7t Nam","isPartOf":{"@id":"https:\/\/tandoorvietnam.com\/vi\/#website"},"datePublished":"2021-04-26T03:58:25+00:00","dateModified":"2023-05-20T16:33:05+00:00","description":"R\u01b0\u1ee3u Smirnoff - S\u1ef1 l\u1ef1a ch\u1ecdn tuy\u1ec7t v\u1eddi v\u1edbi h\u01b0\u01a1ng v\u1ecb \u0111\u1eb7c tr\u01b0ng v\u00e0 ch\u1ea5t l\u01b0\u1ee3ng cao. Kh\u00e1m ph\u00e1 danh m\u1ee5c r\u01b0\u1ee3u m\u1ea1nh t\u1ea1i Tandoor Vietnam.","breadcrumb":{"@id":"https:\/\/tandoorvietnam.com\/vi\/sanpham\/ruou-manh\/smirnoff\/#breadcrumb"},"inLanguage":"vi-VN","potentialAction":[{"@type":"ReadAction","target":["https:\/\/tandoorvietnam.com\/vi\/sanpham\/ruou-manh\/smirnoff\/"]}]},{"@type":"BreadcrumbList","@id":"https:\/\/tandoorvietnam.com\/vi\/sanpham\/ruou-manh\/smirnoff\/#breadcrumb","itemListElement":[{"@type":"ListItem","position":1,"name":"Trang Ch\u1ee7","item":"https:\/\/tandoorvietnam.com\/vi\/"},{"@type":"ListItem","position":2,"name":"Shop","item":"https:\/\/tandoorvietnam.com\/shop\/"},{"@type":"ListItem","position":3,"name":"Smirnoff"}]},{"@type":"WebSite","@id":"https:\/\/tandoorvietnam.com\/vi\/#website","url":"https:\/\/tandoorvietnam.com\/vi\/","name":"Tandoor Vietnam","description":"Nh\u00e0 h\u00e0ng ngon h\u1ed3 ch\u00ed minh","publisher":{"@id":"https:\/\/tandoorvietnam.com\/vi\/#organization"},"potentialAction":[{"@type":"SearchAction","target":{"@type":"EntryPoint","urlTemplate":"https:\/\/tandoorvietnam.com\/vi\/?s={search_term_string}"},"query-input":{"@type":"PropertyValueSpecification","valueRequired":true,"valueName":"search_term_string"}}],"inLanguage":"vi-VN"},{"@type":"Organization","@id":"https:\/\/tandoorvietnam.com\/vi\/#organization","name":"Tandoor Vietnam","url":"https:\/\/tandoorvietnam.com\/vi\/","logo":{"@type":"ImageObject","inLanguage":"vi-VN","@id":"https:\/\/tandoorvietnam.com\/vi\/#\/schema\/logo\/image\/","url":"https:\/\/tandoorvietnam.com\/wp-content\/uploads\/2020\/07\/logo.png","contentUrl":"https:\/\/tandoorvietnam.com\/wp-content\/uploads\/2020\/07\/logo.png","width":133,"height":75,"caption":"Tandoor Vietnam"},"image":{"@id":"https:\/\/tandoorvietnam.com\/vi\/#\/schema\/logo\/image\/"},"sameAs":["https:\/\/www.facebook.com\/tandoor.hcmc\/"]}]}},"_links":{"self":[{"href":"https:\/\/tandoorvietnam.com\/vi\/wp-json\/wp\/v2\/product\/3757","targetHints":{"allow":["GET"]}}],"collection":[{"href":"https:\/\/tandoorvietnam.com\/vi\/wp-json\/wp\/v2\/product"}],"about":[{"href":"https:\/\/tandoorvietnam.com\/vi\/wp-json\/wp\/v2\/types\/product"}],"wp:attachment":[{"href":"https:\/\/tandoorvietnam.com\/vi\/wp-json\/wp\/v2\/media?parent=3757"}],"wp:term":[{"taxonomy":"product_brand","embeddable":true,"href":"https:\/\/tandoorvietnam.com\/vi\/wp-json\/wp\/v2\/product_brand?post=3757"},{"taxonomy":"product_cat","embeddable":true,"href":"https:\/\/tandoorvietnam.com\/vi\/wp-json\/wp\/v2\/product_cat?post=3757"},{"taxonomy":"product_tag","embeddable":true,"href":"https:\/\/tandoorvietnam.com\/vi\/wp-json\/wp\/v2\/product_tag?post=3757"}],"curies":[{"name":"wp","href":"https:\/\/api.w.org\/{rel}","templated":true}]}}