{"id":3758,"date":"2020-06-23T12:55:00","date_gmt":"2021-04-26T03:59:08","guid":{"rendered":"http:\/\/tandoorvietnam.com\/product\/uncategorized\/talisker-10-nam\/"},"modified":"2023-05-20T16:44:17","modified_gmt":"2023-05-20T16:44:17","slug":"talisker-10-nam","status":"publish","type":"product","link":"https:\/\/tandoorvietnam.com\/vi\/sanpham\/ruou-manh\/talisker-10-nam\/","title":{"rendered":"Talisker (10 n\u0103m)"},"content":{"rendered":"<div class=\"group w-full text-gray-800 dark:text-gray-100 border-b border-black\/10 dark:border-gray-900\/50 bg-gray-50 dark:bg-[#444654]\">\n<div class=\"flex p-4 gap-4 text-base md:gap-6 md:max-w-2xl lg:max-w-xl xl:max-w-3xl md:py-6 lg:px-0 m-auto\">\n<div class=\"relative flex w-[calc(100%-50px)] flex-col gap-1 md:gap-3 lg:w-[calc(100%-115px)]\">\n<div class=\"flex flex-grow flex-col gap-3\">\n<div class=\"min-h-[20px] flex flex-col items-start gap-4 whitespace-pre-wrap break-words\">\n<div class=\"markdown prose w-full break-words dark:prose-invert light\">\n<p>Talisker 10 N\u0103m l\u00e0 m\u1ed9t trong nh\u1eefng lo\u1ea1i r\u01b0\u1ee3u Single Malt n\u1ed5i ti\u1ebfng c\u1ee7a Talisker Distillery, Scotland. \u0110\u01b0\u1ee3c \u1ee7 trong 10 n\u0103m t\u1ea1i h\u1ea7m r\u01b0\u1ee3u c\u1ee7a nh\u00e0 m\u00e1y, Talisker 10 N\u0103m mang \u0111\u1ebfn cho b\u1ea1n m\u1ed9t tr\u1ea3i nghi\u1ec7m r\u01b0\u1ee3u \u0111\u1ea7y \u0111\u1eb7n v\u00e0 phong c\u00e1ch.<\/p>\n<p>V\u1edbi m\u1ed9t s\u1ef1 k\u1ebft h\u1ee3p tuy\u1ec7t v\u1eddi gi\u1eefa n\u1ed3ng \u0111\u1ed9 c\u1ed3n v\u00e0 h\u01b0\u01a1ng v\u1ecb, lo\u1ea1i r\u01b0\u1ee3u n\u00e0y\u00a0mang \u0111\u1ebfn m\u1ed9t h\u01b0\u01a1ng v\u1ecb \u0111\u1eadm \u0111\u00e0 v\u00e0 bi\u1ec3n c\u1ea3 \u0111\u1eb7c tr\u01b0ng c\u1ee7a nh\u1eefng h\u00f2n \u0111\u1ea3o Skye \u1edf Scotland. H\u01b0\u01a1ng th\u01a1m c\u1ee7a bi\u1ec3n c\u1ea3, m\u1eb7n m\u00e0 k\u1ebft h\u1ee3p v\u1edbi m\u1ed9t ch\u00fat kh\u00f3i nh\u1eb9 v\u00e0 gia v\u1ecb \u1ea5n t\u01b0\u1ee3ng, t\u1ea1o n\u00ean m\u1ed9t c\u1ea3m nh\u1eadn r\u1ea5t \u0111\u1eb7c bi\u1ec7t khi th\u01b0\u1edfng th\u1ee9c.<\/p>\n<p>V\u1edbi m\u00e0u v\u00e0ng \u0111\u1eb9p m\u1eaft, lo\u1ea1i r\u01b0\u1ee3u n\u00e0y\u00a0c\u00f3 h\u01b0\u01a1ng v\u1ecb \u0111\u1ea7y s\u1ee9c s\u1ed1ng v\u00e0 \u0111\u1ed9 m\u1ea1nh v\u1eeba ph\u1ea3i. C\u1ea3m nh\u1eadn \u0111\u1ea7u ti\u00ean l\u00e0 h\u01b0\u01a1ng g\u1ed7 s\u1ed3i, h\u1ed7n h\u1ee3p v\u1edbi h\u01b0\u01a1ng cay c\u1ee7a ti\u00eau \u0111en v\u00e0 gia v\u1ecb \u1ea5n t\u01b0\u1ee3ng. V\u1ecb bi\u1ec3n c\u1ea3 m\u1eb7n m\u00e0 n\u1ed5i b\u1eadt sau \u0111\u00f3, mang l\u1ea1i m\u1ed9t c\u1ea3m gi\u00e1c \u0111\u1ed9c \u0111\u00e1o v\u00e0 ph\u1ea5n kh\u00edch.<\/p>\n<p>R\u01b0\u1ee3u Talisker 10 N\u0103m th\u00edch h\u1ee3p \u0111\u1ec3 th\u01b0\u1edfng th\u1ee9c trong c\u00e1c bu\u1ed5i g\u1eb7p g\u1ee1 b\u1ea1n b\u00e8, gia \u0111\u00ecnh ho\u1eb7c nh\u1eefng d\u1ecbp \u0111\u1eb7c bi\u1ec7t. H\u01b0\u01a1ng v\u1ecb \u0111\u1eadm \u0111\u00e0 v\u00e0 phong c\u00e1ch c\u1ee7a n\u00f3 l\u00e0m cho lo\u1ea1i r\u01b0\u1ee3u n\u00e0y\u00a0tr\u1edf th\u00e0nh m\u1ed9t l\u1ef1a ch\u1ecdn tuy\u1ec7t v\u1eddi cho nh\u1eefng ai y\u00eau th\u00edch r\u01b0\u1ee3u Single Malt.<\/p>\n<p>T\u1ea1i <a href=\"https:\/\/tandoorvietnam.com\/\">Tandoor Vietnam<\/a>, ch\u00fang t\u00f4i t\u1ef1 h\u00e0o mang \u0111\u1ebfn Talisker 10 N\u0103m cho kh\u00e1ch h\u00e0ng, cho ph\u00e9p b\u1ea1n kh\u00e1m ph\u00e1 v\u00e0 th\u01b0\u1edfng th\u1ee9c h\u01b0\u01a1ng v\u1ecb \u0111\u1eb7c tr\u01b0ng c\u1ee7a r\u01b0\u1ee3u whisky Scotland t\u1ea1i m\u1ed9t kh\u00f4ng gian \u1ea5m c\u00fang v\u00e0 chuy\u00ean nghi\u1ec7p.<\/p>\n<\/div>\n<\/div>\n<\/div>\n<div class=\"flex justify-between lg:block\">\n<div class=\"text-gray-400 flex self-end lg:self-center justify-center mt-2 gap-2 md:gap-3 lg:gap-1 lg:absolute lg:top-0 lg:translate-x-full lg:right-0 lg:mt-0 lg:pl-2 visible\"><\/div>\n<\/div>\n<\/div>\n<\/div>\n<\/div>\n","protected":false},"excerpt":{"rendered":"<p>Talisker 10 N\u0103m l\u00e0 m\u1ed9t trong nh\u1eefng lo\u1ea1i r\u01b0\u1ee3u Single Malt n\u1ed5i ti\u1ebfng c\u1ee7a Talisker Distillery, Scotland. \u0110\u01b0\u1ee3c \u1ee7 trong 10 n\u0103m t\u1ea1i h\u1ea7m r\u01b0\u1ee3u c\u1ee7a nh\u00e0 m\u00e1y, Talisker 10 N\u0103m mang \u0111\u1ebfn cho b\u1ea1n m\u1ed9t tr\u1ea3i nghi\u1ec7m r\u01b0\u1ee3u \u0111\u1ea7y \u0111\u1eb7n v\u00e0 phong c\u00e1ch. V\u1edbi m\u1ed9t s\u1ef1 k\u1ebft h\u1ee3p tuy\u1ec7t v\u1eddi gi\u1eefa n\u1ed3ng \u0111\u1ed9 c\u1ed3n [&hellip;]<\/p>\n","protected":false},"featured_media":0,"template":"","meta":[],"product_brand":[],"product_cat":[233],"product_tag":[],"class_list":{"0":"post-3758","1":"product","2":"type-product","3":"status-publish","5":"product_cat-ruou-manh","7":"first","8":"instock","9":"taxable","10":"shipping-taxable","11":"purchasable","12":"product-type-simple"},"yoast_head":"<!-- This site is optimized with the Yoast SEO Premium plugin v22.3 (Yoast SEO v27.4) - https:\/\/yoast.com\/product\/yoast-seo-premium-wordpress\/ -->\n<title>Talisker (10 n\u0103m) - Tandoor Vi\u1ec7t Nam<\/title>\n<meta name=\"description\" content=\"Talisker 10 N\u0103m - M\u1ed9t ly r\u01b0\u1ee3u Single Malt \u0111\u1ea7y \u0111\u1eb7n v\u00e0 phong c\u00e1ch t\u1eeb Talisker Distillery. Kh\u00e1m ph\u00e1 h\u01b0\u01a1ng v\u1ecb \u0111\u1eadm \u0111\u00e0 v\u00e0 bi\u1ec3n c\u1ea3 t\u1ea1i Tandoor Vietnam.\" \/>\n<meta name=\"robots\" content=\"index, follow, max-snippet:-1, max-image-preview:large, max-video-preview:-1\" \/>\n<link rel=\"canonical\" href=\"https:\/\/tandoorvietnam.com\/vi\/sanpham\/ruou-manh\/talisker-10-nam\/\" \/>\n<meta property=\"og:locale\" content=\"vi_VN\" \/>\n<meta property=\"og:type\" content=\"article\" \/>\n<meta property=\"og:title\" content=\"Talisker (10 n\u0103m)\" \/>\n<meta property=\"og:description\" content=\"Talisker 10 N\u0103m - M\u1ed9t ly r\u01b0\u1ee3u Single Malt \u0111\u1ea7y \u0111\u1eb7n v\u00e0 phong c\u00e1ch t\u1eeb Talisker Distillery. Kh\u00e1m ph\u00e1 h\u01b0\u01a1ng v\u1ecb \u0111\u1eadm \u0111\u00e0 v\u00e0 bi\u1ec3n c\u1ea3 t\u1ea1i Tandoor Vietnam.\" \/>\n<meta property=\"og:url\" content=\"https:\/\/tandoorvietnam.com\/vi\/sanpham\/ruou-manh\/talisker-10-nam\/\" \/>\n<meta property=\"og:site_name\" content=\"Tandoor Vi\u1ec7t Nam\" \/>\n<meta property=\"article:publisher\" content=\"https:\/\/www.facebook.com\/tandoor.hcmc\/\" \/>\n<meta property=\"article:modified_time\" content=\"2023-05-20T16:44:17+00:00\" \/>\n<meta property=\"og:image\" content=\"https:\/\/tandoorvietnam.com\/wp-content\/uploads\/2020\/07\/opengraph.jpg\" \/>\n\t<meta property=\"og:image:width\" content=\"1200\" \/>\n\t<meta property=\"og:image:height\" content=\"630\" \/>\n\t<meta property=\"og:image:type\" content=\"image\/jpeg\" \/>\n<meta name=\"twitter:card\" content=\"summary_large_image\" \/>\n<meta name=\"twitter:label1\" content=\"Est. reading time\" \/>\n\t<meta name=\"twitter:data1\" content=\"2 minutes\" \/>\n<script type=\"application\/ld+json\" class=\"yoast-schema-graph\">{\"@context\":\"https:\\\/\\\/schema.org\",\"@graph\":[{\"@type\":\"WebPage\",\"@id\":\"https:\\\/\\\/tandoorvietnam.com\\\/vi\\\/sanpham\\\/ruou-manh\\\/talisker-10-nam\\\/\",\"url\":\"https:\\\/\\\/tandoorvietnam.com\\\/vi\\\/sanpham\\\/ruou-manh\\\/talisker-10-nam\\\/\",\"name\":\"Talisker (10 n\u0103m) - Tandoor Vi\u1ec7t Nam\",\"isPartOf\":{\"@id\":\"https:\\\/\\\/tandoorvietnam.com\\\/vi\\\/#website\"},\"datePublished\":\"2021-04-26T03:59:08+00:00\",\"dateModified\":\"2023-05-20T16:44:17+00:00\",\"description\":\"Talisker 10 N\u0103m - M\u1ed9t ly r\u01b0\u1ee3u Single Malt \u0111\u1ea7y \u0111\u1eb7n v\u00e0 phong c\u00e1ch t\u1eeb Talisker Distillery. Kh\u00e1m ph\u00e1 h\u01b0\u01a1ng v\u1ecb \u0111\u1eadm \u0111\u00e0 v\u00e0 bi\u1ec3n c\u1ea3 t\u1ea1i Tandoor Vietnam.\",\"breadcrumb\":{\"@id\":\"https:\\\/\\\/tandoorvietnam.com\\\/vi\\\/sanpham\\\/ruou-manh\\\/talisker-10-nam\\\/#breadcrumb\"},\"inLanguage\":\"vi-VN\",\"potentialAction\":[{\"@type\":\"ReadAction\",\"target\":[\"https:\\\/\\\/tandoorvietnam.com\\\/vi\\\/sanpham\\\/ruou-manh\\\/talisker-10-nam\\\/\"]}]},{\"@type\":\"BreadcrumbList\",\"@id\":\"https:\\\/\\\/tandoorvietnam.com\\\/vi\\\/sanpham\\\/ruou-manh\\\/talisker-10-nam\\\/#breadcrumb\",\"itemListElement\":[{\"@type\":\"ListItem\",\"position\":1,\"name\":\"Trang Ch\u1ee7\",\"item\":\"https:\\\/\\\/tandoorvietnam.com\\\/vi\\\/\"},{\"@type\":\"ListItem\",\"position\":2,\"name\":\"Shop\",\"item\":\"https:\\\/\\\/tandoorvietnam.com\\\/shop\\\/\"},{\"@type\":\"ListItem\",\"position\":3,\"name\":\"Talisker (10 n\u0103m)\"}]},{\"@type\":\"WebSite\",\"@id\":\"https:\\\/\\\/tandoorvietnam.com\\\/vi\\\/#website\",\"url\":\"https:\\\/\\\/tandoorvietnam.com\\\/vi\\\/\",\"name\":\"Tandoor Vietnam\",\"description\":\"Nh\u00e0 h\u00e0ng ngon h\u1ed3 ch\u00ed minh\",\"publisher\":{\"@id\":\"https:\\\/\\\/tandoorvietnam.com\\\/vi\\\/#organization\"},\"potentialAction\":[{\"@type\":\"SearchAction\",\"target\":{\"@type\":\"EntryPoint\",\"urlTemplate\":\"https:\\\/\\\/tandoorvietnam.com\\\/vi\\\/?s={search_term_string}\"},\"query-input\":{\"@type\":\"PropertyValueSpecification\",\"valueRequired\":true,\"valueName\":\"search_term_string\"}}],\"inLanguage\":\"vi-VN\"},{\"@type\":\"Organization\",\"@id\":\"https:\\\/\\\/tandoorvietnam.com\\\/vi\\\/#organization\",\"name\":\"Tandoor Vietnam\",\"url\":\"https:\\\/\\\/tandoorvietnam.com\\\/vi\\\/\",\"logo\":{\"@type\":\"ImageObject\",\"inLanguage\":\"vi-VN\",\"@id\":\"https:\\\/\\\/tandoorvietnam.com\\\/vi\\\/#\\\/schema\\\/logo\\\/image\\\/\",\"url\":\"https:\\\/\\\/tandoorvietnam.com\\\/wp-content\\\/uploads\\\/2020\\\/07\\\/logo.png\",\"contentUrl\":\"https:\\\/\\\/tandoorvietnam.com\\\/wp-content\\\/uploads\\\/2020\\\/07\\\/logo.png\",\"width\":133,\"height\":75,\"caption\":\"Tandoor Vietnam\"},\"image\":{\"@id\":\"https:\\\/\\\/tandoorvietnam.com\\\/vi\\\/#\\\/schema\\\/logo\\\/image\\\/\"},\"sameAs\":[\"https:\\\/\\\/www.facebook.com\\\/tandoor.hcmc\\\/\"]}]}<\/script>\n<!-- \/ Yoast SEO Premium plugin. -->","yoast_head_json":{"title":"Talisker (10 n\u0103m) - Tandoor Vi\u1ec7t Nam","description":"Talisker 10 N\u0103m - M\u1ed9t ly r\u01b0\u1ee3u Single Malt \u0111\u1ea7y \u0111\u1eb7n v\u00e0 phong c\u00e1ch t\u1eeb Talisker Distillery. Kh\u00e1m ph\u00e1 h\u01b0\u01a1ng v\u1ecb \u0111\u1eadm \u0111\u00e0 v\u00e0 bi\u1ec3n c\u1ea3 t\u1ea1i Tandoor Vietnam.","robots":{"index":"index","follow":"follow","max-snippet":"max-snippet:-1","max-image-preview":"max-image-preview:large","max-video-preview":"max-video-preview:-1"},"canonical":"https:\/\/tandoorvietnam.com\/vi\/sanpham\/ruou-manh\/talisker-10-nam\/","og_locale":"vi_VN","og_type":"article","og_title":"Talisker (10 n\u0103m)","og_description":"Talisker 10 N\u0103m - M\u1ed9t ly r\u01b0\u1ee3u Single Malt \u0111\u1ea7y \u0111\u1eb7n v\u00e0 phong c\u00e1ch t\u1eeb Talisker Distillery. Kh\u00e1m ph\u00e1 h\u01b0\u01a1ng v\u1ecb \u0111\u1eadm \u0111\u00e0 v\u00e0 bi\u1ec3n c\u1ea3 t\u1ea1i Tandoor Vietnam.","og_url":"https:\/\/tandoorvietnam.com\/vi\/sanpham\/ruou-manh\/talisker-10-nam\/","og_site_name":"Tandoor Vi\u1ec7t Nam","article_publisher":"https:\/\/www.facebook.com\/tandoor.hcmc\/","article_modified_time":"2023-05-20T16:44:17+00:00","og_image":[{"width":1200,"height":630,"url":"https:\/\/tandoorvietnam.com\/wp-content\/uploads\/2020\/07\/opengraph.jpg","type":"image\/jpeg"}],"twitter_card":"summary_large_image","twitter_misc":{"Est. reading time":"2 minutes"},"schema":{"@context":"https:\/\/schema.org","@graph":[{"@type":"WebPage","@id":"https:\/\/tandoorvietnam.com\/vi\/sanpham\/ruou-manh\/talisker-10-nam\/","url":"https:\/\/tandoorvietnam.com\/vi\/sanpham\/ruou-manh\/talisker-10-nam\/","name":"Talisker (10 n\u0103m) - Tandoor Vi\u1ec7t Nam","isPartOf":{"@id":"https:\/\/tandoorvietnam.com\/vi\/#website"},"datePublished":"2021-04-26T03:59:08+00:00","dateModified":"2023-05-20T16:44:17+00:00","description":"Talisker 10 N\u0103m - M\u1ed9t ly r\u01b0\u1ee3u Single Malt \u0111\u1ea7y \u0111\u1eb7n v\u00e0 phong c\u00e1ch t\u1eeb Talisker Distillery. Kh\u00e1m ph\u00e1 h\u01b0\u01a1ng v\u1ecb \u0111\u1eadm \u0111\u00e0 v\u00e0 bi\u1ec3n c\u1ea3 t\u1ea1i Tandoor Vietnam.","breadcrumb":{"@id":"https:\/\/tandoorvietnam.com\/vi\/sanpham\/ruou-manh\/talisker-10-nam\/#breadcrumb"},"inLanguage":"vi-VN","potentialAction":[{"@type":"ReadAction","target":["https:\/\/tandoorvietnam.com\/vi\/sanpham\/ruou-manh\/talisker-10-nam\/"]}]},{"@type":"BreadcrumbList","@id":"https:\/\/tandoorvietnam.com\/vi\/sanpham\/ruou-manh\/talisker-10-nam\/#breadcrumb","itemListElement":[{"@type":"ListItem","position":1,"name":"Trang Ch\u1ee7","item":"https:\/\/tandoorvietnam.com\/vi\/"},{"@type":"ListItem","position":2,"name":"Shop","item":"https:\/\/tandoorvietnam.com\/shop\/"},{"@type":"ListItem","position":3,"name":"Talisker (10 n\u0103m)"}]},{"@type":"WebSite","@id":"https:\/\/tandoorvietnam.com\/vi\/#website","url":"https:\/\/tandoorvietnam.com\/vi\/","name":"Tandoor Vietnam","description":"Nh\u00e0 h\u00e0ng ngon h\u1ed3 ch\u00ed minh","publisher":{"@id":"https:\/\/tandoorvietnam.com\/vi\/#organization"},"potentialAction":[{"@type":"SearchAction","target":{"@type":"EntryPoint","urlTemplate":"https:\/\/tandoorvietnam.com\/vi\/?s={search_term_string}"},"query-input":{"@type":"PropertyValueSpecification","valueRequired":true,"valueName":"search_term_string"}}],"inLanguage":"vi-VN"},{"@type":"Organization","@id":"https:\/\/tandoorvietnam.com\/vi\/#organization","name":"Tandoor Vietnam","url":"https:\/\/tandoorvietnam.com\/vi\/","logo":{"@type":"ImageObject","inLanguage":"vi-VN","@id":"https:\/\/tandoorvietnam.com\/vi\/#\/schema\/logo\/image\/","url":"https:\/\/tandoorvietnam.com\/wp-content\/uploads\/2020\/07\/logo.png","contentUrl":"https:\/\/tandoorvietnam.com\/wp-content\/uploads\/2020\/07\/logo.png","width":133,"height":75,"caption":"Tandoor Vietnam"},"image":{"@id":"https:\/\/tandoorvietnam.com\/vi\/#\/schema\/logo\/image\/"},"sameAs":["https:\/\/www.facebook.com\/tandoor.hcmc\/"]}]}},"_links":{"self":[{"href":"https:\/\/tandoorvietnam.com\/vi\/wp-json\/wp\/v2\/product\/3758","targetHints":{"allow":["GET"]}}],"collection":[{"href":"https:\/\/tandoorvietnam.com\/vi\/wp-json\/wp\/v2\/product"}],"about":[{"href":"https:\/\/tandoorvietnam.com\/vi\/wp-json\/wp\/v2\/types\/product"}],"wp:attachment":[{"href":"https:\/\/tandoorvietnam.com\/vi\/wp-json\/wp\/v2\/media?parent=3758"}],"wp:term":[{"taxonomy":"product_brand","embeddable":true,"href":"https:\/\/tandoorvietnam.com\/vi\/wp-json\/wp\/v2\/product_brand?post=3758"},{"taxonomy":"product_cat","embeddable":true,"href":"https:\/\/tandoorvietnam.com\/vi\/wp-json\/wp\/v2\/product_cat?post=3758"},{"taxonomy":"product_tag","embeddable":true,"href":"https:\/\/tandoorvietnam.com\/vi\/wp-json\/wp\/v2\/product_tag?post=3758"}],"curies":[{"name":"wp","href":"https:\/\/api.w.org\/{rel}","templated":true}]}}