{"id":3887,"date":"2020-06-20T14:11:04","date_gmt":"2021-05-24T04:03:15","guid":{"rendered":"http:\/\/tandoorvietnam.com\/product\/uncategorized\/tom-nau-nghe-va-gia-vi-cay\/"},"modified":"2023-05-19T16:06:02","modified_gmt":"2023-05-19T16:06:02","slug":"tom-nau-nghe-va-gia-vi-cay","status":"publish","type":"product","link":"https:\/\/tandoorvietnam.com\/vi\/sanpham\/cac-mon-tom\/tom-nau-nghe-va-gia-vi-cay\/","title":{"rendered":"Jhinga Bhoona (T\u00d4M N\u1ea4U NGH\u1ec6 V\u00c0 GIA V\u1eca CAY)"},"content":{"rendered":"<p>T\u00f4m n\u1ea5u ngh\u1ec7 v\u00e0 gia v\u1ecb cay (Jhinga Bhoona) l\u00e0 m\u1ed9t m\u00f3n \u0103n \u0111\u1ed9c \u0111\u00e1o t\u1ea1i Tandoor Vietnam. Ch\u00fang t\u00f4i ch\u1ecdn t\u00f4m t\u01b0\u01a1i ngon, v\u00e0 n\u1ea5u ch\u00edn trong m\u1ed9t n\u1ed3i n\u01b0\u1edbc th\u01a1m ngon \u0111\u01b0\u1ee3c h\u00f2a quy\u1ec7n v\u1edbi ngh\u1ec7 v\u00e0 c\u00e1c gia v\u1ecb cay.<\/p>\n<p>S\u1ef1 k\u1ebft h\u1ee3p gi\u1eefa ngh\u1ec7 v\u00e0 gia v\u1ecb cay t\u1ea1o ra m\u1ed9t h\u01b0\u01a1ng v\u1ecb \u0111\u1eb7c tr\u01b0ng v\u00e0 h\u1ea5p d\u1eabn cho t\u00f4m. Ngh\u1ec7 mang l\u1ea1i m\u00e0u v\u00e0ng r\u1ef1c r\u1ee1 cho m\u00f3n \u0103n, c\u00f9ng v\u1edbi m\u1ed9t h\u01b0\u01a1ng th\u01a1m \u0111\u1eb7c tr\u01b0ng v\u00e0 h\u01b0\u01a1ng v\u1ecb nh\u1eb9 nh\u00e0ng. C\u00e1c gia v\u1ecb cay nh\u01b0 ti\u00eau \u0111en, \u1edbt v\u00e0 gia v\u1ecb \u1ea4n \u0110\u1ed9 kh\u00e1c \u0111\u01b0\u1ee3c s\u1eed d\u1ee5ng \u0111\u1ec3 t\u0103ng th\u00eam \u0111\u1ed9 n\u00f3ng v\u00e0 s\u1ef1 \u0111a d\u1ea1ng h\u01b0\u01a1ng v\u1ecb.<\/p>\n<p><a href=\"https:\/\/en.wikipedia.org\/wiki\/Shrimp_curry\">Jhinga Bhoona<\/a> c\u00f3 v\u1ecb \u0111\u1eadm \u0111\u00e0, h\u1ea5p d\u1eabn v\u00e0 m\u1ed9t ch\u00fat cay n\u1ed3ng, mang l\u1ea1i tr\u1ea3i nghi\u1ec7m \u1ea9m th\u1ef1c \u0111\u1ed9c \u0111\u00e1o. M\u00f3n \u0103n n\u00e0y th\u01b0\u1eddng \u0111\u01b0\u1ee3c k\u1ebft h\u1ee3p v\u1edbi c\u01a1m ho\u1eb7c b\u00e1nh m\u00ec \u0111\u1ec3 t\u1eadn h\u01b0\u1edfng h\u01b0\u01a1ng v\u1ecb tuy\u1ec7t v\u1eddi c\u1ee7a t\u00f4m.<\/p>\n<p>T\u1ea1i Tandoor Vietnam, ch\u00fang t\u00f4i cam k\u1ebft s\u1eed d\u1ee5ng t\u00f4m t\u01b0\u01a1i ngon v\u00e0 c\u00e1c nguy\u00ean li\u1ec7u ch\u1ea5t l\u01b0\u1ee3ng cao \u0111\u1ec3 t\u1ea1o ra m\u00f3n \u0103n \u0111\u1eadm \u0111\u00e0 v\u00e0 th\u01a1m ngon nh\u1ea5t. Ch\u00fang t\u00f4i lu\u00f4n \u0111\u1ea3m b\u1ea3o m\u00f3n \u0103n \u0111\u01b0\u1ee3c ch\u1ebf bi\u1ebfn t\u1ec9 m\u1ec9 v\u00e0 \u0111\u00fang c\u00e1ch \u0111\u1ec3 mang l\u1ea1i tr\u1ea3i nghi\u1ec7m \u1ea9m th\u1ef1c tuy\u1ec7t v\u1eddi cho kh\u00e1ch h\u00e0ng.<\/p>\n<p>H\u00e3y th\u1eed Jhinga Bhoona t\u1ea1i <a href=\"https:\/\/tandoorvietnam.com\/\">nh\u00e0 h\u00e0ng Tandoor Vietnam<\/a> v\u00e0 kh\u00e1m ph\u00e1 h\u01b0\u01a1ng v\u1ecb \u0111\u1ed9c \u0111\u00e1o c\u1ee7a m\u00f3n \u0103n n\u00e0y. Ch\u00fang t\u00f4i tin r\u1eb1ng b\u1ea1n s\u1ebd \u0111\u01b0\u1ee3c tr\u1ea3i nghi\u1ec7m m\u1ed9t tr\u1ea3i nghi\u1ec7m \u1ea9m th\u1ef1c tuy\u1ec7t v\u1eddi v\u00e0 nh\u1eefng h\u01b0\u01a1ng v\u1ecb \u0111\u1eb7c tr\u01b0ng c\u1ee7a \u1ea4n \u0110\u1ed9.<\/p>\n","protected":false},"excerpt":{"rendered":"<p>&nbsp;<\/p>\n<table width=\"723\">\n<tbody>\n<tr>\n<td width=\"412\">Special prepared spicy prawn in dry onion gravy<\/td>\n<\/tr>\n<tr>\n<td width=\"412\"><em>T\u00f4m l\u1ed9t v\u1ecf n\u1ea5u v\u1edbi gia v\u1ecb \u0111en v\u00e0 ngh\u1ec7 cay<\/em><\/td>\n<\/tr>\n<\/tbody>\n<\/table>\n","protected":false},"featured_media":0,"template":"","meta":[],"product_brand":[],"product_cat":[226],"product_tag":[],"class_list":{"0":"post-3887","1":"product","2":"type-product","3":"status-publish","5":"product_cat-cac-mon-tom","7":"first","8":"instock","9":"taxable","10":"shipping-taxable","11":"purchasable","12":"product-type-simple"},"yoast_head":"<!-- This site is optimized with the Yoast SEO Premium plugin v22.3 (Yoast SEO v27.6) - https:\/\/yoast.com\/product\/yoast-seo-premium-wordpress\/ -->\n<title>Jhinga Bhoona (T\u00d4M N\u1ea4U NGH\u1ec6 V\u00c0 GIA V\u1eca CAY)<\/title>\n<meta name=\"description\" content=\"T\u00f4m n\u1ea5u ngh\u1ec7 v\u00e0 gia v\u1ecb cay, m\u00f3n \u0103n h\u1ea5p d\u1eabn v\u1edbi h\u01b0\u01a1ng v\u1ecb \u0111\u1eb7c tr\u01b0ng c\u1ee7a ngh\u1ec7 v\u00e0 gia v\u1ecb cay, t\u1ea1i nh\u00e0 h\u00e0ng \u1ea4n \u0110\u1ed9 Tandoor Vietnam.\" \/>\n<meta name=\"robots\" content=\"index, follow, max-snippet:-1, max-image-preview:large, max-video-preview:-1\" \/>\n<link rel=\"canonical\" href=\"https:\/\/tandoorvietnam.com\/vi\/sanpham\/cac-mon-tom\/tom-nau-nghe-va-gia-vi-cay\/\" \/>\n<meta property=\"og:locale\" content=\"vi_VN\" \/>\n<meta property=\"og:type\" content=\"article\" \/>\n<meta property=\"og:title\" content=\"Jhinga Bhoona (T\u00d4M N\u1ea4U NGH\u1ec6 V\u00c0 GIA V\u1eca CAY)\" \/>\n<meta property=\"og:description\" content=\"T\u00f4m n\u1ea5u ngh\u1ec7 v\u00e0 gia v\u1ecb cay, m\u00f3n \u0103n h\u1ea5p d\u1eabn v\u1edbi h\u01b0\u01a1ng v\u1ecb \u0111\u1eb7c tr\u01b0ng c\u1ee7a ngh\u1ec7 v\u00e0 gia v\u1ecb cay, t\u1ea1i nh\u00e0 h\u00e0ng \u1ea4n \u0110\u1ed9 Tandoor Vietnam.\" \/>\n<meta property=\"og:url\" content=\"https:\/\/tandoorvietnam.com\/vi\/sanpham\/cac-mon-tom\/tom-nau-nghe-va-gia-vi-cay\/\" \/>\n<meta property=\"og:site_name\" content=\"Tandoor Vi\u1ec7t Nam\" \/>\n<meta property=\"article:publisher\" content=\"https:\/\/www.facebook.com\/tandoor.hcmc\/\" \/>\n<meta property=\"article:modified_time\" content=\"2023-05-19T16:06:02+00:00\" \/>\n<meta property=\"og:image\" content=\"https:\/\/tandoorvietnam.com\/wp-content\/uploads\/2020\/07\/opengraph.jpg\" \/>\n\t<meta property=\"og:image:width\" content=\"1200\" \/>\n\t<meta property=\"og:image:height\" content=\"630\" \/>\n\t<meta property=\"og:image:type\" content=\"image\/jpeg\" \/>\n<meta name=\"twitter:card\" content=\"summary_large_image\" \/>\n<meta name=\"twitter:label1\" content=\"Est. reading time\" \/>\n\t<meta name=\"twitter:data1\" content=\"2 minutes\" \/>\n<script type=\"application\/ld+json\" class=\"yoast-schema-graph\">{\"@context\":\"https:\\\/\\\/schema.org\",\"@graph\":[{\"@type\":\"WebPage\",\"@id\":\"https:\\\/\\\/tandoorvietnam.com\\\/vi\\\/sanpham\\\/cac-mon-tom\\\/tom-nau-nghe-va-gia-vi-cay\\\/\",\"url\":\"https:\\\/\\\/tandoorvietnam.com\\\/vi\\\/sanpham\\\/cac-mon-tom\\\/tom-nau-nghe-va-gia-vi-cay\\\/\",\"name\":\"Jhinga Bhoona (T\u00d4M N\u1ea4U NGH\u1ec6 V\u00c0 GIA V\u1eca CAY)\",\"isPartOf\":{\"@id\":\"https:\\\/\\\/tandoorvietnam.com\\\/vi\\\/#website\"},\"datePublished\":\"2021-05-24T04:03:15+00:00\",\"dateModified\":\"2023-05-19T16:06:02+00:00\",\"description\":\"T\u00f4m n\u1ea5u ngh\u1ec7 v\u00e0 gia v\u1ecb cay, m\u00f3n \u0103n h\u1ea5p d\u1eabn v\u1edbi h\u01b0\u01a1ng v\u1ecb \u0111\u1eb7c tr\u01b0ng c\u1ee7a ngh\u1ec7 v\u00e0 gia v\u1ecb cay, t\u1ea1i nh\u00e0 h\u00e0ng \u1ea4n \u0110\u1ed9 Tandoor Vietnam.\",\"breadcrumb\":{\"@id\":\"https:\\\/\\\/tandoorvietnam.com\\\/vi\\\/sanpham\\\/cac-mon-tom\\\/tom-nau-nghe-va-gia-vi-cay\\\/#breadcrumb\"},\"inLanguage\":\"vi-VN\",\"potentialAction\":[{\"@type\":\"ReadAction\",\"target\":[\"https:\\\/\\\/tandoorvietnam.com\\\/vi\\\/sanpham\\\/cac-mon-tom\\\/tom-nau-nghe-va-gia-vi-cay\\\/\"]}]},{\"@type\":\"BreadcrumbList\",\"@id\":\"https:\\\/\\\/tandoorvietnam.com\\\/vi\\\/sanpham\\\/cac-mon-tom\\\/tom-nau-nghe-va-gia-vi-cay\\\/#breadcrumb\",\"itemListElement\":[{\"@type\":\"ListItem\",\"position\":1,\"name\":\"Trang Ch\u1ee7\",\"item\":\"https:\\\/\\\/tandoorvietnam.com\\\/vi\\\/\"},{\"@type\":\"ListItem\",\"position\":2,\"name\":\"Shop\",\"item\":\"https:\\\/\\\/tandoorvietnam.com\\\/shop\\\/\"},{\"@type\":\"ListItem\",\"position\":3,\"name\":\"Jhinga Bhoona (T\u00d4M N\u1ea4U NGH\u1ec6 V\u00c0 GIA V\u1eca CAY)\"}]},{\"@type\":\"WebSite\",\"@id\":\"https:\\\/\\\/tandoorvietnam.com\\\/vi\\\/#website\",\"url\":\"https:\\\/\\\/tandoorvietnam.com\\\/vi\\\/\",\"name\":\"Tandoor Vietnam\",\"description\":\"Nh\u00e0 h\u00e0ng ngon h\u1ed3 ch\u00ed minh\",\"publisher\":{\"@id\":\"https:\\\/\\\/tandoorvietnam.com\\\/vi\\\/#organization\"},\"potentialAction\":[{\"@type\":\"SearchAction\",\"target\":{\"@type\":\"EntryPoint\",\"urlTemplate\":\"https:\\\/\\\/tandoorvietnam.com\\\/vi\\\/?s={search_term_string}\"},\"query-input\":{\"@type\":\"PropertyValueSpecification\",\"valueRequired\":true,\"valueName\":\"search_term_string\"}}],\"inLanguage\":\"vi-VN\"},{\"@type\":\"Organization\",\"@id\":\"https:\\\/\\\/tandoorvietnam.com\\\/vi\\\/#organization\",\"name\":\"Tandoor Vietnam\",\"url\":\"https:\\\/\\\/tandoorvietnam.com\\\/vi\\\/\",\"logo\":{\"@type\":\"ImageObject\",\"inLanguage\":\"vi-VN\",\"@id\":\"https:\\\/\\\/tandoorvietnam.com\\\/vi\\\/#\\\/schema\\\/logo\\\/image\\\/\",\"url\":\"https:\\\/\\\/tandoorvietnam.com\\\/wp-content\\\/uploads\\\/2020\\\/07\\\/logo.png\",\"contentUrl\":\"https:\\\/\\\/tandoorvietnam.com\\\/wp-content\\\/uploads\\\/2020\\\/07\\\/logo.png\",\"width\":133,\"height\":75,\"caption\":\"Tandoor Vietnam\"},\"image\":{\"@id\":\"https:\\\/\\\/tandoorvietnam.com\\\/vi\\\/#\\\/schema\\\/logo\\\/image\\\/\"},\"sameAs\":[\"https:\\\/\\\/www.facebook.com\\\/tandoor.hcmc\\\/\"]}]}<\/script>\n<!-- \/ Yoast SEO Premium plugin. -->","yoast_head_json":{"title":"Jhinga Bhoona (T\u00d4M N\u1ea4U NGH\u1ec6 V\u00c0 GIA V\u1eca CAY)","description":"T\u00f4m n\u1ea5u ngh\u1ec7 v\u00e0 gia v\u1ecb cay, m\u00f3n \u0103n h\u1ea5p d\u1eabn v\u1edbi h\u01b0\u01a1ng v\u1ecb \u0111\u1eb7c tr\u01b0ng c\u1ee7a ngh\u1ec7 v\u00e0 gia v\u1ecb cay, t\u1ea1i nh\u00e0 h\u00e0ng \u1ea4n \u0110\u1ed9 Tandoor Vietnam.","robots":{"index":"index","follow":"follow","max-snippet":"max-snippet:-1","max-image-preview":"max-image-preview:large","max-video-preview":"max-video-preview:-1"},"canonical":"https:\/\/tandoorvietnam.com\/vi\/sanpham\/cac-mon-tom\/tom-nau-nghe-va-gia-vi-cay\/","og_locale":"vi_VN","og_type":"article","og_title":"Jhinga Bhoona (T\u00d4M N\u1ea4U NGH\u1ec6 V\u00c0 GIA V\u1eca CAY)","og_description":"T\u00f4m n\u1ea5u ngh\u1ec7 v\u00e0 gia v\u1ecb cay, m\u00f3n \u0103n h\u1ea5p d\u1eabn v\u1edbi h\u01b0\u01a1ng v\u1ecb \u0111\u1eb7c tr\u01b0ng c\u1ee7a ngh\u1ec7 v\u00e0 gia v\u1ecb cay, t\u1ea1i nh\u00e0 h\u00e0ng \u1ea4n \u0110\u1ed9 Tandoor Vietnam.","og_url":"https:\/\/tandoorvietnam.com\/vi\/sanpham\/cac-mon-tom\/tom-nau-nghe-va-gia-vi-cay\/","og_site_name":"Tandoor Vi\u1ec7t Nam","article_publisher":"https:\/\/www.facebook.com\/tandoor.hcmc\/","article_modified_time":"2023-05-19T16:06:02+00:00","og_image":[{"width":1200,"height":630,"url":"https:\/\/tandoorvietnam.com\/wp-content\/uploads\/2020\/07\/opengraph.jpg","type":"image\/jpeg"}],"twitter_card":"summary_large_image","twitter_misc":{"Est. reading time":"2 minutes"},"schema":{"@context":"https:\/\/schema.org","@graph":[{"@type":"WebPage","@id":"https:\/\/tandoorvietnam.com\/vi\/sanpham\/cac-mon-tom\/tom-nau-nghe-va-gia-vi-cay\/","url":"https:\/\/tandoorvietnam.com\/vi\/sanpham\/cac-mon-tom\/tom-nau-nghe-va-gia-vi-cay\/","name":"Jhinga Bhoona (T\u00d4M N\u1ea4U NGH\u1ec6 V\u00c0 GIA V\u1eca CAY)","isPartOf":{"@id":"https:\/\/tandoorvietnam.com\/vi\/#website"},"datePublished":"2021-05-24T04:03:15+00:00","dateModified":"2023-05-19T16:06:02+00:00","description":"T\u00f4m n\u1ea5u ngh\u1ec7 v\u00e0 gia v\u1ecb cay, m\u00f3n \u0103n h\u1ea5p d\u1eabn v\u1edbi h\u01b0\u01a1ng v\u1ecb \u0111\u1eb7c tr\u01b0ng c\u1ee7a ngh\u1ec7 v\u00e0 gia v\u1ecb cay, t\u1ea1i nh\u00e0 h\u00e0ng \u1ea4n \u0110\u1ed9 Tandoor Vietnam.","breadcrumb":{"@id":"https:\/\/tandoorvietnam.com\/vi\/sanpham\/cac-mon-tom\/tom-nau-nghe-va-gia-vi-cay\/#breadcrumb"},"inLanguage":"vi-VN","potentialAction":[{"@type":"ReadAction","target":["https:\/\/tandoorvietnam.com\/vi\/sanpham\/cac-mon-tom\/tom-nau-nghe-va-gia-vi-cay\/"]}]},{"@type":"BreadcrumbList","@id":"https:\/\/tandoorvietnam.com\/vi\/sanpham\/cac-mon-tom\/tom-nau-nghe-va-gia-vi-cay\/#breadcrumb","itemListElement":[{"@type":"ListItem","position":1,"name":"Trang Ch\u1ee7","item":"https:\/\/tandoorvietnam.com\/vi\/"},{"@type":"ListItem","position":2,"name":"Shop","item":"https:\/\/tandoorvietnam.com\/shop\/"},{"@type":"ListItem","position":3,"name":"Jhinga Bhoona (T\u00d4M N\u1ea4U NGH\u1ec6 V\u00c0 GIA V\u1eca CAY)"}]},{"@type":"WebSite","@id":"https:\/\/tandoorvietnam.com\/vi\/#website","url":"https:\/\/tandoorvietnam.com\/vi\/","name":"Tandoor Vietnam","description":"Nh\u00e0 h\u00e0ng ngon h\u1ed3 ch\u00ed minh","publisher":{"@id":"https:\/\/tandoorvietnam.com\/vi\/#organization"},"potentialAction":[{"@type":"SearchAction","target":{"@type":"EntryPoint","urlTemplate":"https:\/\/tandoorvietnam.com\/vi\/?s={search_term_string}"},"query-input":{"@type":"PropertyValueSpecification","valueRequired":true,"valueName":"search_term_string"}}],"inLanguage":"vi-VN"},{"@type":"Organization","@id":"https:\/\/tandoorvietnam.com\/vi\/#organization","name":"Tandoor Vietnam","url":"https:\/\/tandoorvietnam.com\/vi\/","logo":{"@type":"ImageObject","inLanguage":"vi-VN","@id":"https:\/\/tandoorvietnam.com\/vi\/#\/schema\/logo\/image\/","url":"https:\/\/tandoorvietnam.com\/wp-content\/uploads\/2020\/07\/logo.png","contentUrl":"https:\/\/tandoorvietnam.com\/wp-content\/uploads\/2020\/07\/logo.png","width":133,"height":75,"caption":"Tandoor Vietnam"},"image":{"@id":"https:\/\/tandoorvietnam.com\/vi\/#\/schema\/logo\/image\/"},"sameAs":["https:\/\/www.facebook.com\/tandoor.hcmc\/"]}]}},"_links":{"self":[{"href":"https:\/\/tandoorvietnam.com\/vi\/wp-json\/wp\/v2\/product\/3887","targetHints":{"allow":["GET"]}}],"collection":[{"href":"https:\/\/tandoorvietnam.com\/vi\/wp-json\/wp\/v2\/product"}],"about":[{"href":"https:\/\/tandoorvietnam.com\/vi\/wp-json\/wp\/v2\/types\/product"}],"wp:attachment":[{"href":"https:\/\/tandoorvietnam.com\/vi\/wp-json\/wp\/v2\/media?parent=3887"}],"wp:term":[{"taxonomy":"product_brand","embeddable":true,"href":"https:\/\/tandoorvietnam.com\/vi\/wp-json\/wp\/v2\/product_brand?post=3887"},{"taxonomy":"product_cat","embeddable":true,"href":"https:\/\/tandoorvietnam.com\/vi\/wp-json\/wp\/v2\/product_cat?post=3887"},{"taxonomy":"product_tag","embeddable":true,"href":"https:\/\/tandoorvietnam.com\/vi\/wp-json\/wp\/v2\/product_tag?post=3887"}],"curies":[{"name":"wp","href":"https:\/\/api.w.org\/{rel}","templated":true}]}}