{"id":3890,"date":"2020-06-20T14:18:09","date_gmt":"2021-05-26T08:06:00","guid":{"rendered":"http:\/\/tandoorvietnam.com\/product\/uncategorized\/banh-mi-nuong-lo-tandoor\/"},"modified":"2023-05-20T17:15:04","modified_gmt":"2023-05-20T17:15:04","slug":"banh-mi-tron-nuong-lo-tandoor","status":"publish","type":"product","link":"https:\/\/tandoorvietnam.com\/vi\/sanpham\/cac-mon-banh-ro-ti\/banh-mi-tron-nuong-lo-tandoor\/","title":{"rendered":"Tandoori Paratha (B\u00c1NH M\u00cc TR\u00d2N N\u01af\u1edaNG L\u00d2 TANDOOR)"},"content":{"rendered":"<p>B\u00e1nh M\u00ec Tr\u00f2n N\u01b0\u1edbng l\u00f2 Tandoor l\u00e0 m\u1ed9t m\u00f3n \u0103n \u0111\u1ed9c \u0111\u00e1o v\u00e0 h\u1ea5p d\u1eabn t\u1ea1i Tandoor Vietnam. \u0110\u01b0\u1ee3c t\u1ea1o ra t\u1eeb s\u1ef1 k\u1ebft h\u1ee3p gi\u1eefa b\u00e1nh m\u00ec truy\u1ec1n th\u1ed1ng v\u00e0 ph\u01b0\u01a1ng ph\u00e1p n\u01b0\u1edbng \u0111\u1eb7c bi\u1ec7t trong l\u00f2 Tandoor, m\u00f3n \u0103n n\u00e0y mang \u0111\u1ebfn m\u1ed9t h\u01b0\u01a1ng v\u1ecb tuy\u1ec7t v\u1eddi kh\u00f3 c\u01b0\u1ee1ng.<\/p>\n<p>B\u00e1nh m\u00ec \u0111\u01b0\u1ee3c l\u00e0m t\u1eeb b\u1ed9t m\u00ec tinh khi\u1ebft, nh\u1eb9 nh\u00e0ng v\u00e0 m\u1ec1m m\u1ecbn. V\u1edbi k\u1ef9 thu\u1eadt n\u01b0\u1edbng \u0111\u1eb7c bi\u1ec7t trong l\u00f2 Tandoor, b\u00e1nh m\u00ec tr\u1edf n\u00ean gi\u00f2n m\u1ecfng \u1edf b\u00ean ngo\u00e0i v\u00e0 m\u1ec1m m\u1ecbn \u1edf b\u00ean trong. Qu\u00e1 tr\u00ecnh n\u01b0\u1edbng trong l\u00f2 Tandoor t\u1ea1o ra m\u1ed9t l\u1edbp v\u1ecf m\u00e0u v\u00e0ng h\u1ea5p d\u1eabn v\u00e0 mang \u0111\u1ebfn h\u01b0\u01a1ng v\u1ecb \u0111\u1eb7c tr\u01b0ng c\u1ee7a l\u00f2 n\u01b0\u1edbng \u1ea4n \u0110\u1ed9.<\/p>\n<p>B\u00e1nh M\u00ec Tr\u00f2n N\u01b0\u1edbng t\u1ea1i Tandoor Vietnam \u0111a d\u1ea1ng v\u1ec1 c\u00e1c lo\u1ea1i nh\u00e2n, t\u1eeb nh\u00e2n th\u1ecbt, nh\u00e2n c\u00e1, nh\u00e2n rau c\u1ee7 cho \u0111\u1ebfn nh\u00e2n tr\u1ee9ng v\u00e0 ph\u00f4 mai. M\u1ed7i lo\u1ea1i nh\u00e2n \u0111\u1ec1u mang \u0111\u1ebfn h\u01b0\u01a1ng v\u1ecb ri\u00eang bi\u1ec7t v\u00e0 s\u1ef1 phong ph\u00fa cho m\u00f3n \u0103n n\u00e0y. B\u1ea1n c\u00f3 th\u1ec3 t\u00f9y ch\u1ecdn nh\u00e2n theo s\u1edf th\u00edch c\u00e1 nh\u00e2n.<\/p>\n<p>M\u00f3n \u0103n n\u00e0y th\u01b0\u1eddng \u0111\u01b0\u1ee3c ph\u1ee5c v\u1ee5 n\u00f3ng h\u1ed5i, k\u00e8m theo rau s\u1ed1ng v\u00e0 c\u00e1c lo\u1ea1i gia v\u1ecb nh\u01b0 s\u1ed1t mayonnaise, s\u1ed1t c\u00e0 chua ho\u1eb7c s\u1ed1t m\u00f9 t\u1ea1t. B\u00e1nh M\u00ec Tr\u00f2n N\u01b0\u1edbng l\u00e0 m\u1ed9t s\u1ef1 l\u1ef1a ch\u1ecdn tuy\u1ec7t v\u1eddi cho b\u1eefa s\u00e1ng, b\u1eefa tr\u01b0a ho\u1eb7c b\u1eefa t\u1ed1i, \u0111\u1ed3ng th\u1eddi c\u0169ng l\u00e0 m\u1ed9t m\u00f3n \u0103n v\u1eb7t ngon mi\u1ec7ng.<\/p>\n<p>H\u00e3y \u0111\u1ebfn <a href=\"https:\/\/tandoorvietnam.com\/\">Tandoor Vietnam<\/a> v\u00e0 kh\u00e1m ph\u00e1 h\u01b0\u01a1ng v\u1ecb \u0111\u1ed9c \u0111\u00e1o c\u1ee7a B\u00e1nh M\u00ec Tr\u00f2n N\u01b0\u1edbng l\u00f2 Tandoor. V\u1edbi s\u1ef1 k\u1ebft h\u1ee3p ho\u00e0n h\u1ea3o gi\u1eefa b\u00e1nh m\u00ec truy\u1ec1n th\u1ed1ng v\u00e0 l\u00f2 n\u01b0\u1edbng Tandoor, ch\u00fang t\u00f4i cam k\u1ebft mang \u0111\u1ebfn cho b\u1ea1n m\u1ed9t tr\u1ea3i nghi\u1ec7m \u1ea9m th\u1ef1c \u0111\u1eb7c bi\u1ec7t v\u00e0 \u0111\u1eadm ch\u1ea5t \u1ea4n \u0110\u1ed9.<\/p>\n","protected":false},"excerpt":{"rendered":"<p>&nbsp;<\/p>\n<table width=\"723\">\n<tbody>\n<tr>\n<td width=\"412\">Crispy unleavened whole wheat flour bread<\/td>\n<\/tr>\n<tr>\n<td width=\"412\"><em>B\u00e1nh l\u00e0m t\u1eeb b\u1ed9t m\u00ec nguy\u00ean ch\u1ea5t khoanh tr\u00f2n th\u00e0nh l\u1edbp n\u01b0\u1edbng trong l\u00f2 Tandoor<\/em><\/td>\n<\/tr>\n<\/tbody>\n<\/table>\n","protected":false},"featured_media":1946,"template":"","meta":[],"product_brand":[],"product_cat":[219],"product_tag":[],"class_list":{"0":"post-3890","1":"product","2":"type-product","3":"status-publish","4":"has-post-thumbnail","6":"product_cat-cac-mon-banh-ro-ti","8":"first","9":"instock","10":"taxable","11":"shipping-taxable","12":"purchasable","13":"product-type-simple"},"yoast_head":"<!-- This site is optimized with the Yoast SEO Premium plugin v22.3 (Yoast SEO v27.4) - https:\/\/yoast.com\/product\/yoast-seo-premium-wordpress\/ -->\n<title>Tandoori Paratha (B\u00c1NH M\u00cc TR\u00d2N N\u01af\u1edaNG L\u00d2 TANDOOR)<\/title>\n<meta name=\"description\" content=\"B\u00e1nh M\u00ec Tr\u00f2n N\u01b0\u1edbng t\u1eeb l\u00f2 Tandoor, m\u1ed9t s\u1ef1 k\u1ebft h\u1ee3p \u0111\u1ed9c \u0111\u00e1o gi\u1eefa b\u00e1nh m\u00ec truy\u1ec1n th\u1ed1ng v\u00e0 ph\u01b0\u01a1ng ph\u00e1p n\u01b0\u1edbng \u0111\u1eb7c bi\u1ec7t t\u1ea1i Tandoor Vietnam.\" \/>\n<meta name=\"robots\" content=\"index, follow, max-snippet:-1, max-image-preview:large, max-video-preview:-1\" \/>\n<link rel=\"canonical\" href=\"https:\/\/tandoorvietnam.com\/vi\/sanpham\/cac-mon-banh-ro-ti\/banh-mi-tron-nuong-lo-tandoor\/\" \/>\n<meta property=\"og:locale\" content=\"vi_VN\" \/>\n<meta property=\"og:type\" content=\"article\" \/>\n<meta property=\"og:title\" content=\"Tandoori Paratha (B\u00c1NH M\u00cc TR\u00d2N N\u01af\u1edaNG L\u00d2 TANDOOR)\" \/>\n<meta property=\"og:description\" content=\"B\u00e1nh M\u00ec Tr\u00f2n N\u01b0\u1edbng t\u1eeb l\u00f2 Tandoor, m\u1ed9t s\u1ef1 k\u1ebft h\u1ee3p \u0111\u1ed9c \u0111\u00e1o gi\u1eefa b\u00e1nh m\u00ec truy\u1ec1n th\u1ed1ng v\u00e0 ph\u01b0\u01a1ng ph\u00e1p n\u01b0\u1edbng \u0111\u1eb7c bi\u1ec7t t\u1ea1i Tandoor Vietnam.\" \/>\n<meta property=\"og:url\" content=\"https:\/\/tandoorvietnam.com\/vi\/sanpham\/cac-mon-banh-ro-ti\/banh-mi-tron-nuong-lo-tandoor\/\" \/>\n<meta property=\"og:site_name\" content=\"Tandoor Vi\u1ec7t Nam\" \/>\n<meta property=\"article:publisher\" content=\"https:\/\/www.facebook.com\/tandoor.hcmc\/\" \/>\n<meta property=\"article:modified_time\" content=\"2023-05-20T17:15:04+00:00\" \/>\n<meta property=\"og:image\" content=\"https:\/\/tandoorvietnam.com\/wp-content\/uploads\/2020\/06\/Tandoori-Paratha1.jpg\" \/>\n\t<meta property=\"og:image:width\" content=\"1400\" \/>\n\t<meta property=\"og:image:height\" content=\"1400\" \/>\n\t<meta property=\"og:image:type\" content=\"image\/jpeg\" \/>\n<meta name=\"twitter:card\" content=\"summary_large_image\" \/>\n<meta name=\"twitter:label1\" content=\"Est. reading time\" \/>\n\t<meta name=\"twitter:data1\" content=\"2 minutes\" \/>\n<script type=\"application\/ld+json\" class=\"yoast-schema-graph\">{\"@context\":\"https:\\\/\\\/schema.org\",\"@graph\":[{\"@type\":\"WebPage\",\"@id\":\"https:\\\/\\\/tandoorvietnam.com\\\/vi\\\/sanpham\\\/cac-mon-banh-ro-ti\\\/banh-mi-tron-nuong-lo-tandoor\\\/\",\"url\":\"https:\\\/\\\/tandoorvietnam.com\\\/vi\\\/sanpham\\\/cac-mon-banh-ro-ti\\\/banh-mi-tron-nuong-lo-tandoor\\\/\",\"name\":\"Tandoori Paratha (B\u00c1NH M\u00cc TR\u00d2N N\u01af\u1edaNG L\u00d2 TANDOOR)\",\"isPartOf\":{\"@id\":\"https:\\\/\\\/tandoorvietnam.com\\\/vi\\\/#website\"},\"primaryImageOfPage\":{\"@id\":\"https:\\\/\\\/tandoorvietnam.com\\\/vi\\\/sanpham\\\/cac-mon-banh-ro-ti\\\/banh-mi-tron-nuong-lo-tandoor\\\/#primaryimage\"},\"image\":{\"@id\":\"https:\\\/\\\/tandoorvietnam.com\\\/vi\\\/sanpham\\\/cac-mon-banh-ro-ti\\\/banh-mi-tron-nuong-lo-tandoor\\\/#primaryimage\"},\"thumbnailUrl\":\"https:\\\/\\\/tandoorvietnam.com\\\/wp-content\\\/uploads\\\/2020\\\/06\\\/Tandoori-Paratha1.jpg\",\"datePublished\":\"2021-05-26T08:06:00+00:00\",\"dateModified\":\"2023-05-20T17:15:04+00:00\",\"description\":\"B\u00e1nh M\u00ec Tr\u00f2n N\u01b0\u1edbng t\u1eeb l\u00f2 Tandoor, m\u1ed9t s\u1ef1 k\u1ebft h\u1ee3p \u0111\u1ed9c \u0111\u00e1o gi\u1eefa b\u00e1nh m\u00ec truy\u1ec1n th\u1ed1ng v\u00e0 ph\u01b0\u01a1ng ph\u00e1p n\u01b0\u1edbng \u0111\u1eb7c bi\u1ec7t t\u1ea1i Tandoor Vietnam.\",\"breadcrumb\":{\"@id\":\"https:\\\/\\\/tandoorvietnam.com\\\/vi\\\/sanpham\\\/cac-mon-banh-ro-ti\\\/banh-mi-tron-nuong-lo-tandoor\\\/#breadcrumb\"},\"inLanguage\":\"vi-VN\",\"potentialAction\":[{\"@type\":\"ReadAction\",\"target\":[\"https:\\\/\\\/tandoorvietnam.com\\\/vi\\\/sanpham\\\/cac-mon-banh-ro-ti\\\/banh-mi-tron-nuong-lo-tandoor\\\/\"]}]},{\"@type\":\"ImageObject\",\"inLanguage\":\"vi-VN\",\"@id\":\"https:\\\/\\\/tandoorvietnam.com\\\/vi\\\/sanpham\\\/cac-mon-banh-ro-ti\\\/banh-mi-tron-nuong-lo-tandoor\\\/#primaryimage\",\"url\":\"https:\\\/\\\/tandoorvietnam.com\\\/wp-content\\\/uploads\\\/2020\\\/06\\\/Tandoori-Paratha1.jpg\",\"contentUrl\":\"https:\\\/\\\/tandoorvietnam.com\\\/wp-content\\\/uploads\\\/2020\\\/06\\\/Tandoori-Paratha1.jpg\",\"width\":1400,\"height\":1400,\"caption\":\"Tandoori Paratha\"},{\"@type\":\"BreadcrumbList\",\"@id\":\"https:\\\/\\\/tandoorvietnam.com\\\/vi\\\/sanpham\\\/cac-mon-banh-ro-ti\\\/banh-mi-tron-nuong-lo-tandoor\\\/#breadcrumb\",\"itemListElement\":[{\"@type\":\"ListItem\",\"position\":1,\"name\":\"Trang Ch\u1ee7\",\"item\":\"https:\\\/\\\/tandoorvietnam.com\\\/vi\\\/\"},{\"@type\":\"ListItem\",\"position\":2,\"name\":\"Shop\",\"item\":\"https:\\\/\\\/tandoorvietnam.com\\\/shop\\\/\"},{\"@type\":\"ListItem\",\"position\":3,\"name\":\"Tandoori Paratha (B\u00c1NH M\u00cc TR\u00d2N N\u01af\u1edaNG L\u00d2 TANDOOR)\"}]},{\"@type\":\"WebSite\",\"@id\":\"https:\\\/\\\/tandoorvietnam.com\\\/vi\\\/#website\",\"url\":\"https:\\\/\\\/tandoorvietnam.com\\\/vi\\\/\",\"name\":\"Tandoor Vietnam\",\"description\":\"Nh\u00e0 h\u00e0ng ngon h\u1ed3 ch\u00ed minh\",\"publisher\":{\"@id\":\"https:\\\/\\\/tandoorvietnam.com\\\/vi\\\/#organization\"},\"potentialAction\":[{\"@type\":\"SearchAction\",\"target\":{\"@type\":\"EntryPoint\",\"urlTemplate\":\"https:\\\/\\\/tandoorvietnam.com\\\/vi\\\/?s={search_term_string}\"},\"query-input\":{\"@type\":\"PropertyValueSpecification\",\"valueRequired\":true,\"valueName\":\"search_term_string\"}}],\"inLanguage\":\"vi-VN\"},{\"@type\":\"Organization\",\"@id\":\"https:\\\/\\\/tandoorvietnam.com\\\/vi\\\/#organization\",\"name\":\"Tandoor Vietnam\",\"url\":\"https:\\\/\\\/tandoorvietnam.com\\\/vi\\\/\",\"logo\":{\"@type\":\"ImageObject\",\"inLanguage\":\"vi-VN\",\"@id\":\"https:\\\/\\\/tandoorvietnam.com\\\/vi\\\/#\\\/schema\\\/logo\\\/image\\\/\",\"url\":\"https:\\\/\\\/tandoorvietnam.com\\\/wp-content\\\/uploads\\\/2020\\\/07\\\/logo.png\",\"contentUrl\":\"https:\\\/\\\/tandoorvietnam.com\\\/wp-content\\\/uploads\\\/2020\\\/07\\\/logo.png\",\"width\":133,\"height\":75,\"caption\":\"Tandoor Vietnam\"},\"image\":{\"@id\":\"https:\\\/\\\/tandoorvietnam.com\\\/vi\\\/#\\\/schema\\\/logo\\\/image\\\/\"},\"sameAs\":[\"https:\\\/\\\/www.facebook.com\\\/tandoor.hcmc\\\/\"]}]}<\/script>\n<!-- \/ Yoast SEO Premium plugin. -->","yoast_head_json":{"title":"Tandoori Paratha (B\u00c1NH M\u00cc TR\u00d2N N\u01af\u1edaNG L\u00d2 TANDOOR)","description":"B\u00e1nh M\u00ec Tr\u00f2n N\u01b0\u1edbng t\u1eeb l\u00f2 Tandoor, m\u1ed9t s\u1ef1 k\u1ebft h\u1ee3p \u0111\u1ed9c \u0111\u00e1o gi\u1eefa b\u00e1nh m\u00ec truy\u1ec1n th\u1ed1ng v\u00e0 ph\u01b0\u01a1ng ph\u00e1p n\u01b0\u1edbng \u0111\u1eb7c bi\u1ec7t t\u1ea1i Tandoor Vietnam.","robots":{"index":"index","follow":"follow","max-snippet":"max-snippet:-1","max-image-preview":"max-image-preview:large","max-video-preview":"max-video-preview:-1"},"canonical":"https:\/\/tandoorvietnam.com\/vi\/sanpham\/cac-mon-banh-ro-ti\/banh-mi-tron-nuong-lo-tandoor\/","og_locale":"vi_VN","og_type":"article","og_title":"Tandoori Paratha (B\u00c1NH M\u00cc TR\u00d2N N\u01af\u1edaNG L\u00d2 TANDOOR)","og_description":"B\u00e1nh M\u00ec Tr\u00f2n N\u01b0\u1edbng t\u1eeb l\u00f2 Tandoor, m\u1ed9t s\u1ef1 k\u1ebft h\u1ee3p \u0111\u1ed9c \u0111\u00e1o gi\u1eefa b\u00e1nh m\u00ec truy\u1ec1n th\u1ed1ng v\u00e0 ph\u01b0\u01a1ng ph\u00e1p n\u01b0\u1edbng \u0111\u1eb7c bi\u1ec7t t\u1ea1i Tandoor Vietnam.","og_url":"https:\/\/tandoorvietnam.com\/vi\/sanpham\/cac-mon-banh-ro-ti\/banh-mi-tron-nuong-lo-tandoor\/","og_site_name":"Tandoor Vi\u1ec7t Nam","article_publisher":"https:\/\/www.facebook.com\/tandoor.hcmc\/","article_modified_time":"2023-05-20T17:15:04+00:00","og_image":[{"width":1400,"height":1400,"url":"https:\/\/tandoorvietnam.com\/wp-content\/uploads\/2020\/06\/Tandoori-Paratha1.jpg","type":"image\/jpeg"}],"twitter_card":"summary_large_image","twitter_misc":{"Est. reading time":"2 minutes"},"schema":{"@context":"https:\/\/schema.org","@graph":[{"@type":"WebPage","@id":"https:\/\/tandoorvietnam.com\/vi\/sanpham\/cac-mon-banh-ro-ti\/banh-mi-tron-nuong-lo-tandoor\/","url":"https:\/\/tandoorvietnam.com\/vi\/sanpham\/cac-mon-banh-ro-ti\/banh-mi-tron-nuong-lo-tandoor\/","name":"Tandoori Paratha (B\u00c1NH M\u00cc TR\u00d2N N\u01af\u1edaNG L\u00d2 TANDOOR)","isPartOf":{"@id":"https:\/\/tandoorvietnam.com\/vi\/#website"},"primaryImageOfPage":{"@id":"https:\/\/tandoorvietnam.com\/vi\/sanpham\/cac-mon-banh-ro-ti\/banh-mi-tron-nuong-lo-tandoor\/#primaryimage"},"image":{"@id":"https:\/\/tandoorvietnam.com\/vi\/sanpham\/cac-mon-banh-ro-ti\/banh-mi-tron-nuong-lo-tandoor\/#primaryimage"},"thumbnailUrl":"https:\/\/tandoorvietnam.com\/wp-content\/uploads\/2020\/06\/Tandoori-Paratha1.jpg","datePublished":"2021-05-26T08:06:00+00:00","dateModified":"2023-05-20T17:15:04+00:00","description":"B\u00e1nh M\u00ec Tr\u00f2n N\u01b0\u1edbng t\u1eeb l\u00f2 Tandoor, m\u1ed9t s\u1ef1 k\u1ebft h\u1ee3p \u0111\u1ed9c \u0111\u00e1o gi\u1eefa b\u00e1nh m\u00ec truy\u1ec1n th\u1ed1ng v\u00e0 ph\u01b0\u01a1ng ph\u00e1p n\u01b0\u1edbng \u0111\u1eb7c bi\u1ec7t t\u1ea1i Tandoor Vietnam.","breadcrumb":{"@id":"https:\/\/tandoorvietnam.com\/vi\/sanpham\/cac-mon-banh-ro-ti\/banh-mi-tron-nuong-lo-tandoor\/#breadcrumb"},"inLanguage":"vi-VN","potentialAction":[{"@type":"ReadAction","target":["https:\/\/tandoorvietnam.com\/vi\/sanpham\/cac-mon-banh-ro-ti\/banh-mi-tron-nuong-lo-tandoor\/"]}]},{"@type":"ImageObject","inLanguage":"vi-VN","@id":"https:\/\/tandoorvietnam.com\/vi\/sanpham\/cac-mon-banh-ro-ti\/banh-mi-tron-nuong-lo-tandoor\/#primaryimage","url":"https:\/\/tandoorvietnam.com\/wp-content\/uploads\/2020\/06\/Tandoori-Paratha1.jpg","contentUrl":"https:\/\/tandoorvietnam.com\/wp-content\/uploads\/2020\/06\/Tandoori-Paratha1.jpg","width":1400,"height":1400,"caption":"Tandoori Paratha"},{"@type":"BreadcrumbList","@id":"https:\/\/tandoorvietnam.com\/vi\/sanpham\/cac-mon-banh-ro-ti\/banh-mi-tron-nuong-lo-tandoor\/#breadcrumb","itemListElement":[{"@type":"ListItem","position":1,"name":"Trang Ch\u1ee7","item":"https:\/\/tandoorvietnam.com\/vi\/"},{"@type":"ListItem","position":2,"name":"Shop","item":"https:\/\/tandoorvietnam.com\/shop\/"},{"@type":"ListItem","position":3,"name":"Tandoori Paratha (B\u00c1NH M\u00cc TR\u00d2N N\u01af\u1edaNG L\u00d2 TANDOOR)"}]},{"@type":"WebSite","@id":"https:\/\/tandoorvietnam.com\/vi\/#website","url":"https:\/\/tandoorvietnam.com\/vi\/","name":"Tandoor Vietnam","description":"Nh\u00e0 h\u00e0ng ngon h\u1ed3 ch\u00ed minh","publisher":{"@id":"https:\/\/tandoorvietnam.com\/vi\/#organization"},"potentialAction":[{"@type":"SearchAction","target":{"@type":"EntryPoint","urlTemplate":"https:\/\/tandoorvietnam.com\/vi\/?s={search_term_string}"},"query-input":{"@type":"PropertyValueSpecification","valueRequired":true,"valueName":"search_term_string"}}],"inLanguage":"vi-VN"},{"@type":"Organization","@id":"https:\/\/tandoorvietnam.com\/vi\/#organization","name":"Tandoor Vietnam","url":"https:\/\/tandoorvietnam.com\/vi\/","logo":{"@type":"ImageObject","inLanguage":"vi-VN","@id":"https:\/\/tandoorvietnam.com\/vi\/#\/schema\/logo\/image\/","url":"https:\/\/tandoorvietnam.com\/wp-content\/uploads\/2020\/07\/logo.png","contentUrl":"https:\/\/tandoorvietnam.com\/wp-content\/uploads\/2020\/07\/logo.png","width":133,"height":75,"caption":"Tandoor Vietnam"},"image":{"@id":"https:\/\/tandoorvietnam.com\/vi\/#\/schema\/logo\/image\/"},"sameAs":["https:\/\/www.facebook.com\/tandoor.hcmc\/"]}]}},"_links":{"self":[{"href":"https:\/\/tandoorvietnam.com\/vi\/wp-json\/wp\/v2\/product\/3890","targetHints":{"allow":["GET"]}}],"collection":[{"href":"https:\/\/tandoorvietnam.com\/vi\/wp-json\/wp\/v2\/product"}],"about":[{"href":"https:\/\/tandoorvietnam.com\/vi\/wp-json\/wp\/v2\/types\/product"}],"wp:featuredmedia":[{"embeddable":true,"href":"https:\/\/tandoorvietnam.com\/vi\/wp-json\/wp\/v2\/media\/1946"}],"wp:attachment":[{"href":"https:\/\/tandoorvietnam.com\/vi\/wp-json\/wp\/v2\/media?parent=3890"}],"wp:term":[{"taxonomy":"product_brand","embeddable":true,"href":"https:\/\/tandoorvietnam.com\/vi\/wp-json\/wp\/v2\/product_brand?post=3890"},{"taxonomy":"product_cat","embeddable":true,"href":"https:\/\/tandoorvietnam.com\/vi\/wp-json\/wp\/v2\/product_cat?post=3890"},{"taxonomy":"product_tag","embeddable":true,"href":"https:\/\/tandoorvietnam.com\/vi\/wp-json\/wp\/v2\/product_tag?post=3890"}],"curies":[{"name":"wp","href":"https:\/\/api.w.org\/{rel}","templated":true}]}}