{"id":3892,"date":"2020-06-20T14:14:58","date_gmt":"2021-05-26T08:10:38","guid":{"rendered":"http:\/\/tandoorvietnam.com\/product\/uncategorized\/banh-mi-nuong-lo-tandoor\/"},"modified":"2023-05-20T17:18:22","modified_gmt":"2023-05-20T17:18:22","slug":"banh-mi-nuong-lo-tandoor","status":"publish","type":"product","link":"https:\/\/tandoorvietnam.com\/vi\/sanpham\/cac-mon-banh-ro-ti\/banh-mi-nuong-lo-tandoor\/","title":{"rendered":"Tandoori Roti (B\u00c1NH M\u00cc N\u01af\u1edaNG L\u00d2 TANDOOR)"},"content":{"rendered":"<p>B\u00e1nh m\u00ec n\u01b0\u1edbng l\u00f2 Tandoor (Tandoori Roti) l\u00e0 m\u1ed9t trong nh\u1eefng m\u00f3n \u0103n \u0111\u1eb7c tr\u01b0ng c\u1ee7a \u1ea4n \u0110\u1ed9. T\u1ea1i Tandoor Vietnam, ch\u00fang t\u00f4i s\u1eed d\u1ee5ng b\u1ed9t m\u00ec t\u1ed1t nh\u1ea5t v\u00e0 k\u1ef9 thu\u1eadt n\u01b0\u1edbng t\u1eeb l\u00f2 Tandoor \u0111\u1ec3 t\u1ea1o ra b\u00e1nh m\u00ec \u0111\u1eb7c bi\u1ec7t.<\/p>\n<p>V\u1edbi v\u1ecf b\u00e1nh m\u00e0u v\u00e0ng r\u1ef1c, Tandoori Roti\u00a0c\u00f3 v\u1ecb ng\u1ecdt th\u01a1m \u0111\u1eb7c tr\u01b0ng v\u00e0 k\u1ebft c\u1ea5u m\u1ec1m dai. Qu\u00e1 tr\u00ecnh n\u01b0\u1edbng t\u1eeb l\u00f2 Tandoor t\u1ea1o ra nhi\u1ec7t \u0111\u1ed9 cao v\u00e0 \u0111\u1ed9 \u1ea9m th\u00edch h\u1ee3p, gi\u00fap b\u00e1nh m\u00ec n\u1ed5i b\u00f4ng \u0111\u1ec1u v\u00e0 c\u00f3 l\u1edbp v\u1ecf gi\u00f2n tan.<\/p>\n<p>Tandoori Roti c\u00f3 th\u1ec3 \u0111\u01b0\u1ee3c th\u01b0\u1edfng th\u1ee9c m\u1ed9t m\u00ecnh ho\u1eb7c k\u1ebft h\u1ee3p v\u1edbi c\u00e1c lo\u1ea1i gia v\u1ecb, nh\u00e2n v\u00e0 s\u1ed1t kh\u00e1c nhau. B\u1ea1n c\u00f3 th\u1ec3 th\u01b0\u1edfng th\u1ee9c Tandoori Roti\u00a0v\u1edbi ph\u00f4 mai, th\u1ecbt x\u00f4ng kh\u00f3i, rau s\u1ed1ng v\u00e0 c\u00e1c lo\u1ea1i s\u1ed1t t\u00f9y \u00fd. K\u1ebft h\u1ee3p c\u00e1c th\u00e0nh ph\u1ea7n n\u00e0y t\u1ea1o n\u00ean m\u1ed9t m\u00f3n \u0103n \u0111\u1ed9c \u0111\u00e1o v\u00e0 th\u00fa v\u1ecb.<\/p>\n<p>Tandoori Rotir kh\u00f4ng ch\u1ec9 ngon mi\u1ec7ng m\u00e0 c\u00f2n \u0111em l\u1ea1i tr\u1ea3i nghi\u1ec7m \u1ea9m th\u1ef1c \u0111\u1ed9c \u0111\u00e1o. V\u1ecb ng\u1ecdt th\u01a1m c\u1ee7a b\u00e1nh m\u00ec k\u1ebft h\u1ee3p v\u1edbi h\u01b0\u01a1ng v\u1ecb c\u1ee7a l\u00f2 Tandoor t\u1ea1o n\u00ean s\u1ef1 h\u1ea5p d\u1eabn v\u00e0 kh\u00e1c bi\u1ec7t. \u0110\u00e2y l\u00e0 m\u1ed9t l\u1ef1a ch\u1ecdn tuy\u1ec7t v\u1eddi cho nh\u1eefng ai y\u00eau th\u00edch \u1ea9m th\u1ef1c \u1ea4n \u0110\u1ed9 v\u00e0 mu\u1ed1n kh\u00e1m ph\u00e1 nh\u1eefng m\u00f3n ngon \u0111\u1eb7c tr\u01b0ng.<\/p>\n<p>Tandoori Roti t\u1ea1i <a href=\"https:\/\/tandoorvietnam.com\/\">Tandoor Vietnam<\/a> \u0111\u01b0\u1ee3c ch\u1ebf bi\u1ebfn b\u1edfi \u0111\u1ea7u b\u1ebfp c\u00f3 kinh nghi\u1ec7m v\u00e0 s\u1eed d\u1ee5ng nguy\u00ean li\u1ec7u ch\u1ea5t l\u01b0\u1ee3ng nh\u1ea5t \u0111\u1ec3 \u0111\u1ea3m b\u1ea3o h\u01b0\u01a1ng v\u1ecb tuy\u1ec7t h\u1ea3o. \u0110\u1ebfn v\u1edbi ch\u00fang t\u00f4i, b\u1ea1n s\u1ebd c\u00f3 c\u01a1 h\u1ed9i th\u01b0\u1edfng th\u1ee9c m\u00f3n \u0103n \u0111\u1ed9c \u0111\u00e1o n\u00e0y v\u00e0 kh\u00e1m ph\u00e1 v\u0103n h\u00f3a \u1ea9m th\u1ef1c \u0111\u1eb7c bi\u1ec7t c\u1ee7a \u1ea4n \u0110\u1ed9.<\/p>\n","protected":false},"excerpt":{"rendered":"<p>&nbsp;<\/p>\n<table width=\"723\">\n<tbody>\n<tr>\n<td width=\"412\">Unleavened whole wheat flour bread<\/td>\n<\/tr>\n<tr>\n<td width=\"412\"><em>B\u00e1nh l\u00e0m t\u1eeb b\u1ed9t m\u00ec nguy\u00ean ch\u1ea5t n\u01b0\u1edbng trong l\u00f2 Tandoor<\/em><\/td>\n<\/tr>\n<\/tbody>\n<\/table>\n","protected":false},"featured_media":1948,"template":"","meta":[],"product_brand":[],"product_cat":[219],"product_tag":[],"class_list":{"0":"post-3892","1":"product","2":"type-product","3":"status-publish","4":"has-post-thumbnail","6":"product_cat-cac-mon-banh-ro-ti","8":"first","9":"instock","10":"taxable","11":"shipping-taxable","12":"purchasable","13":"product-type-simple"},"yoast_head":"<!-- This site is optimized with the Yoast SEO Premium plugin v22.3 (Yoast SEO v27.4) - https:\/\/yoast.com\/product\/yoast-seo-premium-wordpress\/ -->\n<title>Tandoori Roti (B\u00c1NH M\u00cc N\u01af\u1edaNG L\u00d2 TANDOOR)<\/title>\n<meta name=\"description\" content=\"B\u00e1nh m\u00ec n\u01b0\u1edbng l\u00f2 Tandoor - V\u1ecb ng\u1ecdt th\u01a1m c\u1ee7a b\u00e1nh m\u00ec m\u1ec1m dai, n\u01b0\u1edbng t\u1eeb l\u00f2 Tandoor t\u1ea1i Tandoor Vietnam, m\u1ed9t tr\u1ea3i nghi\u1ec7m \u1ea9m th\u1ef1c \u0111\u1ed9c \u0111\u00e1o.\" \/>\n<meta name=\"robots\" content=\"index, follow, max-snippet:-1, max-image-preview:large, max-video-preview:-1\" \/>\n<link rel=\"canonical\" href=\"https:\/\/tandoorvietnam.com\/vi\/sanpham\/cac-mon-banh-ro-ti\/banh-mi-nuong-lo-tandoor\/\" \/>\n<meta property=\"og:locale\" content=\"vi_VN\" \/>\n<meta property=\"og:type\" content=\"article\" \/>\n<meta property=\"og:title\" content=\"Tandoori Roti (B\u00c1NH M\u00cc N\u01af\u1edaNG L\u00d2 TANDOOR)\" \/>\n<meta property=\"og:description\" content=\"B\u00e1nh m\u00ec n\u01b0\u1edbng l\u00f2 Tandoor - V\u1ecb ng\u1ecdt th\u01a1m c\u1ee7a b\u00e1nh m\u00ec m\u1ec1m dai, n\u01b0\u1edbng t\u1eeb l\u00f2 Tandoor t\u1ea1i Tandoor Vietnam, m\u1ed9t tr\u1ea3i nghi\u1ec7m \u1ea9m th\u1ef1c \u0111\u1ed9c \u0111\u00e1o.\" \/>\n<meta property=\"og:url\" content=\"https:\/\/tandoorvietnam.com\/vi\/sanpham\/cac-mon-banh-ro-ti\/banh-mi-nuong-lo-tandoor\/\" \/>\n<meta property=\"og:site_name\" content=\"Tandoor Vi\u1ec7t Nam\" \/>\n<meta property=\"article:publisher\" content=\"https:\/\/www.facebook.com\/tandoor.hcmc\/\" \/>\n<meta property=\"article:modified_time\" content=\"2023-05-20T17:18:22+00:00\" \/>\n<meta property=\"og:image\" content=\"https:\/\/tandoorvietnam.com\/wp-content\/uploads\/2020\/06\/Tandoori-Roti.jpg\" \/>\n\t<meta property=\"og:image:width\" content=\"1400\" \/>\n\t<meta property=\"og:image:height\" content=\"1400\" \/>\n\t<meta property=\"og:image:type\" content=\"image\/jpeg\" \/>\n<meta name=\"twitter:card\" content=\"summary_large_image\" \/>\n<meta name=\"twitter:label1\" content=\"Est. reading time\" \/>\n\t<meta name=\"twitter:data1\" content=\"2 minutes\" \/>\n<script type=\"application\/ld+json\" class=\"yoast-schema-graph\">{\"@context\":\"https:\\\/\\\/schema.org\",\"@graph\":[{\"@type\":\"WebPage\",\"@id\":\"https:\\\/\\\/tandoorvietnam.com\\\/vi\\\/sanpham\\\/cac-mon-banh-ro-ti\\\/banh-mi-nuong-lo-tandoor\\\/\",\"url\":\"https:\\\/\\\/tandoorvietnam.com\\\/vi\\\/sanpham\\\/cac-mon-banh-ro-ti\\\/banh-mi-nuong-lo-tandoor\\\/\",\"name\":\"Tandoori Roti (B\u00c1NH M\u00cc N\u01af\u1edaNG L\u00d2 TANDOOR)\",\"isPartOf\":{\"@id\":\"https:\\\/\\\/tandoorvietnam.com\\\/vi\\\/#website\"},\"primaryImageOfPage\":{\"@id\":\"https:\\\/\\\/tandoorvietnam.com\\\/vi\\\/sanpham\\\/cac-mon-banh-ro-ti\\\/banh-mi-nuong-lo-tandoor\\\/#primaryimage\"},\"image\":{\"@id\":\"https:\\\/\\\/tandoorvietnam.com\\\/vi\\\/sanpham\\\/cac-mon-banh-ro-ti\\\/banh-mi-nuong-lo-tandoor\\\/#primaryimage\"},\"thumbnailUrl\":\"https:\\\/\\\/tandoorvietnam.com\\\/wp-content\\\/uploads\\\/2020\\\/06\\\/Tandoori-Roti.jpg\",\"datePublished\":\"2021-05-26T08:10:38+00:00\",\"dateModified\":\"2023-05-20T17:18:22+00:00\",\"description\":\"B\u00e1nh m\u00ec n\u01b0\u1edbng l\u00f2 Tandoor - V\u1ecb ng\u1ecdt th\u01a1m c\u1ee7a b\u00e1nh m\u00ec m\u1ec1m dai, n\u01b0\u1edbng t\u1eeb l\u00f2 Tandoor t\u1ea1i Tandoor Vietnam, m\u1ed9t tr\u1ea3i nghi\u1ec7m \u1ea9m th\u1ef1c \u0111\u1ed9c \u0111\u00e1o.\",\"breadcrumb\":{\"@id\":\"https:\\\/\\\/tandoorvietnam.com\\\/vi\\\/sanpham\\\/cac-mon-banh-ro-ti\\\/banh-mi-nuong-lo-tandoor\\\/#breadcrumb\"},\"inLanguage\":\"vi-VN\",\"potentialAction\":[{\"@type\":\"ReadAction\",\"target\":[\"https:\\\/\\\/tandoorvietnam.com\\\/vi\\\/sanpham\\\/cac-mon-banh-ro-ti\\\/banh-mi-nuong-lo-tandoor\\\/\"]}]},{\"@type\":\"ImageObject\",\"inLanguage\":\"vi-VN\",\"@id\":\"https:\\\/\\\/tandoorvietnam.com\\\/vi\\\/sanpham\\\/cac-mon-banh-ro-ti\\\/banh-mi-nuong-lo-tandoor\\\/#primaryimage\",\"url\":\"https:\\\/\\\/tandoorvietnam.com\\\/wp-content\\\/uploads\\\/2020\\\/06\\\/Tandoori-Roti.jpg\",\"contentUrl\":\"https:\\\/\\\/tandoorvietnam.com\\\/wp-content\\\/uploads\\\/2020\\\/06\\\/Tandoori-Roti.jpg\",\"width\":1400,\"height\":1400,\"caption\":\"Tandoori Roti\"},{\"@type\":\"BreadcrumbList\",\"@id\":\"https:\\\/\\\/tandoorvietnam.com\\\/vi\\\/sanpham\\\/cac-mon-banh-ro-ti\\\/banh-mi-nuong-lo-tandoor\\\/#breadcrumb\",\"itemListElement\":[{\"@type\":\"ListItem\",\"position\":1,\"name\":\"Trang Ch\u1ee7\",\"item\":\"https:\\\/\\\/tandoorvietnam.com\\\/vi\\\/\"},{\"@type\":\"ListItem\",\"position\":2,\"name\":\"Shop\",\"item\":\"https:\\\/\\\/tandoorvietnam.com\\\/shop\\\/\"},{\"@type\":\"ListItem\",\"position\":3,\"name\":\"Tandoori Roti (B\u00c1NH M\u00cc N\u01af\u1edaNG L\u00d2 TANDOOR)\"}]},{\"@type\":\"WebSite\",\"@id\":\"https:\\\/\\\/tandoorvietnam.com\\\/vi\\\/#website\",\"url\":\"https:\\\/\\\/tandoorvietnam.com\\\/vi\\\/\",\"name\":\"Tandoor Vietnam\",\"description\":\"Nh\u00e0 h\u00e0ng ngon h\u1ed3 ch\u00ed minh\",\"publisher\":{\"@id\":\"https:\\\/\\\/tandoorvietnam.com\\\/vi\\\/#organization\"},\"potentialAction\":[{\"@type\":\"SearchAction\",\"target\":{\"@type\":\"EntryPoint\",\"urlTemplate\":\"https:\\\/\\\/tandoorvietnam.com\\\/vi\\\/?s={search_term_string}\"},\"query-input\":{\"@type\":\"PropertyValueSpecification\",\"valueRequired\":true,\"valueName\":\"search_term_string\"}}],\"inLanguage\":\"vi-VN\"},{\"@type\":\"Organization\",\"@id\":\"https:\\\/\\\/tandoorvietnam.com\\\/vi\\\/#organization\",\"name\":\"Tandoor Vietnam\",\"url\":\"https:\\\/\\\/tandoorvietnam.com\\\/vi\\\/\",\"logo\":{\"@type\":\"ImageObject\",\"inLanguage\":\"vi-VN\",\"@id\":\"https:\\\/\\\/tandoorvietnam.com\\\/vi\\\/#\\\/schema\\\/logo\\\/image\\\/\",\"url\":\"https:\\\/\\\/tandoorvietnam.com\\\/wp-content\\\/uploads\\\/2020\\\/07\\\/logo.png\",\"contentUrl\":\"https:\\\/\\\/tandoorvietnam.com\\\/wp-content\\\/uploads\\\/2020\\\/07\\\/logo.png\",\"width\":133,\"height\":75,\"caption\":\"Tandoor Vietnam\"},\"image\":{\"@id\":\"https:\\\/\\\/tandoorvietnam.com\\\/vi\\\/#\\\/schema\\\/logo\\\/image\\\/\"},\"sameAs\":[\"https:\\\/\\\/www.facebook.com\\\/tandoor.hcmc\\\/\"]}]}<\/script>\n<!-- \/ Yoast SEO Premium plugin. -->","yoast_head_json":{"title":"Tandoori Roti (B\u00c1NH M\u00cc N\u01af\u1edaNG L\u00d2 TANDOOR)","description":"B\u00e1nh m\u00ec n\u01b0\u1edbng l\u00f2 Tandoor - V\u1ecb ng\u1ecdt th\u01a1m c\u1ee7a b\u00e1nh m\u00ec m\u1ec1m dai, n\u01b0\u1edbng t\u1eeb l\u00f2 Tandoor t\u1ea1i Tandoor Vietnam, m\u1ed9t tr\u1ea3i nghi\u1ec7m \u1ea9m th\u1ef1c \u0111\u1ed9c \u0111\u00e1o.","robots":{"index":"index","follow":"follow","max-snippet":"max-snippet:-1","max-image-preview":"max-image-preview:large","max-video-preview":"max-video-preview:-1"},"canonical":"https:\/\/tandoorvietnam.com\/vi\/sanpham\/cac-mon-banh-ro-ti\/banh-mi-nuong-lo-tandoor\/","og_locale":"vi_VN","og_type":"article","og_title":"Tandoori Roti (B\u00c1NH M\u00cc N\u01af\u1edaNG L\u00d2 TANDOOR)","og_description":"B\u00e1nh m\u00ec n\u01b0\u1edbng l\u00f2 Tandoor - V\u1ecb ng\u1ecdt th\u01a1m c\u1ee7a b\u00e1nh m\u00ec m\u1ec1m dai, n\u01b0\u1edbng t\u1eeb l\u00f2 Tandoor t\u1ea1i Tandoor Vietnam, m\u1ed9t tr\u1ea3i nghi\u1ec7m \u1ea9m th\u1ef1c \u0111\u1ed9c \u0111\u00e1o.","og_url":"https:\/\/tandoorvietnam.com\/vi\/sanpham\/cac-mon-banh-ro-ti\/banh-mi-nuong-lo-tandoor\/","og_site_name":"Tandoor Vi\u1ec7t Nam","article_publisher":"https:\/\/www.facebook.com\/tandoor.hcmc\/","article_modified_time":"2023-05-20T17:18:22+00:00","og_image":[{"width":1400,"height":1400,"url":"https:\/\/tandoorvietnam.com\/wp-content\/uploads\/2020\/06\/Tandoori-Roti.jpg","type":"image\/jpeg"}],"twitter_card":"summary_large_image","twitter_misc":{"Est. reading time":"2 minutes"},"schema":{"@context":"https:\/\/schema.org","@graph":[{"@type":"WebPage","@id":"https:\/\/tandoorvietnam.com\/vi\/sanpham\/cac-mon-banh-ro-ti\/banh-mi-nuong-lo-tandoor\/","url":"https:\/\/tandoorvietnam.com\/vi\/sanpham\/cac-mon-banh-ro-ti\/banh-mi-nuong-lo-tandoor\/","name":"Tandoori Roti (B\u00c1NH M\u00cc N\u01af\u1edaNG L\u00d2 TANDOOR)","isPartOf":{"@id":"https:\/\/tandoorvietnam.com\/vi\/#website"},"primaryImageOfPage":{"@id":"https:\/\/tandoorvietnam.com\/vi\/sanpham\/cac-mon-banh-ro-ti\/banh-mi-nuong-lo-tandoor\/#primaryimage"},"image":{"@id":"https:\/\/tandoorvietnam.com\/vi\/sanpham\/cac-mon-banh-ro-ti\/banh-mi-nuong-lo-tandoor\/#primaryimage"},"thumbnailUrl":"https:\/\/tandoorvietnam.com\/wp-content\/uploads\/2020\/06\/Tandoori-Roti.jpg","datePublished":"2021-05-26T08:10:38+00:00","dateModified":"2023-05-20T17:18:22+00:00","description":"B\u00e1nh m\u00ec n\u01b0\u1edbng l\u00f2 Tandoor - V\u1ecb ng\u1ecdt th\u01a1m c\u1ee7a b\u00e1nh m\u00ec m\u1ec1m dai, n\u01b0\u1edbng t\u1eeb l\u00f2 Tandoor t\u1ea1i Tandoor Vietnam, m\u1ed9t tr\u1ea3i nghi\u1ec7m \u1ea9m th\u1ef1c \u0111\u1ed9c \u0111\u00e1o.","breadcrumb":{"@id":"https:\/\/tandoorvietnam.com\/vi\/sanpham\/cac-mon-banh-ro-ti\/banh-mi-nuong-lo-tandoor\/#breadcrumb"},"inLanguage":"vi-VN","potentialAction":[{"@type":"ReadAction","target":["https:\/\/tandoorvietnam.com\/vi\/sanpham\/cac-mon-banh-ro-ti\/banh-mi-nuong-lo-tandoor\/"]}]},{"@type":"ImageObject","inLanguage":"vi-VN","@id":"https:\/\/tandoorvietnam.com\/vi\/sanpham\/cac-mon-banh-ro-ti\/banh-mi-nuong-lo-tandoor\/#primaryimage","url":"https:\/\/tandoorvietnam.com\/wp-content\/uploads\/2020\/06\/Tandoori-Roti.jpg","contentUrl":"https:\/\/tandoorvietnam.com\/wp-content\/uploads\/2020\/06\/Tandoori-Roti.jpg","width":1400,"height":1400,"caption":"Tandoori Roti"},{"@type":"BreadcrumbList","@id":"https:\/\/tandoorvietnam.com\/vi\/sanpham\/cac-mon-banh-ro-ti\/banh-mi-nuong-lo-tandoor\/#breadcrumb","itemListElement":[{"@type":"ListItem","position":1,"name":"Trang Ch\u1ee7","item":"https:\/\/tandoorvietnam.com\/vi\/"},{"@type":"ListItem","position":2,"name":"Shop","item":"https:\/\/tandoorvietnam.com\/shop\/"},{"@type":"ListItem","position":3,"name":"Tandoori Roti (B\u00c1NH M\u00cc N\u01af\u1edaNG L\u00d2 TANDOOR)"}]},{"@type":"WebSite","@id":"https:\/\/tandoorvietnam.com\/vi\/#website","url":"https:\/\/tandoorvietnam.com\/vi\/","name":"Tandoor Vietnam","description":"Nh\u00e0 h\u00e0ng ngon h\u1ed3 ch\u00ed minh","publisher":{"@id":"https:\/\/tandoorvietnam.com\/vi\/#organization"},"potentialAction":[{"@type":"SearchAction","target":{"@type":"EntryPoint","urlTemplate":"https:\/\/tandoorvietnam.com\/vi\/?s={search_term_string}"},"query-input":{"@type":"PropertyValueSpecification","valueRequired":true,"valueName":"search_term_string"}}],"inLanguage":"vi-VN"},{"@type":"Organization","@id":"https:\/\/tandoorvietnam.com\/vi\/#organization","name":"Tandoor Vietnam","url":"https:\/\/tandoorvietnam.com\/vi\/","logo":{"@type":"ImageObject","inLanguage":"vi-VN","@id":"https:\/\/tandoorvietnam.com\/vi\/#\/schema\/logo\/image\/","url":"https:\/\/tandoorvietnam.com\/wp-content\/uploads\/2020\/07\/logo.png","contentUrl":"https:\/\/tandoorvietnam.com\/wp-content\/uploads\/2020\/07\/logo.png","width":133,"height":75,"caption":"Tandoor Vietnam"},"image":{"@id":"https:\/\/tandoorvietnam.com\/vi\/#\/schema\/logo\/image\/"},"sameAs":["https:\/\/www.facebook.com\/tandoor.hcmc\/"]}]}},"_links":{"self":[{"href":"https:\/\/tandoorvietnam.com\/vi\/wp-json\/wp\/v2\/product\/3892","targetHints":{"allow":["GET"]}}],"collection":[{"href":"https:\/\/tandoorvietnam.com\/vi\/wp-json\/wp\/v2\/product"}],"about":[{"href":"https:\/\/tandoorvietnam.com\/vi\/wp-json\/wp\/v2\/types\/product"}],"wp:featuredmedia":[{"embeddable":true,"href":"https:\/\/tandoorvietnam.com\/vi\/wp-json\/wp\/v2\/media\/1948"}],"wp:attachment":[{"href":"https:\/\/tandoorvietnam.com\/vi\/wp-json\/wp\/v2\/media?parent=3892"}],"wp:term":[{"taxonomy":"product_brand","embeddable":true,"href":"https:\/\/tandoorvietnam.com\/vi\/wp-json\/wp\/v2\/product_brand?post=3892"},{"taxonomy":"product_cat","embeddable":true,"href":"https:\/\/tandoorvietnam.com\/vi\/wp-json\/wp\/v2\/product_cat?post=3892"},{"taxonomy":"product_tag","embeddable":true,"href":"https:\/\/tandoorvietnam.com\/vi\/wp-json\/wp\/v2\/product_tag?post=3892"}],"curies":[{"name":"wp","href":"https:\/\/api.w.org\/{rel}","templated":true}]}}